{"id":9753,"date":"2018-11-22T18:28:01","date_gmt":"2018-11-22T18:28:01","guid":{"rendered":"https:\/\/www.pipi-stop.ch\/?page_id=9753"},"modified":"2025-01-02T17:39:54","modified_gmt":"2025-01-02T17:39:54","slug":"85-anni-di-pipi-stop","status":"publish","type":"page","link":"https:\/\/www.pipi-stop.ch\/it\/melebi-sa\/85-anni-di-pipi-stop\/","title":{"rendered":"85 anni di Pip\u00ec-Stop"},"content":{"rendered":"<p>[et_pb_section fb_built=&#8221;1&#8243; admin_label=&#8221;section&#8221; module_class=&#8221;main-h1-title&#8221; _builder_version=&#8221;4.16&#8243; background_color=&#8221;#ffffff&#8221; transparent_background=&#8221;off&#8221; global_colors_info=&#8221;{}&#8221;][et_pb_row admin_label=&#8221;row&#8221; _builder_version=&#8221;4.16&#8243; background_size=&#8221;initial&#8221; background_position=&#8221;top_left&#8221; background_repeat=&#8221;repeat&#8221; global_colors_info=&#8221;{}&#8221;][et_pb_column type=&#8221;4_4&#8243; _builder_version=&#8221;4.16&#8243; custom_padding=&#8221;|||&#8221; global_colors_info=&#8221;{}&#8221; custom_padding__hover=&#8221;|||&#8221;][et_pb_text admin_label=&#8221;85 anni di terapia comportamentale con Pip\u00ec-Stop (2017)&#8221; _builder_version=&#8221;4.16&#8243; background_size=&#8221;initial&#8221; background_position=&#8221;top_left&#8221; background_repeat=&#8221;repeat&#8221; text_orientation=&#8221;center&#8221; module_alignment=&#8221;center&#8221; use_border_color=&#8221;off&#8221; border_color=&#8221;#ffffff&#8221; border_style=&#8221;solid&#8221; global_colors_info=&#8221;{}&#8221;]<\/p>\n<h1>85 anni di terapia comportamentale con Pip\u00ec-Stop (2017)<\/h1>\n<p>[\/et_pb_text][\/et_pb_column][\/et_pb_row][et_pb_row admin_label=&#8221;row&#8221; _builder_version=&#8221;4.16&#8243; background_size=&#8221;initial&#8221; background_position=&#8221;top_left&#8221; background_repeat=&#8221;repeat&#8221; global_colors_info=&#8221;{}&#8221;][et_pb_column type=&#8221;4_4&#8243; _builder_version=&#8221;4.16&#8243; custom_padding=&#8221;|||&#8221; global_colors_info=&#8221;{}&#8221; custom_padding__hover=&#8221;|||&#8221;][et_pb_text admin_label=&#8221;Un anniversario che fa rima con rinnovamento: nuova Direzione, trasloco e video&#8221; _builder_version=&#8221;4.16&#8243; background_size=&#8221;initial&#8221; background_position=&#8221;top_left&#8221; background_repeat=&#8221;repeat&#8221; use_border_color=&#8221;off&#8221; border_color=&#8221;#ffffff&#8221; border_style=&#8221;solid&#8221; global_colors_info=&#8221;{}&#8221;]<\/p>\n<h2>Un anniversario che fa rima con rinnovamento:<br \/>\nnuova Direzione, trasloco e video<\/h2>\n<p>[\/et_pb_text][et_pb_text admin_label=&#8221;Gli 85 anni di Pip\u00ec-Stop sono contrassegnati da due grandi cambiamenti&#8221; _builder_version=&#8221;4.16&#8243; background_size=&#8221;initial&#8221; background_position=&#8221;top_left&#8221; background_repeat=&#8221;repeat&#8221; use_border_color=&#8221;off&#8221; border_color=&#8221;#ffffff&#8221; border_style=&#8221;solid&#8221; global_colors_info=&#8221;{}&#8221;]<\/p>\n<h3>Gli 85 anni di Pip\u00ec-Stop sono contrassegnati da due grandi cambiamenti<\/h3>\n<p>[\/et_pb_text][et_pb_text admin_label=&#8221;I quattro fondatori Melebi SA &#8230;&#8221; _builder_version=&#8221;4.17.0&#8243; background_size=&#8221;initial&#8221; background_position=&#8221;top_left&#8221; background_repeat=&#8221;repeat&#8221; use_border_color=&#8221;off&#8221; global_colors_info=&#8221;{}&#8221;]<\/p>\n<p>I quattro fondatori Melebi SA (i figli di Ernst Bieri, inventore di Pip\u00ec-Stop, con le loro mogli) si ritirano per lasciare il posto ai loro figli. Ad agosto 2017,\u00a0<strong>Pascal H\u00e4mmerli<\/strong>\u00a0e\u00a0<strong>Christine Calderara<\/strong>\u00a0(i nipoti dell\u2019inventore)\u00a0<strong>assumono la Direzione<\/strong> della societ\u00e0.<\/p>\n<p>Inoltre,\u00a0<strong>Melebi SA ha traslocato nella sua nuova sede<\/strong>:<br \/><strong>Chemin du Parc 12, 2502 Bienne, Tel. 032 \u2013 751 27 95<br \/><\/strong><\/p>\n<p>[\/et_pb_text][\/et_pb_column][\/et_pb_row][et_pb_row column_structure=&#8221;1_3,2_3&#8243; _builder_version=&#8221;4.16&#8243; background_size=&#8221;initial&#8221; background_position=&#8221;top_left&#8221; background_repeat=&#8221;repeat&#8221; global_colors_info=&#8221;{}&#8221;][et_pb_column type=&#8221;1_3&#8243; _builder_version=&#8221;4.16&#8243; custom_padding=&#8221;|||&#8221; global_colors_info=&#8221;{}&#8221; custom_padding__hover=&#8221;|||&#8221;][et_pb_image src=&#8221;https:\/\/www.pipi-stop.ch\/wp-content\/uploads\/2017\/12\/Image-Prof-Guignard.jpg&#8221; align_tablet=&#8221;center&#8221; align_phone=&#8221;center&#8221; align_last_edited=&#8221;on|desktop&#8221; _builder_version=&#8221;4.16&#8243; global_colors_info=&#8221;{}&#8221;][\/et_pb_image][\/et_pb_column][et_pb_column type=&#8221;2_3&#8243; _builder_version=&#8221;4.16&#8243; custom_padding=&#8221;|||&#8221; global_colors_info=&#8221;{}&#8221; custom_padding__hover=&#8221;|||&#8221;][et_pb_text _builder_version=&#8221;4.17.0&#8243; hover_enabled=&#8221;0&#8243; global_colors_info=&#8221;{}&#8221; sticky_enabled=&#8221;0&#8243;]<\/p>\n<p>Per celebrare questo anniversario, \u00e8 stata realizzata un\u2019i<strong>ntervista con il Dr. Jean-Pierre Guignard, Prof. onorario di nefrologia pediatrica<\/strong>\u00a0all\u2019Universit\u00e0 di Losanna. Il Dr. parla di enuresi notturna, delle sue cause e dei trattamenti. L\u2019intervista \u00e8 disponibile su\u00a0<a href=\"https:\/\/www.pipi-stop.ch\/it\">www.pipi-stop.ch\/it<\/a><\/p>\n<p>[\/et_pb_text][\/et_pb_column][\/et_pb_row][et_pb_row column_structure=&#8221;2_3,1_3&#8243; _builder_version=&#8221;4.16&#8243; background_size=&#8221;initial&#8221; background_position=&#8221;top_left&#8221; background_repeat=&#8221;repeat&#8221; global_colors_info=&#8221;{}&#8221;][et_pb_column type=&#8221;2_3&#8243; _builder_version=&#8221;4.16&#8243; custom_padding=&#8221;|||&#8221; global_colors_info=&#8221;{}&#8221; custom_padding__hover=&#8221;|||&#8221;][et_pb_text _builder_version=&#8221;4.17.0&#8243; hover_enabled=&#8221;0&#8243; global_colors_info=&#8221;{}&#8221; sticky_enabled=&#8221;0&#8243;]<\/p>\n<p>Nel 1932, Ernst Bieri inventa a Laupen (Cantone di Berna, in Svizzera) un apparecchio di avvertimento e deposita la domanda di brevetto nel 1935.<\/p>\n<p>Trattiamo con successo i bambini che fanno pip\u00ec a letto tramite terapia comportamentale con i nostri apparecchi che non hanno mai smesso di evolversi e sono oggi conosciuti con il nome di Pip\u00ec-Stop.<\/p>\n<p>Melebi SA \u00e8 riconosciuta, conformemente all\u2019art. 55 OAMal, come fornitore di Pip\u00ec-Stop per il trattamento dell\u2019enuresi notturna in tutta la Svizzera.<\/p>\n<p>[\/et_pb_text][\/et_pb_column][et_pb_column type=&#8221;1_3&#8243; _builder_version=&#8221;4.16&#8243; custom_padding=&#8221;|||&#8221; global_colors_info=&#8221;{}&#8221; custom_padding__hover=&#8221;|||&#8221;][et_pb_image src=&#8221;https:\/\/www.pipi-stop.ch\/wp-content\/uploads\/2017\/12\/ernst-bieri.jpg&#8221; align_tablet=&#8221;center&#8221; align_phone=&#8221;center&#8221; align_last_edited=&#8221;on|desktop&#8221; _builder_version=&#8221;4.16&#8243; global_colors_info=&#8221;{}&#8221;][\/et_pb_image][\/et_pb_column][\/et_pb_row][\/et_pb_section]<\/p>\n","protected":false},"excerpt":{"rendered":"<p>85 anni di terapia comportamentale con Pip\u00ec-Stop (2017) Un anniversario che fa rima con rinnovamento: nuova Direzione, trasloco e video Gli 85 anni di Pip\u00ec-Stop sono contrassegnati da due grandi cambiamenti I quattro fondatori Melebi SA (i figli di Ernst Bieri, inventore di Pip\u00ec-Stop, con le loro mogli) si ritirano per lasciare il posto ai [&hellip;]<\/p>\n","protected":false},"author":7,"featured_media":0,"parent":2947,"menu_order":3,"comment_status":"closed","ping_status":"closed","template":"","meta":{"_et_pb_use_builder":"on","_et_pb_old_content":"","_et_gb_content_width":"","inline_featured_image":false,"footnotes":""},"class_list":["post-9753","page","type-page","status-publish","hentry"],"yoast_head":"<!-- This site is optimized with the Yoast SEO Premium plugin v27.3 (Yoast SEO v27.3) - https:\/\/yoast.com\/product\/yoast-seo-premium-wordpress\/ -->\n<title>85 anni di Pip\u00ec-Stop | Pipi Stop<\/title>\n<meta name=\"robots\" content=\"index, follow, max-snippet:-1, max-image-preview:large, max-video-preview:-1\" \/>\n<link rel=\"canonical\" href=\"https:\/\/www.pipi-stop.ch\/it\/melebi-sa\/85-anni-di-pipi-stop\/\" \/>\n<meta property=\"og:locale\" content=\"it_IT\" \/>\n<meta property=\"og:type\" content=\"article\" \/>\n<meta property=\"og:title\" content=\"85 anni di Pip\u00ec-Stop\" \/>\n<meta property=\"og:description\" content=\"85 anni di terapia comportamentale con Pip\u00ec-Stop (2017) Un anniversario che fa rima con rinnovamento: nuova Direzione, trasloco e video Gli 85 anni di Pip\u00ec-Stop sono contrassegnati da due grandi cambiamenti I quattro fondatori Melebi SA (i figli di Ernst Bieri, inventore di Pip\u00ec-Stop, con le loro mogli) si ritirano per lasciare il posto ai [&hellip;]\" \/>\n<meta property=\"og:url\" content=\"https:\/\/www.pipi-stop.ch\/it\/melebi-sa\/85-anni-di-pipi-stop\/\" \/>\n<meta property=\"og:site_name\" content=\"Pipi Stop\" \/>\n<meta property=\"article:modified_time\" content=\"2025-01-02T17:39:54+00:00\" \/>\n<meta name=\"twitter:card\" content=\"summary_large_image\" \/>\n<meta name=\"twitter:label1\" content=\"Tempo di lettura stimato\" \/>\n\t<meta name=\"twitter:data1\" content=\"2 minuti\" \/>\n<script type=\"application\/ld+json\" class=\"yoast-schema-graph\">{\"@context\":\"https:\\\/\\\/schema.org\",\"@graph\":[{\"@type\":\"WebPage\",\"@id\":\"https:\\\/\\\/www.pipi-stop.ch\\\/it\\\/melebi-sa\\\/85-anni-di-pipi-stop\\\/\",\"url\":\"https:\\\/\\\/www.pipi-stop.ch\\\/it\\\/melebi-sa\\\/85-anni-di-pipi-stop\\\/\",\"name\":\"85 anni di Pip\u00ec-Stop | Pipi Stop\",\"isPartOf\":{\"@id\":\"https:\\\/\\\/www.pipi-stop.ch\\\/fr\\\/#website\"},\"datePublished\":\"2018-11-22T18:28:01+00:00\",\"dateModified\":\"2025-01-02T17:39:54+00:00\",\"breadcrumb\":{\"@id\":\"https:\\\/\\\/www.pipi-stop.ch\\\/it\\\/melebi-sa\\\/85-anni-di-pipi-stop\\\/#breadcrumb\"},\"inLanguage\":\"it-IT\",\"potentialAction\":[{\"@type\":\"ReadAction\",\"target\":[\"https:\\\/\\\/www.pipi-stop.ch\\\/it\\\/melebi-sa\\\/85-anni-di-pipi-stop\\\/\"]}]},{\"@type\":\"BreadcrumbList\",\"@id\":\"https:\\\/\\\/www.pipi-stop.ch\\\/it\\\/melebi-sa\\\/85-anni-di-pipi-stop\\\/#breadcrumb\",\"itemListElement\":[{\"@type\":\"ListItem\",\"position\":1,\"name\":\"Home\",\"item\":\"https:\\\/\\\/www.pipi-stop.ch\\\/it\\\/\"},{\"@type\":\"ListItem\",\"position\":2,\"name\":\"Melebi SA\",\"item\":\"https:\\\/\\\/www.pipi-stop.ch\\\/it\\\/melebi-sa\\\/\"},{\"@type\":\"ListItem\",\"position\":3,\"name\":\"85 anni di Pip\u00ec-Stop\"}]},{\"@type\":\"WebSite\",\"@id\":\"https:\\\/\\\/www.pipi-stop.ch\\\/fr\\\/#website\",\"url\":\"https:\\\/\\\/www.pipi-stop.ch\\\/fr\\\/\",\"name\":\"Pipi Stop\",\"description\":\"\",\"potentialAction\":[{\"@type\":\"SearchAction\",\"target\":{\"@type\":\"EntryPoint\",\"urlTemplate\":\"https:\\\/\\\/www.pipi-stop.ch\\\/fr\\\/?s={search_term_string}\"},\"query-input\":{\"@type\":\"PropertyValueSpecification\",\"valueRequired\":true,\"valueName\":\"search_term_string\"}}],\"inLanguage\":\"it-IT\"}]}<\/script>\n<!-- \/ Yoast SEO Premium plugin. -->","yoast_head_json":{"title":"85 anni di Pip\u00ec-Stop | Pipi Stop","robots":{"index":"index","follow":"follow","max-snippet":"max-snippet:-1","max-image-preview":"max-image-preview:large","max-video-preview":"max-video-preview:-1"},"canonical":"https:\/\/www.pipi-stop.ch\/it\/melebi-sa\/85-anni-di-pipi-stop\/","og_locale":"it_IT","og_type":"article","og_title":"85 anni di Pip\u00ec-Stop","og_description":"85 anni di terapia comportamentale con Pip\u00ec-Stop (2017) Un anniversario che fa rima con rinnovamento: nuova Direzione, trasloco e video Gli 85 anni di Pip\u00ec-Stop sono contrassegnati da due grandi cambiamenti I quattro fondatori Melebi SA (i figli di Ernst Bieri, inventore di Pip\u00ec-Stop, con le loro mogli) si ritirano per lasciare il posto ai [&hellip;]","og_url":"https:\/\/www.pipi-stop.ch\/it\/melebi-sa\/85-anni-di-pipi-stop\/","og_site_name":"Pipi Stop","article_modified_time":"2025-01-02T17:39:54+00:00","twitter_card":"summary_large_image","twitter_misc":{"Tempo di lettura stimato":"2 minuti"},"schema":{"@context":"https:\/\/schema.org","@graph":[{"@type":"WebPage","@id":"https:\/\/www.pipi-stop.ch\/it\/melebi-sa\/85-anni-di-pipi-stop\/","url":"https:\/\/www.pipi-stop.ch\/it\/melebi-sa\/85-anni-di-pipi-stop\/","name":"85 anni di Pip\u00ec-Stop | Pipi Stop","isPartOf":{"@id":"https:\/\/www.pipi-stop.ch\/fr\/#website"},"datePublished":"2018-11-22T18:28:01+00:00","dateModified":"2025-01-02T17:39:54+00:00","breadcrumb":{"@id":"https:\/\/www.pipi-stop.ch\/it\/melebi-sa\/85-anni-di-pipi-stop\/#breadcrumb"},"inLanguage":"it-IT","potentialAction":[{"@type":"ReadAction","target":["https:\/\/www.pipi-stop.ch\/it\/melebi-sa\/85-anni-di-pipi-stop\/"]}]},{"@type":"BreadcrumbList","@id":"https:\/\/www.pipi-stop.ch\/it\/melebi-sa\/85-anni-di-pipi-stop\/#breadcrumb","itemListElement":[{"@type":"ListItem","position":1,"name":"Home","item":"https:\/\/www.pipi-stop.ch\/it\/"},{"@type":"ListItem","position":2,"name":"Melebi SA","item":"https:\/\/www.pipi-stop.ch\/it\/melebi-sa\/"},{"@type":"ListItem","position":3,"name":"85 anni di Pip\u00ec-Stop"}]},{"@type":"WebSite","@id":"https:\/\/www.pipi-stop.ch\/fr\/#website","url":"https:\/\/www.pipi-stop.ch\/fr\/","name":"Pipi Stop","description":"","potentialAction":[{"@type":"SearchAction","target":{"@type":"EntryPoint","urlTemplate":"https:\/\/www.pipi-stop.ch\/fr\/?s={search_term_string}"},"query-input":{"@type":"PropertyValueSpecification","valueRequired":true,"valueName":"search_term_string"}}],"inLanguage":"it-IT"}]}},"_links":{"self":[{"href":"https:\/\/www.pipi-stop.ch\/it\/wp-json\/wp\/v2\/pages\/9753","targetHints":{"allow":["GET"]}}],"collection":[{"href":"https:\/\/www.pipi-stop.ch\/it\/wp-json\/wp\/v2\/pages"}],"about":[{"href":"https:\/\/www.pipi-stop.ch\/it\/wp-json\/wp\/v2\/types\/page"}],"author":[{"embeddable":true,"href":"https:\/\/www.pipi-stop.ch\/it\/wp-json\/wp\/v2\/users\/7"}],"replies":[{"embeddable":true,"href":"https:\/\/www.pipi-stop.ch\/it\/wp-json\/wp\/v2\/comments?post=9753"}],"version-history":[{"count":10,"href":"https:\/\/www.pipi-stop.ch\/it\/wp-json\/wp\/v2\/pages\/9753\/revisions"}],"predecessor-version":[{"id":17694,"href":"https:\/\/www.pipi-stop.ch\/it\/wp-json\/wp\/v2\/pages\/9753\/revisions\/17694"}],"up":[{"embeddable":true,"href":"https:\/\/www.pipi-stop.ch\/it\/wp-json\/wp\/v2\/pages\/2947"}],"wp:attachment":[{"href":"https:\/\/www.pipi-stop.ch\/it\/wp-json\/wp\/v2\/media?parent=9753"}],"curies":[{"name":"wp","href":"https:\/\/api.w.org\/{rel}","templated":true}]}}