{"id":6235,"date":"2016-04-08T13:08:48","date_gmt":"2016-04-08T13:08:48","guid":{"rendered":"http:\/\/www.pipi-stop.ch\/?page_id=6235"},"modified":"2019-03-31T12:07:27","modified_gmt":"2019-03-31T12:07:27","slug":"info-farmacie","status":"publish","type":"page","link":"https:\/\/www.pipi-stop.ch\/it\/info-farmacie\/","title":{"rendered":"Info Farmacie"},"content":{"rendered":"<p>[et_pb_section bb_built=&#8221;1&#8243; fullwidth=&#8221;off&#8221; specialty=&#8221;off&#8221; transparent_background=&#8221;off&#8221; background_color=&#8221;#ffffff&#8221; allow_player_pause=&#8221;off&#8221; inner_shadow=&#8221;off&#8221; parallax=&#8221;off&#8221; parallax_method=&#8221;off&#8221; module_class=&#8221;main-h1-title&#8221;][et_pb_row][et_pb_column type=&#8221;4_4&#8243;][et_pb_text background_layout=&#8221;light&#8221; text_orientation=&#8221;center&#8221; background_position=&#8221;top_left&#8221; background_repeat=&#8221;repeat&#8221; background_size=&#8221;initial&#8221; module_alignment=&#8221;center&#8221;]<\/p>\n<h1>Informazioni per le farmacie<\/h1>\n<p>[\/et_pb_text][\/et_pb_column][\/et_pb_row][et_pb_row][et_pb_column type=&#8221;4_4&#8243;][et_pb_divider color=&#8221;#cccccc&#8221; show_divider=&#8221;on&#8221; height=&#8221;0&#8243; disabled_on=&#8221;on|on|off&#8221; \/][\/et_pb_column][\/et_pb_row][et_pb_row][et_pb_column type=&#8221;4_4&#8243;][et_pb_text background_layout=&#8221;light&#8221; text_orientation=&#8221;left&#8221; background_position=&#8221;top_left&#8221; background_repeat=&#8221;repeat&#8221; background_size=&#8221;initial&#8221;]<\/p>\n<h2>Ci occupiamo di ogni aspetto del noleggio del Pip\u00ec-Stop:<\/h2>\n<p>[\/et_pb_text][\/et_pb_column][\/et_pb_row][et_pb_row][et_pb_column type=&#8221;1_4&#8243;][et_pb_blurb admin_label=&#8221;Livraison&#8221; title=&#8221;Spedizione&#8221; url_new_window=&#8221;off&#8221; use_icon=&#8221;on&#8221; font_icon=&#8221;\ue015&#8221; icon_color=&#8221;#00579f&#8221; use_circle=&#8221;off&#8221; circle_color=&#8221;#00579f&#8221; use_circle_border=&#8221;off&#8221; circle_border_color=&#8221;#00579f&#8221; icon_placement=&#8221;top&#8221; animation=&#8221;top&#8221; background_layout=&#8221;light&#8221; text_orientation=&#8221;left&#8221; background_position=&#8221;top_left&#8221; background_repeat=&#8221;repeat&#8221; background_size=&#8221;initial&#8221; image_max_width=&#8221;100%&#8221; \/][\/et_pb_column][et_pb_column type=&#8221;1_4&#8243;][et_pb_blurb admin_label=&#8221;Conseils aux clients&#8221; title=&#8221;Servizio clienti&#8221; url_new_window=&#8221;off&#8221; use_icon=&#8221;on&#8221; font_icon=&#8221;v&#8221; icon_color=&#8221;#00579f&#8221; use_circle=&#8221;off&#8221; circle_color=&#8221;#00579f&#8221; use_circle_border=&#8221;off&#8221; circle_border_color=&#8221;#00579f&#8221; icon_placement=&#8221;top&#8221; animation=&#8221;top&#8221; background_layout=&#8221;light&#8221; text_orientation=&#8221;left&#8221; background_position=&#8221;top_left&#8221; background_repeat=&#8221;repeat&#8221; background_size=&#8221;initial&#8221; image_max_width=&#8221;100%&#8221; \/][\/et_pb_column][et_pb_column type=&#8221;1_4&#8243;][et_pb_blurb admin_label=&#8221;Facturation&#8221; title=&#8221;Fatturazione&#8221; url_new_window=&#8221;off&#8221; use_icon=&#8221;on&#8221; font_icon=&#8221;b&#8221; icon_color=&#8221;#00579f&#8221; use_circle=&#8221;off&#8221; circle_color=&#8221;#00579f&#8221; use_circle_border=&#8221;off&#8221; circle_border_color=&#8221;#00579f&#8221; icon_placement=&#8221;top&#8221; animation=&#8221;top&#8221; background_layout=&#8221;light&#8221; text_orientation=&#8221;left&#8221; background_position=&#8221;top_left&#8221; background_repeat=&#8221;repeat&#8221; background_size=&#8221;initial&#8221; image_max_width=&#8221;100%&#8221; \/][\/et_pb_column][et_pb_column type=&#8221;1_4&#8243;][et_pb_blurb admin_label=&#8221;Maintenance&#8221; title=&#8221;Manutenzione&#8221; url_new_window=&#8221;off&#8221; use_icon=&#8221;on&#8221; font_icon=&#8221;\ue02a&#8221; icon_color=&#8221;#00579f&#8221; use_circle=&#8221;off&#8221; circle_color=&#8221;#00579f&#8221; use_circle_border=&#8221;off&#8221; circle_border_color=&#8221;#00579f&#8221; icon_placement=&#8221;top&#8221; animation=&#8221;top&#8221; background_layout=&#8221;light&#8221; text_orientation=&#8221;left&#8221; background_position=&#8221;top_left&#8221; background_repeat=&#8221;repeat&#8221; background_size=&#8221;initial&#8221; image_max_width=&#8221;100%&#8221; \/][\/et_pb_column][\/et_pb_row][et_pb_row][et_pb_column type=&#8221;4_4&#8243;][et_pb_divider color=&#8221;#cccccc&#8221; show_divider=&#8221;on&#8221; height=&#8221;0&#8243; disabled_on=&#8221;on|on|off&#8221; \/][\/et_pb_column][\/et_pb_row][et_pb_row][et_pb_column type=&#8221;4_4&#8243;][et_pb_text background_layout=&#8221;light&#8221; text_orientation=&#8221;left&#8221; background_position=&#8221;top_left&#8221; background_repeat=&#8221;repeat&#8221; background_size=&#8221;initial&#8221;]<\/p>\n<h2>In che modo un vostro cliente pu\u00f2 ordinare il Pip\u00ec-Stop?<\/h2>\n<p>Come bisogna procedere quando un cliente entra nella vostra farmacia con una prescrizione medica per il noleggio del Pip\u00ec-Stop?<\/p>\n<p>Semplicemente, indirizzatelo da noi!<\/p>\n<a href='http:\/\/www.pipi-stop.ch\/it\/ordinare\/' class='big-button bigblue'>Guardate le opzioni per ordinare il Pip\u00ec-Stop<\/a>\n<p>&nbsp;<\/p>\n<p>I vostri clienti devono conservare la prescrizione medica per il Pip\u00ec-Stop per poter <a href=\"http:\/\/www.pipi-stop.ch\/it\/ordinare\/prestazioni-cm#comment-caisse\">richiedere in seguito il rimborso alla loro assicurazione medica di base<\/a>.<\/p>\n<p>[\/et_pb_text][\/et_pb_column][\/et_pb_row][et_pb_row][et_pb_column type=&#8221;4_4&#8243;][et_pb_divider color=&#8221;#c1c1c1&#8243; show_divider=&#8221;on&#8221; disabled_on=&#8221;on|on|off&#8221; \/][\/et_pb_column][\/et_pb_row][et_pb_row][et_pb_column type=&#8221;4_4&#8243;][et_pb_text background_layout=&#8221;light&#8221; text_orientation=&#8221;left&#8221; background_position=&#8221;top_left&#8221; background_repeat=&#8221;repeat&#8221; background_size=&#8221;initial&#8221;]<\/p>\n<h1 style=\"text-align: center;\">Informazioni\u00a0sul Pipi-Stop<\/h1>\n<p>[\/et_pb_text][\/et_pb_column][\/et_pb_row][et_pb_row][et_pb_column type=&#8221;1_4&#8243;][et_pb_blurb admin_label=&#8221;Th\u00e9rapie Pipi-Stop&#8221; title=&#8221;Scoprite la terapia con il Pip\u00ec-Stop&#8221; url=&#8221;http:\/\/www.pipi-stop.ch\/it\/terapia-pipi-stop\/&#8221; image=&#8221;http:\/\/www.pipi-stop.ch\/wp-content\/uploads\/2016\/04\/petite-fille-qui-sourit_577x577-300&#215;300.jpg&#8221; background_position=&#8221;top_left&#8221; background_repeat=&#8221;repeat&#8221; background_size=&#8221;initial&#8221; _builder_version=&#8221;3.11.1&#8243; max_width_tablet=&#8221;50px&#8221;]<\/p>\n<p>Il nostro metodo si basa sul condizionamento del riflesso di Pavlov attraverso l\u2019utilizzo di un allarme sonoro<\/p>\n<p>[\/et_pb_blurb][\/et_pb_column][et_pb_column type=&#8221;1_4&#8243;][et_pb_blurb admin_label=&#8221;Avantages du Pipi-Stop&#8221; title=&#8221;I vantaggi del Pip\u00ec-Stop&#8221; url=&#8221;http:\/\/www.pipi-stop.ch\/it\/terapia-pipi-stop\/vantaggi-del-pipi-stop\/&#8221; image=&#8221;http:\/\/www.pipi-stop.ch\/wp-content\/uploads\/2015\/05\/smiley_701x701-300&#215;300.jpg&#8221; background_position=&#8221;top_left&#8221; background_repeat=&#8221;repeat&#8221; background_size=&#8221;initial&#8221; _builder_version=&#8221;3.11.1&#8243; max_width_tablet=&#8221;50px&#8221;]<\/p>\n<p>Scoprite i numerosi vantaggi del Pip\u00ec-Stop per i bambini e le loro famiglie<\/p>\n<p>[\/et_pb_blurb][\/et_pb_column][et_pb_column type=&#8221;1_4&#8243;][et_pb_blurb admin_label=&#8221;Remboursement caisses maladie&#8221; title=&#8221;Rimborsato dall\u2019assicurazione medica&#8221; url=&#8221;www.pipi-stop.ch\/it\/ordinare\/prestazioni-cm\/&#8221; image=&#8221;http:\/\/www.pipi-stop.ch\/wp-content\/uploads\/2015\/05\/medecin-cochon-bleu_577x577-300&#215;300.png&#8221; text_orientation=&#8221;center&#8221; background_position=&#8221;top_left&#8221; background_repeat=&#8221;repeat&#8221; background_size=&#8221;initial&#8221; _builder_version=&#8221;3.11.1&#8243; max_width_tablet=&#8221;50px&#8221;]<\/p>\n<p>Il noleggio del Pip\u00ec-Stop viene rimborsato parzialmente dall\u2019assicurazione medica (per i bambini di et\u00e0 superiore ai 5 anni)<\/p>\n<p>[\/et_pb_blurb][\/et_pb_column][et_pb_column type=&#8221;1_4&#8243;][et_pb_blurb admin_label=&#8221;Prix et conditions&#8221; title=&#8221;Prezzi e termini di noleggio&#8221; font_icon=&#8221;\ue056&#8221; url=&#8221;http:\/\/www.pipi-stop.ch\/it\/ordinare\/condizioni-di-noleggio\/&#8221; image=&#8221;http:\/\/www.pipi-stop.ch\/wp-content\/uploads\/2016\/04\/contrat_loupe_667x667-300&#215;300.jpg&#8221; background_position=&#8221;top_left&#8221; background_repeat=&#8221;repeat&#8221; background_size=&#8221;initial&#8221; _builder_version=&#8221;3.11.1&#8243; max_width_tablet=&#8221;50px&#8221;]<\/p>\n<p>Scoprite tutti i dettagli sui termini di noleggio del Pip\u00ec-Stop<\/p>\n<p>[\/et_pb_blurb][\/et_pb_column][\/et_pb_row][\/et_pb_section]<\/p>\n","protected":false},"excerpt":{"rendered":"<p><div class=\"et_pb_row et_pb_row_0 et_pb_row_empty\">\n\t\t\t\t\n\t\t\t\t\n\t\t\t\t\n\t\t\t\t\n\t\t\t\t\n\t\t\t<\/div> Informazioni per le farmacie <div class=\"et_pb_row et_pb_row_1 et_pb_row_empty\">\n\t\t\t\t\n\t\t\t\t\n\t\t\t\t\n\t\t\t\t\n\t\t\t\t\n\t\t\t<\/div><div class=\"et_pb_row et_pb_row_2 et_pb_row_empty\">\n\t\t\t\t\n\t\t\t\t\n\t\t\t\t\n\t\t\t\t\n\t\t\t\t\n\t\t\t<\/div> Ci occupiamo di ogni aspetto del noleggio del Pip\u00ec-Stop: <div class=\"et_pb_row et_pb_row_3 et_pb_row_empty\">\n\t\t\t\t\n\t\t\t\t\n\t\t\t\t\n\t\t\t\t\n\t\t\t\t\n\t\t\t<\/div><div class=\"et_pb_row et_pb_row_4 et_pb_row_empty\">\n\t\t\t\t\n\t\t\t\t\n\t\t\t\t\n\t\t\t\t\n\t\t\t\t\n\t\t\t<\/div><div class=\"et_pb_row et_pb_row_5 et_pb_row_empty\">\n\t\t\t\t\n\t\t\t\t\n\t\t\t\t\n\t\t\t\t\n\t\t\t\t\n\t\t\t<\/div> In che modo un vostro cliente pu\u00f2 ordinare il Pip\u00ec-Stop? Come bisogna procedere quando un cliente entra nella vostra farmacia con una prescrizione medica per il noleggio del Pip\u00ec-Stop? Semplicemente, indirizzatelo da noi! <a href='http:\/\/www.pipi-stop.ch\/it\/ordinare\/' class='big-button bigblue'><\/a>Guardate le opzioni per [&hellip;]<\/p>\n","protected":false},"author":1,"featured_media":0,"parent":0,"menu_order":99,"comment_status":"closed","ping_status":"closed","template":"","meta":{"_et_pb_use_builder":"on","_et_pb_old_content":"","_et_gb_content_width":"","inline_featured_image":false,"footnotes":""},"class_list":["post-6235","page","type-page","status-publish","hentry"],"yoast_head":"<!-- This site is optimized with the Yoast SEO Premium plugin v27.3 (Yoast SEO v27.3) - https:\/\/yoast.com\/product\/yoast-seo-premium-wordpress\/ -->\n<title>Info Farmacie | Pipi Stop<\/title>\n<meta name=\"robots\" content=\"index, follow, max-snippet:-1, max-image-preview:large, max-video-preview:-1\" \/>\n<link rel=\"canonical\" href=\"https:\/\/www.pipi-stop.ch\/it\/info-farmacie\/\" \/>\n<meta property=\"og:locale\" content=\"it_IT\" \/>\n<meta property=\"og:type\" content=\"article\" \/>\n<meta property=\"og:title\" content=\"Info Farmacie\" \/>\n<meta property=\"og:description\" content=\"Informazioni per le farmacie Ci occupiamo di ogni aspetto del noleggio del Pip\u00ec-Stop: In che modo un vostro cliente pu\u00f2 ordinare il Pip\u00ec-Stop? Come bisogna procedere quando un cliente entra nella vostra farmacia con una prescrizione medica per il noleggio del Pip\u00ec-Stop? Semplicemente, indirizzatelo da noi! Guardate le opzioni per [&hellip;]\" \/>\n<meta property=\"og:url\" content=\"https:\/\/www.pipi-stop.ch\/it\/info-farmacie\/\" \/>\n<meta property=\"og:site_name\" content=\"Pipi Stop\" \/>\n<meta property=\"article:modified_time\" content=\"2019-03-31T12:07:27+00:00\" \/>\n<meta name=\"twitter:card\" content=\"summary_large_image\" \/>\n<meta name=\"twitter:label1\" content=\"Tempo di lettura stimato\" \/>\n\t<meta name=\"twitter:data1\" content=\"5 minuti\" \/>\n<script type=\"application\/ld+json\" class=\"yoast-schema-graph\">{\"@context\":\"https:\\\/\\\/schema.org\",\"@graph\":[{\"@type\":\"WebPage\",\"@id\":\"https:\\\/\\\/www.pipi-stop.ch\\\/it\\\/info-farmacie\\\/\",\"url\":\"https:\\\/\\\/www.pipi-stop.ch\\\/it\\\/info-farmacie\\\/\",\"name\":\"Info Farmacie | Pipi Stop\",\"isPartOf\":{\"@id\":\"https:\\\/\\\/www.pipi-stop.ch\\\/fr\\\/#website\"},\"datePublished\":\"2016-04-08T13:08:48+00:00\",\"dateModified\":\"2019-03-31T12:07:27+00:00\",\"breadcrumb\":{\"@id\":\"https:\\\/\\\/www.pipi-stop.ch\\\/it\\\/info-farmacie\\\/#breadcrumb\"},\"inLanguage\":\"it-IT\",\"potentialAction\":[{\"@type\":\"ReadAction\",\"target\":[\"https:\\\/\\\/www.pipi-stop.ch\\\/it\\\/info-farmacie\\\/\"]}]},{\"@type\":\"BreadcrumbList\",\"@id\":\"https:\\\/\\\/www.pipi-stop.ch\\\/it\\\/info-farmacie\\\/#breadcrumb\",\"itemListElement\":[{\"@type\":\"ListItem\",\"position\":1,\"name\":\"Home\",\"item\":\"https:\\\/\\\/www.pipi-stop.ch\\\/it\\\/\"},{\"@type\":\"ListItem\",\"position\":2,\"name\":\"Info Farmacie\"}]},{\"@type\":\"WebSite\",\"@id\":\"https:\\\/\\\/www.pipi-stop.ch\\\/fr\\\/#website\",\"url\":\"https:\\\/\\\/www.pipi-stop.ch\\\/fr\\\/\",\"name\":\"Pipi Stop\",\"description\":\"\",\"potentialAction\":[{\"@type\":\"SearchAction\",\"target\":{\"@type\":\"EntryPoint\",\"urlTemplate\":\"https:\\\/\\\/www.pipi-stop.ch\\\/fr\\\/?s={search_term_string}\"},\"query-input\":{\"@type\":\"PropertyValueSpecification\",\"valueRequired\":true,\"valueName\":\"search_term_string\"}}],\"inLanguage\":\"it-IT\"}]}<\/script>\n<!-- \/ Yoast SEO Premium plugin. -->","yoast_head_json":{"title":"Info Farmacie | Pipi Stop","robots":{"index":"index","follow":"follow","max-snippet":"max-snippet:-1","max-image-preview":"max-image-preview:large","max-video-preview":"max-video-preview:-1"},"canonical":"https:\/\/www.pipi-stop.ch\/it\/info-farmacie\/","og_locale":"it_IT","og_type":"article","og_title":"Info Farmacie","og_description":"Informazioni per le farmacie Ci occupiamo di ogni aspetto del noleggio del Pip\u00ec-Stop: In che modo un vostro cliente pu\u00f2 ordinare il Pip\u00ec-Stop? Come bisogna procedere quando un cliente entra nella vostra farmacia con una prescrizione medica per il noleggio del Pip\u00ec-Stop? Semplicemente, indirizzatelo da noi! Guardate le opzioni per [&hellip;]","og_url":"https:\/\/www.pipi-stop.ch\/it\/info-farmacie\/","og_site_name":"Pipi Stop","article_modified_time":"2019-03-31T12:07:27+00:00","twitter_card":"summary_large_image","twitter_misc":{"Tempo di lettura stimato":"5 minuti"},"schema":{"@context":"https:\/\/schema.org","@graph":[{"@type":"WebPage","@id":"https:\/\/www.pipi-stop.ch\/it\/info-farmacie\/","url":"https:\/\/www.pipi-stop.ch\/it\/info-farmacie\/","name":"Info Farmacie | Pipi Stop","isPartOf":{"@id":"https:\/\/www.pipi-stop.ch\/fr\/#website"},"datePublished":"2016-04-08T13:08:48+00:00","dateModified":"2019-03-31T12:07:27+00:00","breadcrumb":{"@id":"https:\/\/www.pipi-stop.ch\/it\/info-farmacie\/#breadcrumb"},"inLanguage":"it-IT","potentialAction":[{"@type":"ReadAction","target":["https:\/\/www.pipi-stop.ch\/it\/info-farmacie\/"]}]},{"@type":"BreadcrumbList","@id":"https:\/\/www.pipi-stop.ch\/it\/info-farmacie\/#breadcrumb","itemListElement":[{"@type":"ListItem","position":1,"name":"Home","item":"https:\/\/www.pipi-stop.ch\/it\/"},{"@type":"ListItem","position":2,"name":"Info Farmacie"}]},{"@type":"WebSite","@id":"https:\/\/www.pipi-stop.ch\/fr\/#website","url":"https:\/\/www.pipi-stop.ch\/fr\/","name":"Pipi Stop","description":"","potentialAction":[{"@type":"SearchAction","target":{"@type":"EntryPoint","urlTemplate":"https:\/\/www.pipi-stop.ch\/fr\/?s={search_term_string}"},"query-input":{"@type":"PropertyValueSpecification","valueRequired":true,"valueName":"search_term_string"}}],"inLanguage":"it-IT"}]}},"_links":{"self":[{"href":"https:\/\/www.pipi-stop.ch\/it\/wp-json\/wp\/v2\/pages\/6235","targetHints":{"allow":["GET"]}}],"collection":[{"href":"https:\/\/www.pipi-stop.ch\/it\/wp-json\/wp\/v2\/pages"}],"about":[{"href":"https:\/\/www.pipi-stop.ch\/it\/wp-json\/wp\/v2\/types\/page"}],"author":[{"embeddable":true,"href":"https:\/\/www.pipi-stop.ch\/it\/wp-json\/wp\/v2\/users\/1"}],"replies":[{"embeddable":true,"href":"https:\/\/www.pipi-stop.ch\/it\/wp-json\/wp\/v2\/comments?post=6235"}],"version-history":[{"count":13,"href":"https:\/\/www.pipi-stop.ch\/it\/wp-json\/wp\/v2\/pages\/6235\/revisions"}],"predecessor-version":[{"id":10504,"href":"https:\/\/www.pipi-stop.ch\/it\/wp-json\/wp\/v2\/pages\/6235\/revisions\/10504"}],"wp:attachment":[{"href":"https:\/\/www.pipi-stop.ch\/it\/wp-json\/wp\/v2\/media?parent=6235"}],"curies":[{"name":"wp","href":"https:\/\/api.w.org\/{rel}","templated":true}]}}