{"id":4174,"date":"2015-07-31T14:20:21","date_gmt":"2015-07-31T14:20:21","guid":{"rendered":"http:\/\/pipi-stop.version-demo.ch\/?page_id=4174"},"modified":"2015-09-13T10:17:56","modified_gmt":"2015-09-13T10:17:56","slug":"modulo-libro-bambini","status":"publish","type":"page","link":"https:\/\/www.pipi-stop.ch\/it\/ordinare\/modulo-libro-bambini\/","title":{"rendered":"Modulo libro bambini"},"content":{"rendered":"<p>[et_pb_section transparent_background=&#8221;off&#8221; background_color=&#8221;#ffffff&#8221; allow_player_pause=&#8221;off&#8221; inner_shadow=&#8221;off&#8221; parallax=&#8221;off&#8221; parallax_method=&#8221;off&#8221; module_class=&#8221;section_formulaire&#8221;][et_pb_row][et_pb_column type=&#8221;1_2&#8243;][et_pb_text admin_label=&#8221;Texte&#8221; background_layout=&#8221;light&#8221; text_orientation=&#8221;left&#8221;]<\/p>\n<h1 style=\"text-align: center\">Modulo di ordinazione<\/h1>\n<p>[\/et_pb_text][et_pb_text admin_label=&#8221;Texte&#8221; background_layout=&#8221;light&#8221; text_orientation=&#8221;left&#8221; module_class=&#8221;formulaire&#8221;]<form method=\"post\" enctype=\"multipart\/form-data\" id=\"vfbp-form-5\" class=\"vfbp-form\"><div style=\"display:none;\"><label for=\"vfbp-EMAIL-AN8fuQyoDLXem\">If you are human, leave this field blank.<\/label><input size=\"25\" autocomplete=\"off\" type=\"text\" name=\"vfbp-EMAIL-AN8fuQyoDLXem\" value=\"\" id=\"\"><\/div><input type=\"hidden\" name=\"_vfb-timestamp-5\" value=\"1777806883\" id=\"\"><input type=\"hidden\" name=\"_vfb-form-id\" value=\"5\" id=\"\"><div class=\"vfb-form-group vfb-col-12\"><div><h2 class=\"\">Ordinazione del libro: <br \/>\"Je ne fais plus pipi au lit\" o \"Ich n\u00e4sse mein Bett nicht mehr\"<\/h2><\/div><\/div><div class=\"vfb-col-12 vfb-fieldType-heading\" id=\"vfbField112\"><\/div><div class=\"vfb-clearfix\"><\/div><div class=\"vfb-well vfb-col-12\" id=\"vfbField113\"><div class=\"vfb-form-group vfb-col-12\"><div><h3 class=\"\">Quantit\u00e0 di esemplari<\/h3><span class=\"vfb-help-block\">Potete mettere un \"0\" se non vuole ordinare un libro in una delle lingue.<\/span><\/div><\/div><div class=\"vfb-col-12 vfb-fieldType-heading\" id=\"vfbField113\"><\/div><div class=\"vfb-clearfix\"><\/div><div class=\"vfb-col-6 vfb-fieldType-text\" id=\"vfbField114\"><div class=\"vfb-form-group\"><label for=\"vfb-field-114\" class=\"vfb-control-label\">In francese <span class=\"vfb-required-asterisk\">*<\/span><\/label><div><input id=\"vfb-field-114\" class=\"vfb-form-control\" placeholder=\"\" required=\"required\" data-vfb-type=\"digits\" type=\"text\" name=\"vfb-field-114\" value=\"\"><\/div><\/div><\/div><div class=\"vfb-col-6 vfb-fieldType-text\" id=\"vfbField115\"><div class=\"vfb-form-group\"><label for=\"vfb-field-115\" class=\"vfb-control-label\">In tedesco <span class=\"vfb-required-asterisk\">*<\/span><\/label><div><input id=\"vfb-field-115\" class=\"vfb-form-control\" placeholder=\"\" required=\"required\" data-vfb-type=\"digits\" type=\"text\" name=\"vfb-field-115\" value=\"\"><\/div><\/div><\/div><div class=\"vfb-clearfix\"><\/div><\/div> <!-- .vfb-well --><div class=\"vfb-well vfb-col-12\" id=\"vfbField116\"><div class=\"vfb-form-group vfb-col-12\"><div><h3 class=\"\">Vostri informazioni di contatto<\/h3><\/div><\/div><div class=\"vfb-col-12 vfb-fieldType-heading\" id=\"vfbField116\"><\/div><div class=\"vfb-clearfix\"><\/div><div class=\"vfb-col-6 vfb-fieldType-text\" id=\"vfbField117\"><div class=\"vfb-form-group\"><label for=\"vfb-field-117\" class=\"vfb-control-label\">Nome <span class=\"vfb-required-asterisk\">*<\/span><\/label><div><input id=\"vfb-field-117\" class=\"vfb-form-control\" placeholder=\"Nome\" required=\"required\" type=\"text\" name=\"vfb-field-117\" value=\"\"><\/div><\/div><\/div><div class=\"vfb-col-6 vfb-fieldType-text\" id=\"vfbField118\"><div class=\"vfb-form-group\"><label for=\"vfb-field-118\" class=\"vfb-control-label\">Cognome <span class=\"vfb-required-asterisk\">*<\/span><\/label><div><input id=\"vfb-field-118\" class=\"vfb-form-control\" placeholder=\"Cognome\" required=\"required\" type=\"text\" name=\"vfb-field-118\" value=\"\"><\/div><\/div><\/div><div class=\"vfb-clearfix\"><\/div><div class=\"vfb-col-12 vfb-fieldType-text\" id=\"vfbField119\"><div class=\"vfb-form-group\"><label for=\"vfb-field-119\" class=\"vfb-control-label\">Via e numero  <span class=\"vfb-required-asterisk\">*<\/span><\/label><div><input id=\"vfb-field-119\" class=\"vfb-form-control\" placeholder=\"Via esempio 1\" required=\"required\" type=\"text\" name=\"vfb-field-119\" value=\"\"><\/div><\/div><\/div><div class=\"vfb-clearfix\"><\/div><div class=\"vfb-col-4 vfb-fieldType-text\" id=\"vfbField120\"><div class=\"vfb-form-group\"><label for=\"vfb-field-120\" class=\"vfb-control-label\">Codice postale  <span class=\"vfb-required-asterisk\">*<\/span><\/label><div><input id=\"vfb-field-120\" class=\"vfb-form-control\" placeholder=\"0000\" required=\"required\" type=\"text\" name=\"vfb-field-120\" value=\"\"><\/div><\/div><\/div><div class=\"vfb-col-8 vfb-fieldType-text\" id=\"vfbField121\"><div class=\"vfb-form-group\"><label for=\"vfb-field-121\" class=\"vfb-control-label\">Citt\u00e0 <span class=\"vfb-required-asterisk\">*<\/span><\/label><div><input id=\"vfb-field-121\" class=\"vfb-form-control\" placeholder=\"Citt&agrave;\" required=\"required\" type=\"text\" name=\"vfb-field-121\" value=\"\"><\/div><\/div><\/div><div class=\"vfb-clearfix\"><\/div><div class=\"vfb-col-12 vfb-fieldType-text\" id=\"vfbField122\"><div class=\"vfb-form-group\"><label for=\"vfb-field-122\" class=\"vfb-control-label\">Paese <span class=\"vfb-required-asterisk\">*<\/span><\/label><div><input id=\"vfb-field-122\" class=\"vfb-form-control\" placeholder=\"\" required=\"required\" type=\"text\" name=\"vfb-field-122\" value=\"Svizzera\"><\/div><\/div><\/div><div class=\"vfb-clearfix\"><\/div><div class=\"vfb-col-12 vfb-fieldType-email\" id=\"vfbField123\"><div class=\"vfb-form-group\"><label for=\"vfb-field-123\" class=\"vfb-control-label\">E-mail di contatto  <span class=\"vfb-required-asterisk\">*<\/span><\/label><div><span class=\"vfb-help-block\">Questo e-mail \u00e8 necessario affinch\u00e9 possiamo confermarvi la vostra ordinazione. Non receverete di pubblicit\u00e0.<\/span><input id=\"vfb-field-123\" class=\"vfb-form-control\" placeholder=\"\" required=\"required\" type=\"email\" name=\"vfb-field-123\" value=\"\"><\/div><\/div><\/div><div class=\"vfb-clearfix\"><\/div><div class=\"vfb-col-12 vfb-fieldType-email\" id=\"vfbField124\"><div class=\"vfb-form-group\"><label for=\"vfb-field-124\" class=\"vfb-control-label\">Conferma del vostro indirizzo e-mail  <span class=\"vfb-required-asterisk\">*<\/span><\/label><div><input id=\"vfb-field-124\" class=\"vfb-form-control\" placeholder=\"\" required=\"required\" data-vfb-equalto=\"#vfb-field-123\" type=\"email\" name=\"vfb-field-124\" value=\"\"><\/div><\/div><\/div><div class=\"vfb-clearfix\"><\/div><\/div> <!-- .vfb-well --><div class=\"vfb-well vfb-col-12\" id=\"vfbField125\"><div class=\"vfb-form-group vfb-col-12\"><div><h3 class=\"\">Inviare l'ordinazione<\/h3><\/div><\/div><div class=\"vfb-col-12 vfb-fieldType-heading\" id=\"vfbField125\"><\/div><div class=\"vfb-clearfix\"><\/div><div class=\"vfb-col-12 vfb-fieldType-submit\" id=\"vfbField127\"><button id=\"vfb-field-127\" class=\" btn btn-primary\" placeholder=\"\" type=\"submit\" name=\"_vfb-submit\">Inviare<\/button><\/div><div class=\"vfb-clearfix\"><\/div><\/div> <!-- .vfb-well --><\/form>[\/et_pb_text][\/et_pb_column][et_pb_column type=&#8221;1_2&#8243;][\/et_pb_column][\/et_pb_row][\/et_pb_section]<\/p>\n","protected":false},"excerpt":{"rendered":"<p><div class=\"et_pb_row et_pb_row_0 et_pb_row_empty\">\n\t\t\t\t\n\t\t\t\t\n\t\t\t\t\n\t\t\t\t\n\t\t\t\t\n\t\t\t<\/div>Modulo di ordinazione<form method=\"post\" enctype=\"multipart\/form-data\" id=\"vfbp-form-5\" class=\"vfbp-form\"><div style=\"display:none;\"><label for=\"vfbp-EMAIL-AN8fuQyoDLXem\">If you are human, leave this field blank.<\/label><input size=\"25\" autocomplete=\"off\" type=\"text\" name=\"vfbp-EMAIL-AN8fuQyoDLXem\" value=\"\" id=\"\"><\/div><input type=\"hidden\" name=\"_vfb-timestamp-5\" value=\"1777806883\" id=\"\"><input type=\"hidden\" name=\"_vfb-form-id\" value=\"5\" id=\"\"><div class=\"vfb-form-group vfb-col-12\"><div><h2 class=\"\">Ordinazione del libro: <br \/>\"Je ne fais plus pipi au lit\" o \"Ich n\u00e4sse mein Bett nicht mehr\"<\/h2><\/div><\/div><div class=\"vfb-col-12 vfb-fieldType-heading\" id=\"vfbField112\"><\/div><div class=\"vfb-clearfix\"><\/div><div class=\"vfb-well vfb-col-12\" id=\"vfbField113\"><div class=\"vfb-form-group vfb-col-12\"><div><h3 class=\"\">Quantit\u00e0 di esemplari<\/h3><span class=\"vfb-help-block\">Potete mettere un \"0\" se non vuole ordinare un libro in una delle lingue.<\/span><\/div><\/div><div class=\"vfb-col-12 vfb-fieldType-heading\" id=\"vfbField113\"><\/div><div class=\"vfb-clearfix\"><\/div><div class=\"vfb-col-6 vfb-fieldType-text\" id=\"vfbField114\"><div class=\"vfb-form-group\"><label for=\"vfb-field-114\" class=\"vfb-control-label\">In francese <span class=\"vfb-required-asterisk\">*<\/span><\/label><div><input id=\"vfb-field-114\" class=\"vfb-form-control\" placeholder=\"\" required=\"required\" data-vfb-type=\"digits\" type=\"text\" name=\"vfb-field-114\" value=\"\"><\/div><\/div><\/div><div class=\"vfb-col-6 vfb-fieldType-text\" id=\"vfbField115\"><div class=\"vfb-form-group\"><label for=\"vfb-field-115\" class=\"vfb-control-label\">In tedesco <span class=\"vfb-required-asterisk\">*<\/span><\/label><div><input id=\"vfb-field-115\" class=\"vfb-form-control\" placeholder=\"\" required=\"required\" data-vfb-type=\"digits\" type=\"text\" name=\"vfb-field-115\" value=\"\"><\/div><\/div><\/div><div class=\"vfb-clearfix\"><\/div><\/div> <!-- .vfb-well --><div class=\"vfb-well vfb-col-12\" id=\"vfbField116\"><div class=\"vfb-form-group vfb-col-12\"><div><h3 class=\"\">Vostri informazioni di contatto<\/h3><\/div><\/div><div class=\"vfb-col-12 vfb-fieldType-heading\" id=\"vfbField116\"><\/div><div class=\"vfb-clearfix\"><\/div><div class=\"vfb-col-6 vfb-fieldType-text\" id=\"vfbField117\"><div class=\"vfb-form-group\"><label for=\"vfb-field-117\" class=\"vfb-control-label\">Nome <span class=\"vfb-required-asterisk\">*<\/span><\/label><div><input id=\"vfb-field-117\" class=\"vfb-form-control\" placeholder=\"Nome\" required=\"required\" type=\"text\" name=\"vfb-field-117\" value=\"\"><\/div><\/div><\/div><div class=\"vfb-col-6 vfb-fieldType-text\" id=\"vfbField118\"><div class=\"vfb-form-group\"><label for=\"vfb-field-118\" class=\"vfb-control-label\">Cognome <span class=\"vfb-required-asterisk\">*<\/span><\/label><div><input id=\"vfb-field-118\" class=\"vfb-form-control\" placeholder=\"Cognome\" required=\"required\" type=\"text\" name=\"vfb-field-118\" value=\"\"><\/div><\/div><\/div><div class=\"vfb-clearfix\"><\/div><div class=\"vfb-col-12 vfb-fieldType-text\" id=\"vfbField119\"><div class=\"vfb-form-group\"><label for=\"vfb-field-119\" class=\"vfb-control-label\">Via e numero  <span class=\"vfb-required-asterisk\">*<\/span><\/label><div><input id=\"vfb-field-119\" class=\"vfb-form-control\" placeholder=\"Via esempio 1\" required=\"required\" type=\"text\" name=\"vfb-field-119\" value=\"\"><\/div><\/div><\/div><div class=\"vfb-clearfix\"><\/div><div class=\"vfb-col-4 vfb-fieldType-text\" id=\"vfbField120\"><div class=\"vfb-form-group\"><label for=\"vfb-field-120\" class=\"vfb-control-label\">Codice postale  <span class=\"vfb-required-asterisk\">*<\/span><\/label><div><input id=\"vfb-field-120\" class=\"vfb-form-control\" placeholder=\"0000\" required=\"required\" type=\"text\" name=\"vfb-field-120\" value=\"\"><\/div><\/div><\/div><div class=\"vfb-col-8 vfb-fieldType-text\" id=\"vfbField121\"><div class=\"vfb-form-group\"><label for=\"vfb-field-121\" class=\"vfb-control-label\">Citt\u00e0 <span class=\"vfb-required-asterisk\">*<\/span><\/label><div><input id=\"vfb-field-121\" class=\"vfb-form-control\" placeholder=\"Citt&agrave;\" required=\"required\" type=\"text\" name=\"vfb-field-121\" value=\"\"><\/div><\/div><\/div><div class=\"vfb-clearfix\"><\/div><div class=\"vfb-col-12 vfb-fieldType-text\" id=\"vfbField122\"><div class=\"vfb-form-group\"><label for=\"vfb-field-122\" class=\"vfb-control-label\">Paese <span class=\"vfb-required-asterisk\">*<\/span><\/label><div><input id=\"vfb-field-122\" class=\"vfb-form-control\" placeholder=\"\" required=\"required\" type=\"text\" name=\"vfb-field-122\" value=\"Svizzera\"><\/div><\/div><\/div><div class=\"vfb-clearfix\"><\/div><div class=\"vfb-col-12 vfb-fieldType-email\" id=\"vfbField123\"><div class=\"vfb-form-group\"><label for=\"vfb-field-123\" class=\"vfb-control-label\">E-mail di contatto  <span class=\"vfb-required-asterisk\">*<\/span><\/label><div><span class=\"vfb-help-block\">Questo e-mail \u00e8 necessario affinch\u00e9 possiamo confermarvi la vostra ordinazione. Non receverete di pubblicit\u00e0.<\/span><input id=\"vfb-field-123\" class=\"vfb-form-control\" placeholder=\"\" required=\"required\" type=\"email\" name=\"vfb-field-123\" value=\"\"><\/div><\/div><\/div><div class=\"vfb-clearfix\"><\/div><div class=\"vfb-col-12 vfb-fieldType-email\" id=\"vfbField124\"><div class=\"vfb-form-group\"><label for=\"vfb-field-124\" class=\"vfb-control-label\">Conferma del vostro indirizzo e-mail  <span class=\"vfb-required-asterisk\">*<\/span><\/label><div><input id=\"vfb-field-124\" class=\"vfb-form-control\" placeholder=\"\" required=\"required\" data-vfb-equalto=\"#vfb-field-123\" type=\"email\" name=\"vfb-field-124\" value=\"\"><\/div><\/div><\/div><div class=\"vfb-clearfix\"><\/div><\/div> <!-- .vfb-well --><div class=\"vfb-well vfb-col-12\" id=\"vfbField125\"><div class=\"vfb-form-group vfb-col-12\"><div><h3 class=\"\">Inviare l'ordinazione<\/h3><\/div><\/div><div class=\"vfb-col-12 vfb-fieldType-heading\" id=\"vfbField125\"><\/div><div class=\"vfb-clearfix\"><\/div><div class=\"vfb-col-12 vfb-fieldType-submit\" id=\"vfbField127\"><button id=\"vfb-field-127\" class=\" btn btn-primary\" placeholder=\"\" type=\"submit\" name=\"_vfb-submit\">Inviare<\/button><\/div><div class=\"vfb-clearfix\"><\/div><\/div> <!-- .vfb-well --><\/form><\/p>\n","protected":false},"author":1,"featured_media":0,"parent":2941,"menu_order":0,"comment_status":"open","ping_status":"open","template":"","meta":{"_et_pb_use_builder":"on","_et_pb_old_content":"","_et_gb_content_width":"","inline_featured_image":false,"footnotes":""},"class_list":["post-4174","page","type-page","status-publish","hentry"],"yoast_head":"<!-- This site is optimized with the Yoast SEO Premium plugin v27.3 (Yoast SEO v27.3) - https:\/\/yoast.com\/product\/yoast-seo-premium-wordpress\/ -->\n<title>Modulo libro bambini | Pipi Stop<\/title>\n<meta name=\"robots\" content=\"index, follow, max-snippet:-1, max-image-preview:large, max-video-preview:-1\" \/>\n<link rel=\"canonical\" href=\"https:\/\/www.pipi-stop.ch\/it\/ordinare\/modulo-libro-bambini\/\" \/>\n<meta property=\"og:locale\" content=\"it_IT\" \/>\n<meta property=\"og:type\" content=\"article\" \/>\n<meta property=\"og:title\" content=\"Modulo libro bambini\" \/>\n<meta property=\"og:description\" content=\"Modulo di ordinazione\" \/>\n<meta property=\"og:url\" content=\"https:\/\/www.pipi-stop.ch\/it\/ordinare\/modulo-libro-bambini\/\" \/>\n<meta property=\"og:site_name\" content=\"Pipi Stop\" \/>\n<meta property=\"article:modified_time\" content=\"2015-09-13T10:17:56+00:00\" \/>\n<meta name=\"twitter:card\" content=\"summary_large_image\" \/>\n<script type=\"application\/ld+json\" class=\"yoast-schema-graph\">{\"@context\":\"https:\\\/\\\/schema.org\",\"@graph\":[{\"@type\":\"WebPage\",\"@id\":\"https:\\\/\\\/www.pipi-stop.ch\\\/it\\\/ordinare\\\/modulo-libro-bambini\\\/\",\"url\":\"https:\\\/\\\/www.pipi-stop.ch\\\/it\\\/ordinare\\\/modulo-libro-bambini\\\/\",\"name\":\"Modulo libro bambini | Pipi Stop\",\"isPartOf\":{\"@id\":\"https:\\\/\\\/www.pipi-stop.ch\\\/fr\\\/#website\"},\"datePublished\":\"2015-07-31T14:20:21+00:00\",\"dateModified\":\"2015-09-13T10:17:56+00:00\",\"breadcrumb\":{\"@id\":\"https:\\\/\\\/www.pipi-stop.ch\\\/it\\\/ordinare\\\/modulo-libro-bambini\\\/#breadcrumb\"},\"inLanguage\":\"it-IT\",\"potentialAction\":[{\"@type\":\"ReadAction\",\"target\":[\"https:\\\/\\\/www.pipi-stop.ch\\\/it\\\/ordinare\\\/modulo-libro-bambini\\\/\"]}]},{\"@type\":\"BreadcrumbList\",\"@id\":\"https:\\\/\\\/www.pipi-stop.ch\\\/it\\\/ordinare\\\/modulo-libro-bambini\\\/#breadcrumb\",\"itemListElement\":[{\"@type\":\"ListItem\",\"position\":1,\"name\":\"Home\",\"item\":\"https:\\\/\\\/www.pipi-stop.ch\\\/it\\\/\"},{\"@type\":\"ListItem\",\"position\":2,\"name\":\"Ordinare\",\"item\":\"https:\\\/\\\/www.pipi-stop.ch\\\/it\\\/ordinare\\\/\"},{\"@type\":\"ListItem\",\"position\":3,\"name\":\"Modulo libro bambini\"}]},{\"@type\":\"WebSite\",\"@id\":\"https:\\\/\\\/www.pipi-stop.ch\\\/fr\\\/#website\",\"url\":\"https:\\\/\\\/www.pipi-stop.ch\\\/fr\\\/\",\"name\":\"Pipi Stop\",\"description\":\"\",\"potentialAction\":[{\"@type\":\"SearchAction\",\"target\":{\"@type\":\"EntryPoint\",\"urlTemplate\":\"https:\\\/\\\/www.pipi-stop.ch\\\/fr\\\/?s={search_term_string}\"},\"query-input\":{\"@type\":\"PropertyValueSpecification\",\"valueRequired\":true,\"valueName\":\"search_term_string\"}}],\"inLanguage\":\"it-IT\"}]}<\/script>\n<!-- \/ Yoast SEO Premium plugin. -->","yoast_head_json":{"title":"Modulo libro bambini | Pipi Stop","robots":{"index":"index","follow":"follow","max-snippet":"max-snippet:-1","max-image-preview":"max-image-preview:large","max-video-preview":"max-video-preview:-1"},"canonical":"https:\/\/www.pipi-stop.ch\/it\/ordinare\/modulo-libro-bambini\/","og_locale":"it_IT","og_type":"article","og_title":"Modulo libro bambini","og_description":"Modulo di ordinazione","og_url":"https:\/\/www.pipi-stop.ch\/it\/ordinare\/modulo-libro-bambini\/","og_site_name":"Pipi Stop","article_modified_time":"2015-09-13T10:17:56+00:00","twitter_card":"summary_large_image","schema":{"@context":"https:\/\/schema.org","@graph":[{"@type":"WebPage","@id":"https:\/\/www.pipi-stop.ch\/it\/ordinare\/modulo-libro-bambini\/","url":"https:\/\/www.pipi-stop.ch\/it\/ordinare\/modulo-libro-bambini\/","name":"Modulo libro bambini | Pipi Stop","isPartOf":{"@id":"https:\/\/www.pipi-stop.ch\/fr\/#website"},"datePublished":"2015-07-31T14:20:21+00:00","dateModified":"2015-09-13T10:17:56+00:00","breadcrumb":{"@id":"https:\/\/www.pipi-stop.ch\/it\/ordinare\/modulo-libro-bambini\/#breadcrumb"},"inLanguage":"it-IT","potentialAction":[{"@type":"ReadAction","target":["https:\/\/www.pipi-stop.ch\/it\/ordinare\/modulo-libro-bambini\/"]}]},{"@type":"BreadcrumbList","@id":"https:\/\/www.pipi-stop.ch\/it\/ordinare\/modulo-libro-bambini\/#breadcrumb","itemListElement":[{"@type":"ListItem","position":1,"name":"Home","item":"https:\/\/www.pipi-stop.ch\/it\/"},{"@type":"ListItem","position":2,"name":"Ordinare","item":"https:\/\/www.pipi-stop.ch\/it\/ordinare\/"},{"@type":"ListItem","position":3,"name":"Modulo libro bambini"}]},{"@type":"WebSite","@id":"https:\/\/www.pipi-stop.ch\/fr\/#website","url":"https:\/\/www.pipi-stop.ch\/fr\/","name":"Pipi Stop","description":"","potentialAction":[{"@type":"SearchAction","target":{"@type":"EntryPoint","urlTemplate":"https:\/\/www.pipi-stop.ch\/fr\/?s={search_term_string}"},"query-input":{"@type":"PropertyValueSpecification","valueRequired":true,"valueName":"search_term_string"}}],"inLanguage":"it-IT"}]}},"_links":{"self":[{"href":"https:\/\/www.pipi-stop.ch\/it\/wp-json\/wp\/v2\/pages\/4174","targetHints":{"allow":["GET"]}}],"collection":[{"href":"https:\/\/www.pipi-stop.ch\/it\/wp-json\/wp\/v2\/pages"}],"about":[{"href":"https:\/\/www.pipi-stop.ch\/it\/wp-json\/wp\/v2\/types\/page"}],"author":[{"embeddable":true,"href":"https:\/\/www.pipi-stop.ch\/it\/wp-json\/wp\/v2\/users\/1"}],"replies":[{"embeddable":true,"href":"https:\/\/www.pipi-stop.ch\/it\/wp-json\/wp\/v2\/comments?post=4174"}],"version-history":[{"count":8,"href":"https:\/\/www.pipi-stop.ch\/it\/wp-json\/wp\/v2\/pages\/4174\/revisions"}],"predecessor-version":[{"id":5090,"href":"https:\/\/www.pipi-stop.ch\/it\/wp-json\/wp\/v2\/pages\/4174\/revisions\/5090"}],"up":[{"embeddable":true,"href":"https:\/\/www.pipi-stop.ch\/it\/wp-json\/wp\/v2\/pages\/2941"}],"wp:attachment":[{"href":"https:\/\/www.pipi-stop.ch\/it\/wp-json\/wp\/v2\/media?parent=4174"}],"curies":[{"name":"wp","href":"https:\/\/api.w.org\/{rel}","templated":true}]}}