{"id":3182,"date":"2015-07-01T15:47:37","date_gmt":"2015-07-01T15:47:37","guid":{"rendered":"http:\/\/pipi-stop.version-demo.ch\/?page_id=3182"},"modified":"2024-09-16T20:31:54","modified_gmt":"2024-09-16T20:31:54","slug":"apparecchio-pipi-stop","status":"publish","type":"page","link":"https:\/\/www.pipi-stop.ch\/it\/terapia-pipi-stop\/apparecchio-pipi-stop\/","title":{"rendered":"Apparecchio Pipi-Stop"},"content":{"rendered":"<p>[et_pb_section fb_built=&#8221;1&#8243; admin_label=&#8221;section&#8221; module_class=&#8221;main-h1-title&#8221; _builder_version=&#8221;4.16&#8243; background_color=&#8221;#ffffff&#8221; transparent_background=&#8221;off&#8221; global_colors_info=&#8221;{}&#8221;][et_pb_row admin_label=&#8221;row&#8221; _builder_version=&#8221;4.16&#8243; background_size=&#8221;initial&#8221; background_position=&#8221;top_left&#8221; background_repeat=&#8221;repeat&#8221; global_colors_info=&#8221;{}&#8221;][et_pb_column type=&#8221;4_4&#8243; _builder_version=&#8221;4.16&#8243; custom_padding=&#8221;|||&#8221; global_colors_info=&#8221;{}&#8221; custom_padding__hover=&#8221;|||&#8221;][et_pb_text admin_label=&#8221;h1&#8243; _builder_version=&#8221;4.16&#8243; background_size=&#8221;initial&#8221; background_position=&#8221;top_left&#8221; background_repeat=&#8221;repeat&#8221; text_orientation=&#8221;center&#8221; module_alignment=&#8221;center&#8221; global_colors_info=&#8221;{}&#8221;]<\/p>\n<h1>Apparecchio Pip\u00ec-Stop senza fili<\/h1>\n<p>[\/et_pb_text][\/et_pb_column][\/et_pb_row][et_pb_row column_structure=&#8221;1_2,1_2&#8243; admin_label=&#8221;row&#8221; _builder_version=&#8221;4.16&#8243; background_size=&#8221;initial&#8221; background_position=&#8221;top_left&#8221; background_repeat=&#8221;repeat&#8221; global_colors_info=&#8221;{}&#8221;][et_pb_column type=&#8221;1_2&#8243; _builder_version=&#8221;4.16&#8243; custom_padding=&#8221;|||&#8221; global_colors_info=&#8221;{}&#8221; custom_padding__hover=&#8221;|||&#8221;][et_pb_image src=&#8221;https:\/\/www.pipi-stop.ch\/wp-content\/uploads\/2024\/09\/Assemblage_1000px-flanelle.jpg&#8221; align_tablet=&#8221;center&#8221; align_phone=&#8221;center&#8221; align_last_edited=&#8221;on|desktop&#8221; admin_label=&#8221;Le glorieux Pipi-Stop&#8221; _builder_version=&#8221;4.17.0&#8243; animation_style=&#8221;slide&#8221; animation_direction=&#8221;left&#8221; animation_duration=&#8221;500ms&#8221; animation_intensity_slide=&#8221;10%&#8221; hover_enabled=&#8221;0&#8243; global_colors_info=&#8221;{}&#8221; title_text=&#8221;Assemblage_1000px-flanelle&#8221; sticky_enabled=&#8221;0&#8243;]&nbsp;<br \/>\n[\/et_pb_image][\/et_pb_column][et_pb_column type=&#8221;1_2&#8243; _builder_version=&#8221;4.16&#8243; custom_padding=&#8221;|||&#8221; global_colors_info=&#8221;{}&#8221; custom_padding__hover=&#8221;|||&#8221;][et_pb_text admin_label=&#8221; texte&#8221; _builder_version=&#8221;4.17.0&#8243; background_size=&#8221;initial&#8221; background_position=&#8221;top_left&#8221; background_repeat=&#8221;repeat&#8221; global_colors_info=&#8221;{}&#8221;]<\/p>\n<h2>Apparecchio Pip\u00ec-Stop (sistema di base)<\/h2>\n<p>&nbsp;<\/p>\n<p><a href=\"https:\/\/www.pipi-stop.ch\/wp-content\/uploads\/2015\/05\/swiss-made-sign.jpg\"><img decoding=\"async\" class=\"wp-image-1668 alignleft lazyload\" data-src=\"https:\/\/www.pipi-stop.ch\/wp-content\/uploads\/2023\/07\/swiss-made-sign-300x300-1.jpg\" alt=\"Patch &quot; Swiss Made &quot;\" width=\"69\" height=\"69\" src=\"data:image\/svg+xml;base64,PHN2ZyB3aWR0aD0iMSIgaGVpZ2h0PSIxIiB4bWxucz0iaHR0cDovL3d3dy53My5vcmcvMjAwMC9zdmciPjwvc3ZnPg==\" style=\"--smush-placeholder-width: 69px; --smush-placeholder-aspect-ratio: 69\/69;\" \/><\/a>Dal 1932, sviluppiamo, fabbrichiamo e commercializziamo questo apparecchio. Il Pip\u00ec-Stop<sup>\u00ae<\/sup> \u00e8 migliorato costantemente grazie alle nuove tecnologie<\/p>\n<p>&nbsp;<\/p>\n<p><a href=\"https:\/\/www.pipi-stop.ch\/wp-content\/uploads\/2015\/06\/CE_Zeichen_Rahmen.png\"><img decoding=\"async\" class=\"wp-image-2121 alignleft lazyload\" data-src=\"https:\/\/www.pipi-stop.ch\/wp-content\/uploads\/2015\/06\/CE_Zeichen_Rahmen-300x228.png\" alt=\"CE_Zeichen_Rahmen\" width=\"50\" height=\"38\" data-srcset=\"https:\/\/www.pipi-stop.ch\/wp-content\/uploads\/2015\/06\/CE_Zeichen_Rahmen-300x228.png 300w, https:\/\/www.pipi-stop.ch\/wp-content\/uploads\/2015\/06\/CE_Zeichen_Rahmen-1024x777.png 1024w, https:\/\/www.pipi-stop.ch\/wp-content\/uploads\/2015\/06\/CE_Zeichen_Rahmen-1080x819.png 1080w, https:\/\/www.pipi-stop.ch\/wp-content\/uploads\/2015\/06\/CE_Zeichen_Rahmen.png 1714w\" data-sizes=\"(max-width: 50px) 100vw, 50px\" src=\"data:image\/svg+xml;base64,PHN2ZyB3aWR0aD0iMSIgaGVpZ2h0PSIxIiB4bWxucz0iaHR0cDovL3d3dy53My5vcmcvMjAwMC9zdmciPjwvc3ZnPg==\" style=\"--smush-placeholder-width: 50px; --smush-placeholder-aspect-ratio: 50\/38;\" \/><\/a>Conformit\u00e0 alle norme CE<\/p>\n<p>&nbsp;<\/p>\n<p><a href=\"https:\/\/www.pipi-stop.ch\/wp-content\/uploads\/2015\/05\/medecin-cochon-bleu_577x577.png\"><img decoding=\"async\" class=\"wp-image-1682 alignleft lazyload\" data-src=\"https:\/\/www.pipi-stop.ch\/wp-content\/uploads\/2015\/05\/medecin-cochon-bleu_577x577-300x300.png\" alt=\"medecin-cochon-bleu_577x577\" width=\"50\" height=\"50\" data-srcset=\"https:\/\/www.pipi-stop.ch\/wp-content\/uploads\/2015\/05\/medecin-cochon-bleu_577x577-300x300.png 300w, https:\/\/www.pipi-stop.ch\/wp-content\/uploads\/2015\/05\/medecin-cochon-bleu_577x577-150x150.png 150w, https:\/\/www.pipi-stop.ch\/wp-content\/uploads\/2015\/05\/medecin-cochon-bleu_577x577.png 577w\" data-sizes=\"(max-width: 50px) 100vw, 50px\" src=\"data:image\/svg+xml;base64,PHN2ZyB3aWR0aD0iMSIgaGVpZ2h0PSIxIiB4bWxucz0iaHR0cDovL3d3dy53My5vcmcvMjAwMC9zdmciPjwvc3ZnPg==\" style=\"--smush-placeholder-width: 50px; --smush-placeholder-aspect-ratio: 50\/50;\" \/><\/a>L&#8217;apparecchio Pip\u00ec-Stop \u00e8 noleggiabile e viene rimborsato parzialmente dalle casse malattia (assicurazione di base)[\/et_pb_text][\/et_pb_column][\/et_pb_row][et_pb_row admin_label=&#8221;row&#8221; _builder_version=&#8221;4.16&#8243; background_size=&#8221;initial&#8221; background_position=&#8221;top_left&#8221; background_repeat=&#8221;repeat&#8221; global_colors_info=&#8221;{}&#8221;][et_pb_column type=&#8221;4_4&#8243; _builder_version=&#8221;4.16&#8243; custom_padding=&#8221;|||&#8221; global_colors_info=&#8221;{}&#8221; custom_padding__hover=&#8221;|||&#8221;][et_pb_divider color=&#8221;#cccccc&#8221; disabled_on=&#8221;on|on|off&#8221; _builder_version=&#8221;4.16&#8243; global_colors_info=&#8221;{}&#8221;]&nbsp;<br \/>\n[\/et_pb_divider][\/et_pb_column][\/et_pb_row][et_pb_row column_structure=&#8221;1_3,2_3&#8243; admin_label=&#8221;row&#8221; _builder_version=&#8221;4.16&#8243; background_size=&#8221;initial&#8221; background_position=&#8221;top_left&#8221; background_repeat=&#8221;repeat&#8221; global_colors_info=&#8221;{}&#8221;][et_pb_column type=&#8221;1_3&#8243; _builder_version=&#8221;4.16&#8243; custom_padding=&#8221;|||&#8221; global_colors_info=&#8221;{}&#8221; custom_padding__hover=&#8221;|||&#8221;][et_pb_image src=&#8221;https:\/\/www.pipi-stop.ch\/wp-content\/uploads\/2015\/07\/VIBRA_Wrist1500x683px-1080&#215;495.png&#8221; align_tablet=&#8221;center&#8221; align_phone=&#8221;center&#8221; align_last_edited=&#8221;on|desktop&#8221; _builder_version=&#8221;4.16&#8243; animation_style=&#8221;slide&#8221; animation_direction=&#8221;left&#8221; animation_duration=&#8221;500ms&#8221; animation_intensity_slide=&#8221;10%&#8221; global_colors_info=&#8221;{}&#8221;]&nbsp;<br \/>\n[\/et_pb_image][\/et_pb_column][et_pb_column type=&#8221;2_3&#8243; _builder_version=&#8221;4.16&#8243; custom_padding=&#8221;|||&#8221; global_colors_info=&#8221;{}&#8221; custom_padding__hover=&#8221;|||&#8221;][et_pb_text _builder_version=&#8221;4.16&#8243; background_size=&#8221;initial&#8221; background_position=&#8221;top_left&#8221; background_repeat=&#8221;repeat&#8221; use_border_color=&#8221;off&#8221; global_colors_info=&#8221;{}&#8221;]<\/p>\n<h2>A scelta:\u00a0Braccialetto vibrante VIBRA senza fili<\/h2>\n<p>Accessorio complementare al Pip\u00ec-Stop (sistema di base) utilizzabile <strong>con<\/strong> o <strong>senza<\/strong> allarme acustico.<br \/>\nIl braccialetto VIBRA \u00e8 noleggiato con un <strong>supplemento<\/strong> di CHF 1.-\/giorno.<strong>\u00a0Il braccialetto VIBRA non pu\u00f2 essere utilizzato senza il Pip\u00ec-Stop (sistema di base).<\/strong><\/p>\n<p><b><a href=\"https:\/\/www.pipi-stop.ch\/wp-content\/uploads\/2019\/02\/Flyer-VIBRA-IT.pdf\" target=\"_blank\" rel=\"noopener\"><img decoding=\"async\" class=\"alignleft wp-image-866 lazyload\" data-src=\"https:\/\/www.pipi-stop.ch\/wp-content\/uploads\/2015\/04\/pdf-icon-300x300.jpg\" alt=\"icone pdf\" width=\"50\" height=\"50\" data-srcset=\"https:\/\/www.pipi-stop.ch\/wp-content\/uploads\/2015\/04\/pdf-icon-300x300.jpg 300w, https:\/\/www.pipi-stop.ch\/wp-content\/uploads\/2015\/04\/pdf-icon-150x150.jpg 150w, https:\/\/www.pipi-stop.ch\/wp-content\/uploads\/2015\/04\/pdf-icon.jpg 346w\" data-sizes=\"(max-width: 50px) 100vw, 50px\" src=\"data:image\/svg+xml;base64,PHN2ZyB3aWR0aD0iMSIgaGVpZ2h0PSIxIiB4bWxucz0iaHR0cDovL3d3dy53My5vcmcvMjAwMC9zdmciPjwvc3ZnPg==\" style=\"--smush-placeholder-width: 50px; --smush-placeholder-aspect-ratio: 50\/50;\" \/><\/a>\u00a0<a href=\"https:\/\/www.pipi-stop.ch\/wp-content\/uploads\/2019\/02\/Flyer-VIBRA-IT.pdf\" target=\"_blank\" rel=\"noopener\">Informazioni sul braccialetto vibrante VIBRA<\/a><\/b><br \/>\n[\/et_pb_text][\/et_pb_column][\/et_pb_row][et_pb_row admin_label=&#8221;row&#8221; _builder_version=&#8221;4.16&#8243; background_size=&#8221;initial&#8221; background_position=&#8221;top_left&#8221; background_repeat=&#8221;repeat&#8221; global_colors_info=&#8221;{}&#8221;][et_pb_column type=&#8221;4_4&#8243; _builder_version=&#8221;4.16&#8243; custom_padding=&#8221;|||&#8221; global_colors_info=&#8221;{}&#8221; custom_padding__hover=&#8221;|||&#8221;][et_pb_divider color=&#8221;#cccccc&#8221; disabled_on=&#8221;on|on|off&#8221; _builder_version=&#8221;4.16&#8243; global_colors_info=&#8221;{}&#8221;]&nbsp;<br \/>\n[\/et_pb_divider][\/et_pb_column][\/et_pb_row][et_pb_row admin_label=&#8221;row&#8221; _builder_version=&#8221;4.16&#8243; background_size=&#8221;initial&#8221; background_position=&#8221;top_left&#8221; background_repeat=&#8221;repeat&#8221; global_colors_info=&#8221;{}&#8221;][et_pb_column type=&#8221;4_4&#8243; _builder_version=&#8221;4.16&#8243; custom_padding=&#8221;|||&#8221; global_colors_info=&#8221;{}&#8221; custom_padding__hover=&#8221;|||&#8221;][et_pb_text admin_label=&#8221;Les 4 \u00e9l\u00e9ments du Pipi-Stop&#8221; _builder_version=&#8221;4.16&#8243; background_size=&#8221;initial&#8221; background_position=&#8221;top_left&#8221; background_repeat=&#8221;repeat&#8221; text_orientation=&#8221;center&#8221; module_alignment=&#8221;center&#8221; global_colors_info=&#8221;{}&#8221;]<\/p>\n<h1><strong>L&#8217;apparecchio Pip\u00ec-Stop comprende:<\/strong><\/h1>\n<p>[\/et_pb_text][\/et_pb_column][\/et_pb_row][et_pb_row column_structure=&#8221;1_5,1_5,1_5,1_5,1_5&#8243; admin_label=&#8221;row&#8221; _builder_version=&#8221;4.16&#8243; background_size=&#8221;initial&#8221; background_position=&#8221;top_left&#8221; background_repeat=&#8221;repeat&#8221; global_colors_info=&#8221;{}&#8221;][et_pb_column type=&#8221;1_5&#8243; _builder_version=&#8221;4.16&#8243; custom_padding=&#8221;|||&#8221; global_colors_info=&#8221;{}&#8221; custom_padding__hover=&#8221;|||&#8221;][et_pb_blurb title=&#8221;Rilevatore di urina&#8221; image=&#8221;https:\/\/www.pipi-stop.ch\/wp-content\/uploads\/2015\/06\/NK_800x800px-300&#215;300.png&#8221; admin_label=&#8221;Urin-Folie&#8221; _builder_version=&#8221;4.17.0&#8243; background_size=&#8221;initial&#8221; background_position=&#8221;top_left&#8221; background_repeat=&#8221;repeat&#8221; max_width_tablet=&#8221;50px&#8221; global_colors_info=&#8221;{}&#8221;]<\/p>\n<p>&nbsp;<\/p>\n<p>&nbsp;<\/p>\n<p>[\/et_pb_blurb][\/et_pb_column][et_pb_column type=&#8221;1_5&#8243; _builder_version=&#8221;4.16&#8243; custom_padding=&#8221;|||&#8221; global_colors_info=&#8221;{}&#8221; custom_padding__hover=&#8221;|||&#8221;][et_pb_blurb title=&#8221;Tasca di flanella&#8221; image=&#8221;https:\/\/www.pipi-stop.ch\/wp-content\/uploads\/2024\/09\/Flanelle_FR-300&#215;300-1.png&#8221; admin_label=&#8221;Urin-Folie&#8221; _builder_version=&#8221;4.17.0&#8243; background_size=&#8221;initial&#8221; background_position=&#8221;top_left&#8221; background_repeat=&#8221;repeat&#8221; max_width_tablet=&#8221;50px&#8221; global_colors_info=&#8221;{}&#8221;]<\/p>\n<p>&nbsp;<\/p>\n<p>&nbsp;<\/p>\n<p>[\/et_pb_blurb][\/et_pb_column][et_pb_column type=&#8221;1_5&#8243; _builder_version=&#8221;4.16&#8243; custom_padding=&#8221;|||&#8221; global_colors_info=&#8221;{}&#8221; custom_padding__hover=&#8221;|||&#8221;][et_pb_blurb title=&#8221;Trasmettitore&#8221; image=&#8221;https:\/\/www.pipi-stop.ch\/wp-content\/uploads\/2024\/09\/emetteur_300x300.png&#8221; admin_label=&#8221;Sender&#8221; _builder_version=&#8221;4.17.0&#8243; background_size=&#8221;initial&#8221; background_position=&#8221;top_left&#8221; background_repeat=&#8221;repeat&#8221; max_width_tablet=&#8221;50px&#8221; global_colors_info=&#8221;{}&#8221;][\/et_pb_blurb][\/et_pb_column][et_pb_column type=&#8221;1_5&#8243; _builder_version=&#8221;4.16&#8243; custom_padding=&#8221;|||&#8221; global_colors_info=&#8221;{}&#8221; custom_padding__hover=&#8221;|||&#8221;][et_pb_blurb title=&#8221;Ricevitore&#8221; image=&#8221;https:\/\/www.pipi-stop.ch\/wp-content\/uploads\/2024\/09\/recepteur_300x300-1.png&#8221; admin_label=&#8221;Empf\u00e4nger&#8221; _builder_version=&#8221;4.17.0&#8243; background_size=&#8221;initial&#8221; background_position=&#8221;top_left&#8221; background_repeat=&#8221;repeat&#8221; max_width_tablet=&#8221;50px&#8221; global_colors_info=&#8221;{}&#8221;][\/et_pb_blurb][\/et_pb_column][et_pb_column type=&#8221;1_5&#8243; _builder_version=&#8221;4.16&#8243; custom_padding=&#8221;|||&#8221; global_colors_info=&#8221;{}&#8221; custom_padding__hover=&#8221;|||&#8221;][et_pb_blurb title=&#8221;Trasformatore&#8221; image=&#8221;https:\/\/www.pipi-stop.ch\/wp-content\/uploads\/2015\/06\/Alim_800x800px-300&#215;300.png&#8221; admin_label=&#8221;Netzkabel&#8221; _builder_version=&#8221;4.17.0&#8243; background_size=&#8221;initial&#8221; background_position=&#8221;top_left&#8221; background_repeat=&#8221;repeat&#8221; max_width_tablet=&#8221;50px&#8221; global_colors_info=&#8221;{}&#8221;][\/et_pb_blurb][\/et_pb_column][\/et_pb_row][et_pb_row column_structure=&#8221;1_2,1_2&#8243; admin_label=&#8221;row&#8221; _builder_version=&#8221;4.16&#8243; background_size=&#8221;initial&#8221; background_position=&#8221;top_left&#8221; background_repeat=&#8221;repeat&#8221; global_colors_info=&#8221;{}&#8221;][et_pb_column type=&#8221;1_2&#8243; _builder_version=&#8221;4.16&#8243; custom_padding=&#8221;|||&#8221; global_colors_info=&#8221;{}&#8221; custom_padding__hover=&#8221;|||&#8221;][et_pb_text _builder_version=&#8221;4.17.0&#8243; background_size=&#8221;initial&#8221; background_position=&#8221;top_left&#8221; background_repeat=&#8221;repeat&#8221; use_border_color=&#8221;off&#8221; border_color=&#8221;#ffffff&#8221; border_style=&#8221;solid&#8221; global_colors_info=&#8221;{}&#8221;]<\/p>\n<p><a href=\"https:\/\/www.pipi-stop.ch\/wp-content\/uploads\/2017\/08\/ansens_Pipi-Stop.png\"><img decoding=\"async\" class=\"alignright wp-image-7906 lazyload\" data-src=\"https:\/\/www.pipi-stop.ch\/wp-content\/uploads\/2017\/08\/ansens_Pipi-Stop-209x300.png\" width=\"118\" height=\"169\" data-srcset=\"https:\/\/www.pipi-stop.ch\/wp-content\/uploads\/2017\/08\/ansens_Pipi-Stop-209x300.png 209w, https:\/\/www.pipi-stop.ch\/wp-content\/uploads\/2017\/08\/ansens_Pipi-Stop.png 394w\" data-sizes=\"(max-width: 118px) 100vw, 118px\" src=\"data:image\/svg+xml;base64,PHN2ZyB3aWR0aD0iMSIgaGVpZ2h0PSIxIiB4bWxucz0iaHR0cDovL3d3dy53My5vcmcvMjAwMC9zdmciPjwvc3ZnPg==\" style=\"--smush-placeholder-width: 118px; --smush-placeholder-aspect-ratio: 118\/169;\" \/><\/a>Il <strong>trasmettitore<\/strong> \u00e8 fissato sul <strong>rilevatore di urina<\/strong> (foglio di plastica conduttore). <strong>Questi due elementi vengono posti nelle mutandine<\/strong>.<\/p>\n<p>Al momento dell&#8217;uscita delle prime gocce di urina, il trasmettitore invia un segnale al <strong>ricevitore<\/strong>, che si trova sul comodino: l&#8217;allarme \u00e8 attivato (suoneria + luce lampeggiante).<\/p>\n<p>[\/et_pb_text][\/et_pb_column][et_pb_column type=&#8221;1_2&#8243; _builder_version=&#8221;4.16&#8243; custom_padding=&#8221;|||&#8221; global_colors_info=&#8221;{}&#8221; custom_padding__hover=&#8221;|||&#8221;][et_pb_text _builder_version=&#8221;4.17.0&#8243; background_size=&#8221;initial&#8221; background_position=&#8221;top_left&#8221; background_repeat=&#8221;repeat&#8221; global_colors_info=&#8221;{}&#8221;]<\/p>\n<p class=\"align-justify checkmark\">Il <strong>rilevatore di urina<\/strong> viene inserito in una tasca di flanella:<\/p>\n<ul class=\"checkmark\">\n<li>igienico<\/li>\n<li>facile da installare<\/li>\n<\/ul>\n<p>[\/et_pb_text][\/et_pb_column][\/et_pb_row][\/et_pb_section]<\/p>\n","protected":false},"excerpt":{"rendered":"<p>Apparecchio Pip\u00ec-Stop senza fili &nbsp; Apparecchio Pip\u00ec-Stop (sistema di base) &nbsp; Dal 1932, sviluppiamo, fabbrichiamo e commercializziamo questo apparecchio. Il Pip\u00ec-Stop\u00ae \u00e8 migliorato costantemente grazie alle nuove tecnologie &nbsp; Conformit\u00e0 alle norme CE &nbsp; L&#8217;apparecchio Pip\u00ec-Stop \u00e8 noleggiabile e viene rimborsato parzialmente dalle casse malattia (assicurazione di base)&nbsp; &nbsp; A scelta:\u00a0Braccialetto vibrante VIBRA senza fili [&hellip;]<\/p>\n","protected":false},"author":1,"featured_media":0,"parent":1639,"menu_order":9,"comment_status":"open","ping_status":"open","template":"","meta":{"_et_pb_use_builder":"on","_et_pb_old_content":"","_et_gb_content_width":"","inline_featured_image":false,"footnotes":""},"class_list":["post-3182","page","type-page","status-publish","hentry"],"yoast_head":"<!-- This site is optimized with the Yoast SEO Premium plugin v27.3 (Yoast SEO v27.3) - https:\/\/yoast.com\/product\/yoast-seo-premium-wordpress\/ -->\n<title>Apparecchio Pipi-Stop | Pipi Stop<\/title>\n<meta name=\"robots\" content=\"index, follow, max-snippet:-1, max-image-preview:large, max-video-preview:-1\" \/>\n<link rel=\"canonical\" href=\"https:\/\/www.pipi-stop.ch\/it\/terapia-pipi-stop\/apparecchio-pipi-stop\/\" \/>\n<meta property=\"og:locale\" content=\"it_IT\" \/>\n<meta property=\"og:type\" content=\"article\" \/>\n<meta property=\"og:title\" content=\"Apparecchio Pipi-Stop\" \/>\n<meta property=\"og:description\" content=\"Apparecchio Pip\u00ec-Stop senza fili &nbsp; Apparecchio Pip\u00ec-Stop (sistema di base) &nbsp; Dal 1932, sviluppiamo, fabbrichiamo e commercializziamo questo apparecchio. Il Pip\u00ec-Stop\u00ae \u00e8 migliorato costantemente grazie alle nuove tecnologie &nbsp; Conformit\u00e0 alle norme CE &nbsp; L&#039;apparecchio Pip\u00ec-Stop \u00e8 noleggiabile e viene rimborsato parzialmente dalle casse malattia (assicurazione di base)&nbsp; &nbsp; A scelta:\u00a0Braccialetto vibrante VIBRA senza fili [&hellip;]\" \/>\n<meta property=\"og:url\" content=\"https:\/\/www.pipi-stop.ch\/it\/terapia-pipi-stop\/apparecchio-pipi-stop\/\" \/>\n<meta property=\"og:site_name\" content=\"Pipi Stop\" \/>\n<meta property=\"article:modified_time\" content=\"2024-09-16T20:31:54+00:00\" \/>\n<meta property=\"og:image\" content=\"https:\/\/www.pipi-stop.ch\/wp-content\/uploads\/2023\/07\/swiss-made-sign-300x300-1.jpg\" \/>\n<meta name=\"twitter:card\" content=\"summary_large_image\" \/>\n<meta name=\"twitter:label1\" content=\"Tempo di lettura stimato\" \/>\n\t<meta name=\"twitter:data1\" content=\"4 minuti\" \/>\n<script type=\"application\/ld+json\" class=\"yoast-schema-graph\">{\"@context\":\"https:\\\/\\\/schema.org\",\"@graph\":[{\"@type\":\"WebPage\",\"@id\":\"https:\\\/\\\/www.pipi-stop.ch\\\/it\\\/terapia-pipi-stop\\\/apparecchio-pipi-stop\\\/\",\"url\":\"https:\\\/\\\/www.pipi-stop.ch\\\/it\\\/terapia-pipi-stop\\\/apparecchio-pipi-stop\\\/\",\"name\":\"Apparecchio Pipi-Stop | Pipi Stop\",\"isPartOf\":{\"@id\":\"https:\\\/\\\/www.pipi-stop.ch\\\/fr\\\/#website\"},\"primaryImageOfPage\":{\"@id\":\"https:\\\/\\\/www.pipi-stop.ch\\\/it\\\/terapia-pipi-stop\\\/apparecchio-pipi-stop\\\/#primaryimage\"},\"image\":{\"@id\":\"https:\\\/\\\/www.pipi-stop.ch\\\/it\\\/terapia-pipi-stop\\\/apparecchio-pipi-stop\\\/#primaryimage\"},\"thumbnailUrl\":\"https:\\\/\\\/www.pipi-stop.ch\\\/wp-content\\\/uploads\\\/2023\\\/07\\\/swiss-made-sign-300x300-1.jpg\",\"datePublished\":\"2015-07-01T15:47:37+00:00\",\"dateModified\":\"2024-09-16T20:31:54+00:00\",\"breadcrumb\":{\"@id\":\"https:\\\/\\\/www.pipi-stop.ch\\\/it\\\/terapia-pipi-stop\\\/apparecchio-pipi-stop\\\/#breadcrumb\"},\"inLanguage\":\"it-IT\",\"potentialAction\":[{\"@type\":\"ReadAction\",\"target\":[\"https:\\\/\\\/www.pipi-stop.ch\\\/it\\\/terapia-pipi-stop\\\/apparecchio-pipi-stop\\\/\"]}]},{\"@type\":\"ImageObject\",\"inLanguage\":\"it-IT\",\"@id\":\"https:\\\/\\\/www.pipi-stop.ch\\\/it\\\/terapia-pipi-stop\\\/apparecchio-pipi-stop\\\/#primaryimage\",\"url\":\"https:\\\/\\\/www.pipi-stop.ch\\\/wp-content\\\/uploads\\\/2023\\\/07\\\/swiss-made-sign-300x300-1.jpg\",\"contentUrl\":\"https:\\\/\\\/www.pipi-stop.ch\\\/wp-content\\\/uploads\\\/2023\\\/07\\\/swiss-made-sign-300x300-1.jpg\"},{\"@type\":\"BreadcrumbList\",\"@id\":\"https:\\\/\\\/www.pipi-stop.ch\\\/it\\\/terapia-pipi-stop\\\/apparecchio-pipi-stop\\\/#breadcrumb\",\"itemListElement\":[{\"@type\":\"ListItem\",\"position\":1,\"name\":\"Home\",\"item\":\"https:\\\/\\\/www.pipi-stop.ch\\\/it\\\/\"},{\"@type\":\"ListItem\",\"position\":2,\"name\":\"Terapia Pip\u00ec-Stop\",\"item\":\"https:\\\/\\\/www.pipi-stop.ch\\\/it\\\/terapia-pipi-stop\\\/\"},{\"@type\":\"ListItem\",\"position\":3,\"name\":\"Apparecchio Pipi-Stop\"}]},{\"@type\":\"WebSite\",\"@id\":\"https:\\\/\\\/www.pipi-stop.ch\\\/fr\\\/#website\",\"url\":\"https:\\\/\\\/www.pipi-stop.ch\\\/fr\\\/\",\"name\":\"Pipi Stop\",\"description\":\"\",\"potentialAction\":[{\"@type\":\"SearchAction\",\"target\":{\"@type\":\"EntryPoint\",\"urlTemplate\":\"https:\\\/\\\/www.pipi-stop.ch\\\/fr\\\/?s={search_term_string}\"},\"query-input\":{\"@type\":\"PropertyValueSpecification\",\"valueRequired\":true,\"valueName\":\"search_term_string\"}}],\"inLanguage\":\"it-IT\"}]}<\/script>\n<!-- \/ Yoast SEO Premium plugin. -->","yoast_head_json":{"title":"Apparecchio Pipi-Stop | Pipi Stop","robots":{"index":"index","follow":"follow","max-snippet":"max-snippet:-1","max-image-preview":"max-image-preview:large","max-video-preview":"max-video-preview:-1"},"canonical":"https:\/\/www.pipi-stop.ch\/it\/terapia-pipi-stop\/apparecchio-pipi-stop\/","og_locale":"it_IT","og_type":"article","og_title":"Apparecchio Pipi-Stop","og_description":"Apparecchio Pip\u00ec-Stop senza fili &nbsp; Apparecchio Pip\u00ec-Stop (sistema di base) &nbsp; Dal 1932, sviluppiamo, fabbrichiamo e commercializziamo questo apparecchio. Il Pip\u00ec-Stop\u00ae \u00e8 migliorato costantemente grazie alle nuove tecnologie &nbsp; Conformit\u00e0 alle norme CE &nbsp; L'apparecchio Pip\u00ec-Stop \u00e8 noleggiabile e viene rimborsato parzialmente dalle casse malattia (assicurazione di base)&nbsp; &nbsp; A scelta:\u00a0Braccialetto vibrante VIBRA senza fili [&hellip;]","og_url":"https:\/\/www.pipi-stop.ch\/it\/terapia-pipi-stop\/apparecchio-pipi-stop\/","og_site_name":"Pipi Stop","article_modified_time":"2024-09-16T20:31:54+00:00","og_image":[{"url":"https:\/\/www.pipi-stop.ch\/wp-content\/uploads\/2023\/07\/swiss-made-sign-300x300-1.jpg","type":"","width":"","height":""}],"twitter_card":"summary_large_image","twitter_misc":{"Tempo di lettura stimato":"4 minuti"},"schema":{"@context":"https:\/\/schema.org","@graph":[{"@type":"WebPage","@id":"https:\/\/www.pipi-stop.ch\/it\/terapia-pipi-stop\/apparecchio-pipi-stop\/","url":"https:\/\/www.pipi-stop.ch\/it\/terapia-pipi-stop\/apparecchio-pipi-stop\/","name":"Apparecchio Pipi-Stop | Pipi Stop","isPartOf":{"@id":"https:\/\/www.pipi-stop.ch\/fr\/#website"},"primaryImageOfPage":{"@id":"https:\/\/www.pipi-stop.ch\/it\/terapia-pipi-stop\/apparecchio-pipi-stop\/#primaryimage"},"image":{"@id":"https:\/\/www.pipi-stop.ch\/it\/terapia-pipi-stop\/apparecchio-pipi-stop\/#primaryimage"},"thumbnailUrl":"https:\/\/www.pipi-stop.ch\/wp-content\/uploads\/2023\/07\/swiss-made-sign-300x300-1.jpg","datePublished":"2015-07-01T15:47:37+00:00","dateModified":"2024-09-16T20:31:54+00:00","breadcrumb":{"@id":"https:\/\/www.pipi-stop.ch\/it\/terapia-pipi-stop\/apparecchio-pipi-stop\/#breadcrumb"},"inLanguage":"it-IT","potentialAction":[{"@type":"ReadAction","target":["https:\/\/www.pipi-stop.ch\/it\/terapia-pipi-stop\/apparecchio-pipi-stop\/"]}]},{"@type":"ImageObject","inLanguage":"it-IT","@id":"https:\/\/www.pipi-stop.ch\/it\/terapia-pipi-stop\/apparecchio-pipi-stop\/#primaryimage","url":"https:\/\/www.pipi-stop.ch\/wp-content\/uploads\/2023\/07\/swiss-made-sign-300x300-1.jpg","contentUrl":"https:\/\/www.pipi-stop.ch\/wp-content\/uploads\/2023\/07\/swiss-made-sign-300x300-1.jpg"},{"@type":"BreadcrumbList","@id":"https:\/\/www.pipi-stop.ch\/it\/terapia-pipi-stop\/apparecchio-pipi-stop\/#breadcrumb","itemListElement":[{"@type":"ListItem","position":1,"name":"Home","item":"https:\/\/www.pipi-stop.ch\/it\/"},{"@type":"ListItem","position":2,"name":"Terapia Pip\u00ec-Stop","item":"https:\/\/www.pipi-stop.ch\/it\/terapia-pipi-stop\/"},{"@type":"ListItem","position":3,"name":"Apparecchio Pipi-Stop"}]},{"@type":"WebSite","@id":"https:\/\/www.pipi-stop.ch\/fr\/#website","url":"https:\/\/www.pipi-stop.ch\/fr\/","name":"Pipi Stop","description":"","potentialAction":[{"@type":"SearchAction","target":{"@type":"EntryPoint","urlTemplate":"https:\/\/www.pipi-stop.ch\/fr\/?s={search_term_string}"},"query-input":{"@type":"PropertyValueSpecification","valueRequired":true,"valueName":"search_term_string"}}],"inLanguage":"it-IT"}]}},"_links":{"self":[{"href":"https:\/\/www.pipi-stop.ch\/it\/wp-json\/wp\/v2\/pages\/3182","targetHints":{"allow":["GET"]}}],"collection":[{"href":"https:\/\/www.pipi-stop.ch\/it\/wp-json\/wp\/v2\/pages"}],"about":[{"href":"https:\/\/www.pipi-stop.ch\/it\/wp-json\/wp\/v2\/types\/page"}],"author":[{"embeddable":true,"href":"https:\/\/www.pipi-stop.ch\/it\/wp-json\/wp\/v2\/users\/1"}],"replies":[{"embeddable":true,"href":"https:\/\/www.pipi-stop.ch\/it\/wp-json\/wp\/v2\/comments?post=3182"}],"version-history":[{"count":56,"href":"https:\/\/www.pipi-stop.ch\/it\/wp-json\/wp\/v2\/pages\/3182\/revisions"}],"predecessor-version":[{"id":17178,"href":"https:\/\/www.pipi-stop.ch\/it\/wp-json\/wp\/v2\/pages\/3182\/revisions\/17178"}],"up":[{"embeddable":true,"href":"https:\/\/www.pipi-stop.ch\/it\/wp-json\/wp\/v2\/pages\/1639"}],"wp:attachment":[{"href":"https:\/\/www.pipi-stop.ch\/it\/wp-json\/wp\/v2\/media?parent=3182"}],"curies":[{"name":"wp","href":"https:\/\/api.w.org\/{rel}","templated":true}]}}