{"id":3061,"date":"2015-06-29T14:54:10","date_gmt":"2015-06-29T14:54:10","guid":{"rendered":"http:\/\/pipi-stop.version-demo.ch\/?page_id=3061"},"modified":"2018-08-20T13:11:38","modified_gmt":"2018-08-20T13:11:38","slug":"invenzione","status":"publish","type":"page","link":"https:\/\/www.pipi-stop.ch\/it\/melebi-sa\/invenzione\/","title":{"rendered":"Invenzione"},"content":{"rendered":"<p>[et_pb_section bb_built=&#8221;1&#8243; transparent_background=&#8221;off&#8221; background_color=&#8221;#ffffff&#8221; allow_player_pause=&#8221;off&#8221; inner_shadow=&#8221;off&#8221; parallax=&#8221;off&#8221; parallax_method=&#8221;off&#8221; module_class=&#8221;main-h1-title&#8221;][et_pb_row][et_pb_column type=&#8221;4_4&#8243;][et_pb_text admin_label=&#8221;h1&#8243; background_layout=&#8221;light&#8221; text_orientation=&#8221;center&#8221; background_position=&#8221;top_left&#8221; background_repeat=&#8221;repeat&#8221; background_size=&#8221;initial&#8221; module_alignment=&#8221;center&#8221;]<\/p>\n<h1>L&#8217;invenzione del Pip\u00ec-Stop (AntiNass)<\/h1>\n<p>[\/et_pb_text][\/et_pb_column][\/et_pb_row][et_pb_row][et_pb_column type=&#8221;1_4&#8243;][et_pb_image src=&#8221;http:\/\/www.pipi-stop.ch\/wp-content\/uploads\/2014\/12\/ernst-bieri.jpg&#8221; show_in_lightbox=&#8221;off&#8221; url_new_window=&#8221;off&#8221; animation=&#8221;left&#8221; sticky=&#8221;off&#8221; animation_style=&#8221;slide&#8221; animation_duration=&#8221;500ms&#8221; animation_intensity_slide=&#8221;10%&#8221; animation_direction=&#8221;left&#8221; show_bottom_space=&#8221;on&#8221; \/][\/et_pb_column][et_pb_column type=&#8221;3_4&#8243;][et_pb_text admin_label=&#8221;Texte&#8221; background_layout=&#8221;light&#8221; text_orientation=&#8221;left&#8221; background_position=&#8221;top_left&#8221; background_repeat=&#8221;repeat&#8221; background_size=&#8221;initial&#8221;]<\/p>\n<h2>L&#8217;inventore<\/h2>\n<p class=\"align-justify\">Nel 1932, all&#8217;et\u00e0 di 18 anni, <strong>Ernst Bieri<\/strong>, allora abitante di Laupen\/BE (Svizzera), si \u00e8 trovato a confrontarsi in famiglia con le difficolt\u00e0 che comporta l&#8217;enuresi. Ogni notte suo fratello minore faceva la pip\u00ec a letto e ci\u00f2 divenne un vero problema per sua madre. \u00c8 inutile dire che all&#8217;epoca non esistevano n\u00e9 pannolini usa e getta n\u00e9 lavatrici. Ernst Bieri si sent\u00ec chiamato in causa e si mise alla ricerca di una soluzione.<\/p>\n<p class=\"align-justify\">In qualit\u00e0 di apprendista elettrotecnico, appassionato dalle nuove possibilit\u00e0 di questo settore, la sua ricerca si orient\u00f2 in quest&#8217;ambito.<\/p>\n<p>[\/et_pb_text][\/et_pb_column][\/et_pb_row][et_pb_row][et_pb_column type=&#8221;4_4&#8243;][et_pb_divider admin_label=&#8221;S\u00e9parateur&#8221; color=&#8221;#d3d3d3&#8243; show_divider=&#8221;on&#8221; disabled_on=&#8221;on|on|off&#8221; \/][\/et_pb_column][\/et_pb_row][et_pb_row][et_pb_column type=&#8221;1_4&#8243;][et_pb_image src=&#8221;http:\/\/www.pipi-stop.ch\/wp-content\/uploads\/2015\/05\/bonhomme-loupe-300&#215;300.jpg&#8221; animation_style=&#8221;slide&#8221; animation_duration=&#8221;500ms&#8221; animation_intensity_slide=&#8221;10%&#8221; animation_direction=&#8221;left&#8221; _builder_version=&#8221;3.11.1&#8243; \/][\/et_pb_column][et_pb_column type=&#8221;3_4&#8243;][et_pb_text admin_label=&#8221;Texte&#8221; background_layout=&#8221;light&#8221; text_orientation=&#8221;left&#8221; background_position=&#8221;top_left&#8221; background_repeat=&#8221;repeat&#8221; background_size=&#8221;initial&#8221;]<\/p>\n<h2>Gli ci vollero molto pazienza e osservazioni precise<\/h2>\n<p class=\"align-justify\">Comprese che un apparecchio che emettesse un segnale al momento della minzione notturna avrebbe consentito a suo fratello di evitare di bagnare completamente le lenzuola e di restare bagnato per tutta la notte. Tuttavia, prima di lanciarsi nella progettazione, volle innanzitutto capire ci\u00f2 che accadeva al fratello durante il sonno.<\/p>\n<p class=\"align-justify\">Pazientemente, inizi\u00f2 a osservarlo notte dopo notte e constat\u00f2 che, prima dell&#8217;inizio di ogni minzione, suo fratello iniziava a muoversi senza per\u00f2 svegliarsi. Questa constatazione lo indusse a costruire un apparecchio che rileva l&#8217;urina e che svegliava immediatamente il bambino all&#8217;inizio della minzione attraverso un segnale acustico e luminoso.<\/p>\n<p>[\/et_pb_text][\/et_pb_column][\/et_pb_row][et_pb_row][et_pb_column type=&#8221;4_4&#8243;][et_pb_divider admin_label=&#8221;S\u00e9parateur&#8221; color=&#8221;#d3d3d3&#8243; show_divider=&#8221;on&#8221; disabled_on=&#8221;on|on|off&#8221; \/][\/et_pb_column][\/et_pb_row][et_pb_row][et_pb_column type=&#8221;1_4&#8243;][et_pb_image src=&#8221;http:\/\/www.pipi-stop.ch\/wp-content\/uploads\/2014\/12\/Holz-300&#215;215.jpg&#8221; animation_style=&#8221;slide&#8221; animation_duration=&#8221;500ms&#8221; animation_intensity_slide=&#8221;10%&#8221; animation_direction=&#8221;left&#8221; _builder_version=&#8221;3.11.1&#8243; \/][\/et_pb_column][et_pb_column type=&#8221;3_4&#8243;][et_pb_text admin_label=&#8221;Texte&#8221; background_layout=&#8221;light&#8221; text_orientation=&#8221;left&#8221; background_position=&#8221;top_left&#8221; background_repeat=&#8221;repeat&#8221; background_size=&#8221;initial&#8221;]<\/p>\n<h2>Poi arriv\u00f2 il successo<\/h2>\n<p>Dopo aver usato l&#8217;apparecchio per qualche settimana, constat\u00f2 che non soltanto suo fratello si svegliava e di conseguenza il suo letto era meno bagnato, ma riusciva anche a trattenere l&#8217;urina sempre pi\u00f9 a lungo, perch\u00e9 il momento della minzione si spostava sempre pi\u00f9 verso il mattino. Infine il fratello guar\u00ec completamente dall&#8217;enuresi e ritrov\u00f2 il sorriso insieme alla madre.<\/p>\n<p>[\/et_pb_text][\/et_pb_column][\/et_pb_row][et_pb_row][et_pb_column type=&#8221;4_4&#8243;][et_pb_divider admin_label=&#8221;S\u00e9parateur&#8221; color=&#8221;#d3d3d3&#8243; show_divider=&#8221;on&#8221; disabled_on=&#8221;on|on|off&#8221; \/][\/et_pb_column][\/et_pb_row][et_pb_row][et_pb_column type=&#8221;1_4&#8243;][et_pb_image src=&#8221;http:\/\/www.pipi-stop.ch\/wp-content\/uploads\/2014\/12\/mains-aider-enfant-300&#215;200.jpg&#8221; animation_style=&#8221;slide&#8221; animation_duration=&#8221;500ms&#8221; animation_intensity_slide=&#8221;10%&#8221; animation_direction=&#8221;left&#8221; _builder_version=&#8221;3.11.1&#8243; \/][\/et_pb_column][et_pb_column type=&#8221;3_4&#8243;][et_pb_text admin_label=&#8221;Texte&#8221; background_layout=&#8221;light&#8221; text_orientation=&#8221;left&#8221; background_position=&#8221;top_left&#8221; background_repeat=&#8221;repeat&#8221; background_size=&#8221;initial&#8221;]<\/p>\n<h2>Voleva aiutare anche gli altri bambini<\/h2>\n<p class=\"align-justify\">Forte di questa esperienza, Ernst Bieri decise di aiutare anche altri bambini e lo fece a partire dal 1933.<\/p>\n<p class=\"align-justify\">Disponendo di mezzi finanziari molto modesti, dovette vendere il primo apparecchio per poterne costruire altri da vendere a loro volta.<\/p>\n<p>[\/et_pb_text][\/et_pb_column][\/et_pb_row][et_pb_row][et_pb_column type=&#8221;4_4&#8243;][et_pb_divider admin_label=&#8221;S\u00e9parateur&#8221; color=&#8221;#d3d3d3&#8243; show_divider=&#8221;on&#8221; disabled_on=&#8221;on|on|off&#8221; \/][\/et_pb_column][\/et_pb_row][et_pb_row][et_pb_column type=&#8221;1_4&#8243;][et_pb_image src=&#8221;http:\/\/www.pipi-stop.ch\/wp-content\/uploads\/2014\/12\/Zeugnis_Dr-Mueller_1080x707-300&#215;196.jpg&#8221; url_new_window=&#8221;on&#8221; url=&#8221;http:\/\/www.pipi-stop.ch\/wp-content\/uploads\/2015\/06\/Dr-Mueller-Pradervand.pdf&#8221; animation_style=&#8221;slide&#8221; animation_duration=&#8221;500ms&#8221; animation_intensity_slide=&#8221;10%&#8221; animation_direction=&#8221;left&#8221; _builder_version=&#8221;3.11.1&#8243; \/][et_pb_text admin_label=&#8221;Texte&#8221; background_layout=&#8221;light&#8221; text_orientation=&#8221;center&#8221; background_position=&#8221;top_left&#8221; background_repeat=&#8221;repeat&#8221; background_size=&#8221;initial&#8221; module_alignment=&#8221;center&#8221;]<\/p>\n<p style=\"text-align: center;\"><a href=\"http:\/\/www.pipi-stop.ch\/wp-content\/uploads\/2015\/06\/Dr-Mueller-Pradervand.pdf\" target=\"_blank\" rel=\"noopener\">Leggi la lettera<\/a><\/p>\n<p>[\/et_pb_text][\/et_pb_column][et_pb_column type=&#8221;3_4&#8243;][et_pb_text admin_label=&#8221;Texte&#8221; background_layout=&#8221;light&#8221; text_orientation=&#8221;left&#8221; background_position=&#8221;top_left&#8221; background_repeat=&#8221;repeat&#8221; background_size=&#8221;initial&#8221;]<\/p>\n<h2>La prima testimonianza di un medico<\/h2>\n<p class=\"align-justify\">Poi inform\u00f2 della sua invenzione il medico di famiglia, il dottor E. M\u00fcller-Pradervand a Laupen (BE). Il medico fu impressionato dall&#8217;efficacia dell&#8217;apparecchio e chiese a Ernst Bieri di recarsi nel suo studio per una dimostrazione, perch\u00e9 sapeva bene fino a che punto l&#8217;enuresi notturna resistesse a tutte le terapie non fondate su base suggestiva.<\/p>\n<p class=\"align-justify\">La sua testimonianza del 16 luglio 1936 conferm\u00f2 l&#8217;utilit\u00e0 dell&#8217;apparecchio AntiNass (letteralmente: &#8220;anti-bagnato&#8221;). In questo documento, il medico certifica di aver testato l&#8217;apparecchio su un gran numero di pazienti e che tutti gli avevano riportato la piccola &#8220;scatola magica&#8221; dichiarando commossi di non averne pi\u00f9 bisogno.<\/p>\n<p>[\/et_pb_text][\/et_pb_column][\/et_pb_row][et_pb_row][et_pb_column type=&#8221;4_4&#8243;][et_pb_divider admin_label=&#8221;S\u00e9parateur&#8221; color=&#8221;#d3d3d3&#8243; show_divider=&#8221;on&#8221; disabled_on=&#8221;on|on|off&#8221; \/][\/et_pb_column][\/et_pb_row][et_pb_row][et_pb_column type=&#8221;1_4&#8243;][et_pb_image src=&#8221;http:\/\/www.pipi-stop.ch\/wp-content\/uploads\/2014\/12\/patentschrift-300&#215;213.jpg&#8221; url_new_window=&#8221;on&#8221; url=&#8221;http:\/\/www.pipi-stop.ch\/wp-content\/uploads\/2015\/06\/Patent-Titel.pdf&#8221; animation_style=&#8221;slide&#8221; animation_duration=&#8221;500ms&#8221; animation_intensity_slide=&#8221;10%&#8221; animation_direction=&#8221;left&#8221; _builder_version=&#8221;3.11.1&#8243; \/][et_pb_text admin_label=&#8221;Texte&#8221; background_layout=&#8221;light&#8221; text_orientation=&#8221;center&#8221; background_position=&#8221;top_left&#8221; background_repeat=&#8221;repeat&#8221; background_size=&#8221;initial&#8221; module_alignment=&#8221;center&#8221;]<\/p>\n<p style=\"text-align: center;\"><a href=\"http:\/\/www.pipi-stop.ch\/wp-content\/uploads\/2015\/06\/Patent-Titel.pdf\" target=\"_blank\" rel=\"noopener\">Vedi il brevetto<\/a><\/p>\n<p>[\/et_pb_text][\/et_pb_column][et_pb_column type=&#8221;3_4&#8243;][et_pb_text admin_label=&#8221;Texte&#8221; background_layout=&#8221;light&#8221; text_orientation=&#8221;left&#8221; background_position=&#8221;top_left&#8221; background_repeat=&#8221;repeat&#8221; background_size=&#8221;initial&#8221;]<\/p>\n<h2>Il brevetto<\/h2>\n<p>Il dottor M\u00fcller-Pradervand fece conoscere Ernst Bieri all&#8217;Ufficio dei medici scolastici della citt\u00e0 di Berna; da quel momento, un gran numero di orfanotrofi, istituti per bambini, case di educazione e istituzioni simili ordinarono l&#8217;apparecchio AntiNass per un utilizzo continuativo. Prima per\u00f2 l&#8217;<strong>AntiNass fu brevettato con il numero 185773.<\/strong><\/p>\n<p>[\/et_pb_text][\/et_pb_column][\/et_pb_row][\/et_pb_section]<\/p>\n","protected":false},"excerpt":{"rendered":"<p><div class=\"et_pb_row et_pb_row_0 et_pb_row_empty\">\n\t\t\t\t\n\t\t\t\t\n\t\t\t\t\n\t\t\t\t\n\t\t\t\t\n\t\t\t<\/div> L&#8217;invenzione del Pip\u00ec-Stop (AntiNass) <div class=\"et_pb_row et_pb_row_1 et_pb_row_empty\">\n\t\t\t\t\n\t\t\t\t\n\t\t\t\t\n\t\t\t\t\n\t\t\t\t\n\t\t\t<\/div> L&#8217;inventore Nel 1932, all&#8217;et\u00e0 di 18 anni, Ernst Bieri, allora abitante di Laupen\/BE (Svizzera), si \u00e8 trovato a confrontarsi in famiglia con le difficolt\u00e0 che comporta l&#8217;enuresi. Ogni notte suo fratello minore faceva la pip\u00ec a letto e ci\u00f2 divenne un vero problema per sua madre. \u00c8 inutile dire [&hellip;]<\/p>\n","protected":false},"author":1,"featured_media":0,"parent":2947,"menu_order":10,"comment_status":"open","ping_status":"closed","template":"","meta":{"_et_pb_use_builder":"on","_et_pb_old_content":"","_et_gb_content_width":"","inline_featured_image":false,"footnotes":""},"class_list":["post-3061","page","type-page","status-publish","hentry"],"yoast_head":"<!-- This site is optimized with the Yoast SEO Premium plugin v27.3 (Yoast SEO v27.3) - https:\/\/yoast.com\/product\/yoast-seo-premium-wordpress\/ -->\n<title>Invenzione | Pipi Stop<\/title>\n<meta name=\"robots\" content=\"index, follow, max-snippet:-1, max-image-preview:large, max-video-preview:-1\" \/>\n<link rel=\"canonical\" href=\"https:\/\/www.pipi-stop.ch\/it\/melebi-sa\/invenzione\/\" \/>\n<meta property=\"og:locale\" content=\"it_IT\" \/>\n<meta property=\"og:type\" content=\"article\" \/>\n<meta property=\"og:title\" content=\"Invenzione\" \/>\n<meta property=\"og:description\" content=\"L&#039;invenzione del Pip\u00ec-Stop (AntiNass) L&#039;inventore Nel 1932, all&#039;et\u00e0 di 18 anni, Ernst Bieri, allora abitante di Laupen\/BE (Svizzera), si \u00e8 trovato a confrontarsi in famiglia con le difficolt\u00e0 che comporta l&#039;enuresi. Ogni notte suo fratello minore faceva la pip\u00ec a letto e ci\u00f2 divenne un vero problema per sua madre. \u00c8 inutile dire [&hellip;]\" \/>\n<meta property=\"og:url\" content=\"https:\/\/www.pipi-stop.ch\/it\/melebi-sa\/invenzione\/\" \/>\n<meta property=\"og:site_name\" content=\"Pipi Stop\" \/>\n<meta property=\"article:modified_time\" content=\"2018-08-20T13:11:38+00:00\" \/>\n<meta name=\"twitter:card\" content=\"summary_large_image\" \/>\n<meta name=\"twitter:label1\" content=\"Tempo di lettura stimato\" \/>\n\t<meta name=\"twitter:data1\" content=\"6 minuti\" \/>\n<script type=\"application\/ld+json\" class=\"yoast-schema-graph\">{\"@context\":\"https:\\\/\\\/schema.org\",\"@graph\":[{\"@type\":\"WebPage\",\"@id\":\"https:\\\/\\\/www.pipi-stop.ch\\\/it\\\/melebi-sa\\\/invenzione\\\/\",\"url\":\"https:\\\/\\\/www.pipi-stop.ch\\\/it\\\/melebi-sa\\\/invenzione\\\/\",\"name\":\"Invenzione | Pipi Stop\",\"isPartOf\":{\"@id\":\"https:\\\/\\\/www.pipi-stop.ch\\\/fr\\\/#website\"},\"datePublished\":\"2015-06-29T14:54:10+00:00\",\"dateModified\":\"2018-08-20T13:11:38+00:00\",\"breadcrumb\":{\"@id\":\"https:\\\/\\\/www.pipi-stop.ch\\\/it\\\/melebi-sa\\\/invenzione\\\/#breadcrumb\"},\"inLanguage\":\"it-IT\",\"potentialAction\":[{\"@type\":\"ReadAction\",\"target\":[\"https:\\\/\\\/www.pipi-stop.ch\\\/it\\\/melebi-sa\\\/invenzione\\\/\"]}]},{\"@type\":\"BreadcrumbList\",\"@id\":\"https:\\\/\\\/www.pipi-stop.ch\\\/it\\\/melebi-sa\\\/invenzione\\\/#breadcrumb\",\"itemListElement\":[{\"@type\":\"ListItem\",\"position\":1,\"name\":\"Home\",\"item\":\"https:\\\/\\\/www.pipi-stop.ch\\\/it\\\/\"},{\"@type\":\"ListItem\",\"position\":2,\"name\":\"Melebi SA\",\"item\":\"https:\\\/\\\/www.pipi-stop.ch\\\/it\\\/melebi-sa\\\/\"},{\"@type\":\"ListItem\",\"position\":3,\"name\":\"Invenzione\"}]},{\"@type\":\"WebSite\",\"@id\":\"https:\\\/\\\/www.pipi-stop.ch\\\/fr\\\/#website\",\"url\":\"https:\\\/\\\/www.pipi-stop.ch\\\/fr\\\/\",\"name\":\"Pipi Stop\",\"description\":\"\",\"potentialAction\":[{\"@type\":\"SearchAction\",\"target\":{\"@type\":\"EntryPoint\",\"urlTemplate\":\"https:\\\/\\\/www.pipi-stop.ch\\\/fr\\\/?s={search_term_string}\"},\"query-input\":{\"@type\":\"PropertyValueSpecification\",\"valueRequired\":true,\"valueName\":\"search_term_string\"}}],\"inLanguage\":\"it-IT\"}]}<\/script>\n<!-- \/ Yoast SEO Premium plugin. -->","yoast_head_json":{"title":"Invenzione | Pipi Stop","robots":{"index":"index","follow":"follow","max-snippet":"max-snippet:-1","max-image-preview":"max-image-preview:large","max-video-preview":"max-video-preview:-1"},"canonical":"https:\/\/www.pipi-stop.ch\/it\/melebi-sa\/invenzione\/","og_locale":"it_IT","og_type":"article","og_title":"Invenzione","og_description":"L'invenzione del Pip\u00ec-Stop (AntiNass) L'inventore Nel 1932, all'et\u00e0 di 18 anni, Ernst Bieri, allora abitante di Laupen\/BE (Svizzera), si \u00e8 trovato a confrontarsi in famiglia con le difficolt\u00e0 che comporta l'enuresi. Ogni notte suo fratello minore faceva la pip\u00ec a letto e ci\u00f2 divenne un vero problema per sua madre. \u00c8 inutile dire [&hellip;]","og_url":"https:\/\/www.pipi-stop.ch\/it\/melebi-sa\/invenzione\/","og_site_name":"Pipi Stop","article_modified_time":"2018-08-20T13:11:38+00:00","twitter_card":"summary_large_image","twitter_misc":{"Tempo di lettura stimato":"6 minuti"},"schema":{"@context":"https:\/\/schema.org","@graph":[{"@type":"WebPage","@id":"https:\/\/www.pipi-stop.ch\/it\/melebi-sa\/invenzione\/","url":"https:\/\/www.pipi-stop.ch\/it\/melebi-sa\/invenzione\/","name":"Invenzione | Pipi Stop","isPartOf":{"@id":"https:\/\/www.pipi-stop.ch\/fr\/#website"},"datePublished":"2015-06-29T14:54:10+00:00","dateModified":"2018-08-20T13:11:38+00:00","breadcrumb":{"@id":"https:\/\/www.pipi-stop.ch\/it\/melebi-sa\/invenzione\/#breadcrumb"},"inLanguage":"it-IT","potentialAction":[{"@type":"ReadAction","target":["https:\/\/www.pipi-stop.ch\/it\/melebi-sa\/invenzione\/"]}]},{"@type":"BreadcrumbList","@id":"https:\/\/www.pipi-stop.ch\/it\/melebi-sa\/invenzione\/#breadcrumb","itemListElement":[{"@type":"ListItem","position":1,"name":"Home","item":"https:\/\/www.pipi-stop.ch\/it\/"},{"@type":"ListItem","position":2,"name":"Melebi SA","item":"https:\/\/www.pipi-stop.ch\/it\/melebi-sa\/"},{"@type":"ListItem","position":3,"name":"Invenzione"}]},{"@type":"WebSite","@id":"https:\/\/www.pipi-stop.ch\/fr\/#website","url":"https:\/\/www.pipi-stop.ch\/fr\/","name":"Pipi Stop","description":"","potentialAction":[{"@type":"SearchAction","target":{"@type":"EntryPoint","urlTemplate":"https:\/\/www.pipi-stop.ch\/fr\/?s={search_term_string}"},"query-input":{"@type":"PropertyValueSpecification","valueRequired":true,"valueName":"search_term_string"}}],"inLanguage":"it-IT"}]}},"_links":{"self":[{"href":"https:\/\/www.pipi-stop.ch\/it\/wp-json\/wp\/v2\/pages\/3061","targetHints":{"allow":["GET"]}}],"collection":[{"href":"https:\/\/www.pipi-stop.ch\/it\/wp-json\/wp\/v2\/pages"}],"about":[{"href":"https:\/\/www.pipi-stop.ch\/it\/wp-json\/wp\/v2\/types\/page"}],"author":[{"embeddable":true,"href":"https:\/\/www.pipi-stop.ch\/it\/wp-json\/wp\/v2\/users\/1"}],"replies":[{"embeddable":true,"href":"https:\/\/www.pipi-stop.ch\/it\/wp-json\/wp\/v2\/comments?post=3061"}],"version-history":[{"count":19,"href":"https:\/\/www.pipi-stop.ch\/it\/wp-json\/wp\/v2\/pages\/3061\/revisions"}],"predecessor-version":[{"id":9417,"href":"https:\/\/www.pipi-stop.ch\/it\/wp-json\/wp\/v2\/pages\/3061\/revisions\/9417"}],"up":[{"embeddable":true,"href":"https:\/\/www.pipi-stop.ch\/it\/wp-json\/wp\/v2\/pages\/2947"}],"wp:attachment":[{"href":"https:\/\/www.pipi-stop.ch\/it\/wp-json\/wp\/v2\/media?parent=3061"}],"curies":[{"name":"wp","href":"https:\/\/api.w.org\/{rel}","templated":true}]}}