{"id":2994,"date":"2015-06-29T08:20:44","date_gmt":"2015-06-29T08:20:44","guid":{"rendered":"http:\/\/pipi-stop.version-demo.ch\/?page_id=2994"},"modified":"2018-08-19T18:58:02","modified_gmt":"2018-08-19T18:58:02","slug":"domande-risposte","status":"publish","type":"page","link":"https:\/\/www.pipi-stop.ch\/it\/terapia-pipi-stop\/domande-risposte\/","title":{"rendered":"Domande-Risposte"},"content":{"rendered":"<p>[et_pb_section bb_built=&#8221;1&#8243; admin_label=&#8221;section&#8221; transparent_background=&#8221;off&#8221; background_color=&#8221;#ffffff&#8221; allow_player_pause=&#8221;off&#8221; inner_shadow=&#8221;off&#8221; parallax=&#8221;off&#8221; parallax_method=&#8221;off&#8221; module_class=&#8221;main-h1-title&#8221;][et_pb_row admin_label=&#8221;row&#8221; background_position=&#8221;top_left&#8221; background_repeat=&#8221;repeat&#8221; background_size=&#8221;initial&#8221;][et_pb_column type=&#8221;4_4&#8243;][et_pb_text admin_label=&#8221;h1&#8243; background_layout=&#8221;light&#8221; text_orientation=&#8221;center&#8221; background_position=&#8221;top_left&#8221; background_repeat=&#8221;repeat&#8221; background_size=&#8221;initial&#8221; module_alignment=&#8221;center&#8221;]<\/p>\n<h1>Domande-Risposte<\/h1>\n<p>[\/et_pb_text][\/et_pb_column][\/et_pb_row][et_pb_row admin_label=&#8221;row&#8221; background_position=&#8221;top_left&#8221; background_repeat=&#8221;repeat&#8221; background_size=&#8221;initial&#8221;][et_pb_column type=&#8221;1_4&#8243;][et_pb_image src=&#8221;http:\/\/www.pipi-stop.ch\/wp-content\/uploads\/2015\/05\/faq-265&#215;300.jpg&#8221; animation_style=&#8221;slide&#8221; animation_duration=&#8221;500ms&#8221; animation_intensity_slide=&#8221;10%&#8221; animation_direction=&#8221;left&#8221; _builder_version=&#8221;3.11.1&#8243;]<br \/>\n[\/et_pb_image][\/et_pb_column][et_pb_column type=&#8221;3_4&#8243;][et_pb_accordion admin_label=&#8221;Accord\u00e9on&#8221; use_border_color=&#8221;off&#8221; border_color=&#8221;#ffffff&#8221; border_style=&#8221;solid&#8221;][et_pb_accordion_item title=&#8221;\u00c8 giusto non dare pi\u00f9 da bere al bambino dalla fine del pomeriggio in poi?&#8221;]<\/p>\n<p>Non deve essere effettuato alcun cambiamento alle sue abitudini alimentari e non \u00e8 necessario ridurre l\u2019apporto di liquidi, anche alla sera.<\/p>\n<p>[\/et_pb_accordion_item][et_pb_accordion_item title=&#8221;Dobbiamo svegliare nostro figlio prima dell&#8217;allarme di Pip\u00ec-Stop?&#8221;]<\/p>\n<p>No! Il bambino dev&#8217;essere svegliato solo al momento della minzione, che viene segnalata automaticamente dal suono dell&#8217;allarme.<\/p>\n<p>[\/et_pb_accordion_item][et_pb_accordion_item title=&#8221;Cosa dobbiamo fare quando l&#8217;allarme suona ma nostro figlio non si sveglia da solo?&#8221;]<\/p>\n<div class=\"togglebox-collapse-box\">\n<p>Generalmente, all&#8217;inizio della cura il bambino non sente l&#8217;allarme perch\u00e9 dorme profondamente. TUttavia, affinch\u00e9 la cura riesca, <strong>deve essere svegliato velocemente e completamente in modo che possa finire di fare pip\u00ec in bagno<\/strong>. \u00c8 dunque <strong>molto importante che un adulto lo svegli<\/strong>, gli parli, gli passi una pezzuola bagnata sul viso o faccia altre cose che gli permettano di vivere questo momento coscientemente, ma senza spaventarsi. \u00c8 importante che la mattina seguente il bambino si ricordi dell&#8217;episodio notturno!<\/p>\n<\/div>\n<p>[\/et_pb_accordion_item][et_pb_accordion_item title=&#8221;Nostro figlio bagna il letto pi\u00f9 volte durante la notte. Dobbiamo svegliarlo pi\u00f9 volte?&#8221;]<\/p>\n<p>No! Per la comodit\u00e0 di tutta la famiglia, <strong>svegliatelo solamente al primo allarme<\/strong>. Anche se viene svegliato molte volte a notte, il bambino non imparer\u00e0 pi\u00f9 in fretta a sviluppare il riflesso a trattenere la pip\u00ec. Spiegategli che si trova in una fase di apprendimento e che gli scapper\u00e0 la pip\u00ec verso la mattina, perch\u00e9 sar\u00e0 sempre pi\u00f9 capace di trattenerla a lungo.<\/p>\n<p>[\/et_pb_accordion_item][et_pb_accordion_item title=&#8221;Nostro figlio non bagna il letto tutte le notti. Ha possibilit\u00e0 di effettuare la cura con successo?&#8221;]<\/p>\n<p>S\u00ec! Vi consigliamo di aumentare leggermente le quantit\u00e0 di bevande assunte alla sera, in modo che abbia l&#8217;occasione di &#8220;allenarsi&#8221; ogni notte.<\/p>\n<p>[\/et_pb_accordion_item][et_pb_accordion_item title=&#8221;A partire da quale et\u00e0 e fino a quando si pu\u00f2 utilizzare il sistema Pip\u00ec-Stop?&#8221;]<\/p>\n<p>Dipende dalla maturit\u00e0 del bambino; di solito non prima dei 5 anni compiuti. Non c&#8217;\u00e8 invece un limite d&#8217;et\u00e0 massima.<\/p>\n<p>[\/et_pb_accordion_item][et_pb_accordion_item title=&#8221;Abbiamo due bambini affetti da enuresi. Come dobbiamo procedere?&#8221;]<\/p>\n<p>I bambini devono essere curati individualmente, preferibilmente cominciate con il maggiore. Dedicando le vostre energie e attenzioni a un bambino per volta, questo si sentir\u00e0 sostenuto psicologicamente e valorizzato e per voi sar\u00e0 pi\u00f9 facile gestire la situazione. Inoltre, dovreste evitare che l&#8217;altro bambino si abitui a sentire l&#8217;allarme in un momento che non coincide con la sua enuresi notturna.<br \/>\nPer l&#8217;assicurazione malattie occorre avere un nuovo contratto di noleggio per il trattamento del secondo bambino.<\/p>\n<p>[\/et_pb_accordion_item][et_pb_accordion_item title=&#8221;Si deve punire un bambino affetto da enuresi?&#8221;]<\/p>\n<p>No! Al contrario, bisogna <strong>motivarlo e incoraggiarlo a partecipare attivamente al trattamento.<\/strong><\/p>\n<p>[\/et_pb_accordion_item][et_pb_accordion_item title=&#8221;Dobbiamo continuare a cambiare il pannolino a nostro figlio durante la cura con Pip\u00ec-Stop?&#8221;]<\/p>\n<p><u>\u00c8 possibile utilizzare il pannolino finch\u00e9 il bambino bagna molto il letto, ma bisogna abbandonarlo appena la quantit\u00e0 di urina diminuisce<\/u>. Per motivi psicologici, \u00e8 preferibile non cambiare il bambino. Ci\u00f2 aumenta la partecipazione attiva del bambino alla terapia e gli consente di dimostrare che si sente responsabile e vuole diventare grande. Continuare a mettergli il pannolino significherebbe mantenerlo allo stato di beb\u00e8. Inoltre, i pannolini sono molto assorbenti e impediscono al bimbo di sentire che \u00e8 bagnato.<\/p>\n<p>[\/et_pb_accordion_item][\/et_pb_accordion][\/et_pb_column][\/et_pb_row][\/et_pb_section]<\/p>\n","protected":false},"excerpt":{"rendered":"<p>Domande-Risposte Non deve essere effettuato alcun cambiamento alle sue abitudini alimentari e non \u00e8 necessario ridurre l\u2019apporto di liquidi, anche alla sera. No! Il bambino dev&#8217;essere svegliato solo al momento della minzione, che viene segnalata automaticamente dal suono dell&#8217;allarme. Generalmente, all&#8217;inizio della cura il bambino non sente l&#8217;allarme perch\u00e9 dorme profondamente. TUttavia, affinch\u00e9 la cura [&hellip;]<\/p>\n","protected":false},"author":1,"featured_media":0,"parent":1639,"menu_order":7,"comment_status":"open","ping_status":"closed","template":"","meta":{"_et_pb_use_builder":"on","_et_pb_old_content":"","_et_gb_content_width":"","inline_featured_image":false,"footnotes":""},"class_list":["post-2994","page","type-page","status-publish","hentry"],"yoast_head":"<!-- This site is optimized with the Yoast SEO Premium plugin v26.3 (Yoast SEO v26.3) - https:\/\/yoast.com\/wordpress\/plugins\/seo\/ -->\n<title>Domande-Risposte | Pipi Stop<\/title>\n<meta name=\"robots\" content=\"index, follow, max-snippet:-1, max-image-preview:large, max-video-preview:-1\" \/>\n<link rel=\"canonical\" href=\"https:\/\/www.pipi-stop.ch\/it\/terapia-pipi-stop\/domande-risposte\/\" \/>\n<meta property=\"og:locale\" content=\"it_IT\" \/>\n<meta property=\"og:type\" content=\"article\" \/>\n<meta property=\"og:title\" content=\"Domande-Risposte\" \/>\n<meta property=\"og:description\" content=\"Domande-Risposte Non deve essere effettuato alcun cambiamento alle sue abitudini alimentari e non \u00e8 necessario ridurre l\u2019apporto di liquidi, anche alla sera. No! Il bambino dev&#039;essere svegliato solo al momento della minzione, che viene segnalata automaticamente dal suono dell&#039;allarme. Generalmente, all&#039;inizio della cura il bambino non sente l&#039;allarme perch\u00e9 dorme profondamente. TUttavia, affinch\u00e9 la cura [&hellip;]\" \/>\n<meta property=\"og:url\" content=\"https:\/\/www.pipi-stop.ch\/it\/terapia-pipi-stop\/domande-risposte\/\" \/>\n<meta property=\"og:site_name\" content=\"Pipi Stop\" \/>\n<meta property=\"article:modified_time\" content=\"2018-08-19T18:58:02+00:00\" \/>\n<meta name=\"twitter:card\" content=\"summary_large_image\" \/>\n<meta name=\"twitter:label1\" content=\"Tempo di lettura stimato\" \/>\n\t<meta name=\"twitter:data1\" content=\"4 minuti\" \/>\n<script type=\"application\/ld+json\" class=\"yoast-schema-graph\">{\"@context\":\"https:\/\/schema.org\",\"@graph\":[{\"@type\":\"WebPage\",\"@id\":\"https:\/\/www.pipi-stop.ch\/it\/terapia-pipi-stop\/domande-risposte\/\",\"url\":\"https:\/\/www.pipi-stop.ch\/it\/terapia-pipi-stop\/domande-risposte\/\",\"name\":\"Domande-Risposte | Pipi Stop\",\"isPartOf\":{\"@id\":\"https:\/\/www.pipi-stop.ch\/fr\/#website\"},\"datePublished\":\"2015-06-29T08:20:44+00:00\",\"dateModified\":\"2018-08-19T18:58:02+00:00\",\"breadcrumb\":{\"@id\":\"https:\/\/www.pipi-stop.ch\/it\/terapia-pipi-stop\/domande-risposte\/#breadcrumb\"},\"inLanguage\":\"it-IT\",\"potentialAction\":[{\"@type\":\"ReadAction\",\"target\":[\"https:\/\/www.pipi-stop.ch\/it\/terapia-pipi-stop\/domande-risposte\/\"]}]},{\"@type\":\"BreadcrumbList\",\"@id\":\"https:\/\/www.pipi-stop.ch\/it\/terapia-pipi-stop\/domande-risposte\/#breadcrumb\",\"itemListElement\":[{\"@type\":\"ListItem\",\"position\":1,\"name\":\"Home\",\"item\":\"https:\/\/www.pipi-stop.ch\/it\/\"},{\"@type\":\"ListItem\",\"position\":2,\"name\":\"Terapia Pip\u00ec-Stop\",\"item\":\"https:\/\/www.pipi-stop.ch\/it\/terapia-pipi-stop\/\"},{\"@type\":\"ListItem\",\"position\":3,\"name\":\"Domande-Risposte\"}]},{\"@type\":\"WebSite\",\"@id\":\"https:\/\/www.pipi-stop.ch\/fr\/#website\",\"url\":\"https:\/\/www.pipi-stop.ch\/fr\/\",\"name\":\"Pipi Stop\",\"description\":\"\",\"potentialAction\":[{\"@type\":\"SearchAction\",\"target\":{\"@type\":\"EntryPoint\",\"urlTemplate\":\"https:\/\/www.pipi-stop.ch\/fr\/?s={search_term_string}\"},\"query-input\":{\"@type\":\"PropertyValueSpecification\",\"valueRequired\":true,\"valueName\":\"search_term_string\"}}],\"inLanguage\":\"it-IT\"}]}<\/script>\n<!-- \/ Yoast SEO Premium plugin. -->","yoast_head_json":{"title":"Domande-Risposte | Pipi Stop","robots":{"index":"index","follow":"follow","max-snippet":"max-snippet:-1","max-image-preview":"max-image-preview:large","max-video-preview":"max-video-preview:-1"},"canonical":"https:\/\/www.pipi-stop.ch\/it\/terapia-pipi-stop\/domande-risposte\/","og_locale":"it_IT","og_type":"article","og_title":"Domande-Risposte","og_description":"Domande-Risposte Non deve essere effettuato alcun cambiamento alle sue abitudini alimentari e non \u00e8 necessario ridurre l\u2019apporto di liquidi, anche alla sera. No! Il bambino dev'essere svegliato solo al momento della minzione, che viene segnalata automaticamente dal suono dell'allarme. Generalmente, all'inizio della cura il bambino non sente l'allarme perch\u00e9 dorme profondamente. TUttavia, affinch\u00e9 la cura [&hellip;]","og_url":"https:\/\/www.pipi-stop.ch\/it\/terapia-pipi-stop\/domande-risposte\/","og_site_name":"Pipi Stop","article_modified_time":"2018-08-19T18:58:02+00:00","twitter_card":"summary_large_image","twitter_misc":{"Tempo di lettura stimato":"4 minuti"},"schema":{"@context":"https:\/\/schema.org","@graph":[{"@type":"WebPage","@id":"https:\/\/www.pipi-stop.ch\/it\/terapia-pipi-stop\/domande-risposte\/","url":"https:\/\/www.pipi-stop.ch\/it\/terapia-pipi-stop\/domande-risposte\/","name":"Domande-Risposte | Pipi Stop","isPartOf":{"@id":"https:\/\/www.pipi-stop.ch\/fr\/#website"},"datePublished":"2015-06-29T08:20:44+00:00","dateModified":"2018-08-19T18:58:02+00:00","breadcrumb":{"@id":"https:\/\/www.pipi-stop.ch\/it\/terapia-pipi-stop\/domande-risposte\/#breadcrumb"},"inLanguage":"it-IT","potentialAction":[{"@type":"ReadAction","target":["https:\/\/www.pipi-stop.ch\/it\/terapia-pipi-stop\/domande-risposte\/"]}]},{"@type":"BreadcrumbList","@id":"https:\/\/www.pipi-stop.ch\/it\/terapia-pipi-stop\/domande-risposte\/#breadcrumb","itemListElement":[{"@type":"ListItem","position":1,"name":"Home","item":"https:\/\/www.pipi-stop.ch\/it\/"},{"@type":"ListItem","position":2,"name":"Terapia Pip\u00ec-Stop","item":"https:\/\/www.pipi-stop.ch\/it\/terapia-pipi-stop\/"},{"@type":"ListItem","position":3,"name":"Domande-Risposte"}]},{"@type":"WebSite","@id":"https:\/\/www.pipi-stop.ch\/fr\/#website","url":"https:\/\/www.pipi-stop.ch\/fr\/","name":"Pipi Stop","description":"","potentialAction":[{"@type":"SearchAction","target":{"@type":"EntryPoint","urlTemplate":"https:\/\/www.pipi-stop.ch\/fr\/?s={search_term_string}"},"query-input":{"@type":"PropertyValueSpecification","valueRequired":true,"valueName":"search_term_string"}}],"inLanguage":"it-IT"}]}},"_links":{"self":[{"href":"https:\/\/www.pipi-stop.ch\/it\/wp-json\/wp\/v2\/pages\/2994","targetHints":{"allow":["GET"]}}],"collection":[{"href":"https:\/\/www.pipi-stop.ch\/it\/wp-json\/wp\/v2\/pages"}],"about":[{"href":"https:\/\/www.pipi-stop.ch\/it\/wp-json\/wp\/v2\/types\/page"}],"author":[{"embeddable":true,"href":"https:\/\/www.pipi-stop.ch\/it\/wp-json\/wp\/v2\/users\/1"}],"replies":[{"embeddable":true,"href":"https:\/\/www.pipi-stop.ch\/it\/wp-json\/wp\/v2\/comments?post=2994"}],"version-history":[{"count":12,"href":"https:\/\/www.pipi-stop.ch\/it\/wp-json\/wp\/v2\/pages\/2994\/revisions"}],"predecessor-version":[{"id":9342,"href":"https:\/\/www.pipi-stop.ch\/it\/wp-json\/wp\/v2\/pages\/2994\/revisions\/9342"}],"up":[{"embeddable":true,"href":"https:\/\/www.pipi-stop.ch\/it\/wp-json\/wp\/v2\/pages\/1639"}],"wp:attachment":[{"href":"https:\/\/www.pipi-stop.ch\/it\/wp-json\/wp\/v2\/media?parent=2994"}],"curies":[{"name":"wp","href":"https:\/\/api.w.org\/{rel}","templated":true}]}}