{"id":2992,"date":"2015-06-29T08:18:55","date_gmt":"2015-06-29T08:18:55","guid":{"rendered":"http:\/\/pipi-stop.version-demo.ch\/?page_id=2992"},"modified":"2021-02-23T10:46:14","modified_gmt":"2021-02-23T10:46:14","slug":"trattare-con-successo","status":"publish","type":"page","link":"https:\/\/www.pipi-stop.ch\/it\/terapia-pipi-stop\/trattare-con-successo\/","title":{"rendered":"Trattare con successo"},"content":{"rendered":"<p>[et_pb_section fb_built=&#8221;1&#8243; admin_label=&#8221;section&#8221; module_class=&#8221;main-h1-title&#8221; _builder_version=&#8221;3.22&#8243; background_color=&#8221;#ffffff&#8221; transparent_background=&#8221;off&#8221;][et_pb_row admin_label=&#8221;row&#8221; _builder_version=&#8221;3.25&#8243; background_size=&#8221;initial&#8221; background_position=&#8221;top_left&#8221; background_repeat=&#8221;repeat&#8221;][et_pb_column type=&#8221;4_4&#8243; _builder_version=&#8221;3.25&#8243; custom_padding=&#8221;|||&#8221; custom_padding__hover=&#8221;|||&#8221;][et_pb_text admin_label=&#8221;h1&#8243; _builder_version=&#8221;3.27.4&#8243; background_size=&#8221;initial&#8221; background_position=&#8221;top_left&#8221; background_repeat=&#8221;repeat&#8221; text_orientation=&#8221;center&#8221; module_alignment=&#8221;center&#8221;]<\/p>\n<h1>&nbsp;Trattare con&nbsp;successo<\/h1>\n<p>[\/et_pb_text][\/et_pb_column][\/et_pb_row][et_pb_row admin_label=&#8221;row&#8221; _builder_version=&#8221;3.25&#8243; background_size=&#8221;initial&#8221; background_position=&#8221;top_left&#8221; background_repeat=&#8221;repeat&#8221;][et_pb_column type=&#8221;4_4&#8243; _builder_version=&#8221;3.25&#8243; custom_padding=&#8221;|||&#8221; custom_padding__hover=&#8221;|||&#8221;][et_pb_image src=&#8221;https:\/\/www.pipi-stop.ch\/wp-content\/uploads\/2014\/12\/tips-and-tricks_1080.jpg&#8221; align_tablet=&#8221;center&#8221; align_last_edited=&#8221;on|desktop&#8221; _builder_version=&#8221;3.23&#8243; animation_style=&#8221;slide&#8221; animation_direction=&#8221;left&#8221; animation_duration=&#8221;500ms&#8221; animation_intensity_slide=&#8221;10%&#8221; animation=&#8221;left&#8221; sticky=&#8221;off&#8221;][\/et_pb_image][\/et_pb_column][\/et_pb_row][et_pb_row admin_label=&#8221;row&#8221; _builder_version=&#8221;3.25&#8243; background_size=&#8221;initial&#8221; background_position=&#8221;top_left&#8221; background_repeat=&#8221;repeat&#8221; column_structure=&#8221;1_4,3_4&#8243;][et_pb_column type=&#8221;1_4&#8243; _builder_version=&#8221;3.25&#8243; custom_padding=&#8221;|||&#8221; custom_padding__hover=&#8221;|||&#8221;][et_pb_image src=&#8221;https:\/\/www.pipi-stop.ch\/wp-content\/uploads\/2014\/12\/parents-enfants-duvet-300&#215;200.jpg&#8221; align_tablet=&#8221;center&#8221; align_last_edited=&#8221;on|desktop&#8221; _builder_version=&#8221;3.23&#8243; animation_style=&#8221;slide&#8221; animation_direction=&#8221;left&#8221; animation_duration=&#8221;500ms&#8221; animation_intensity_slide=&#8221;10%&#8221;][\/et_pb_image][\/et_pb_column][et_pb_column type=&#8221;3_4&#8243; _builder_version=&#8221;3.25&#8243; custom_padding=&#8221;|||&#8221; custom_padding__hover=&#8221;|||&#8221;][et_pb_text admin_label=&#8221;Texte&#8221; _builder_version=&#8221;3.27.4&#8243; background_size=&#8221;initial&#8221; background_position=&#8221;top_left&#8221; background_repeat=&#8221;repeat&#8221;]<\/p>\n<h2>Partecipazione attiva<\/h2>\n<p>Il bambino deve essere motivato e partecipare attivamente alla&nbsp;terapia. La collaborazione fra bambino e&nbsp;genitori \u00e8 importante!<br \/>\n[\/et_pb_text][\/et_pb_column][\/et_pb_row][et_pb_row admin_label=&#8221;row&#8221; _builder_version=&#8221;3.25&#8243; background_size=&#8221;initial&#8221; background_position=&#8221;top_left&#8221; background_repeat=&#8221;repeat&#8221;][et_pb_column type=&#8221;4_4&#8243; _builder_version=&#8221;3.25&#8243; custom_padding=&#8221;|||&#8221; custom_padding__hover=&#8221;|||&#8221;][et_pb_divider color=&#8221;#ededed&#8221; disabled_on=&#8221;on|on|off&#8221; admin_label=&#8221;S\u00e9parateur&#8221; _builder_version=&#8221;3.2&#8243;][\/et_pb_divider][\/et_pb_column][\/et_pb_row][et_pb_row admin_label=&#8221;row&#8221; _builder_version=&#8221;3.25&#8243; background_size=&#8221;initial&#8221; background_position=&#8221;top_left&#8221; background_repeat=&#8221;repeat&#8221; column_structure=&#8221;1_4,3_4&#8243;][et_pb_column type=&#8221;1_4&#8243; _builder_version=&#8221;3.25&#8243; custom_padding=&#8221;|||&#8221; custom_padding__hover=&#8221;|||&#8221;][et_pb_image src=&#8221;https:\/\/www.pipi-stop.ch\/wp-content\/uploads\/2014\/12\/enfant-se-reveille-alarme-300&#215;200.jpg&#8221; align_tablet=&#8221;center&#8221; align_last_edited=&#8221;on|desktop&#8221; _builder_version=&#8221;3.23&#8243; animation_style=&#8221;slide&#8221; animation_direction=&#8221;left&#8221; animation_duration=&#8221;500ms&#8221; animation_intensity_slide=&#8221;10%&#8221;][\/et_pb_image][\/et_pb_column][et_pb_column type=&#8221;3_4&#8243; _builder_version=&#8221;3.25&#8243; custom_padding=&#8221;|||&#8221; custom_padding__hover=&#8221;|||&#8221;][et_pb_text admin_label=&#8221;Texte&#8221; _builder_version=&#8221;3.27.4&#8243; background_size=&#8221;initial&#8221; background_position=&#8221;top_left&#8221; background_repeat=&#8221;repeat&#8221;]<\/p>\n<h2>Svegliare completamente<\/h2>\n<p>Quando suona&nbsp;l&#8217;allarme, <strong>svegliate rapidamente e completamente il bambino<\/strong> (deve <strong>essere assolutamente cosciente e ricordarsene il giorno dopo<\/strong>). La maggior parte dei bambini affetti di enuresi dorme molto profondamente e perci\u00f2 ha bisogno che un adulto li svegli durante le prime settimane di trattamento. Quando l&#8217;allarme&nbsp;suona, <strong>dite al bambino di trattenere la&nbsp;pip\u00ec<\/strong> (cfr. <a href=\"https:\/\/www.pipi-stop.ch\/it\/terapia-pipi-stop\/\">principio del riflesso&nbsp;di Pavlov<\/a>).<br \/>\n[\/et_pb_text][\/et_pb_column][\/et_pb_row][et_pb_row admin_label=&#8221;row&#8221; _builder_version=&#8221;3.25&#8243; background_size=&#8221;initial&#8221; background_position=&#8221;top_left&#8221; background_repeat=&#8221;repeat&#8221;][et_pb_column type=&#8221;4_4&#8243; _builder_version=&#8221;3.25&#8243; custom_padding=&#8221;|||&#8221; custom_padding__hover=&#8221;|||&#8221;][et_pb_divider color=&#8221;#ededed&#8221; disabled_on=&#8221;on|on|off&#8221; admin_label=&#8221;S\u00e9parateur&#8221; _builder_version=&#8221;3.2&#8243;][\/et_pb_divider][\/et_pb_column][\/et_pb_row][et_pb_row admin_label=&#8221;row&#8221; _builder_version=&#8221;3.25&#8243; background_size=&#8221;initial&#8221; background_position=&#8221;top_left&#8221; background_repeat=&#8221;repeat&#8221; column_structure=&#8221;1_4,3_4&#8243;][et_pb_column type=&#8221;1_4&#8243; _builder_version=&#8221;3.25&#8243; custom_padding=&#8221;|||&#8221; custom_padding__hover=&#8221;|||&#8221;][et_pb_image src=&#8221;https:\/\/www.pipi-stop.ch\/wp-content\/uploads\/2014\/12\/alarme-enfant_32.jpg&#8221; align_tablet=&#8221;center&#8221; align_last_edited=&#8221;on|desktop&#8221; _builder_version=&#8221;3.23&#8243; animation_style=&#8221;slide&#8221; animation_direction=&#8221;left&#8221; animation_duration=&#8221;500ms&#8221; animation_intensity_slide=&#8221;10%&#8221; animation=&#8221;left&#8221; sticky=&#8221;off&#8221;][\/et_pb_image][\/et_pb_column][et_pb_column type=&#8221;3_4&#8243; _builder_version=&#8221;3.25&#8243; custom_padding=&#8221;|||&#8221; custom_padding__hover=&#8221;|||&#8221;][et_pb_text admin_label=&#8221;Texte&#8221; _builder_version=&#8221;3.27.4&#8243; background_size=&#8221;initial&#8221; background_position=&#8221;top_left&#8221; background_repeat=&#8221;repeat&#8221;]<\/p>\n<h2>Per vostra comodit\u00e0&#8230;<\/h2>\n<p>Vi consigliamo di <strong>utilizzare il Pip\u00ec-Stop una sola volta a notte<\/strong>.&nbsp;&nbsp;Venendo svegliato&nbsp;pi\u00f9 volte a notte,&nbsp;vostro figlio&nbsp;non imparer\u00e0&nbsp;pi\u00f9 in fretta&nbsp;a&nbsp;restare asciutto. Dopo alcune settimane, il bambino si sveglier\u00e0 pi\u00f9 facilmente al momento dell&#8217;allarme e&nbsp;di conseguenza bagner\u00e0 meno il&nbsp;letto. A poco a poco, le notti in cui resta asciutto diventeranno sempre pi\u00f9 frequenti.<br \/>\n[\/et_pb_text][\/et_pb_column][\/et_pb_row][et_pb_row admin_label=&#8221;row&#8221; _builder_version=&#8221;3.25&#8243; background_size=&#8221;initial&#8221; background_position=&#8221;top_left&#8221; background_repeat=&#8221;repeat&#8221;][et_pb_column type=&#8221;4_4&#8243; _builder_version=&#8221;3.25&#8243; custom_padding=&#8221;|||&#8221; custom_padding__hover=&#8221;|||&#8221;][et_pb_divider color=&#8221;#ededed&#8221; disabled_on=&#8221;on|on|off&#8221; admin_label=&#8221;S\u00e9parateur&#8221; _builder_version=&#8221;3.2&#8243;][\/et_pb_divider][\/et_pb_column][\/et_pb_row][et_pb_row admin_label=&#8221;row&#8221; _builder_version=&#8221;3.25&#8243; background_size=&#8221;initial&#8221; background_position=&#8221;top_left&#8221; background_repeat=&#8221;repeat&#8221; column_structure=&#8221;1_4,3_4&#8243;][et_pb_column type=&#8221;1_4&#8243; _builder_version=&#8221;3.25&#8243; custom_padding=&#8221;|||&#8221; custom_padding__hover=&#8221;|||&#8221;][et_pb_image src=&#8221;https:\/\/www.pipi-stop.ch\/wp-content\/uploads\/2014\/12\/petite-fille-verre-eau-300&#215;183.jpg&#8221; align_tablet=&#8221;center&#8221; align_last_edited=&#8221;on|desktop&#8221; _builder_version=&#8221;3.23&#8243; animation_style=&#8221;slide&#8221; animation_direction=&#8221;left&#8221; animation_duration=&#8221;500ms&#8221; animation_intensity_slide=&#8221;10%&#8221;][\/et_pb_image][\/et_pb_column][et_pb_column type=&#8221;3_4&#8243; _builder_version=&#8221;3.25&#8243; custom_padding=&#8221;|||&#8221; custom_padding__hover=&#8221;|||&#8221;][et_pb_text admin_label=&#8221;Texte&#8221; _builder_version=&#8221;3.27.4&#8243; background_size=&#8221;initial&#8221; background_position=&#8221;top_left&#8221; background_repeat=&#8221;repeat&#8221;]<\/p>\n<h2>Come terminare la terapia<\/h2>\n<p>Quando il bambino ha trascorso molte notti&nbsp;consecutive senza fare la pip\u00ec a letto,&nbsp;fategli bere&nbsp;una bevanda supplementare per metterlo alla prova. Questo super-allenamento accentua l\u2019effetto dell&#8217;apprendimento e permette di abbassare ancora di pi\u00f9 la probabilit\u00e0 di una ricaduta. <strong>Dopo 4 settimane asciutte consecutive (2 settimane con Pip\u00ec-Stop e 2 settimane senza)<\/strong>, il trattamento pu\u00f2 essere considerato concluso, salvo parere contrario del medico.<br \/>\n[\/et_pb_text][\/et_pb_column][\/et_pb_row][et_pb_row admin_label=&#8221;row&#8221; _builder_version=&#8221;3.25&#8243; background_size=&#8221;initial&#8221; background_position=&#8221;top_left&#8221; background_repeat=&#8221;repeat&#8221;][et_pb_column type=&#8221;4_4&#8243; _builder_version=&#8221;3.25&#8243; custom_padding=&#8221;|||&#8221; custom_padding__hover=&#8221;|||&#8221;][et_pb_divider color=&#8221;#ededed&#8221; disabled_on=&#8221;on|on|off&#8221; admin_label=&#8221;S\u00e9parateur&#8221; _builder_version=&#8221;3.2&#8243;][\/et_pb_divider][\/et_pb_column][\/et_pb_row][et_pb_row admin_label=&#8221;row&#8221; _builder_version=&#8221;3.25&#8243; background_size=&#8221;initial&#8221; background_position=&#8221;top_left&#8221; background_repeat=&#8221;repeat&#8221; column_structure=&#8221;1_4,3_4&#8243;][et_pb_column type=&#8221;1_4&#8243; _builder_version=&#8221;3.25&#8243; custom_padding=&#8221;|||&#8221; custom_padding__hover=&#8221;|||&#8221;][et_pb_image src=&#8221;https:\/\/www.pipi-stop.ch\/wp-content\/uploads\/2014\/12\/paper-calendar-300&#215;200.jpg&#8221; align_tablet=&#8221;center&#8221; align_last_edited=&#8221;on|desktop&#8221; _builder_version=&#8221;3.23&#8243; animation_style=&#8221;slide&#8221; animation_direction=&#8221;left&#8221; animation_duration=&#8221;500ms&#8221; animation_intensity_slide=&#8221;10%&#8221;][\/et_pb_image][\/et_pb_column][et_pb_column type=&#8221;3_4&#8243; _builder_version=&#8221;3.25&#8243; custom_padding=&#8221;|||&#8221; custom_padding__hover=&#8221;|||&#8221;][et_pb_text admin_label=&#8221;Texte&#8221; _builder_version=&#8221;3.27.4&#8243; background_size=&#8221;initial&#8221; background_position=&#8221;top_left&#8221; background_repeat=&#8221;repeat&#8221;]<\/p>\n<h2>Durata del trattamento<\/h2>\n<p>La durata del trattamento varia molto da bambino a bambino. Generalmente&nbsp;varia da 6 a 12 settimane, ma&nbsp;alcuni bambini sono pi\u00f9 veloci, mentre altri necessitano di pi\u00f9 di tempo. Vi consigliamo di continuare la terapia fintanto che il bambino continua a fare progressi.<br \/>\n[\/et_pb_text][\/et_pb_column][\/et_pb_row][\/et_pb_section][et_pb_section fb_built=&#8221;1&#8243; admin_label=&#8221;section&#8221; module_class=&#8221;main-h1-title&#8221; _builder_version=&#8221;3.22&#8243; background_color=&#8221;#ffffff&#8221; transparent_background=&#8221;off&#8221;][et_pb_row admin_label=&#8221;row&#8221; _builder_version=&#8221;3.25&#8243; background_size=&#8221;initial&#8221; background_position=&#8221;top_left&#8221; background_repeat=&#8221;repeat&#8221;][et_pb_column type=&#8221;4_4&#8243; _builder_version=&#8221;3.25&#8243; custom_padding=&#8221;|||&#8221; custom_padding__hover=&#8221;|||&#8221;][et_pb_cta title=&#8221;Avete domande? Non esitate a contattarci&#8221; admin_label=&#8221;Appel d&#8217;action&#8221; _builder_version=&#8221;3.16&#8243; background_size=&#8221;initial&#8221; background_position=&#8221;top_left&#8221; background_repeat=&#8221;repeat&#8221; use_border_color=&#8221;off&#8221; border_color=&#8221;#ffffff&#8221; border_style=&#8221;solid&#8221; button_letter_spacing_hover=&#8221;0&#8243; button_text_size__hover_enabled=&#8221;off&#8221; button_one_text_size__hover_enabled=&#8221;off&#8221; button_two_text_size__hover_enabled=&#8221;off&#8221; button_text_color__hover_enabled=&#8221;off&#8221; button_one_text_color__hover_enabled=&#8221;off&#8221; button_two_text_color__hover_enabled=&#8221;off&#8221; button_border_width__hover_enabled=&#8221;off&#8221; button_one_border_width__hover_enabled=&#8221;off&#8221; button_two_border_width__hover_enabled=&#8221;off&#8221; button_border_color__hover_enabled=&#8221;off&#8221; button_one_border_color__hover_enabled=&#8221;off&#8221; button_two_border_color__hover_enabled=&#8221;off&#8221; button_border_radius__hover_enabled=&#8221;off&#8221; button_one_border_radius__hover_enabled=&#8221;off&#8221; button_two_border_radius__hover_enabled=&#8221;off&#8221; button_letter_spacing__hover_enabled=&#8221;on&#8221; button_letter_spacing__hover=&#8221;0&#8243; button_one_letter_spacing__hover_enabled=&#8221;off&#8221; button_two_letter_spacing__hover_enabled=&#8221;off&#8221; button_bg_color__hover_enabled=&#8221;off&#8221; button_one_bg_color__hover_enabled=&#8221;off&#8221; button_two_bg_color__hover_enabled=&#8221;off&#8221;]<\/p>\n<p><strong>032 751 27 95<\/strong><\/p>\n<p>Luned\u00ec \u2013 giovedi: 08:00 \u2013 12:00 e 13:30 \u2013 17:00<br \/>Venerd\u00ec: 08:00 \u2013 12:00<\/p>\n<p>[\/et_pb_cta][\/et_pb_column][\/et_pb_row][\/et_pb_section]<\/p>\n","protected":false},"excerpt":{"rendered":"<p>&nbsp;Trattare con&nbsp;successo Partecipazione attiva Il bambino deve essere motivato e partecipare attivamente alla&nbsp;terapia. La collaborazione fra bambino e&nbsp;genitori \u00e8 importante! Svegliare completamente Quando suona&nbsp;l&#8217;allarme, svegliate rapidamente e completamente il bambino (deve essere assolutamente cosciente e ricordarsene il giorno dopo). La maggior parte dei bambini affetti di enuresi dorme molto profondamente e perci\u00f2 ha bisogno che [&hellip;]<\/p>\n","protected":false},"author":1,"featured_media":0,"parent":1639,"menu_order":5,"comment_status":"open","ping_status":"closed","template":"","meta":{"_et_pb_use_builder":"on","_et_pb_old_content":"","_et_gb_content_width":"","inline_featured_image":false,"footnotes":""},"class_list":["post-2992","page","type-page","status-publish","hentry"],"yoast_head":"<!-- This site is optimized with the Yoast SEO Premium plugin v27.3 (Yoast SEO v27.3) - https:\/\/yoast.com\/product\/yoast-seo-premium-wordpress\/ -->\n<title>Trattare con successo | Pipi Stop<\/title>\n<meta name=\"robots\" content=\"index, follow, max-snippet:-1, max-image-preview:large, max-video-preview:-1\" \/>\n<link rel=\"canonical\" href=\"https:\/\/www.pipi-stop.ch\/it\/terapia-pipi-stop\/trattare-con-successo\/\" \/>\n<meta property=\"og:locale\" content=\"it_IT\" \/>\n<meta property=\"og:type\" content=\"article\" \/>\n<meta property=\"og:title\" content=\"Trattare con successo\" \/>\n<meta property=\"og:description\" content=\"&nbsp;Trattare con&nbsp;successo Partecipazione attiva Il bambino deve essere motivato e partecipare attivamente alla&nbsp;terapia. La collaborazione fra bambino e&nbsp;genitori \u00e8 importante! Svegliare completamente Quando suona&nbsp;l&#039;allarme, svegliate rapidamente e completamente il bambino (deve essere assolutamente cosciente e ricordarsene il giorno dopo). La maggior parte dei bambini affetti di enuresi dorme molto profondamente e perci\u00f2 ha bisogno che [&hellip;]\" \/>\n<meta property=\"og:url\" content=\"https:\/\/www.pipi-stop.ch\/it\/terapia-pipi-stop\/trattare-con-successo\/\" \/>\n<meta property=\"og:site_name\" content=\"Pipi Stop\" \/>\n<meta property=\"article:modified_time\" content=\"2021-02-23T10:46:14+00:00\" \/>\n<meta name=\"twitter:card\" content=\"summary_large_image\" \/>\n<meta name=\"twitter:label1\" content=\"Tempo di lettura stimato\" \/>\n\t<meta name=\"twitter:data1\" content=\"7 minuti\" \/>\n<script type=\"application\/ld+json\" class=\"yoast-schema-graph\">{\"@context\":\"https:\\\/\\\/schema.org\",\"@graph\":[{\"@type\":\"WebPage\",\"@id\":\"https:\\\/\\\/www.pipi-stop.ch\\\/it\\\/terapia-pipi-stop\\\/trattare-con-successo\\\/\",\"url\":\"https:\\\/\\\/www.pipi-stop.ch\\\/it\\\/terapia-pipi-stop\\\/trattare-con-successo\\\/\",\"name\":\"Trattare con successo | Pipi Stop\",\"isPartOf\":{\"@id\":\"https:\\\/\\\/www.pipi-stop.ch\\\/fr\\\/#website\"},\"datePublished\":\"2015-06-29T08:18:55+00:00\",\"dateModified\":\"2021-02-23T10:46:14+00:00\",\"breadcrumb\":{\"@id\":\"https:\\\/\\\/www.pipi-stop.ch\\\/it\\\/terapia-pipi-stop\\\/trattare-con-successo\\\/#breadcrumb\"},\"inLanguage\":\"it-IT\",\"potentialAction\":[{\"@type\":\"ReadAction\",\"target\":[\"https:\\\/\\\/www.pipi-stop.ch\\\/it\\\/terapia-pipi-stop\\\/trattare-con-successo\\\/\"]}]},{\"@type\":\"BreadcrumbList\",\"@id\":\"https:\\\/\\\/www.pipi-stop.ch\\\/it\\\/terapia-pipi-stop\\\/trattare-con-successo\\\/#breadcrumb\",\"itemListElement\":[{\"@type\":\"ListItem\",\"position\":1,\"name\":\"Home\",\"item\":\"https:\\\/\\\/www.pipi-stop.ch\\\/it\\\/\"},{\"@type\":\"ListItem\",\"position\":2,\"name\":\"Terapia Pip\u00ec-Stop\",\"item\":\"https:\\\/\\\/www.pipi-stop.ch\\\/it\\\/terapia-pipi-stop\\\/\"},{\"@type\":\"ListItem\",\"position\":3,\"name\":\"Trattare con successo\"}]},{\"@type\":\"WebSite\",\"@id\":\"https:\\\/\\\/www.pipi-stop.ch\\\/fr\\\/#website\",\"url\":\"https:\\\/\\\/www.pipi-stop.ch\\\/fr\\\/\",\"name\":\"Pipi Stop\",\"description\":\"\",\"potentialAction\":[{\"@type\":\"SearchAction\",\"target\":{\"@type\":\"EntryPoint\",\"urlTemplate\":\"https:\\\/\\\/www.pipi-stop.ch\\\/fr\\\/?s={search_term_string}\"},\"query-input\":{\"@type\":\"PropertyValueSpecification\",\"valueRequired\":true,\"valueName\":\"search_term_string\"}}],\"inLanguage\":\"it-IT\"}]}<\/script>\n<!-- \/ Yoast SEO Premium plugin. -->","yoast_head_json":{"title":"Trattare con successo | Pipi Stop","robots":{"index":"index","follow":"follow","max-snippet":"max-snippet:-1","max-image-preview":"max-image-preview:large","max-video-preview":"max-video-preview:-1"},"canonical":"https:\/\/www.pipi-stop.ch\/it\/terapia-pipi-stop\/trattare-con-successo\/","og_locale":"it_IT","og_type":"article","og_title":"Trattare con successo","og_description":"&nbsp;Trattare con&nbsp;successo Partecipazione attiva Il bambino deve essere motivato e partecipare attivamente alla&nbsp;terapia. La collaborazione fra bambino e&nbsp;genitori \u00e8 importante! Svegliare completamente Quando suona&nbsp;l'allarme, svegliate rapidamente e completamente il bambino (deve essere assolutamente cosciente e ricordarsene il giorno dopo). La maggior parte dei bambini affetti di enuresi dorme molto profondamente e perci\u00f2 ha bisogno che [&hellip;]","og_url":"https:\/\/www.pipi-stop.ch\/it\/terapia-pipi-stop\/trattare-con-successo\/","og_site_name":"Pipi Stop","article_modified_time":"2021-02-23T10:46:14+00:00","twitter_card":"summary_large_image","twitter_misc":{"Tempo di lettura stimato":"7 minuti"},"schema":{"@context":"https:\/\/schema.org","@graph":[{"@type":"WebPage","@id":"https:\/\/www.pipi-stop.ch\/it\/terapia-pipi-stop\/trattare-con-successo\/","url":"https:\/\/www.pipi-stop.ch\/it\/terapia-pipi-stop\/trattare-con-successo\/","name":"Trattare con successo | Pipi Stop","isPartOf":{"@id":"https:\/\/www.pipi-stop.ch\/fr\/#website"},"datePublished":"2015-06-29T08:18:55+00:00","dateModified":"2021-02-23T10:46:14+00:00","breadcrumb":{"@id":"https:\/\/www.pipi-stop.ch\/it\/terapia-pipi-stop\/trattare-con-successo\/#breadcrumb"},"inLanguage":"it-IT","potentialAction":[{"@type":"ReadAction","target":["https:\/\/www.pipi-stop.ch\/it\/terapia-pipi-stop\/trattare-con-successo\/"]}]},{"@type":"BreadcrumbList","@id":"https:\/\/www.pipi-stop.ch\/it\/terapia-pipi-stop\/trattare-con-successo\/#breadcrumb","itemListElement":[{"@type":"ListItem","position":1,"name":"Home","item":"https:\/\/www.pipi-stop.ch\/it\/"},{"@type":"ListItem","position":2,"name":"Terapia Pip\u00ec-Stop","item":"https:\/\/www.pipi-stop.ch\/it\/terapia-pipi-stop\/"},{"@type":"ListItem","position":3,"name":"Trattare con successo"}]},{"@type":"WebSite","@id":"https:\/\/www.pipi-stop.ch\/fr\/#website","url":"https:\/\/www.pipi-stop.ch\/fr\/","name":"Pipi Stop","description":"","potentialAction":[{"@type":"SearchAction","target":{"@type":"EntryPoint","urlTemplate":"https:\/\/www.pipi-stop.ch\/fr\/?s={search_term_string}"},"query-input":{"@type":"PropertyValueSpecification","valueRequired":true,"valueName":"search_term_string"}}],"inLanguage":"it-IT"}]}},"_links":{"self":[{"href":"https:\/\/www.pipi-stop.ch\/it\/wp-json\/wp\/v2\/pages\/2992","targetHints":{"allow":["GET"]}}],"collection":[{"href":"https:\/\/www.pipi-stop.ch\/it\/wp-json\/wp\/v2\/pages"}],"about":[{"href":"https:\/\/www.pipi-stop.ch\/it\/wp-json\/wp\/v2\/types\/page"}],"author":[{"embeddable":true,"href":"https:\/\/www.pipi-stop.ch\/it\/wp-json\/wp\/v2\/users\/1"}],"replies":[{"embeddable":true,"href":"https:\/\/www.pipi-stop.ch\/it\/wp-json\/wp\/v2\/comments?post=2992"}],"version-history":[{"count":23,"href":"https:\/\/www.pipi-stop.ch\/it\/wp-json\/wp\/v2\/pages\/2992\/revisions"}],"predecessor-version":[{"id":12826,"href":"https:\/\/www.pipi-stop.ch\/it\/wp-json\/wp\/v2\/pages\/2992\/revisions\/12826"}],"up":[{"embeddable":true,"href":"https:\/\/www.pipi-stop.ch\/it\/wp-json\/wp\/v2\/pages\/1639"}],"wp:attachment":[{"href":"https:\/\/www.pipi-stop.ch\/it\/wp-json\/wp\/v2\/media?parent=2992"}],"curies":[{"name":"wp","href":"https:\/\/api.w.org\/{rel}","templated":true}]}}