{"id":2990,"date":"2015-06-29T08:18:15","date_gmt":"2015-06-29T08:18:15","guid":{"rendered":"http:\/\/pipi-stop.version-demo.ch\/?page_id=2990"},"modified":"2021-02-23T11:16:11","modified_gmt":"2021-02-23T11:16:11","slug":"consulenza-ai-clienti","status":"publish","type":"page","link":"https:\/\/www.pipi-stop.ch\/it\/terapia-pipi-stop\/consulenza-ai-clienti\/","title":{"rendered":"Consulenza ai clienti"},"content":{"rendered":"<p>[et_pb_section fb_built=&#8221;1&#8243; admin_label=&#8221;section&#8221; module_class=&#8221;main-h1-title&#8221; _builder_version=&#8221;3.22&#8243; background_color=&#8221;#ffffff&#8221; transparent_background=&#8221;off&#8221;][et_pb_row admin_label=&#8221;row&#8221; _builder_version=&#8221;3.25&#8243; background_size=&#8221;initial&#8221; background_position=&#8221;top_left&#8221; background_repeat=&#8221;repeat&#8221;][et_pb_column type=&#8221;4_4&#8243; _builder_version=&#8221;3.25&#8243; custom_padding=&#8221;|||&#8221; custom_padding__hover=&#8221;|||&#8221;][et_pb_text admin_label=&#8221;h1&#8243; _builder_version=&#8221;3.27.4&#8243; background_size=&#8221;initial&#8221; background_position=&#8221;top_left&#8221; background_repeat=&#8221;repeat&#8221; text_orientation=&#8221;center&#8221; module_alignment=&#8221;center&#8221;]<\/p>\n<h1>Consulenza al cliente<\/h1>\n<p>[\/et_pb_text][\/et_pb_column][\/et_pb_row][et_pb_row column_structure=&#8221;1_3,2_3&#8243; admin_label=&#8221;row&#8221; _builder_version=&#8221;3.25&#8243; background_size=&#8221;initial&#8221; background_position=&#8221;top_left&#8221; background_repeat=&#8221;repeat&#8221;][et_pb_column type=&#8221;1_3&#8243; _builder_version=&#8221;3.25&#8243; custom_padding=&#8221;|||&#8221; custom_padding__hover=&#8221;|||&#8221;][et_pb_image src=&#8221;https:\/\/www.pipi-stop.ch\/wp-content\/uploads\/2015\/05\/couple-et-conseilliere.jpg&#8221; align_tablet=&#8221;center&#8221; align_phone=&#8221;&#8221; align_last_edited=&#8221;on|desktop&#8221; admin_label=&#8221;Image&#8221; _builder_version=&#8221;3.23&#8243; animation_style=&#8221;slide&#8221; animation_direction=&#8221;left&#8221; animation_duration=&#8221;500ms&#8221; animation_intensity_slide=&#8221;10%&#8221; animation=&#8221;left&#8221; sticky=&#8221;off&#8221;] [\/et_pb_image][\/et_pb_column][et_pb_column type=&#8221;2_3&#8243; _builder_version=&#8221;3.25&#8243; custom_padding=&#8221;|||&#8221; custom_padding__hover=&#8221;|||&#8221;][et_pb_text admin_label=&#8221;Texte&#8221; _builder_version=&#8221;3.27.4&#8243; background_size=&#8221;initial&#8221; background_position=&#8221;top_left&#8221; background_repeat=&#8221;repeat&#8221;]<\/p>\n<div class=\"et_pb_text et_pb_bg_layout_light et_pb_text_align_left\">\n<p class=\"align-justify\"><strong>Nel 2003 abbiamo introdotto una consulenza al cliente.<\/strong> Da allora la nostra percentuale di risultati positivi \u00e8 aumentata considerevolmente: quasi il\u00a0<strong>90% di terapie riuscite<\/strong>, mentre\u00a0circa un <strong>ulteriore<\/strong> <strong>5%\u00a0<\/strong>dei nostri clienti ha avuto un miglioramento sostanziale.<\/p>\n<p class=\"align-justify\">Durante le prime settimane di trattamento,\u00a0contattiamo telefonicamente\u00a0ogni famiglia che utilizza il\u00a0Pip\u00ec-Stop. Questo dialogo ci permette di instaurare una relazione di fiducia durante tutto il periodo della cura e di assicurare un&#8217;assistenza seria.<\/p>\n<\/div>\n<p class=\"et_pb_text et_pb_bg_layout_light et_pb_text_align_left\">Manuale di Pip\u00ec-Stop e <strong>altri documenti utili<\/strong>: <strong><a href=\"https:\/\/www.pipi-stop.ch\/it\/ordinare\/documenti-da-stampare\/\">scarica qui<\/a><\/strong><\/p>\n<p>[\/et_pb_text][\/et_pb_column][\/et_pb_row][et_pb_row admin_label=&#8221;row&#8221; _builder_version=&#8221;3.25&#8243; background_size=&#8221;initial&#8221; background_position=&#8221;top_left&#8221; background_repeat=&#8221;repeat&#8221;][et_pb_column type=&#8221;4_4&#8243; _builder_version=&#8221;3.25&#8243; custom_padding=&#8221;|||&#8221; custom_padding__hover=&#8221;|||&#8221;][et_pb_cta title=&#8221;Saremmo lieti di parlare con voi&#8221; admin_label=&#8221;Appel d&#8217;action&#8221; _builder_version=&#8221;3.16&#8243; background_size=&#8221;initial&#8221; background_position=&#8221;top_left&#8221; background_repeat=&#8221;repeat&#8221; use_border_color=&#8221;off&#8221; border_color=&#8221;#ffffff&#8221; border_style=&#8221;solid&#8221; button_letter_spacing_hover=&#8221;0&#8243; button_text_size__hover_enabled=&#8221;off&#8221; button_one_text_size__hover_enabled=&#8221;off&#8221; button_two_text_size__hover_enabled=&#8221;off&#8221; button_text_color__hover_enabled=&#8221;off&#8221; button_one_text_color__hover_enabled=&#8221;off&#8221; button_two_text_color__hover_enabled=&#8221;off&#8221; button_border_width__hover_enabled=&#8221;off&#8221; button_one_border_width__hover_enabled=&#8221;off&#8221; button_two_border_width__hover_enabled=&#8221;off&#8221; button_border_color__hover_enabled=&#8221;off&#8221; button_one_border_color__hover_enabled=&#8221;off&#8221; button_two_border_color__hover_enabled=&#8221;off&#8221; button_border_radius__hover_enabled=&#8221;off&#8221; button_one_border_radius__hover_enabled=&#8221;off&#8221; button_two_border_radius__hover_enabled=&#8221;off&#8221; button_letter_spacing__hover_enabled=&#8221;on&#8221; button_letter_spacing__hover=&#8221;0&#8243; button_one_letter_spacing__hover_enabled=&#8221;off&#8221; button_two_letter_spacing__hover_enabled=&#8221;off&#8221; button_bg_color__hover_enabled=&#8221;off&#8221; button_one_bg_color__hover_enabled=&#8221;off&#8221; button_two_bg_color__hover_enabled=&#8221;off&#8221;]<\/p>\n<p><strong>032 751 27 95\u00a0<\/strong><\/p>\n<p>Luned\u00ec \u2013 giovedi:\u00a0 08:00 \u2013 12:00 \u00a0 e\u00a0\u00a0 13:30 \u2013 17:00<br \/>Venerd\u00ec: 08:00 \u2013 12:00<\/p>\n<p>[\/et_pb_cta][\/et_pb_column][\/et_pb_row][\/et_pb_section]<\/p>\n","protected":false},"excerpt":{"rendered":"<p>Consulenza al cliente Nel 2003 abbiamo introdotto una consulenza al cliente. Da allora la nostra percentuale di risultati positivi \u00e8 aumentata considerevolmente: quasi il\u00a090% di terapie riuscite, mentre\u00a0circa un ulteriore 5%\u00a0dei nostri clienti ha avuto un miglioramento sostanziale. Durante le prime settimane di trattamento,\u00a0contattiamo telefonicamente\u00a0ogni famiglia che utilizza il\u00a0Pip\u00ec-Stop. Questo dialogo ci permette di instaurare [&hellip;]<\/p>\n","protected":false},"author":1,"featured_media":0,"parent":1639,"menu_order":0,"comment_status":"open","ping_status":"closed","template":"","meta":{"_et_pb_use_builder":"on","_et_pb_old_content":"<p>[et_pb_section transparent_background=\"off\" background_color=\"#ffffff\" allow_player_pause=\"off\" inner_shadow=\"off\" parallax=\"off\" parallax_method=\"off\" module_class=\"main-h1-title\"][et_pb_row][et_pb_column type=\"4_4\"][et_pb_text admin_label=\"h1\" background_layout=\"light\" text_orientation=\"center\"]<\/p><h1>Kunden-Beratung<\/h1><p>[\/et_pb_text][\/et_pb_column][\/et_pb_row][et_pb_row][et_pb_column type=\"1_3\"][et_pb_divider admin_label=\"S\u00e9parateur\" color=\"#ffffff\" show_divider=\"on\" \/][et_pb_image admin_label=\"Image\" show_in_lightbox=\"off\" url_new_window=\"off\" animation=\"left\" sticky=\"off\" src=\"http:\/\/pipi-stop.version-demo.ch\/wp-content\/uploads\/2015\/05\/couple-et-conseilliere.jpg\" \/][\/et_pb_column][et_pb_column type=\"2_3\"][et_pb_text admin_label=\"Texte\" background_layout=\"light\" text_orientation=\"left\"]<\/p><div class=\"et_pb_text et_pb_bg_layout_light et_pb_text_align_left\">Eine pers\u00f6nliche <strong>Kunden-Beratung wurde 2003 eingef\u00fchrt<\/strong>. Seitdem ist unsere Erfolgsquote betr\u00e4chtlich gestiegen: Beinahe <strong>90% Erfolge<\/strong> und ungef\u00e4hr <strong>zus\u00e4tzliche 5%<\/strong> haben eine wesentliche Besserung erreicht.<p class=\"align-justify\">W\u00e4hrend den ersten Wochen der Behandlung nehmen wir mit jeder Familie, die unseren Pipi-Stop Weckapparat ben\u00fctzt, telefonisch Kontakt auf. Dieses Gespr\u00e4ch dient dazu w\u00e4hrend der ganzen Behandlung eine Vertrauensbeziehung herzustellen. So verf\u00fcgt jede Familie \u00fcber pers\u00f6nliche Ratschl\u00e4ge und eine seri\u00f6se Beratung.<\/p><p class=\"align-justify\">Die Bedienungsanleitung des Pipi-Stop sowie <strong>weitere n\u00fctzliche Dokumente: <a title=\"Dokumente drucken\" href=\"http:\/\/pipi-stop.version-demo.ch\/bestellen\/dokumente-drucken\/\">hier herunterladen<\/a><\/strong><\/p><\/div><p>[\/et_pb_text][\/et_pb_column][\/et_pb_row][et_pb_row][et_pb_column type=\"4_4\"][et_pb_cta admin_label=\"Appel d'action\" title=\"Wir freuen uns auf Ihren Anruf\" use_background_color=\"on\" background_color=\"#00579f\" background_layout=\"dark\" text_orientation=\"center\"] <strong>032 751 27 95<\/strong> Montag bis Freitag:\u00a0 7:30 \u2013 12:15 \u00a0 und\u00a0\u00a0 13:30 \u2013 17:00 [\/et_pb_cta][\/et_pb_column][\/et_pb_row][\/et_pb_section]<\/p>","_et_gb_content_width":"","inline_featured_image":false,"footnotes":""},"class_list":["post-2990","page","type-page","status-publish","hentry"],"yoast_head":"<!-- This site is optimized with the Yoast SEO Premium plugin v27.3 (Yoast SEO v27.3) - https:\/\/yoast.com\/product\/yoast-seo-premium-wordpress\/ -->\n<title>Consulenza ai clienti | Pipi Stop<\/title>\n<meta name=\"robots\" content=\"index, follow, max-snippet:-1, max-image-preview:large, max-video-preview:-1\" \/>\n<link rel=\"canonical\" href=\"https:\/\/www.pipi-stop.ch\/it\/terapia-pipi-stop\/consulenza-ai-clienti\/\" \/>\n<meta property=\"og:locale\" content=\"it_IT\" \/>\n<meta property=\"og:type\" content=\"article\" \/>\n<meta property=\"og:title\" content=\"Consulenza ai clienti\" \/>\n<meta property=\"og:description\" content=\"Consulenza al cliente Nel 2003 abbiamo introdotto una consulenza al cliente. Da allora la nostra percentuale di risultati positivi \u00e8 aumentata considerevolmente: quasi il\u00a090% di terapie riuscite, mentre\u00a0circa un ulteriore 5%\u00a0dei nostri clienti ha avuto un miglioramento sostanziale. Durante le prime settimane di trattamento,\u00a0contattiamo telefonicamente\u00a0ogni famiglia che utilizza il\u00a0Pip\u00ec-Stop. Questo dialogo ci permette di instaurare [&hellip;]\" \/>\n<meta property=\"og:url\" content=\"https:\/\/www.pipi-stop.ch\/it\/terapia-pipi-stop\/consulenza-ai-clienti\/\" \/>\n<meta property=\"og:site_name\" content=\"Pipi Stop\" \/>\n<meta property=\"article:modified_time\" content=\"2021-02-23T11:16:11+00:00\" \/>\n<meta name=\"twitter:card\" content=\"summary_large_image\" \/>\n<meta name=\"twitter:label1\" content=\"Tempo di lettura stimato\" \/>\n\t<meta name=\"twitter:data1\" content=\"3 minuti\" \/>\n<script type=\"application\/ld+json\" class=\"yoast-schema-graph\">{\"@context\":\"https:\\\/\\\/schema.org\",\"@graph\":[{\"@type\":\"WebPage\",\"@id\":\"https:\\\/\\\/www.pipi-stop.ch\\\/it\\\/terapia-pipi-stop\\\/consulenza-ai-clienti\\\/\",\"url\":\"https:\\\/\\\/www.pipi-stop.ch\\\/it\\\/terapia-pipi-stop\\\/consulenza-ai-clienti\\\/\",\"name\":\"Consulenza ai clienti | Pipi Stop\",\"isPartOf\":{\"@id\":\"https:\\\/\\\/www.pipi-stop.ch\\\/fr\\\/#website\"},\"datePublished\":\"2015-06-29T08:18:15+00:00\",\"dateModified\":\"2021-02-23T11:16:11+00:00\",\"breadcrumb\":{\"@id\":\"https:\\\/\\\/www.pipi-stop.ch\\\/it\\\/terapia-pipi-stop\\\/consulenza-ai-clienti\\\/#breadcrumb\"},\"inLanguage\":\"it-IT\",\"potentialAction\":[{\"@type\":\"ReadAction\",\"target\":[\"https:\\\/\\\/www.pipi-stop.ch\\\/it\\\/terapia-pipi-stop\\\/consulenza-ai-clienti\\\/\"]}]},{\"@type\":\"BreadcrumbList\",\"@id\":\"https:\\\/\\\/www.pipi-stop.ch\\\/it\\\/terapia-pipi-stop\\\/consulenza-ai-clienti\\\/#breadcrumb\",\"itemListElement\":[{\"@type\":\"ListItem\",\"position\":1,\"name\":\"Home\",\"item\":\"https:\\\/\\\/www.pipi-stop.ch\\\/it\\\/\"},{\"@type\":\"ListItem\",\"position\":2,\"name\":\"Terapia Pip\u00ec-Stop\",\"item\":\"https:\\\/\\\/www.pipi-stop.ch\\\/it\\\/terapia-pipi-stop\\\/\"},{\"@type\":\"ListItem\",\"position\":3,\"name\":\"Consulenza ai clienti\"}]},{\"@type\":\"WebSite\",\"@id\":\"https:\\\/\\\/www.pipi-stop.ch\\\/fr\\\/#website\",\"url\":\"https:\\\/\\\/www.pipi-stop.ch\\\/fr\\\/\",\"name\":\"Pipi Stop\",\"description\":\"\",\"potentialAction\":[{\"@type\":\"SearchAction\",\"target\":{\"@type\":\"EntryPoint\",\"urlTemplate\":\"https:\\\/\\\/www.pipi-stop.ch\\\/fr\\\/?s={search_term_string}\"},\"query-input\":{\"@type\":\"PropertyValueSpecification\",\"valueRequired\":true,\"valueName\":\"search_term_string\"}}],\"inLanguage\":\"it-IT\"}]}<\/script>\n<!-- \/ Yoast SEO Premium plugin. -->","yoast_head_json":{"title":"Consulenza ai clienti | Pipi Stop","robots":{"index":"index","follow":"follow","max-snippet":"max-snippet:-1","max-image-preview":"max-image-preview:large","max-video-preview":"max-video-preview:-1"},"canonical":"https:\/\/www.pipi-stop.ch\/it\/terapia-pipi-stop\/consulenza-ai-clienti\/","og_locale":"it_IT","og_type":"article","og_title":"Consulenza ai clienti","og_description":"Consulenza al cliente Nel 2003 abbiamo introdotto una consulenza al cliente. Da allora la nostra percentuale di risultati positivi \u00e8 aumentata considerevolmente: quasi il\u00a090% di terapie riuscite, mentre\u00a0circa un ulteriore 5%\u00a0dei nostri clienti ha avuto un miglioramento sostanziale. Durante le prime settimane di trattamento,\u00a0contattiamo telefonicamente\u00a0ogni famiglia che utilizza il\u00a0Pip\u00ec-Stop. Questo dialogo ci permette di instaurare [&hellip;]","og_url":"https:\/\/www.pipi-stop.ch\/it\/terapia-pipi-stop\/consulenza-ai-clienti\/","og_site_name":"Pipi Stop","article_modified_time":"2021-02-23T11:16:11+00:00","twitter_card":"summary_large_image","twitter_misc":{"Tempo di lettura stimato":"3 minuti"},"schema":{"@context":"https:\/\/schema.org","@graph":[{"@type":"WebPage","@id":"https:\/\/www.pipi-stop.ch\/it\/terapia-pipi-stop\/consulenza-ai-clienti\/","url":"https:\/\/www.pipi-stop.ch\/it\/terapia-pipi-stop\/consulenza-ai-clienti\/","name":"Consulenza ai clienti | Pipi Stop","isPartOf":{"@id":"https:\/\/www.pipi-stop.ch\/fr\/#website"},"datePublished":"2015-06-29T08:18:15+00:00","dateModified":"2021-02-23T11:16:11+00:00","breadcrumb":{"@id":"https:\/\/www.pipi-stop.ch\/it\/terapia-pipi-stop\/consulenza-ai-clienti\/#breadcrumb"},"inLanguage":"it-IT","potentialAction":[{"@type":"ReadAction","target":["https:\/\/www.pipi-stop.ch\/it\/terapia-pipi-stop\/consulenza-ai-clienti\/"]}]},{"@type":"BreadcrumbList","@id":"https:\/\/www.pipi-stop.ch\/it\/terapia-pipi-stop\/consulenza-ai-clienti\/#breadcrumb","itemListElement":[{"@type":"ListItem","position":1,"name":"Home","item":"https:\/\/www.pipi-stop.ch\/it\/"},{"@type":"ListItem","position":2,"name":"Terapia Pip\u00ec-Stop","item":"https:\/\/www.pipi-stop.ch\/it\/terapia-pipi-stop\/"},{"@type":"ListItem","position":3,"name":"Consulenza ai clienti"}]},{"@type":"WebSite","@id":"https:\/\/www.pipi-stop.ch\/fr\/#website","url":"https:\/\/www.pipi-stop.ch\/fr\/","name":"Pipi Stop","description":"","potentialAction":[{"@type":"SearchAction","target":{"@type":"EntryPoint","urlTemplate":"https:\/\/www.pipi-stop.ch\/fr\/?s={search_term_string}"},"query-input":{"@type":"PropertyValueSpecification","valueRequired":true,"valueName":"search_term_string"}}],"inLanguage":"it-IT"}]}},"_links":{"self":[{"href":"https:\/\/www.pipi-stop.ch\/it\/wp-json\/wp\/v2\/pages\/2990","targetHints":{"allow":["GET"]}}],"collection":[{"href":"https:\/\/www.pipi-stop.ch\/it\/wp-json\/wp\/v2\/pages"}],"about":[{"href":"https:\/\/www.pipi-stop.ch\/it\/wp-json\/wp\/v2\/types\/page"}],"author":[{"embeddable":true,"href":"https:\/\/www.pipi-stop.ch\/it\/wp-json\/wp\/v2\/users\/1"}],"replies":[{"embeddable":true,"href":"https:\/\/www.pipi-stop.ch\/it\/wp-json\/wp\/v2\/comments?post=2990"}],"version-history":[{"count":17,"href":"https:\/\/www.pipi-stop.ch\/it\/wp-json\/wp\/v2\/pages\/2990\/revisions"}],"predecessor-version":[{"id":12858,"href":"https:\/\/www.pipi-stop.ch\/it\/wp-json\/wp\/v2\/pages\/2990\/revisions\/12858"}],"up":[{"embeddable":true,"href":"https:\/\/www.pipi-stop.ch\/it\/wp-json\/wp\/v2\/pages\/1639"}],"wp:attachment":[{"href":"https:\/\/www.pipi-stop.ch\/it\/wp-json\/wp\/v2\/media?parent=2990"}],"curies":[{"name":"wp","href":"https:\/\/api.w.org\/{rel}","templated":true}]}}