{"id":2955,"date":"2015-06-25T19:35:45","date_gmt":"2015-06-25T19:35:45","guid":{"rendered":"http:\/\/pipi-stop.version-demo.ch\/?page_id=2955"},"modified":"2018-08-20T09:44:37","modified_gmt":"2018-08-20T09:44:37","slug":"braccialetto-vibratore","status":"publish","type":"page","link":"https:\/\/www.pipi-stop.ch\/it\/melebi-sa\/braccialetto-vibratore\/","title":{"rendered":"Braccialetto vibrante"},"content":{"rendered":"<p>[et_pb_section bb_built=&#8221;1&#8243; transparent_background=&#8221;off&#8221; background_color=&#8221;#ffffff&#8221; allow_player_pause=&#8221;off&#8221; inner_shadow=&#8221;off&#8221; parallax=&#8221;off&#8221; parallax_method=&#8221;off&#8221; module_class=&#8221;main-h1-title&#8221;][et_pb_row][et_pb_column type=&#8221;4_4&#8243;][et_pb_text admin_label=&#8221;h1&#8243; background_layout=&#8221;light&#8221; text_orientation=&#8221;center&#8221; background_position=&#8221;top_left&#8221; background_repeat=&#8221;repeat&#8221; background_size=&#8221;initial&#8221; module_alignment=&#8221;center&#8221;]<\/p>\n<h1>Braccialetto vibrante<\/h1>\n<p>[\/et_pb_text][\/et_pb_column][\/et_pb_row][et_pb_row][et_pb_column type=&#8221;4_4&#8243;][et_pb_text admin_label=&#8221;Texte&#8221; background_layout=&#8221;light&#8221; text_orientation=&#8221;left&#8221; background_position=&#8221;top_left&#8221; background_repeat=&#8221;repeat&#8221; background_size=&#8221;initial&#8221;]<\/p>\n<h2>Un aiuto aggiuntivo per i bambini che fanno la pip\u00ec a letto<\/h2>\n<p>[\/et_pb_text][et_pb_text admin_label=&#8221;Texte&#8221; background_layout=&#8221;light&#8221; text_orientation=&#8221;left&#8221; background_position=&#8221;top_left&#8221; background_repeat=&#8221;repeat&#8221; background_size=&#8221;initial&#8221;]<\/p>\n<h3>Il braccialetto vibrante VIBRA sviluppato nel 2012 per gli 80 anni del Pip\u00ec-Stop\u00ae<\/h3>\n<p>[\/et_pb_text][\/et_pb_column][\/et_pb_row][et_pb_row][et_pb_column type=&#8221;1_3&#8243;][et_pb_image src=&#8221;http:\/\/www.pipi-stop.ch\/wp-content\/uploads\/2015\/07\/VIBRA_Wrist1500x683px-1024&#215;470.png&#8221; animation_style=&#8221;slide&#8221; animation_duration=&#8221;500ms&#8221; animation_intensity_slide=&#8221;10%&#8221; animation_direction=&#8221;left&#8221; _builder_version=&#8221;3.11.1&#8243; \/][\/et_pb_column][et_pb_column type=&#8221;2_3&#8243;][et_pb_text admin_label=&#8221;Texte&#8221; background_layout=&#8221;light&#8221; text_orientation=&#8221;left&#8221; background_position=&#8221;top_left&#8221; background_repeat=&#8221;repeat&#8221; background_size=&#8221;initial&#8221;]<\/p>\n<div class=\"et_pb_toggle_content clearfix\">\n<p><strong>Il braccialetto VIBRA si pu\u00f2 utilizzare come accessorio da abbinare al Pip\u00ec-Stop<sup>\u00ae<\/sup> (apparecchio di base&nbsp;con allarme acustico)<\/strong>. La vibrazione prodotta al momento della minzione aiuta il bambino a svegliarsi.<br \/>\nAll&#8217;inizio della terapia \u00e8 indispensabile utilizzare l&#8217;allarme acustico del Pip\u00ec-Stop, per avvisare i genitori che devono sempre svegliare il bambino al momento opportuno, cos\u00ec da fargli sviluppare il riflesso di trattenere l&#8217;urina. Progressivamente, se lo si preferisce, \u00e8 possibile passare alla sola modalit\u00e0 vibrazione.<\/p>\n<p><a href=\"http:\/\/www.pipi-stop.ch\/it\/terapia-pipi-stop\/apparecchio-pipi-stop\/\">Ulteriori informazioni<\/a><\/p>\n<\/div>\n<p>[\/et_pb_text][\/et_pb_column][\/et_pb_row][\/et_pb_section]<\/p>\n","protected":false},"excerpt":{"rendered":"<p><div class=\"et_pb_row et_pb_row_0 et_pb_row_empty\">\n\t\t\t\t\n\t\t\t\t\n\t\t\t\t\n\t\t\t\t\n\t\t\t\t\n\t\t\t<\/div> Braccialetto vibrante <div class=\"et_pb_row et_pb_row_1 et_pb_row_empty\">\n\t\t\t\t\n\t\t\t\t\n\t\t\t\t\n\t\t\t\t\n\t\t\t\t\n\t\t\t<\/div> Un aiuto aggiuntivo per i bambini che fanno la pip\u00ec a letto Il braccialetto vibrante VIBRA sviluppato nel 2012 per gli 80 anni del Pip\u00ec-Stop\u00ae <div class=\"et_pb_row et_pb_row_2 et_pb_row_empty\">\n\t\t\t\t\n\t\t\t\t\n\t\t\t\t\n\t\t\t\t\n\t\t\t\t\n\t\t\t<\/div> Il braccialetto VIBRA si pu\u00f2 utilizzare come accessorio da abbinare al Pip\u00ec-Stop\u00ae (apparecchio di base&nbsp;con allarme acustico). La vibrazione prodotta al momento della minzione aiuta [&hellip;]<\/p>\n","protected":false},"author":1,"featured_media":0,"parent":2947,"menu_order":3,"comment_status":"open","ping_status":"closed","template":"","meta":{"_et_pb_use_builder":"on","_et_pb_old_content":"","_et_gb_content_width":"","inline_featured_image":false,"footnotes":""},"class_list":["post-2955","page","type-page","status-publish","hentry"],"yoast_head":"<!-- This site is optimized with the Yoast SEO Premium plugin v27.3 (Yoast SEO v27.3) - https:\/\/yoast.com\/product\/yoast-seo-premium-wordpress\/ -->\n<title>Braccialetto vibrante | Pipi Stop<\/title>\n<meta name=\"robots\" content=\"index, follow, max-snippet:-1, max-image-preview:large, max-video-preview:-1\" \/>\n<link rel=\"canonical\" href=\"https:\/\/www.pipi-stop.ch\/it\/melebi-sa\/braccialetto-vibratore\/\" \/>\n<meta property=\"og:locale\" content=\"it_IT\" \/>\n<meta property=\"og:type\" content=\"article\" \/>\n<meta property=\"og:title\" content=\"Braccialetto vibrante\" \/>\n<meta property=\"og:description\" content=\"Braccialetto vibrante Un aiuto aggiuntivo per i bambini che fanno la pip\u00ec a letto Il braccialetto vibrante VIBRA sviluppato nel 2012 per gli 80 anni del Pip\u00ec-Stop\u00ae Il braccialetto VIBRA si pu\u00f2 utilizzare come accessorio da abbinare al Pip\u00ec-Stop\u00ae (apparecchio di base&nbsp;con allarme acustico). La vibrazione prodotta al momento della minzione aiuta [&hellip;]\" \/>\n<meta property=\"og:url\" content=\"https:\/\/www.pipi-stop.ch\/it\/melebi-sa\/braccialetto-vibratore\/\" \/>\n<meta property=\"og:site_name\" content=\"Pipi Stop\" \/>\n<meta property=\"article:modified_time\" content=\"2018-08-20T09:44:37+00:00\" \/>\n<meta name=\"twitter:card\" content=\"summary_large_image\" \/>\n<meta name=\"twitter:label1\" content=\"Tempo di lettura stimato\" \/>\n\t<meta name=\"twitter:data1\" content=\"2 minuti\" \/>\n<script type=\"application\/ld+json\" class=\"yoast-schema-graph\">{\"@context\":\"https:\\\/\\\/schema.org\",\"@graph\":[{\"@type\":\"WebPage\",\"@id\":\"https:\\\/\\\/www.pipi-stop.ch\\\/it\\\/melebi-sa\\\/braccialetto-vibratore\\\/\",\"url\":\"https:\\\/\\\/www.pipi-stop.ch\\\/it\\\/melebi-sa\\\/braccialetto-vibratore\\\/\",\"name\":\"Braccialetto vibrante | Pipi Stop\",\"isPartOf\":{\"@id\":\"https:\\\/\\\/www.pipi-stop.ch\\\/fr\\\/#website\"},\"datePublished\":\"2015-06-25T19:35:45+00:00\",\"dateModified\":\"2018-08-20T09:44:37+00:00\",\"breadcrumb\":{\"@id\":\"https:\\\/\\\/www.pipi-stop.ch\\\/it\\\/melebi-sa\\\/braccialetto-vibratore\\\/#breadcrumb\"},\"inLanguage\":\"it-IT\",\"potentialAction\":[{\"@type\":\"ReadAction\",\"target\":[\"https:\\\/\\\/www.pipi-stop.ch\\\/it\\\/melebi-sa\\\/braccialetto-vibratore\\\/\"]}]},{\"@type\":\"BreadcrumbList\",\"@id\":\"https:\\\/\\\/www.pipi-stop.ch\\\/it\\\/melebi-sa\\\/braccialetto-vibratore\\\/#breadcrumb\",\"itemListElement\":[{\"@type\":\"ListItem\",\"position\":1,\"name\":\"Home\",\"item\":\"https:\\\/\\\/www.pipi-stop.ch\\\/it\\\/\"},{\"@type\":\"ListItem\",\"position\":2,\"name\":\"Melebi SA\",\"item\":\"https:\\\/\\\/www.pipi-stop.ch\\\/it\\\/melebi-sa\\\/\"},{\"@type\":\"ListItem\",\"position\":3,\"name\":\"Braccialetto vibrante\"}]},{\"@type\":\"WebSite\",\"@id\":\"https:\\\/\\\/www.pipi-stop.ch\\\/fr\\\/#website\",\"url\":\"https:\\\/\\\/www.pipi-stop.ch\\\/fr\\\/\",\"name\":\"Pipi Stop\",\"description\":\"\",\"potentialAction\":[{\"@type\":\"SearchAction\",\"target\":{\"@type\":\"EntryPoint\",\"urlTemplate\":\"https:\\\/\\\/www.pipi-stop.ch\\\/fr\\\/?s={search_term_string}\"},\"query-input\":{\"@type\":\"PropertyValueSpecification\",\"valueRequired\":true,\"valueName\":\"search_term_string\"}}],\"inLanguage\":\"it-IT\"}]}<\/script>\n<!-- \/ Yoast SEO Premium plugin. -->","yoast_head_json":{"title":"Braccialetto vibrante | Pipi Stop","robots":{"index":"index","follow":"follow","max-snippet":"max-snippet:-1","max-image-preview":"max-image-preview:large","max-video-preview":"max-video-preview:-1"},"canonical":"https:\/\/www.pipi-stop.ch\/it\/melebi-sa\/braccialetto-vibratore\/","og_locale":"it_IT","og_type":"article","og_title":"Braccialetto vibrante","og_description":"Braccialetto vibrante Un aiuto aggiuntivo per i bambini che fanno la pip\u00ec a letto Il braccialetto vibrante VIBRA sviluppato nel 2012 per gli 80 anni del Pip\u00ec-Stop\u00ae Il braccialetto VIBRA si pu\u00f2 utilizzare come accessorio da abbinare al Pip\u00ec-Stop\u00ae (apparecchio di base&nbsp;con allarme acustico). La vibrazione prodotta al momento della minzione aiuta [&hellip;]","og_url":"https:\/\/www.pipi-stop.ch\/it\/melebi-sa\/braccialetto-vibratore\/","og_site_name":"Pipi Stop","article_modified_time":"2018-08-20T09:44:37+00:00","twitter_card":"summary_large_image","twitter_misc":{"Tempo di lettura stimato":"2 minuti"},"schema":{"@context":"https:\/\/schema.org","@graph":[{"@type":"WebPage","@id":"https:\/\/www.pipi-stop.ch\/it\/melebi-sa\/braccialetto-vibratore\/","url":"https:\/\/www.pipi-stop.ch\/it\/melebi-sa\/braccialetto-vibratore\/","name":"Braccialetto vibrante | Pipi Stop","isPartOf":{"@id":"https:\/\/www.pipi-stop.ch\/fr\/#website"},"datePublished":"2015-06-25T19:35:45+00:00","dateModified":"2018-08-20T09:44:37+00:00","breadcrumb":{"@id":"https:\/\/www.pipi-stop.ch\/it\/melebi-sa\/braccialetto-vibratore\/#breadcrumb"},"inLanguage":"it-IT","potentialAction":[{"@type":"ReadAction","target":["https:\/\/www.pipi-stop.ch\/it\/melebi-sa\/braccialetto-vibratore\/"]}]},{"@type":"BreadcrumbList","@id":"https:\/\/www.pipi-stop.ch\/it\/melebi-sa\/braccialetto-vibratore\/#breadcrumb","itemListElement":[{"@type":"ListItem","position":1,"name":"Home","item":"https:\/\/www.pipi-stop.ch\/it\/"},{"@type":"ListItem","position":2,"name":"Melebi SA","item":"https:\/\/www.pipi-stop.ch\/it\/melebi-sa\/"},{"@type":"ListItem","position":3,"name":"Braccialetto vibrante"}]},{"@type":"WebSite","@id":"https:\/\/www.pipi-stop.ch\/fr\/#website","url":"https:\/\/www.pipi-stop.ch\/fr\/","name":"Pipi Stop","description":"","potentialAction":[{"@type":"SearchAction","target":{"@type":"EntryPoint","urlTemplate":"https:\/\/www.pipi-stop.ch\/fr\/?s={search_term_string}"},"query-input":{"@type":"PropertyValueSpecification","valueRequired":true,"valueName":"search_term_string"}}],"inLanguage":"it-IT"}]}},"_links":{"self":[{"href":"https:\/\/www.pipi-stop.ch\/it\/wp-json\/wp\/v2\/pages\/2955","targetHints":{"allow":["GET"]}}],"collection":[{"href":"https:\/\/www.pipi-stop.ch\/it\/wp-json\/wp\/v2\/pages"}],"about":[{"href":"https:\/\/www.pipi-stop.ch\/it\/wp-json\/wp\/v2\/types\/page"}],"author":[{"embeddable":true,"href":"https:\/\/www.pipi-stop.ch\/it\/wp-json\/wp\/v2\/users\/1"}],"replies":[{"embeddable":true,"href":"https:\/\/www.pipi-stop.ch\/it\/wp-json\/wp\/v2\/comments?post=2955"}],"version-history":[{"count":11,"href":"https:\/\/www.pipi-stop.ch\/it\/wp-json\/wp\/v2\/pages\/2955\/revisions"}],"predecessor-version":[{"id":9386,"href":"https:\/\/www.pipi-stop.ch\/it\/wp-json\/wp\/v2\/pages\/2955\/revisions\/9386"}],"up":[{"embeddable":true,"href":"https:\/\/www.pipi-stop.ch\/it\/wp-json\/wp\/v2\/pages\/2947"}],"wp:attachment":[{"href":"https:\/\/www.pipi-stop.ch\/it\/wp-json\/wp\/v2\/media?parent=2955"}],"curies":[{"name":"wp","href":"https:\/\/api.w.org\/{rel}","templated":true}]}}