{"id":2953,"date":"2015-06-25T19:34:50","date_gmt":"2015-06-25T19:34:50","guid":{"rendered":"http:\/\/pipi-stop.version-demo.ch\/?page_id=2953"},"modified":"2024-09-16T21:12:22","modified_gmt":"2024-09-16T21:12:22","slug":"miglioramento-tecnologico","status":"publish","type":"page","link":"https:\/\/www.pipi-stop.ch\/it\/melebi-sa\/miglioramento-tecnologico\/","title":{"rendered":"Miglioramento tecnologico"},"content":{"rendered":"<p>[et_pb_section fb_built=&#8221;1&#8243; module_class=&#8221;main-h1-title&#8221; _builder_version=&#8221;4.16&#8243; background_color=&#8221;#ffffff&#8221; transparent_background=&#8221;off&#8221; global_colors_info=&#8221;{}&#8221;][et_pb_row _builder_version=&#8221;4.16&#8243; background_size=&#8221;initial&#8221; background_position=&#8221;top_left&#8221; background_repeat=&#8221;repeat&#8221; global_colors_info=&#8221;{}&#8221;][et_pb_column type=&#8221;4_4&#8243; _builder_version=&#8221;4.16&#8243; custom_padding=&#8221;|||&#8221; global_colors_info=&#8221;{}&#8221; custom_padding__hover=&#8221;|||&#8221;][et_pb_text admin_label=&#8221;h1&#8243; _builder_version=&#8221;4.16&#8243; background_size=&#8221;initial&#8221; background_position=&#8221;top_left&#8221; background_repeat=&#8221;repeat&#8221; text_orientation=&#8221;center&#8221; module_alignment=&#8221;center&#8221; global_colors_info=&#8221;{}&#8221;]<\/p>\n<h1>Miglioramento tecnologico nel 2010<\/h1>\n<p>[\/et_pb_text][\/et_pb_column][\/et_pb_row][et_pb_row _builder_version=&#8221;4.16&#8243; background_size=&#8221;initial&#8221; background_position=&#8221;top_left&#8221; background_repeat=&#8221;repeat&#8221; global_colors_info=&#8221;{}&#8221;][et_pb_column type=&#8221;4_4&#8243; _builder_version=&#8221;4.16&#8243; custom_padding=&#8221;|||&#8221; global_colors_info=&#8221;{}&#8221; custom_padding__hover=&#8221;|||&#8221;][et_pb_text admin_label=&#8221;Texte&#8221; _builder_version=&#8221;4.16&#8243; background_size=&#8221;initial&#8221; background_position=&#8221;top_left&#8221; background_repeat=&#8221;repeat&#8221; global_colors_info=&#8221;{}&#8221;]<\/p>\n<h2>Melebi SA innova: nel 2010 ha messo sul mercato il suo ultimo modello di Pip\u00ec-Stop\u00ae senza fili (prodotto in Svizzera)<\/h2>\n<p>[\/et_pb_text][et_pb_text admin_label=&#8221;Texte&#8221; _builder_version=&#8221;4.16&#8243; background_size=&#8221;initial&#8221; background_position=&#8221;top_left&#8221; background_repeat=&#8221;repeat&#8221; global_colors_info=&#8221;{}&#8221;]<\/p>\n<h3>Il Pip\u00ec-Stop\u00ae o (AntiNass\u00ae) viene costantemente migliorato con nuove tecnologie<\/h3>\n<p>[\/et_pb_text][\/et_pb_column][\/et_pb_row][et_pb_row _builder_version=&#8221;4.16&#8243; background_size=&#8221;initial&#8221; background_position=&#8221;top_left&#8221; background_repeat=&#8221;repeat&#8221; global_colors_info=&#8221;{}&#8221; column_structure=&#8221;1_3,2_3&#8243;][et_pb_column type=&#8221;1_3&#8243; _builder_version=&#8221;4.16&#8243; custom_padding=&#8221;|||&#8221; global_colors_info=&#8221;{}&#8221; custom_padding__hover=&#8221;|||&#8221;][et_pb_image src=&#8221;https:\/\/www.pipi-stop.ch\/wp-content\/uploads\/2024\/09\/Assemblage_1000px-flanelle-home.jpg&#8221; align_tablet=&#8221;center&#8221; align_last_edited=&#8221;on|desktop&#8221; _builder_version=&#8221;4.17.0&#8243; animation_style=&#8221;slide&#8221; animation_direction=&#8221;left&#8221; animation_duration=&#8221;500ms&#8221; animation_intensity_slide=&#8221;10%&#8221; hover_enabled=&#8221;0&#8243; global_colors_info=&#8221;{}&#8221; title_text=&#8221;Assemblage_1000px-flanelle-home&#8221; sticky_enabled=&#8221;0&#8243; align_phone=&#8221;center&#8221;][\/et_pb_image][\/et_pb_column][et_pb_column type=&#8221;2_3&#8243; _builder_version=&#8221;4.16&#8243; custom_padding=&#8221;|||&#8221; global_colors_info=&#8221;{}&#8221; custom_padding__hover=&#8221;|||&#8221;][et_pb_text admin_label=&#8221;Texte&#8221; _builder_version=&#8221;4.16&#8243; background_size=&#8221;initial&#8221; background_position=&#8221;top_left&#8221; background_repeat=&#8221;repeat&#8221; global_colors_info=&#8221;{}&#8221;]<\/p>\n<p class=\"align-justify\">Nel 2000 abbiamo compiuto un notevole passo avanti, passando alla trasmissione senza fili. Dieci anni pi\u00f9 tardi,&nbsp;il Pip\u00ec-Stop soddisfa i requisiti CE&nbsp;e la messa in funzione \u00e8&nbsp;ancora pi\u00f9 facile di prima.<\/p>\n<p class=\"align-justify\">Il ricevitore \u00e8 stato progettato con un&nbsp;nuovo design&nbsp;e un&nbsp;suono regolabile ancora pi\u00f9 efficace. D&#8217;altra parte, le&nbsp;piccole dimensioni del trasmettitore,&nbsp;che si fissa sul rivelatore d&#8217;urina collocato negli slip del bambino, sono un&#8217;altra caratteristica del progresso tecnologico, poich\u00e9 aumentano la&nbsp;comodit\u00e0 dell&#8217;apparecchio.&nbsp;L&#8217;autonomia del trasmettitore \u00e8 stata notevolmente migliorata&nbsp;e le&nbsp;onde,&nbsp;trasmesse solo durante la minzione&nbsp;, sono&nbsp;ancora pi\u00f9 deboli&nbsp;(circa un milione di volte meno potenti di quelle di un cellulare).<\/p>\n<p>[\/et_pb_text][\/et_pb_column][\/et_pb_row][\/et_pb_section]<\/p>\n","protected":false},"excerpt":{"rendered":"<p>Miglioramento tecnologico nel 2010 Melebi SA innova: nel 2010 ha messo sul mercato il suo ultimo modello di Pip\u00ec-Stop\u00ae senza fili (prodotto in Svizzera) Il Pip\u00ec-Stop\u00ae o (AntiNass\u00ae) viene costantemente migliorato con nuove tecnologie Nel 2000 abbiamo compiuto un notevole passo avanti, passando alla trasmissione senza fili. Dieci anni pi\u00f9 tardi,&nbsp;il Pip\u00ec-Stop soddisfa i requisiti [&hellip;]<\/p>\n","protected":false},"author":1,"featured_media":0,"parent":2947,"menu_order":9,"comment_status":"open","ping_status":"closed","template":"","meta":{"_et_pb_use_builder":"on","_et_pb_old_content":"","_et_gb_content_width":"","inline_featured_image":false,"footnotes":""},"class_list":["post-2953","page","type-page","status-publish","hentry"],"yoast_head":"<!-- This site is optimized with the Yoast SEO Premium plugin v26.3 (Yoast SEO v26.3) - https:\/\/yoast.com\/wordpress\/plugins\/seo\/ -->\n<title>Miglioramento tecnologico | Pipi Stop<\/title>\n<meta name=\"robots\" content=\"index, follow, max-snippet:-1, max-image-preview:large, max-video-preview:-1\" \/>\n<link rel=\"canonical\" href=\"https:\/\/www.pipi-stop.ch\/it\/melebi-sa\/miglioramento-tecnologico\/\" \/>\n<meta property=\"og:locale\" content=\"it_IT\" \/>\n<meta property=\"og:type\" content=\"article\" \/>\n<meta property=\"og:title\" content=\"Miglioramento tecnologico\" \/>\n<meta property=\"og:description\" content=\"Miglioramento tecnologico nel 2010 Melebi SA innova: nel 2010 ha messo sul mercato il suo ultimo modello di Pip\u00ec-Stop\u00ae senza fili (prodotto in Svizzera) Il Pip\u00ec-Stop\u00ae o (AntiNass\u00ae) viene costantemente migliorato con nuove tecnologie Nel 2000 abbiamo compiuto un notevole passo avanti, passando alla trasmissione senza fili. Dieci anni pi\u00f9 tardi,&nbsp;il Pip\u00ec-Stop soddisfa i requisiti [&hellip;]\" \/>\n<meta property=\"og:url\" content=\"https:\/\/www.pipi-stop.ch\/it\/melebi-sa\/miglioramento-tecnologico\/\" \/>\n<meta property=\"og:site_name\" content=\"Pipi Stop\" \/>\n<meta property=\"article:modified_time\" content=\"2024-09-16T21:12:22+00:00\" \/>\n<meta name=\"twitter:card\" content=\"summary_large_image\" \/>\n<meta name=\"twitter:label1\" content=\"Tempo di lettura stimato\" \/>\n\t<meta name=\"twitter:data1\" content=\"2 minuti\" \/>\n<script type=\"application\/ld+json\" class=\"yoast-schema-graph\">{\"@context\":\"https:\/\/schema.org\",\"@graph\":[{\"@type\":\"WebPage\",\"@id\":\"https:\/\/www.pipi-stop.ch\/it\/melebi-sa\/miglioramento-tecnologico\/\",\"url\":\"https:\/\/www.pipi-stop.ch\/it\/melebi-sa\/miglioramento-tecnologico\/\",\"name\":\"Miglioramento tecnologico | Pipi Stop\",\"isPartOf\":{\"@id\":\"https:\/\/www.pipi-stop.ch\/fr\/#website\"},\"datePublished\":\"2015-06-25T19:34:50+00:00\",\"dateModified\":\"2024-09-16T21:12:22+00:00\",\"breadcrumb\":{\"@id\":\"https:\/\/www.pipi-stop.ch\/it\/melebi-sa\/miglioramento-tecnologico\/#breadcrumb\"},\"inLanguage\":\"it-IT\",\"potentialAction\":[{\"@type\":\"ReadAction\",\"target\":[\"https:\/\/www.pipi-stop.ch\/it\/melebi-sa\/miglioramento-tecnologico\/\"]}]},{\"@type\":\"BreadcrumbList\",\"@id\":\"https:\/\/www.pipi-stop.ch\/it\/melebi-sa\/miglioramento-tecnologico\/#breadcrumb\",\"itemListElement\":[{\"@type\":\"ListItem\",\"position\":1,\"name\":\"Home\",\"item\":\"https:\/\/www.pipi-stop.ch\/it\/\"},{\"@type\":\"ListItem\",\"position\":2,\"name\":\"Melebi SA\",\"item\":\"https:\/\/www.pipi-stop.ch\/it\/melebi-sa\/\"},{\"@type\":\"ListItem\",\"position\":3,\"name\":\"Miglioramento tecnologico\"}]},{\"@type\":\"WebSite\",\"@id\":\"https:\/\/www.pipi-stop.ch\/fr\/#website\",\"url\":\"https:\/\/www.pipi-stop.ch\/fr\/\",\"name\":\"Pipi Stop\",\"description\":\"\",\"potentialAction\":[{\"@type\":\"SearchAction\",\"target\":{\"@type\":\"EntryPoint\",\"urlTemplate\":\"https:\/\/www.pipi-stop.ch\/fr\/?s={search_term_string}\"},\"query-input\":{\"@type\":\"PropertyValueSpecification\",\"valueRequired\":true,\"valueName\":\"search_term_string\"}}],\"inLanguage\":\"it-IT\"}]}<\/script>\n<!-- \/ Yoast SEO Premium plugin. -->","yoast_head_json":{"title":"Miglioramento tecnologico | Pipi Stop","robots":{"index":"index","follow":"follow","max-snippet":"max-snippet:-1","max-image-preview":"max-image-preview:large","max-video-preview":"max-video-preview:-1"},"canonical":"https:\/\/www.pipi-stop.ch\/it\/melebi-sa\/miglioramento-tecnologico\/","og_locale":"it_IT","og_type":"article","og_title":"Miglioramento tecnologico","og_description":"Miglioramento tecnologico nel 2010 Melebi SA innova: nel 2010 ha messo sul mercato il suo ultimo modello di Pip\u00ec-Stop\u00ae senza fili (prodotto in Svizzera) Il Pip\u00ec-Stop\u00ae o (AntiNass\u00ae) viene costantemente migliorato con nuove tecnologie Nel 2000 abbiamo compiuto un notevole passo avanti, passando alla trasmissione senza fili. Dieci anni pi\u00f9 tardi,&nbsp;il Pip\u00ec-Stop soddisfa i requisiti [&hellip;]","og_url":"https:\/\/www.pipi-stop.ch\/it\/melebi-sa\/miglioramento-tecnologico\/","og_site_name":"Pipi Stop","article_modified_time":"2024-09-16T21:12:22+00:00","twitter_card":"summary_large_image","twitter_misc":{"Tempo di lettura stimato":"2 minuti"},"schema":{"@context":"https:\/\/schema.org","@graph":[{"@type":"WebPage","@id":"https:\/\/www.pipi-stop.ch\/it\/melebi-sa\/miglioramento-tecnologico\/","url":"https:\/\/www.pipi-stop.ch\/it\/melebi-sa\/miglioramento-tecnologico\/","name":"Miglioramento tecnologico | Pipi Stop","isPartOf":{"@id":"https:\/\/www.pipi-stop.ch\/fr\/#website"},"datePublished":"2015-06-25T19:34:50+00:00","dateModified":"2024-09-16T21:12:22+00:00","breadcrumb":{"@id":"https:\/\/www.pipi-stop.ch\/it\/melebi-sa\/miglioramento-tecnologico\/#breadcrumb"},"inLanguage":"it-IT","potentialAction":[{"@type":"ReadAction","target":["https:\/\/www.pipi-stop.ch\/it\/melebi-sa\/miglioramento-tecnologico\/"]}]},{"@type":"BreadcrumbList","@id":"https:\/\/www.pipi-stop.ch\/it\/melebi-sa\/miglioramento-tecnologico\/#breadcrumb","itemListElement":[{"@type":"ListItem","position":1,"name":"Home","item":"https:\/\/www.pipi-stop.ch\/it\/"},{"@type":"ListItem","position":2,"name":"Melebi SA","item":"https:\/\/www.pipi-stop.ch\/it\/melebi-sa\/"},{"@type":"ListItem","position":3,"name":"Miglioramento tecnologico"}]},{"@type":"WebSite","@id":"https:\/\/www.pipi-stop.ch\/fr\/#website","url":"https:\/\/www.pipi-stop.ch\/fr\/","name":"Pipi Stop","description":"","potentialAction":[{"@type":"SearchAction","target":{"@type":"EntryPoint","urlTemplate":"https:\/\/www.pipi-stop.ch\/fr\/?s={search_term_string}"},"query-input":{"@type":"PropertyValueSpecification","valueRequired":true,"valueName":"search_term_string"}}],"inLanguage":"it-IT"}]}},"_links":{"self":[{"href":"https:\/\/www.pipi-stop.ch\/it\/wp-json\/wp\/v2\/pages\/2953","targetHints":{"allow":["GET"]}}],"collection":[{"href":"https:\/\/www.pipi-stop.ch\/it\/wp-json\/wp\/v2\/pages"}],"about":[{"href":"https:\/\/www.pipi-stop.ch\/it\/wp-json\/wp\/v2\/types\/page"}],"author":[{"embeddable":true,"href":"https:\/\/www.pipi-stop.ch\/it\/wp-json\/wp\/v2\/users\/1"}],"replies":[{"embeddable":true,"href":"https:\/\/www.pipi-stop.ch\/it\/wp-json\/wp\/v2\/comments?post=2953"}],"version-history":[{"count":9,"href":"https:\/\/www.pipi-stop.ch\/it\/wp-json\/wp\/v2\/pages\/2953\/revisions"}],"predecessor-version":[{"id":17226,"href":"https:\/\/www.pipi-stop.ch\/it\/wp-json\/wp\/v2\/pages\/2953\/revisions\/17226"}],"up":[{"embeddable":true,"href":"https:\/\/www.pipi-stop.ch\/it\/wp-json\/wp\/v2\/pages\/2947"}],"wp:attachment":[{"href":"https:\/\/www.pipi-stop.ch\/it\/wp-json\/wp\/v2\/media?parent=2953"}],"curies":[{"name":"wp","href":"https:\/\/api.w.org\/{rel}","templated":true}]}}