{"id":2951,"date":"2015-06-25T19:34:30","date_gmt":"2015-06-25T19:34:30","guid":{"rendered":"http:\/\/pipi-stop.version-demo.ch\/?page_id=2951"},"modified":"2020-03-19T07:46:30","modified_gmt":"2020-03-19T07:46:30","slug":"storia-lamal","status":"publish","type":"page","link":"https:\/\/www.pipi-stop.ch\/it\/melebi-sa\/storia-lamal\/","title":{"rendered":"Storia LAMal"},"content":{"rendered":"<p>[et_pb_section bb_built=&#8221;1&#8243; transparent_background=&#8221;off&#8221; background_color=&#8221;#ffffff&#8221; allow_player_pause=&#8221;off&#8221; inner_shadow=&#8221;off&#8221; parallax=&#8221;off&#8221; parallax_method=&#8221;off&#8221; module_class=&#8221;main-h1-title&#8221;][et_pb_row][et_pb_column type=&#8221;4_4&#8243;][et_pb_text admin_label=&#8221;h1&#8243; _builder_version=&#8221;3.11.1&#8243;]<\/p>\n<h1 style=\"text-align: center;\"><b>Drastica riduzione della copertura LAMal a partire dal<br \/>\n1\u00ba aprile 2019<\/b><\/h1>\n<p>[\/et_pb_text][\/et_pb_column][\/et_pb_row][et_pb_row][et_pb_column type=&#8221;4_4&#8243;][et_pb_text _builder_version=&#8221;3.11.1&#8243;]<\/p>\n<p><b>A seguito di una decisione dell\u2019Ufficio federale della sanit\u00e0 pubblica (UFSP), il tasso di rimborso LAMal \u00e8 stato abbassato a un prezzo unico di CHF 0.30 al giorno per tutto il corso del trattamento a partire dal 1 \u00b0 aprile 2019.<\/b><\/p>\n<p>[\/et_pb_text][\/et_pb_column][\/et_pb_row][et_pb_row][et_pb_column type=&#8221;1_2&#8243;][et_pb_text _builder_version=&#8221;3.11.1&#8243;]<\/p>\n<p><span style=\"font-weight: 400;\">Nel quadro della revisione della Lista dei mezzi e degli apparecchi (LiMA) con l\u2019obiettivo di ridurre i costi sanitari, l\u2019Ufficio federale della sanit\u00e0 pubblica (UFSP) ha deciso di ridurre drasticamente le prestazioni obbligatorie delle casse malattia per il noleggio degli apparecchi di segnalazione per il trattamento dell\u2019enuresi (LiMA 15.20). <\/span><b>Il nuovo tasso unico di 30 centesimi rimborsati al giorno \u00e8 entrato in vigore il 1\u00ba aprile 2019.<\/b><\/p>\n<p><span style=\"font-weight: 400;\"><strong>A seguito di questa decisione dell\u2019UFSP<\/strong>, la terapia comportamentale per apparecchio viene rimborsata solo marginalmente dalla LAMal, <strong>il che penalizza le famiglie<\/strong>, in particolare quelle con risorse finanziarie limitate e che non hanno pi\u00f9 la possibilit\u00e0 di accedere al miglior trattamento contro l\u2019enuresi notturna.<\/span><\/p>\n<p>[\/et_pb_text][\/et_pb_column][et_pb_column type=&#8221;1_2&#8243;][et_pb_text _builder_version=&#8221;3.11.1&#8243;]<\/p>\n<p><span style=\"font-weight: 400;\">Inoltre, l\u2019abbassamento della copertura della terapia comportamentale con apparecchio di avvertimento <strong>provocher\u00e0 a medio-lungo termine un aumento sostanziale dei costi a carico delle casse malattia<\/strong>, perch\u00e9 questa misura spinge le famiglie a ricorrere alla farmacologia che \u00e8 pi\u00f9 cara, meno efficace e non \u00e8 priva di effetti collaterali.<\/span><\/p>\n<p><span style=\"font-weight: 400;\">Per questi due motivi fondamentali, <strong>il 3 ottobre 2019 abbiamo presentato una nuova richiesta all\u2019UFSP<\/strong> per ottenere rapidamente un aumento significativo della tariffa unica di rimborso per gli apparecchi di segnalazione a noleggio. La procedura \u00e8 in corso.<\/span><\/p>\n<p><a href=\"https:\/\/www.pipi-stop.ch\/wp-content\/uploads\/2020\/02\/Lettre-couverture-dossier-pour-OFSP_demande-revision-tarif-LiMA.pdf\" target=\"_blank\" rel=\"noopener\"><b>Vedere la lettera di copertura del nostro fascicolo di richiesta<\/b><\/a><\/p>\n<p>[\/et_pb_text][\/et_pb_column][\/et_pb_row][et_pb_row][et_pb_column type=&#8221;4_4&#8243;][et_pb_image _builder_version=&#8221;3.11.1&#8243; src=&#8221;https:\/\/www.pipi-stop.ch\/wp-content\/uploads\/2020\/02\/tableau-historique-prise-en-charge-LAMal.png&#8221; \/][\/et_pb_column][\/et_pb_row][et_pb_row][et_pb_column type=&#8221;4_4&#8243;][et_pb_divider _builder_version=&#8221;3.11.1&#8243; \/][\/et_pb_column][\/et_pb_row][et_pb_row][et_pb_column type=&#8221;4_4&#8243;][et_pb_text admin_label=&#8221;h1&#8243; background_layout=&#8221;light&#8221; text_orientation=&#8221;center&#8221; background_position=&#8221;top_left&#8221; background_repeat=&#8221;repeat&#8221; background_size=&#8221;initial&#8221; module_alignment=&#8221;center&#8221;]<\/p>\n<h1>Copertura dalle casse malattia aumentata dal 2008<\/h1>\n<p>[\/et_pb_text][\/et_pb_column][\/et_pb_row][et_pb_row][et_pb_column type=&#8221;4_4&#8243;][et_pb_text background_layout=&#8221;light&#8221; text_orientation=&#8221;left&#8221; background_position=&#8221;top_left&#8221; background_repeat=&#8221;repeat&#8221; background_size=&#8221;initial&#8221;]<\/p>\n<h2>La nostra richiesta presso l&#8217;Ufficio federale della salute pubblica (UFSP) ha avuto esito positivo<\/h2>\n<p>[\/et_pb_text][et_pb_text background_layout=&#8221;light&#8221; text_orientation=&#8221;left&#8221; background_position=&#8221;top_left&#8221; background_repeat=&#8221;repeat&#8221; background_size=&#8221;initial&#8221;]<\/p>\n<h3>Dal 1\u00ba agosto 2008,\u00a0i contributi che le casse malattia (CM) devono versare per il trattamento con il Pip\u00ec-Stop sono aumentati significativamente a seguito della nostra richiesta\u00a0all&#8217;UFSP, effettuata nel febbraio 2006<\/h3>\n<p>[\/et_pb_text][\/et_pb_column][\/et_pb_row][et_pb_row][et_pb_column type=&#8221;1_3&#8243;][et_pb_image src=&#8221;http:\/\/www.pipi-stop.ch\/wp-content\/uploads\/2015\/05\/batiment-confederation-300&#215;200.jpg&#8221; animation_style=&#8221;slide&#8221; animation_duration=&#8221;500ms&#8221; animation_intensity_slide=&#8221;10%&#8221; animation_direction=&#8221;left&#8221; _builder_version=&#8221;3.11.1&#8243; \/][\/et_pb_column][et_pb_column type=&#8221;2_3&#8243;][et_pb_text background_position=&#8221;top_left&#8221; background_repeat=&#8221;repeat&#8221; background_size=&#8221;initial&#8221; _builder_version=&#8221;3.11.1&#8243;]<\/p>\n<p class=\"align-justify\">Siamo passati da 2.35 a 3.40 CHF al giorno per i primi 70 giorni di noleggio e da 1.90 a 2.40 CHF al giorno dal 71\u00b0 giorno. In questo modo, solo una piccola parte dei costi di noleggio rimane al carico delle famiglie.<\/p>\n<p class=\"align-justify\">In risposta all&#8217;introduzione, il 1\u00b0 gennaio 2006, delle misure di risparmio decise dal Consiglio Federale (riduzione del 10% sul listino delle analisi e sull&#8217;elenco dei mezzi e apparecchi [LiMA] di cui fa parte l&#8217;apparecchio Pip\u00ec-Stop), abbiamo inoltrato presso l&#8217;UFSP una richiesta di aumento per la copertura obbligatoria da parte delle CM.\u00a0<strong>Il nostro obiettivo era offrire a tutte le famiglie l&#8217;accesso alla terapia comportamentale con il Pip\u00ec-Stop, che \u00e8 il metodo pi\u00f9 efficace per trattare l&#8217;enuresi notturna e che ha la percentuale di ricadute pi\u00f9 bassa.<\/strong><\/p>\n<p class=\"align-justify\">Leggi la risposta dell&#8217;UFSP : <a class=\"external-link-new-window\" href=\"https:\/\/www.pipi-stop.ch\/wp-content\/uploads\/2015\/04\/OFSP_LiMA-Prise-en-charge_couleur.pdf\" target=\"_blank\" rel=\"noopener\">in francese <\/a>\/ <a class=\"external-link-new-window\" href=\"https:\/\/www.pipi-stop.ch\/wp-content\/uploads\/2015\/04\/BAG-MiGeL-uebernahme_couleur.pdf\" target=\"_blank\" rel=\"noopener\">in tedesco<\/a><\/p>\n<p>[\/et_pb_text][\/et_pb_column][\/et_pb_row][\/et_pb_section]<\/p>\n","protected":false},"excerpt":{"rendered":"<p><div class=\"et_pb_row et_pb_row_0 et_pb_row_empty\">\n\t\t\t\t\n\t\t\t\t\n\t\t\t\t\n\t\t\t\t\n\t\t\t\t\n\t\t\t<\/div> Drastica riduzione della copertura LAMal a partire dal 1\u00ba aprile 2019 <div class=\"et_pb_row et_pb_row_1 et_pb_row_empty\">\n\t\t\t\t\n\t\t\t\t\n\t\t\t\t\n\t\t\t\t\n\t\t\t\t\n\t\t\t<\/div> A seguito di una decisione dell\u2019Ufficio federale della sanit\u00e0 pubblica (UFSP), il tasso di rimborso LAMal \u00e8 stato abbassato a un prezzo unico di CHF 0.30 al giorno per tutto il corso del trattamento a partire dal 1 \u00b0 aprile 2019. <div class=\"et_pb_row et_pb_row_2 et_pb_row_empty\">\n\t\t\t\t\n\t\t\t\t\n\t\t\t\t\n\t\t\t\t\n\t\t\t\t\n\t\t\t<\/div> [&hellip;]<\/p>\n","protected":false},"author":1,"featured_media":0,"parent":2947,"menu_order":10,"comment_status":"open","ping_status":"closed","template":"","meta":{"_et_pb_use_builder":"on","_et_pb_old_content":"","_et_gb_content_width":"","inline_featured_image":false,"footnotes":""},"class_list":["post-2951","page","type-page","status-publish","hentry"],"yoast_head":"<!-- This site is optimized with the Yoast SEO Premium plugin v27.3 (Yoast SEO v27.3) - https:\/\/yoast.com\/product\/yoast-seo-premium-wordpress\/ -->\n<title>Storia LAMal | Pipi Stop<\/title>\n<meta name=\"robots\" content=\"index, follow, max-snippet:-1, max-image-preview:large, max-video-preview:-1\" \/>\n<link rel=\"canonical\" href=\"https:\/\/www.pipi-stop.ch\/it\/melebi-sa\/storia-lamal\/\" \/>\n<meta property=\"og:locale\" content=\"it_IT\" \/>\n<meta property=\"og:type\" content=\"article\" \/>\n<meta property=\"og:title\" content=\"Storia LAMal\" \/>\n<meta property=\"og:description\" content=\"Drastica riduzione della copertura LAMal a partire dal 1\u00ba aprile 2019 A seguito di una decisione dell\u2019Ufficio federale della sanit\u00e0 pubblica (UFSP), il tasso di rimborso LAMal \u00e8 stato abbassato a un prezzo unico di CHF 0.30 al giorno per tutto il corso del trattamento a partire dal 1 \u00b0 aprile 2019. [&hellip;]\" \/>\n<meta property=\"og:url\" content=\"https:\/\/www.pipi-stop.ch\/it\/melebi-sa\/storia-lamal\/\" \/>\n<meta property=\"og:site_name\" content=\"Pipi Stop\" \/>\n<meta property=\"article:modified_time\" content=\"2020-03-19T07:46:30+00:00\" \/>\n<meta name=\"twitter:card\" content=\"summary_large_image\" \/>\n<meta name=\"twitter:label1\" content=\"Tempo di lettura stimato\" \/>\n\t<meta name=\"twitter:data1\" content=\"4 minuti\" \/>\n<script type=\"application\/ld+json\" class=\"yoast-schema-graph\">{\"@context\":\"https:\\\/\\\/schema.org\",\"@graph\":[{\"@type\":\"WebPage\",\"@id\":\"https:\\\/\\\/www.pipi-stop.ch\\\/it\\\/melebi-sa\\\/storia-lamal\\\/\",\"url\":\"https:\\\/\\\/www.pipi-stop.ch\\\/it\\\/melebi-sa\\\/storia-lamal\\\/\",\"name\":\"Storia LAMal | Pipi Stop\",\"isPartOf\":{\"@id\":\"https:\\\/\\\/www.pipi-stop.ch\\\/fr\\\/#website\"},\"datePublished\":\"2015-06-25T19:34:30+00:00\",\"dateModified\":\"2020-03-19T07:46:30+00:00\",\"breadcrumb\":{\"@id\":\"https:\\\/\\\/www.pipi-stop.ch\\\/it\\\/melebi-sa\\\/storia-lamal\\\/#breadcrumb\"},\"inLanguage\":\"it-IT\",\"potentialAction\":[{\"@type\":\"ReadAction\",\"target\":[\"https:\\\/\\\/www.pipi-stop.ch\\\/it\\\/melebi-sa\\\/storia-lamal\\\/\"]}]},{\"@type\":\"BreadcrumbList\",\"@id\":\"https:\\\/\\\/www.pipi-stop.ch\\\/it\\\/melebi-sa\\\/storia-lamal\\\/#breadcrumb\",\"itemListElement\":[{\"@type\":\"ListItem\",\"position\":1,\"name\":\"Home\",\"item\":\"https:\\\/\\\/www.pipi-stop.ch\\\/it\\\/\"},{\"@type\":\"ListItem\",\"position\":2,\"name\":\"Melebi SA\",\"item\":\"https:\\\/\\\/www.pipi-stop.ch\\\/it\\\/melebi-sa\\\/\"},{\"@type\":\"ListItem\",\"position\":3,\"name\":\"Storia LAMal\"}]},{\"@type\":\"WebSite\",\"@id\":\"https:\\\/\\\/www.pipi-stop.ch\\\/fr\\\/#website\",\"url\":\"https:\\\/\\\/www.pipi-stop.ch\\\/fr\\\/\",\"name\":\"Pipi Stop\",\"description\":\"\",\"potentialAction\":[{\"@type\":\"SearchAction\",\"target\":{\"@type\":\"EntryPoint\",\"urlTemplate\":\"https:\\\/\\\/www.pipi-stop.ch\\\/fr\\\/?s={search_term_string}\"},\"query-input\":{\"@type\":\"PropertyValueSpecification\",\"valueRequired\":true,\"valueName\":\"search_term_string\"}}],\"inLanguage\":\"it-IT\"}]}<\/script>\n<!-- \/ Yoast SEO Premium plugin. -->","yoast_head_json":{"title":"Storia LAMal | Pipi Stop","robots":{"index":"index","follow":"follow","max-snippet":"max-snippet:-1","max-image-preview":"max-image-preview:large","max-video-preview":"max-video-preview:-1"},"canonical":"https:\/\/www.pipi-stop.ch\/it\/melebi-sa\/storia-lamal\/","og_locale":"it_IT","og_type":"article","og_title":"Storia LAMal","og_description":"Drastica riduzione della copertura LAMal a partire dal 1\u00ba aprile 2019 A seguito di una decisione dell\u2019Ufficio federale della sanit\u00e0 pubblica (UFSP), il tasso di rimborso LAMal \u00e8 stato abbassato a un prezzo unico di CHF 0.30 al giorno per tutto il corso del trattamento a partire dal 1 \u00b0 aprile 2019. [&hellip;]","og_url":"https:\/\/www.pipi-stop.ch\/it\/melebi-sa\/storia-lamal\/","og_site_name":"Pipi Stop","article_modified_time":"2020-03-19T07:46:30+00:00","twitter_card":"summary_large_image","twitter_misc":{"Tempo di lettura stimato":"4 minuti"},"schema":{"@context":"https:\/\/schema.org","@graph":[{"@type":"WebPage","@id":"https:\/\/www.pipi-stop.ch\/it\/melebi-sa\/storia-lamal\/","url":"https:\/\/www.pipi-stop.ch\/it\/melebi-sa\/storia-lamal\/","name":"Storia LAMal | Pipi Stop","isPartOf":{"@id":"https:\/\/www.pipi-stop.ch\/fr\/#website"},"datePublished":"2015-06-25T19:34:30+00:00","dateModified":"2020-03-19T07:46:30+00:00","breadcrumb":{"@id":"https:\/\/www.pipi-stop.ch\/it\/melebi-sa\/storia-lamal\/#breadcrumb"},"inLanguage":"it-IT","potentialAction":[{"@type":"ReadAction","target":["https:\/\/www.pipi-stop.ch\/it\/melebi-sa\/storia-lamal\/"]}]},{"@type":"BreadcrumbList","@id":"https:\/\/www.pipi-stop.ch\/it\/melebi-sa\/storia-lamal\/#breadcrumb","itemListElement":[{"@type":"ListItem","position":1,"name":"Home","item":"https:\/\/www.pipi-stop.ch\/it\/"},{"@type":"ListItem","position":2,"name":"Melebi SA","item":"https:\/\/www.pipi-stop.ch\/it\/melebi-sa\/"},{"@type":"ListItem","position":3,"name":"Storia LAMal"}]},{"@type":"WebSite","@id":"https:\/\/www.pipi-stop.ch\/fr\/#website","url":"https:\/\/www.pipi-stop.ch\/fr\/","name":"Pipi Stop","description":"","potentialAction":[{"@type":"SearchAction","target":{"@type":"EntryPoint","urlTemplate":"https:\/\/www.pipi-stop.ch\/fr\/?s={search_term_string}"},"query-input":{"@type":"PropertyValueSpecification","valueRequired":true,"valueName":"search_term_string"}}],"inLanguage":"it-IT"}]}},"_links":{"self":[{"href":"https:\/\/www.pipi-stop.ch\/it\/wp-json\/wp\/v2\/pages\/2951","targetHints":{"allow":["GET"]}}],"collection":[{"href":"https:\/\/www.pipi-stop.ch\/it\/wp-json\/wp\/v2\/pages"}],"about":[{"href":"https:\/\/www.pipi-stop.ch\/it\/wp-json\/wp\/v2\/types\/page"}],"author":[{"embeddable":true,"href":"https:\/\/www.pipi-stop.ch\/it\/wp-json\/wp\/v2\/users\/1"}],"replies":[{"embeddable":true,"href":"https:\/\/www.pipi-stop.ch\/it\/wp-json\/wp\/v2\/comments?post=2951"}],"version-history":[{"count":17,"href":"https:\/\/www.pipi-stop.ch\/it\/wp-json\/wp\/v2\/pages\/2951\/revisions"}],"predecessor-version":[{"id":11733,"href":"https:\/\/www.pipi-stop.ch\/it\/wp-json\/wp\/v2\/pages\/2951\/revisions\/11733"}],"up":[{"embeddable":true,"href":"https:\/\/www.pipi-stop.ch\/it\/wp-json\/wp\/v2\/pages\/2947"}],"wp:attachment":[{"href":"https:\/\/www.pipi-stop.ch\/it\/wp-json\/wp\/v2\/media?parent=2951"}],"curies":[{"name":"wp","href":"https:\/\/api.w.org\/{rel}","templated":true}]}}