{"id":2943,"date":"2015-06-25T19:32:25","date_gmt":"2015-06-25T19:32:25","guid":{"rendered":"http:\/\/pipi-stop.version-demo.ch\/?page_id=2943"},"modified":"2024-01-01T16:16:15","modified_gmt":"2024-01-01T16:16:15","slug":"condizioni-di-noleggio","status":"publish","type":"page","link":"https:\/\/www.pipi-stop.ch\/it\/ordinare\/condizioni-di-noleggio\/","title":{"rendered":"Condizioni di noleggio"},"content":{"rendered":"<p>[et_pb_section fb_built=&#8221;1&#8243; admin_label=&#8221;section&#8221; module_class=&#8221;main-h1-title&#8221; _builder_version=&#8221;4.16&#8243; background_color=&#8221;#ffffff&#8221; transparent_background=&#8221;off&#8221; global_colors_info=&#8221;{}&#8221;][et_pb_row admin_label=&#8221;row&#8221; _builder_version=&#8221;4.16&#8243; background_size=&#8221;initial&#8221; background_position=&#8221;top_left&#8221; background_repeat=&#8221;repeat&#8221; global_colors_info=&#8221;{}&#8221;][et_pb_column type=&#8221;4_4&#8243; _builder_version=&#8221;4.16&#8243; custom_padding=&#8221;|||&#8221; global_colors_info=&#8221;{}&#8221; custom_padding__hover=&#8221;|||&#8221;][et_pb_text admin_label=&#8221;h1&#8243; _builder_version=&#8221;4.16&#8243; background_size=&#8221;initial&#8221; background_position=&#8221;top_left&#8221; background_repeat=&#8221;repeat&#8221; text_orientation=&#8221;center&#8221; module_alignment=&#8221;center&#8221; global_colors_info=&#8221;{}&#8221;]<\/p>\n<h1>Condizioni di noleggio del Pip\u00ec-Stop<\/h1>\n<p>[\/et_pb_text][\/et_pb_column][\/et_pb_row][et_pb_row admin_label=&#8221;row&#8221; _builder_version=&#8221;4.16&#8243; background_size=&#8221;initial&#8221; background_position=&#8221;top_left&#8221; background_repeat=&#8221;repeat&#8221; global_colors_info=&#8221;{}&#8221; column_structure=&#8221;1_2,1_2&#8243;][et_pb_column type=&#8221;1_2&#8243; _builder_version=&#8221;4.16&#8243; custom_padding=&#8221;|||&#8221; global_colors_info=&#8221;{}&#8221; custom_padding__hover=&#8221;|||&#8221;][et_pb_text _builder_version=&#8221;4.16&#8243; background_size=&#8221;initial&#8221; background_position=&#8221;top_left&#8221; background_repeat=&#8221;repeat&#8221; global_colors_info=&#8221;{}&#8221;]\n<table id=\"tablepress-31\" class=\"tablepress tablepress-id-31\">\n<thead>\n<tr class=\"row-1\">\n\t<th class=\"column-1\">Calcolo del prezzo di noleggio<\/th><th class=\"column-2\"><b>Prezzo<\/b><\/th>\n<\/tr>\n<\/thead>\n<tbody class=\"row-striping\">\n<tr class=\"row-2\">\n\t<td class=\"column-1\">Spese di noleggio<\/td><td class=\"column-2\">3.40 CHF\/giorno<\/td>\n<\/tr>\n<tr class=\"row-3\">\n\t<td class=\"column-1\">Rimborso LAMal<\/td><td class=\"column-2\">0.94 CHF\/giorno *<\/td>\n<\/tr>\n<tr class=\"row-4\">\n\t<td class=\"column-1\"><b>Prezzo a vostre spese<\/b><\/td><td class=\"column-2\"><b>2.46 CHF\/giorno<\/b><\/td>\n<\/tr>\n<\/tbody>\n<\/table>\n<!-- #tablepress-31 from cache --><\/p>\n<p>Spese di spedizione: 14 CHF (unico)<\/p>\n<p>Il numero di giorni di noleggio viene calcolato dal giorno di spedizione dell\u2019apparecchio fino alla restituzione (giorno della ricezione da parte di Melebi SA) di tutti gli elementi costitutivi dell\u2019apparecchio nell&#8217;imballaggio originale, indipendentemente dal fatto che il cliente abbia utilizzato o meno l\u2019apparecchio.<\/p>\n<p>Il cliente deve pagare l&#8217;intero prezzo del noleggio direttamente alla Melebi SA (fatture pagabili entro 30 giorni), indipendentemente della durata dal rimborso della cassa malattia.<\/p>\n<p>Il cliente deve intraprendere i passaggi necessari per far valere i propri dritti di restituzione secondo LAMal e <strong>inviare la fattura con la prescrizione medica<\/strong> all&#8217;assicurazione.<br \/>\nGuarda tutti i dettagli sul <a href=\"https:\/\/www.pipi-stop.ch\/it\/ordinare\/prestazioni-cm\/\">rimborso secondo LAMal<\/a>.<\/p>\n<p>&nbsp;<br \/>\n[\/et_pb_text][et_pb_text _builder_version=&#8221;4.16&#8243; background_size=&#8221;initial&#8221; background_position=&#8221;top_left&#8221; background_repeat=&#8221;repeat&#8221; global_colors_info=&#8221;{}&#8221;]<\/p>\n<h2>I nostri impegni e garanzie<\/h2>\n<ul>\n<li>I prezzi indicati si intendono con IVA inclusa<\/li>\n<li>Garantiamo il ricambio immediato degli elementi difettosi (evento molto raro)<\/li>\n<li><strong>La consulenza telefonica personalizzata <\/strong>\u00e8 inclusa per tutta la durata del noleggio<\/li>\n<\/ul>\n<p>[\/et_pb_text][\/et_pb_column][et_pb_column type=&#8221;1_2&#8243; _builder_version=&#8221;4.16&#8243; custom_padding=&#8221;|||&#8221; global_colors_info=&#8221;{}&#8221; custom_padding__hover=&#8221;|||&#8221;][et_pb_text _builder_version=&#8221;4.16&#8243; background_size=&#8221;initial&#8221; background_position=&#8221;top_left&#8221; background_repeat=&#8221;repeat&#8221; use_border_color=&#8221;off&#8221; border_color=&#8221;#ffffff&#8221; border_style=&#8221;solid&#8221; global_colors_info=&#8221;{}&#8221;]<\/p>\n<h2>Condizioni particolari<\/h2>\n<ul>\n<li>L&#8217;importo minimo del noleggio \u00e8 di CHF 100.-<\/li>\n<li>Tutti i componenti dell&#8217;apparecchio rimangono propriet\u00e0 della Melebi SA. I componenti persi o non restituiti alla Melebi SA al termine del trattamento verranno addebitati al cliente (ad eccezione del rivelatore di urina)<\/li>\n<li>Il cliente si impegna a restituire l&#8217;apparecchio una volta la sua utilizzazione finita il pi\u00f9 presto possibile o dopo scadenza del termine previsto sulla prescrizione medica<\/li>\n<li>Eventuali danni ai componenti dell&#8217;apparecchio verranno addebitati al cliente<\/li>\n<li>Qualora l&#8217;utilizzo del Pip\u00ec-Stop non fosse stato eseguito secondo le modalit\u00e0 indicate, la Melebi SA declina ogni responsabilit\u00e0<\/li>\n<li>Melebi SA si riserva il diritto di comunicare con il medico curante a proposito del trattamento<\/li>\n<\/ul>\n<p>[\/et_pb_text][\/et_pb_column][\/et_pb_row][et_pb_row admin_label=&#8221;row&#8221; _builder_version=&#8221;4.16&#8243; background_size=&#8221;initial&#8221; background_position=&#8221;top_left&#8221; background_repeat=&#8221;repeat&#8221; global_colors_info=&#8221;{}&#8221;][et_pb_column type=&#8221;4_4&#8243; _builder_version=&#8221;4.16&#8243; custom_padding=&#8221;|||&#8221; global_colors_info=&#8221;{}&#8221; custom_padding__hover=&#8221;|||&#8221;][et_pb_divider color=&#8221;#c4c4c4&#8243; disabled_on=&#8221;on|on|off&#8221; _builder_version=&#8221;4.16&#8243; global_colors_info=&#8221;{}&#8221;]&nbsp;<br \/>\n[\/et_pb_divider][\/et_pb_column][\/et_pb_row][et_pb_row admin_label=&#8221;row&#8221; _builder_version=&#8221;4.16&#8243; background_size=&#8221;initial&#8221; background_position=&#8221;top_left&#8221; background_repeat=&#8221;repeat&#8221; global_colors_info=&#8221;{}&#8221;][et_pb_column type=&#8221;4_4&#8243; _builder_version=&#8221;4.16&#8243; custom_padding=&#8221;|||&#8221; global_colors_info=&#8221;{}&#8221; custom_padding__hover=&#8221;|||&#8221;][et_pb_text _builder_version=&#8221;4.16&#8243; background_size=&#8221;initial&#8221; background_position=&#8221;top_left&#8221; background_repeat=&#8221;repeat&#8221; text_orientation=&#8221;center&#8221; module_alignment=&#8221;center&#8221; global_colors_info=&#8221;{}&#8221;]<\/p>\n<h1>Condizioni di noleggio per il braccialetto VIBRA<\/h1>\n<p>[\/et_pb_text][\/et_pb_column][\/et_pb_row][et_pb_row admin_label=&#8221;row&#8221; _builder_version=&#8221;4.16&#8243; background_size=&#8221;initial&#8221; background_position=&#8221;top_left&#8221; background_repeat=&#8221;repeat&#8221; global_colors_info=&#8221;{}&#8221; column_structure=&#8221;1_3,2_3&#8243;][et_pb_column type=&#8221;1_3&#8243; _builder_version=&#8221;4.16&#8243; custom_padding=&#8221;|||&#8221; global_colors_info=&#8221;{}&#8221; custom_padding__hover=&#8221;|||&#8221;][et_pb_image src=&#8221;https:\/\/www.pipi-stop.ch\/wp-content\/uploads\/2015\/07\/VIBRA_Wrist1500x683px-1024&#215;470.png&#8221; align_tablet=&#8221;center&#8221; align_last_edited=&#8221;on|desktop&#8221; _builder_version=&#8221;4.16&#8243; animation_style=&#8221;slide&#8221; animation_direction=&#8221;left&#8221; animation_duration=&#8221;500ms&#8221; animation_intensity_slide=&#8221;10%&#8221; global_colors_info=&#8221;{}&#8221; align_phone=&#8221;center&#8221;]&nbsp;<br \/>\n[\/et_pb_image][\/et_pb_column][et_pb_column type=&#8221;2_3&#8243; _builder_version=&#8221;4.16&#8243; custom_padding=&#8221;|||&#8221; global_colors_info=&#8221;{}&#8221; custom_padding__hover=&#8221;|||&#8221;][et_pb_text _builder_version=&#8221;4.16&#8243; background_size=&#8221;initial&#8221; background_position=&#8221;top_left&#8221; background_repeat=&#8221;repeat&#8221; use_border_color=&#8221;off&#8221; border_color=&#8221;#ffffff&#8221; border_style=&#8221;solid&#8221; global_colors_info=&#8221;{}&#8221;]<\/p>\n<h3>Prezzo di noleggio del braccialetto vibrante VIBRA<\/h3>\n<ul>\n<li>Il noleggio del braccialetto VIBRA costa CHF 1.- al giorno (IVA inclusa)<\/li>\n<li>Le spese di noleggio del braccialetto VIBRA non sono rimborsato dalle casse malattie e sono pertanto interamente a carico dell&#8217;utente<\/li>\n<\/ul>\n<h3>Osservazioni sul braccialetto VIBRA<\/h3>\n<ul>\n<li>Il braccialetto VIBRA pu\u00f2 essere noleggiato unicamente in aggiunta al Pip\u00ec-Stop (apparecchio di base)<\/li>\n<li>Il braccialetto VIBRA pu\u00f2 essere rinviato a qualsiasi momento senza aspettare la fine del trattamento<\/li>\n<li>Le condizioni di noleggio (manutenzione, durata del noleggio e utilizzo) del Pip\u00ec-Stop si applicano anche al braccialetto VIBRA<\/li>\n<\/ul>\n<p>[\/et_pb_text][\/et_pb_column][\/et_pb_row][\/et_pb_section]<\/p>\n","protected":false},"excerpt":{"rendered":"<p>Condizioni di noleggio del Pip\u00ec-Stop \n<table id=\"tablepress-31-no-2\" class=\"tablepress tablepress-id-31\">\n<thead>\n<tr class=\"row-1\">\n\t<th class=\"column-1\">Calcolo del prezzo di noleggio<\/th><th class=\"column-2\"><b>Prezzo<\/b><\/th>\n<\/tr>\n<\/thead>\n<tbody class=\"row-striping\">\n<tr class=\"row-2\">\n\t<td class=\"column-1\">Spese di noleggio<\/td><td class=\"column-2\">3.40 CHF\/giorno<\/td>\n<\/tr>\n<tr class=\"row-3\">\n\t<td class=\"column-1\">Rimborso LAMal<\/td><td class=\"column-2\">0.94 CHF\/giorno *<\/td>\n<\/tr>\n<tr class=\"row-4\">\n\t<td class=\"column-1\"><b>Prezzo a vostre spese<\/b><\/td><td class=\"column-2\"><b>2.46 CHF\/giorno<\/b><\/td>\n<\/tr>\n<\/tbody>\n<\/table>\n<!-- #tablepress-31-no-2 from cache --> Spese di spedizione: 14 CHF (unico) Il numero di giorni di noleggio viene calcolato dal giorno di spedizione dell\u2019apparecchio fino alla restituzione (giorno della ricezione da parte di Melebi SA) di tutti gli elementi costitutivi dell\u2019apparecchio nell&#8217;imballaggio originale, indipendentemente dal fatto che il cliente abbia utilizzato o [&hellip;]<\/p>\n","protected":false},"author":1,"featured_media":0,"parent":2941,"menu_order":3,"comment_status":"open","ping_status":"open","template":"","meta":{"_et_pb_use_builder":"on","_et_pb_old_content":"","_et_gb_content_width":"","inline_featured_image":false,"footnotes":""},"class_list":["post-2943","page","type-page","status-publish","hentry"],"yoast_head":"<!-- This site is optimized with the Yoast SEO Premium plugin v27.3 (Yoast SEO v27.3) - https:\/\/yoast.com\/product\/yoast-seo-premium-wordpress\/ -->\n<title>Condizioni di noleggio | Pipi Stop<\/title>\n<meta name=\"robots\" content=\"index, follow, max-snippet:-1, max-image-preview:large, max-video-preview:-1\" \/>\n<link rel=\"canonical\" href=\"https:\/\/www.pipi-stop.ch\/it\/ordinare\/condizioni-di-noleggio\/\" \/>\n<meta property=\"og:locale\" content=\"it_IT\" \/>\n<meta property=\"og:type\" content=\"article\" \/>\n<meta property=\"og:title\" content=\"Condizioni di noleggio\" \/>\n<meta property=\"og:description\" content=\"Condizioni di noleggio del Pip\u00ec-Stop Spese di spedizione: 14 CHF (unico) Il numero di giorni di noleggio viene calcolato dal giorno di spedizione dell\u2019apparecchio fino alla restituzione (giorno della ricezione da parte di Melebi SA) di tutti gli elementi costitutivi dell\u2019apparecchio nell&#039;imballaggio originale, indipendentemente dal fatto che il cliente abbia utilizzato o [&hellip;]\" \/>\n<meta property=\"og:url\" content=\"https:\/\/www.pipi-stop.ch\/it\/ordinare\/condizioni-di-noleggio\/\" \/>\n<meta property=\"og:site_name\" content=\"Pipi Stop\" \/>\n<meta property=\"article:modified_time\" content=\"2024-01-01T16:16:15+00:00\" \/>\n<meta name=\"twitter:card\" content=\"summary_large_image\" \/>\n<meta name=\"twitter:label1\" content=\"Tempo di lettura stimato\" \/>\n\t<meta name=\"twitter:data1\" content=\"3 minuti\" \/>\n<script type=\"application\/ld+json\" class=\"yoast-schema-graph\">{\"@context\":\"https:\\\/\\\/schema.org\",\"@graph\":[{\"@type\":\"WebPage\",\"@id\":\"https:\\\/\\\/www.pipi-stop.ch\\\/it\\\/ordinare\\\/condizioni-di-noleggio\\\/\",\"url\":\"https:\\\/\\\/www.pipi-stop.ch\\\/it\\\/ordinare\\\/condizioni-di-noleggio\\\/\",\"name\":\"Condizioni di noleggio | Pipi Stop\",\"isPartOf\":{\"@id\":\"https:\\\/\\\/www.pipi-stop.ch\\\/fr\\\/#website\"},\"datePublished\":\"2015-06-25T19:32:25+00:00\",\"dateModified\":\"2024-01-01T16:16:15+00:00\",\"breadcrumb\":{\"@id\":\"https:\\\/\\\/www.pipi-stop.ch\\\/it\\\/ordinare\\\/condizioni-di-noleggio\\\/#breadcrumb\"},\"inLanguage\":\"it-IT\",\"potentialAction\":[{\"@type\":\"ReadAction\",\"target\":[\"https:\\\/\\\/www.pipi-stop.ch\\\/it\\\/ordinare\\\/condizioni-di-noleggio\\\/\"]}]},{\"@type\":\"BreadcrumbList\",\"@id\":\"https:\\\/\\\/www.pipi-stop.ch\\\/it\\\/ordinare\\\/condizioni-di-noleggio\\\/#breadcrumb\",\"itemListElement\":[{\"@type\":\"ListItem\",\"position\":1,\"name\":\"Home\",\"item\":\"https:\\\/\\\/www.pipi-stop.ch\\\/it\\\/\"},{\"@type\":\"ListItem\",\"position\":2,\"name\":\"Ordinare\",\"item\":\"https:\\\/\\\/www.pipi-stop.ch\\\/it\\\/ordinare\\\/\"},{\"@type\":\"ListItem\",\"position\":3,\"name\":\"Condizioni di noleggio\"}]},{\"@type\":\"WebSite\",\"@id\":\"https:\\\/\\\/www.pipi-stop.ch\\\/fr\\\/#website\",\"url\":\"https:\\\/\\\/www.pipi-stop.ch\\\/fr\\\/\",\"name\":\"Pipi Stop\",\"description\":\"\",\"potentialAction\":[{\"@type\":\"SearchAction\",\"target\":{\"@type\":\"EntryPoint\",\"urlTemplate\":\"https:\\\/\\\/www.pipi-stop.ch\\\/fr\\\/?s={search_term_string}\"},\"query-input\":{\"@type\":\"PropertyValueSpecification\",\"valueRequired\":true,\"valueName\":\"search_term_string\"}}],\"inLanguage\":\"it-IT\"}]}<\/script>\n<!-- \/ Yoast SEO Premium plugin. -->","yoast_head_json":{"title":"Condizioni di noleggio | Pipi Stop","robots":{"index":"index","follow":"follow","max-snippet":"max-snippet:-1","max-image-preview":"max-image-preview:large","max-video-preview":"max-video-preview:-1"},"canonical":"https:\/\/www.pipi-stop.ch\/it\/ordinare\/condizioni-di-noleggio\/","og_locale":"it_IT","og_type":"article","og_title":"Condizioni di noleggio","og_description":"Condizioni di noleggio del Pip\u00ec-Stop Spese di spedizione: 14 CHF (unico) Il numero di giorni di noleggio viene calcolato dal giorno di spedizione dell\u2019apparecchio fino alla restituzione (giorno della ricezione da parte di Melebi SA) di tutti gli elementi costitutivi dell\u2019apparecchio nell'imballaggio originale, indipendentemente dal fatto che il cliente abbia utilizzato o [&hellip;]","og_url":"https:\/\/www.pipi-stop.ch\/it\/ordinare\/condizioni-di-noleggio\/","og_site_name":"Pipi Stop","article_modified_time":"2024-01-01T16:16:15+00:00","twitter_card":"summary_large_image","twitter_misc":{"Tempo di lettura stimato":"3 minuti"},"schema":{"@context":"https:\/\/schema.org","@graph":[{"@type":"WebPage","@id":"https:\/\/www.pipi-stop.ch\/it\/ordinare\/condizioni-di-noleggio\/","url":"https:\/\/www.pipi-stop.ch\/it\/ordinare\/condizioni-di-noleggio\/","name":"Condizioni di noleggio | Pipi Stop","isPartOf":{"@id":"https:\/\/www.pipi-stop.ch\/fr\/#website"},"datePublished":"2015-06-25T19:32:25+00:00","dateModified":"2024-01-01T16:16:15+00:00","breadcrumb":{"@id":"https:\/\/www.pipi-stop.ch\/it\/ordinare\/condizioni-di-noleggio\/#breadcrumb"},"inLanguage":"it-IT","potentialAction":[{"@type":"ReadAction","target":["https:\/\/www.pipi-stop.ch\/it\/ordinare\/condizioni-di-noleggio\/"]}]},{"@type":"BreadcrumbList","@id":"https:\/\/www.pipi-stop.ch\/it\/ordinare\/condizioni-di-noleggio\/#breadcrumb","itemListElement":[{"@type":"ListItem","position":1,"name":"Home","item":"https:\/\/www.pipi-stop.ch\/it\/"},{"@type":"ListItem","position":2,"name":"Ordinare","item":"https:\/\/www.pipi-stop.ch\/it\/ordinare\/"},{"@type":"ListItem","position":3,"name":"Condizioni di noleggio"}]},{"@type":"WebSite","@id":"https:\/\/www.pipi-stop.ch\/fr\/#website","url":"https:\/\/www.pipi-stop.ch\/fr\/","name":"Pipi Stop","description":"","potentialAction":[{"@type":"SearchAction","target":{"@type":"EntryPoint","urlTemplate":"https:\/\/www.pipi-stop.ch\/fr\/?s={search_term_string}"},"query-input":{"@type":"PropertyValueSpecification","valueRequired":true,"valueName":"search_term_string"}}],"inLanguage":"it-IT"}]}},"_links":{"self":[{"href":"https:\/\/www.pipi-stop.ch\/it\/wp-json\/wp\/v2\/pages\/2943","targetHints":{"allow":["GET"]}}],"collection":[{"href":"https:\/\/www.pipi-stop.ch\/it\/wp-json\/wp\/v2\/pages"}],"about":[{"href":"https:\/\/www.pipi-stop.ch\/it\/wp-json\/wp\/v2\/types\/page"}],"author":[{"embeddable":true,"href":"https:\/\/www.pipi-stop.ch\/it\/wp-json\/wp\/v2\/users\/1"}],"replies":[{"embeddable":true,"href":"https:\/\/www.pipi-stop.ch\/it\/wp-json\/wp\/v2\/comments?post=2943"}],"version-history":[{"count":43,"href":"https:\/\/www.pipi-stop.ch\/it\/wp-json\/wp\/v2\/pages\/2943\/revisions"}],"predecessor-version":[{"id":16189,"href":"https:\/\/www.pipi-stop.ch\/it\/wp-json\/wp\/v2\/pages\/2943\/revisions\/16189"}],"up":[{"embeddable":true,"href":"https:\/\/www.pipi-stop.ch\/it\/wp-json\/wp\/v2\/pages\/2941"}],"wp:attachment":[{"href":"https:\/\/www.pipi-stop.ch\/it\/wp-json\/wp\/v2\/media?parent=2943"}],"curies":[{"name":"wp","href":"https:\/\/api.w.org\/{rel}","templated":true}]}}