{"id":2933,"date":"2015-06-25T19:30:12","date_gmt":"2015-06-25T19:30:12","guid":{"rendered":"http:\/\/pipi-stop.version-demo.ch\/?page_id=2933"},"modified":"2021-03-30T08:43:18","modified_gmt":"2021-03-30T08:43:18","slug":"pipi-a-letto","status":"publish","type":"page","link":"https:\/\/www.pipi-stop.ch\/it\/pipi-a-letto\/","title":{"rendered":"Pip\u00ec a letto"},"content":{"rendered":"<p>[et_pb_section fb_built=&#8221;1&#8243; module_class=&#8221;main-h1-title&#8221; _builder_version=&#8221;3.22&#8243; background_color=&#8221;#ffffff&#8221; transparent_background=&#8221;off&#8221;][et_pb_row _builder_version=&#8221;3.25&#8243; background_size=&#8221;initial&#8221; background_position=&#8221;top_left&#8221; background_repeat=&#8221;repeat&#8221;][et_pb_column type=&#8221;4_4&#8243; _builder_version=&#8221;3.25&#8243; custom_padding=&#8221;|||&#8221; custom_padding__hover=&#8221;|||&#8221;][et_pb_text admin_label=&#8221;h1&#8243; _builder_version=&#8221;3.27.4&#8243; background_size=&#8221;initial&#8221; background_position=&#8221;top_left&#8221; background_repeat=&#8221;repeat&#8221; text_orientation=&#8221;center&#8221; module_alignment=&#8221;center&#8221;]<\/p>\n<h1>Informazioni generali sul fenomeno della\u00a0pip\u00ec a letto<\/h1>\n<p>[\/et_pb_text][\/et_pb_column][\/et_pb_row][et_pb_row column_structure=&#8221;2_3,1_3&#8243; _builder_version=&#8221;3.25&#8243; background_size=&#8221;initial&#8221; background_position=&#8221;top_left&#8221; background_repeat=&#8221;repeat&#8221;][et_pb_column type=&#8221;2_3&#8243; _builder_version=&#8221;3.25&#8243; custom_padding=&#8221;|||&#8221; custom_padding__hover=&#8221;|||&#8221;][et_pb_text admin_label=&#8221;Texte&#8221; _builder_version=&#8221;4.9.0&#8243; background_size=&#8221;initial&#8221; background_position=&#8221;top_left&#8221; background_repeat=&#8221;repeat&#8221;]<\/p>\n<div id=\"c450\" class=\"csc-default\">\n<p class=\"align-justify\">A partire <strong>dall&#8217;et\u00e0 di 5 anni<\/strong>,\u00a0la\u00a0perdita involontaria e inconsapevole di urina durante il sonno \u00e8 considerata\u00a0una\u00a0patologia\u00a0chiamata, in termini medici,\u00a0enuresi notturna.<\/p>\n<p>Questo problema \u00e8 <strong>molto pi\u00f9 frequente di quanto ci si immagina<\/strong>, tuttavia resta un tab\u00f9!<\/p>\n<p class=\"align-justify\">All&#8217;et\u00e0 di 6 anni, pi\u00f9 di un bambino su dieci\u00a0soffre di enuresi notturna. Il bambino che ne \u00e8 affetto soffre\u00a0molto, cos\u00ec\u00a0come\u00a0la sua famiglia,\u00a0perch\u00e9 si sentono\u00a0sotto pressione.<\/p>\n<\/div>\n<p>[\/et_pb_text][\/et_pb_column][et_pb_column type=&#8221;1_3&#8243; _builder_version=&#8221;3.25&#8243; custom_padding=&#8221;|||&#8221; custom_padding__hover=&#8221;|||&#8221;][et_pb_text admin_label=&#8221;Table&#8221; _builder_version=&#8221;3.27.4&#8243; background_size=&#8221;initial&#8221; background_position=&#8221;top_left&#8221; background_repeat=&#8221;repeat&#8221;]\n<table id=\"tablepress-13\" class=\"tablepress tablepress-id-13 table1\">\n<thead>\n<tr class=\"row-1\">\n\t<th colspan=\"2\" class=\"column-1\">Enuresi notturna - frequenza<\/th>\n<\/tr>\n<\/thead>\n<tbody>\n<tr class=\"row-2\">\n\t<td class=\"column-1\"><strong>Et\u00e0<\/strong><\/td><td class=\"column-2\"><strong>% dei bambini<\/strong><\/td>\n<\/tr>\n<tr class=\"row-3\">\n\t<td class=\"column-1\">5 anni<\/td><td class=\"column-2\">15-20%<\/td>\n<\/tr>\n<tr class=\"row-4\">\n\t<td class=\"column-1\">6 anni<\/td><td class=\"column-2\">10-15%<\/td>\n<\/tr>\n<tr class=\"row-5\">\n\t<td class=\"column-1\">10 anni<\/td><td class=\"column-2\">circa 6%<\/td>\n<\/tr>\n<tr class=\"row-6\">\n\t<td class=\"column-1\">adolescenti<\/td><td class=\"column-2\">1-2%<\/td>\n<\/tr>\n<\/tbody>\n<\/table>\n<!-- #tablepress-13 from cache -->[\/et_pb_text][et_pb_text admin_label=&#8221;Texte&#8221; _builder_version=&#8221;4.9.0&#8243; background_size=&#8221;initial&#8221; background_position=&#8221;top_left&#8221; background_repeat=&#8221;repeat&#8221; text_orientation=&#8221;center&#8221; module_alignment=&#8221;center&#8221; hover_enabled=&#8221;0&#8243; sticky_enabled=&#8221;0&#8243;]<\/p>\n<p><a href=\"https:\/\/www.pipi-stop.ch\/it\/pipi-a-letto\/studi\/\">Fonti: vedere Studi<\/a><\/p>\n<p>[\/et_pb_text][\/et_pb_column][\/et_pb_row][et_pb_row column_structure=&#8221;2_3,1_3&#8243; _builder_version=&#8221;3.25&#8243; background_size=&#8221;initial&#8221; background_position=&#8221;top_left&#8221; background_repeat=&#8221;repeat&#8221;][et_pb_column type=&#8221;2_3&#8243; _builder_version=&#8221;3.25&#8243; custom_padding=&#8221;|||&#8221; custom_padding__hover=&#8221;|||&#8221;][et_pb_text admin_label=&#8221;Texte&#8221; _builder_version=&#8221;3.27.4&#8243; background_size=&#8221;initial&#8221; background_position=&#8221;top_left&#8221; background_repeat=&#8221;repeat&#8221;]<\/p>\n<h2>Ereditariet\u00e0<\/h2>\n<p>Gli studi pi\u00f9 recenti affermano che questa malattia pu\u00f2 essere ereditaria e che i maschi\u00a0sono maggiormente\u00a0colpiti rispetto alle\u00a0femmine.<br \/>\n[\/et_pb_text][\/et_pb_column][et_pb_column type=&#8221;1_3&#8243; _builder_version=&#8221;3.25&#8243; custom_padding=&#8221;|||&#8221; custom_padding__hover=&#8221;|||&#8221;][et_pb_text admin_label=&#8221;Table 2&#8243; _builder_version=&#8221;3.27.4&#8243; background_size=&#8221;initial&#8221; background_position=&#8221;top_left&#8221; background_repeat=&#8221;repeat&#8221;]\n<table id=\"tablepress-14\" class=\"tablepress tablepress-id-14\">\n<thead>\n<tr class=\"row-1\">\n\t<th colspan=\"2\" class=\"column-1\"><strong> Enuresi notturna \u2013 Ereditariet\u00e0<br> (% dei bambini)<\/strong><\/th>\n<\/tr>\n<\/thead>\n<tbody>\n<tr class=\"row-2\">\n\t<td class=\"column-1\">Nessun caso nella famiglia<\/td><td class=\"column-2\">15%<\/td>\n<\/tr>\n<tr class=\"row-3\">\n\t<td class=\"column-1\">1 genitore enuretico<\/td><td class=\"column-2\">45%<\/td>\n<\/tr>\n<tr class=\"row-4\">\n\t<td class=\"column-1\">2 genitori enuretici<\/td><td class=\"column-2\">77%<\/td>\n<\/tr>\n<\/tbody>\n<\/table>\n<!-- #tablepress-14 from cache -->[\/et_pb_text][et_pb_text admin_label=&#8221;Texte&#8221; _builder_version=&#8221;4.9.0&#8243; background_size=&#8221;initial&#8221; background_position=&#8221;top_left&#8221; background_repeat=&#8221;repeat&#8221; text_orientation=&#8221;center&#8221; module_alignment=&#8221;center&#8221; hover_enabled=&#8221;0&#8243; sticky_enabled=&#8221;0&#8243;]<\/p>\n<p><a href=\"https:\/\/www.pipi-stop.ch\/it\/pipi-a-letto\/studi\/\">Fonti: vedere Studi<\/a><\/p>\n<p>[\/et_pb_text][\/et_pb_column][\/et_pb_row][et_pb_row column_structure=&#8221;1_4,1_4,1_2&#8243; _builder_version=&#8221;3.25&#8243; background_size=&#8221;initial&#8221; background_position=&#8221;top_left&#8221; background_repeat=&#8221;repeat&#8221;][et_pb_column type=&#8221;1_4&#8243; _builder_version=&#8221;3.25&#8243; custom_padding=&#8221;|||&#8221; custom_padding__hover=&#8221;|||&#8221;][et_pb_image src=&#8221;https:\/\/www.pipi-stop.ch\/wp-content\/uploads\/2014\/12\/enfant-osculte-ours.jpg&#8221; url=&#8221;https:\/\/www.pipi-stop.ch\/it\/pipi-a-letto\/cause-pipi-a-letto\/&#8221; align_tablet=&#8221;center&#8221; align_phone=&#8221;&#8221; align_last_edited=&#8221;on|desktop&#8221; admin_label=&#8221;Image&#8221; _builder_version=&#8221;3.23&#8243; animation_style=&#8221;slide&#8221; animation_direction=&#8221;left&#8221; animation_duration=&#8221;500ms&#8221; animation_intensity_slide=&#8221;10%&#8221; animation=&#8221;left&#8221; sticky=&#8221;off&#8221;][\/et_pb_image][et_pb_text admin_label=&#8221;Texte&#8221; _builder_version=&#8221;4.9.0&#8243; background_size=&#8221;initial&#8221; background_position=&#8221;top_left&#8221; background_repeat=&#8221;repeat&#8221; text_orientation=&#8221;center&#8221; module_alignment=&#8221;center&#8221;]<\/p>\n<p><strong><a href=\"https:\/\/www.pipi-stop.ch\/it\/pipi-a-letto\/cause-pipi-a-letto\/\">Le cause<\/a><\/strong><\/p>\n<p>[\/et_pb_text][\/et_pb_column][et_pb_column type=&#8221;1_4&#8243; _builder_version=&#8221;3.25&#8243; custom_padding=&#8221;|||&#8221; custom_padding__hover=&#8221;|||&#8221;][et_pb_image src=&#8221;https:\/\/www.pipi-stop.ch\/wp-content\/uploads\/2014\/12\/docteur-question.jpg&#8221; url=&#8221;https:\/\/www.pipi-stop.ch\/it\/pipi-a-letto\/bisogna-trattare\/&#8221; align_tablet=&#8221;center&#8221; align_phone=&#8221;&#8221; align_last_edited=&#8221;on|desktop&#8221; admin_label=&#8221;Image&#8221; _builder_version=&#8221;3.23&#8243; animation_style=&#8221;slide&#8221; animation_direction=&#8221;left&#8221; animation_duration=&#8221;500ms&#8221; animation_intensity_slide=&#8221;10%&#8221; animation=&#8221;left&#8221; sticky=&#8221;off&#8221;][\/et_pb_image][et_pb_text admin_label=&#8221;Texte&#8221; _builder_version=&#8221;4.9.0&#8243; background_size=&#8221;initial&#8221; background_position=&#8221;top_left&#8221; background_repeat=&#8221;repeat&#8221; text_orientation=&#8221;center&#8221; module_alignment=&#8221;center&#8221;]<\/p>\n<p><strong><a href=\"https:\/\/www.pipi-stop.ch\/it\/pipi-a-letto\/bisogna-trattare\/\">Bisogna\u00a0curare l&#8217;enuresi?<\/a><\/strong><\/p>\n<p>[\/et_pb_text][\/et_pb_column][et_pb_column type=&#8221;1_2&#8243; _builder_version=&#8221;3.25&#8243; custom_padding=&#8221;|||&#8221; custom_padding__hover=&#8221;|||&#8221;][et_pb_text admin_label=&#8221;Texte&#8221; _builder_version=&#8221;3.27.4&#8243; background_size=&#8221;initial&#8221; background_position=&#8221;top_left&#8221; background_repeat=&#8221;repeat&#8221;]<\/p>\n<h2>\u00c8 possibile guarire<\/h2>\n<p>\u00c8 meglio non drammatizzare, perch\u00e9\u00a0vostro\u00a0figlio pu\u00f2 guarire e riprendere fiducia in se stesso. \u00c8 possibile\u00a0aiutare il bambino nei suoi sforzi per non fare pi\u00f9 la pip\u00ec a letto. Per cominciare, incoraggiatelo ed evitate di farlo sentire in colpa<strong>.<\/strong><br \/>\n[\/et_pb_text][\/et_pb_column][\/et_pb_row][\/et_pb_section]<\/p>\n","protected":false},"excerpt":{"rendered":"<p>Informazioni generali sul fenomeno della\u00a0pip\u00ec a letto A partire dall&#8217;et\u00e0 di 5 anni,\u00a0la\u00a0perdita involontaria e inconsapevole di urina durante il sonno \u00e8 considerata\u00a0una\u00a0patologia\u00a0chiamata, in termini medici,\u00a0enuresi notturna. Questo problema \u00e8 molto pi\u00f9 frequente di quanto ci si immagina, tuttavia resta un tab\u00f9! All&#8217;et\u00e0 di 6 anni, pi\u00f9 di un bambino su dieci\u00a0soffre di enuresi notturna. [&hellip;]<\/p>\n","protected":false},"author":1,"featured_media":0,"parent":0,"menu_order":76,"comment_status":"open","ping_status":"closed","template":"","meta":{"_et_pb_use_builder":"on","_et_pb_old_content":"<p>[et_pb_section transparent_background=\"off\" background_color=\"#ffffff\" allow_player_pause=\"off\" inner_shadow=\"off\" parallax=\"off\" parallax_method=\"off\" module_class=\"main-h1-title\"][et_pb_row][et_pb_column type=\"4_4\"][et_pb_text admin_label=\"h1\" background_layout=\"light\" text_orientation=\"center\"]<\/p><h1>Allgemeine Informationen \u00fcber das Bettn\u00e4ssen<\/h1><p>[\/et_pb_text][\/et_pb_column][\/et_pb_row][et_pb_row][et_pb_column type=\"2_3\"][et_pb_text admin_label=\"Texte\" background_layout=\"light\" text_orientation=\"left\"]<\/p><p class=\"align-justify\">Ab 5 Jahren wird das unabsichtiliche und unbewusste Wasserlassen w\u00e4hrend des Schlafs als Krankheit betrachtet und wird dann fachmedizinisch \"Enuresis nocturna\" genannt.<\/p><p class=\"align-justify\">Dieses Problem ist viel h\u00e4ufiger als gemeinhin angenommen. Trotzdem bleibt es ein Tabuthema.<\/p><p>Mit 6 Jahren ist mehr als ein Zehntel der Kinder von der n\u00e4chtlichen Enuresis betroffen. Das davon beeintr\u00e4chtigte Kind leidet sehr darunter, wie auch die ganze Familie, die auf diese Weise unter Druck gesetzt wird. [\/et_pb_text][\/et_pb_column][et_pb_column type=\"1_3\"][et_pb_text admin_label=\"Table\" background_layout=\"light\" text_orientation=\"left\"][table id=3 \/][\/et_pb_text][et_pb_text admin_label=\"Texte\" background_layout=\"light\" text_orientation=\"center\"] <a href=\"http:\/\/www.pipi-stop.ch\/bettnaessen\/studien\/\">Siehe Studien<\/a> [\/et_pb_text][\/et_pb_column][\/et_pb_row][et_pb_row][et_pb_column type=\"2_3\"][et_pb_text admin_label=\"Texte\" background_layout=\"light\" text_orientation=\"left\"]<\/p><h2>Vererbung<\/h2><p>Verschiedene neuere Studien ergeben, dass diese Krankheit erblich sein kann und dass mehr Knaben als M\u00e4dchen davon betroffen sind. [\/et_pb_text][\/et_pb_column][et_pb_column type=\"1_3\"][et_pb_text admin_label=\"Table 2\" background_layout=\"light\" text_orientation=\"left\"][table id=4 \/][\/et_pb_text][et_pb_text admin_label=\"Texte\" background_layout=\"light\" text_orientation=\"center\"] <a href=\"http:\/\/www.pipi-stop.ch\/bettnaessen\/studien\/\">Siehe Studien<\/a> [\/et_pb_text][\/et_pb_column][\/et_pb_row][et_pb_row][et_pb_column type=\"1_4\"][et_pb_image admin_label=\"Image\" src=\"http:\/\/www.pipi-stop.ch\/wp-content\/uploads\/2014\/12\/enfant-osculte-ours.jpg\" show_in_lightbox=\"off\" url_new_window=\"off\" animation=\"left\" sticky=\"off\" url=\"http:\/\/www.pipi-stop.ch\/ursachen-bettnaessen\/\" \/][et_pb_text admin_label=\"Texte\" background_layout=\"light\" text_orientation=\"center\"] <strong><a href=\"http:\/\/www.pipi-stop.ch\/enuresis\/ursachen-bettnaessen\/\">Die Ursachen<\/a><\/strong> [\/et_pb_text][\/et_pb_column][et_pb_column type=\"1_4\"][et_pb_image admin_label=\"Image\" src=\"http:\/\/www.pipi-stop.ch\/wp-content\/uploads\/2014\/12\/docteur-question.jpg\" show_in_lightbox=\"off\" url_new_window=\"off\" animation=\"left\" sticky=\"off\" url=\"http:\/\/www.pipi-stop.ch\/muss-behandelt-werden\/\" \/][et_pb_text admin_label=\"Texte\" background_layout=\"light\" text_orientation=\"center\"] <strong><a href=\"http:\/\/www.pipi-stop.ch\/enuresis\/muss-man-behandeln\/\">Muss behandelt werden?<\/a><\/strong> [\/et_pb_text][\/et_pb_column][et_pb_column type=\"1_2\"][et_pb_text admin_label=\"Texte\" background_layout=\"light\" text_orientation=\"left\"]<\/p><h2><strong>Man kann geheilt werden<\/strong><\/h2><p class=\"align-justify\">Es ist besser, nicht zu dramatisieren, denn Ihr Kind kann geheilt werden und wieder Selbstvertrauen gewinnen. Es ist m\u00f6glich einem Kind bei seinen Anstrengungen zu helfen, sein Bett nicht mehr zu n\u00e4ssen. Zuerst muss man es ermutigen und vermeiden Schuldgef\u00fchle zu wecken.<\/p><p>[\/et_pb_text][\/et_pb_column][\/et_pb_row][\/et_pb_section]<\/p>","_et_gb_content_width":"","inline_featured_image":false,"footnotes":""},"class_list":["post-2933","page","type-page","status-publish","hentry"],"yoast_head":"<!-- This site is optimized with the Yoast SEO Premium plugin v27.3 (Yoast SEO v27.3) - https:\/\/yoast.com\/product\/yoast-seo-premium-wordpress\/ -->\n<title>Pip\u00ec a letto | Pipi Stop<\/title>\n<meta name=\"robots\" content=\"index, follow, max-snippet:-1, max-image-preview:large, max-video-preview:-1\" \/>\n<link rel=\"canonical\" href=\"https:\/\/www.pipi-stop.ch\/it\/pipi-a-letto\/\" \/>\n<meta property=\"og:locale\" content=\"it_IT\" \/>\n<meta property=\"og:type\" content=\"article\" \/>\n<meta property=\"og:title\" content=\"Pip\u00ec a letto\" \/>\n<meta property=\"og:description\" content=\"Informazioni generali sul fenomeno della\u00a0pip\u00ec a letto A partire dall&#039;et\u00e0 di 5 anni,\u00a0la\u00a0perdita involontaria e inconsapevole di urina durante il sonno \u00e8 considerata\u00a0una\u00a0patologia\u00a0chiamata, in termini medici,\u00a0enuresi notturna. Questo problema \u00e8 molto pi\u00f9 frequente di quanto ci si immagina, tuttavia resta un tab\u00f9! All&#039;et\u00e0 di 6 anni, pi\u00f9 di un bambino su dieci\u00a0soffre di enuresi notturna. [&hellip;]\" \/>\n<meta property=\"og:url\" content=\"https:\/\/www.pipi-stop.ch\/it\/pipi-a-letto\/\" \/>\n<meta property=\"og:site_name\" content=\"Pipi Stop\" \/>\n<meta property=\"article:modified_time\" content=\"2021-03-30T08:43:18+00:00\" \/>\n<meta name=\"twitter:card\" content=\"summary_large_image\" \/>\n<meta name=\"twitter:label1\" content=\"Tempo di lettura stimato\" \/>\n\t<meta name=\"twitter:data1\" content=\"4 minuti\" \/>\n<script type=\"application\/ld+json\" class=\"yoast-schema-graph\">{\"@context\":\"https:\\\/\\\/schema.org\",\"@graph\":[{\"@type\":\"WebPage\",\"@id\":\"https:\\\/\\\/www.pipi-stop.ch\\\/it\\\/pipi-a-letto\\\/\",\"url\":\"https:\\\/\\\/www.pipi-stop.ch\\\/it\\\/pipi-a-letto\\\/\",\"name\":\"Pip\u00ec a letto | Pipi Stop\",\"isPartOf\":{\"@id\":\"https:\\\/\\\/www.pipi-stop.ch\\\/fr\\\/#website\"},\"datePublished\":\"2015-06-25T19:30:12+00:00\",\"dateModified\":\"2021-03-30T08:43:18+00:00\",\"breadcrumb\":{\"@id\":\"https:\\\/\\\/www.pipi-stop.ch\\\/it\\\/pipi-a-letto\\\/#breadcrumb\"},\"inLanguage\":\"it-IT\",\"potentialAction\":[{\"@type\":\"ReadAction\",\"target\":[\"https:\\\/\\\/www.pipi-stop.ch\\\/it\\\/pipi-a-letto\\\/\"]}]},{\"@type\":\"BreadcrumbList\",\"@id\":\"https:\\\/\\\/www.pipi-stop.ch\\\/it\\\/pipi-a-letto\\\/#breadcrumb\",\"itemListElement\":[{\"@type\":\"ListItem\",\"position\":1,\"name\":\"Home\",\"item\":\"https:\\\/\\\/www.pipi-stop.ch\\\/it\\\/\"},{\"@type\":\"ListItem\",\"position\":2,\"name\":\"Pip\u00ec a letto\"}]},{\"@type\":\"WebSite\",\"@id\":\"https:\\\/\\\/www.pipi-stop.ch\\\/fr\\\/#website\",\"url\":\"https:\\\/\\\/www.pipi-stop.ch\\\/fr\\\/\",\"name\":\"Pipi Stop\",\"description\":\"\",\"potentialAction\":[{\"@type\":\"SearchAction\",\"target\":{\"@type\":\"EntryPoint\",\"urlTemplate\":\"https:\\\/\\\/www.pipi-stop.ch\\\/fr\\\/?s={search_term_string}\"},\"query-input\":{\"@type\":\"PropertyValueSpecification\",\"valueRequired\":true,\"valueName\":\"search_term_string\"}}],\"inLanguage\":\"it-IT\"}]}<\/script>\n<!-- \/ Yoast SEO Premium plugin. -->","yoast_head_json":{"title":"Pip\u00ec a letto | Pipi Stop","robots":{"index":"index","follow":"follow","max-snippet":"max-snippet:-1","max-image-preview":"max-image-preview:large","max-video-preview":"max-video-preview:-1"},"canonical":"https:\/\/www.pipi-stop.ch\/it\/pipi-a-letto\/","og_locale":"it_IT","og_type":"article","og_title":"Pip\u00ec a letto","og_description":"Informazioni generali sul fenomeno della\u00a0pip\u00ec a letto A partire dall'et\u00e0 di 5 anni,\u00a0la\u00a0perdita involontaria e inconsapevole di urina durante il sonno \u00e8 considerata\u00a0una\u00a0patologia\u00a0chiamata, in termini medici,\u00a0enuresi notturna. Questo problema \u00e8 molto pi\u00f9 frequente di quanto ci si immagina, tuttavia resta un tab\u00f9! All'et\u00e0 di 6 anni, pi\u00f9 di un bambino su dieci\u00a0soffre di enuresi notturna. [&hellip;]","og_url":"https:\/\/www.pipi-stop.ch\/it\/pipi-a-letto\/","og_site_name":"Pipi Stop","article_modified_time":"2021-03-30T08:43:18+00:00","twitter_card":"summary_large_image","twitter_misc":{"Tempo di lettura stimato":"4 minuti"},"schema":{"@context":"https:\/\/schema.org","@graph":[{"@type":"WebPage","@id":"https:\/\/www.pipi-stop.ch\/it\/pipi-a-letto\/","url":"https:\/\/www.pipi-stop.ch\/it\/pipi-a-letto\/","name":"Pip\u00ec a letto | Pipi Stop","isPartOf":{"@id":"https:\/\/www.pipi-stop.ch\/fr\/#website"},"datePublished":"2015-06-25T19:30:12+00:00","dateModified":"2021-03-30T08:43:18+00:00","breadcrumb":{"@id":"https:\/\/www.pipi-stop.ch\/it\/pipi-a-letto\/#breadcrumb"},"inLanguage":"it-IT","potentialAction":[{"@type":"ReadAction","target":["https:\/\/www.pipi-stop.ch\/it\/pipi-a-letto\/"]}]},{"@type":"BreadcrumbList","@id":"https:\/\/www.pipi-stop.ch\/it\/pipi-a-letto\/#breadcrumb","itemListElement":[{"@type":"ListItem","position":1,"name":"Home","item":"https:\/\/www.pipi-stop.ch\/it\/"},{"@type":"ListItem","position":2,"name":"Pip\u00ec a letto"}]},{"@type":"WebSite","@id":"https:\/\/www.pipi-stop.ch\/fr\/#website","url":"https:\/\/www.pipi-stop.ch\/fr\/","name":"Pipi Stop","description":"","potentialAction":[{"@type":"SearchAction","target":{"@type":"EntryPoint","urlTemplate":"https:\/\/www.pipi-stop.ch\/fr\/?s={search_term_string}"},"query-input":{"@type":"PropertyValueSpecification","valueRequired":true,"valueName":"search_term_string"}}],"inLanguage":"it-IT"}]}},"_links":{"self":[{"href":"https:\/\/www.pipi-stop.ch\/it\/wp-json\/wp\/v2\/pages\/2933","targetHints":{"allow":["GET"]}}],"collection":[{"href":"https:\/\/www.pipi-stop.ch\/it\/wp-json\/wp\/v2\/pages"}],"about":[{"href":"https:\/\/www.pipi-stop.ch\/it\/wp-json\/wp\/v2\/types\/page"}],"author":[{"embeddable":true,"href":"https:\/\/www.pipi-stop.ch\/it\/wp-json\/wp\/v2\/users\/1"}],"replies":[{"embeddable":true,"href":"https:\/\/www.pipi-stop.ch\/it\/wp-json\/wp\/v2\/comments?post=2933"}],"version-history":[{"count":22,"href":"https:\/\/www.pipi-stop.ch\/it\/wp-json\/wp\/v2\/pages\/2933\/revisions"}],"predecessor-version":[{"id":13070,"href":"https:\/\/www.pipi-stop.ch\/it\/wp-json\/wp\/v2\/pages\/2933\/revisions\/13070"}],"wp:attachment":[{"href":"https:\/\/www.pipi-stop.ch\/it\/wp-json\/wp\/v2\/media?parent=2933"}],"curies":[{"name":"wp","href":"https:\/\/api.w.org\/{rel}","templated":true}]}}