{"id":4263,"date":"2015-08-04T09:19:22","date_gmt":"2015-08-04T09:19:22","guid":{"rendered":"http:\/\/pipi-stop.version-demo.ch\/?page_id=4263"},"modified":"2021-02-23T11:22:43","modified_gmt":"2021-02-23T11:22:43","slug":"commande-vibra","status":"publish","type":"page","link":"https:\/\/www.pipi-stop.ch\/fr\/commander\/commande-vibra\/","title":{"rendered":"Commande du VIBRA en cours de cure"},"content":{"rendered":"<p>[et_pb_section fb_built=\u00a0\u00bb1&Prime; admin_label=\u00a0\u00bbsection\u00a0\u00bb module_class=\u00a0\u00bbsection_formulaire\u00a0\u00bb _builder_version=\u00a0\u00bb3.22&Prime; background_color=\u00a0\u00bb#ffffff\u00a0\u00bb transparent_background=\u00a0\u00bboff\u00a0\u00bb][et_pb_row admin_label=\u00a0\u00bbrow\u00a0\u00bb _builder_version=\u00a0\u00bb3.25&Prime; background_size=\u00a0\u00bbinitial\u00a0\u00bb background_position=\u00a0\u00bbtop_left\u00a0\u00bb background_repeat=\u00a0\u00bbrepeat\u00a0\u00bb][et_pb_column type=\u00a0\u00bb4_4&Prime; _builder_version=\u00a0\u00bb3.25&Prime; custom_padding=\u00a0\u00bb|||\u00a0\u00bb custom_padding__hover=\u00a0\u00bb|||\u00a0\u00bb][et_pb_text _builder_version=\u00a0\u00bb3.27.4&Prime; background_size=\u00a0\u00bbinitial\u00a0\u00bb background_position=\u00a0\u00bbtop_left\u00a0\u00bb background_repeat=\u00a0\u00bbrepeat\u00a0\u00bb]<\/p>\n<h1 style=\"text-align: center;\">Commande du VIBRA en cours de cure<\/h1>\n<p>Vous pouvez \u00e9galement commander le VIBRA en cours de th\u00e9rapie. Dans ce cas, veuillez remplir le formulaire de commande en ligne ci-dessous ou remplir et nous retourner le PDF.<br \/>\n[\/et_pb_text][\/et_pb_column][\/et_pb_row][et_pb_row admin_label=\u00a0\u00bbrow\u00a0\u00bb _builder_version=\u00a0\u00bb3.25&Prime; background_size=\u00a0\u00bbinitial\u00a0\u00bb background_position=\u00a0\u00bbtop_left\u00a0\u00bb background_repeat=\u00a0\u00bbrepeat\u00a0\u00bb column_structure=\u00a0\u00bb1_2,1_2&Prime;][et_pb_column type=\u00a0\u00bb1_2&Prime; _builder_version=\u00a0\u00bb3.25&Prime; custom_padding=\u00a0\u00bb|||\u00a0\u00bb custom_padding__hover=\u00a0\u00bb|||\u00a0\u00bb][et_pb_text _builder_version=\u00a0\u00bb3.27.4&Prime; background_size=\u00a0\u00bbinitial\u00a0\u00bb background_position=\u00a0\u00bbtop_left\u00a0\u00bb background_repeat=\u00a0\u00bbrepeat\u00a0\u00bb]<\/p>\n<h1 style=\"text-align: center;\">Formulaire de commande du VIBRA en cours de cure<\/h1>\n<p>[\/et_pb_text][et_pb_text module_class=\u00a0\u00bbformulaire\u00a0\u00bb _builder_version=\u00a0\u00bb3.27.4&Prime; background_size=\u00a0\u00bbinitial\u00a0\u00bb background_position=\u00a0\u00bbtop_left\u00a0\u00bb background_repeat=\u00a0\u00bbrepeat\u00a0\u00bb]<\/p>\n<p style=\"text-align: left;\"><form method=\"post\" enctype=\"multipart\/form-data\" id=\"vfbp-form-13\" class=\"vfbp-form\"><div style=\"display:none;\"><label for=\"vfbp-EMAIL-AN8fuQyoDLXem\">Si vous \u00eates humain, laissez ce champ vide.<\/label><input size=\"25\" autocomplete=\"off\" type=\"text\" name=\"vfbp-EMAIL-AN8fuQyoDLXem\" value=\"\" id=\"\"><\/div><input type=\"hidden\" name=\"_vfb-timestamp-13\" value=\"1776512285\" id=\"\"><input type=\"hidden\" name=\"_vfb-form-id\" value=\"13\" id=\"\"><div class=\"vfb-form-group vfb-col-12\"><div><h2 class=\"\">Commande du VIBRA en cours de cure<\/h2><span class=\"vfb-help-block\">Pour commander le VIBRA en cours de cure, <strong>vous devez d\u00e9j\u00e0 avoir l'appareil Pipi-Stop chez vous<\/strong>.\r\n\r\nSi ce n'est pas le cas, veuillez commandez l'appareil Pipi-Stop et le VIBRA en m\u00eame temps en utilisant <strong><a href=\"https:\/\/www.pipi-stop.ch\/wp-content\/uploads\/2019\/03\/contrat-de-location_FR_mars-2019.pdf\" target=\"_blank\" rel=\"noopener\">cet autre formulaire<\/a><\/strong>.<\/span><\/div><\/div><div class=\"vfb-col-12 vfb-fieldType-heading\" id=\"vfbField288\"><\/div><div class=\"vfb-clearfix\"><\/div><div class=\"vfb-well vfb-col-12\" id=\"vfbField289\"><div class=\"vfb-form-group vfb-col-12\"><div><h3 class=\"\">Coordonn\u00e9es du patient<\/h3><span class=\"vfb-help-block\">Merci de donner uniquement les donn\u00e9es concernant la personne trait\u00e9e.<\/span><\/div><\/div><div class=\"vfb-col-12 vfb-fieldType-heading\" id=\"vfbField289\"><\/div><div class=\"vfb-clearfix\"><\/div><div class=\"vfb-col-6 vfb-fieldType-text\" id=\"vfbField290\"><div class=\"vfb-form-group\"><label for=\"vfb-field-290\" class=\"vfb-control-label\">Pr\u00e9nom <span class=\"vfb-required-asterisk\">*<\/span><\/label><div><input id=\"vfb-field-290\" class=\"vfb-form-control\" placeholder=\"Pr&eacute;nom\" required=\"required\" type=\"text\" name=\"vfb-field-290\" value=\"\"><\/div><\/div><\/div><div class=\"vfb-col-6 vfb-fieldType-text\" id=\"vfbField291\"><div class=\"vfb-form-group\"><label for=\"vfb-field-291\" class=\"vfb-control-label\">Nom <span class=\"vfb-required-asterisk\">*<\/span><\/label><div><input id=\"vfb-field-291\" class=\"vfb-form-control\" placeholder=\"Nom\" required=\"required\" type=\"text\" name=\"vfb-field-291\" value=\"\"><\/div><\/div><\/div><div class=\"vfb-clearfix\"><\/div><div class=\"vfb-col-12 vfb-fieldType-text\" id=\"vfbField292\"><div class=\"vfb-form-group\"><label for=\"vfb-field-292\" class=\"vfb-control-label\">No AVS <span class=\"vfb-required-asterisk\">*<\/span><\/label><div><input id=\"vfb-field-292\" class=\"vfb-form-control\" placeholder=\"756.xxxx.xxxx.xx\" data-mask=\"756.0000.0000.00\" required=\"required\" type=\"text\" name=\"vfb-field-292\" value=\"\"><\/div><\/div><\/div><div class=\"vfb-clearfix\"><\/div><\/div> <!-- .vfb-well --><div class=\"vfb-well vfb-col-12\" id=\"vfbField293\"><div class=\"vfb-form-group vfb-col-12\"><div><h3 class=\"\">Envoi de la commande<\/h3><\/div><\/div><div class=\"vfb-col-12 vfb-fieldType-heading\" id=\"vfbField293\"><\/div><div class=\"vfb-clearfix\"><\/div><div class=\"vfb-col-12 vfb-fieldType-checkbox\" id=\"vfbField294\"><label for=\"vfb-field-294\" class=\"vfb-control-label\">Conditions g\u00e9n\u00e9rales <span class=\"vfb-required-asterisk\">*<\/span><\/label><div><div class=\"vfb-checkbox\"><label><input id=\"vfb-field-294-0\" class=\"\" placeholder=\"\" data-vfb-multiple=\"vfb-field-294\" required=\"required\" type=\"checkbox\" name=\"vfb-field-294[0]\" value=\"1\">J'ai lu les conditions g\u00e9n\u00e9rales et je les accepte.<\/label><\/div><span class=\"vfb-help-block\">Le VIBRA est une option qui n'est pas rembours\u00e9e par les caisses maladie de base (LAMal).\r\nLe bracelet VIBRA peut \u00eatre renvoy\u00e9 \u00e0 n\u2019importe quel moment sans attendre la fin du traitement.<br><br><\/span><\/div><\/div><div class=\"vfb-clearfix\"><\/div><div class=\"vfb-col-12 vfb-fieldType-submit\" id=\"vfbField296\"><button id=\"vfb-field-296\" class=\" btn btn-primary\" placeholder=\"\" type=\"submit\" name=\"_vfb-submit\">Envoyer<\/button><\/div><div class=\"vfb-clearfix\"><\/div><\/div> <!-- .vfb-well --><\/form><\/p>\n<p>[\/et_pb_text][\/et_pb_column][et_pb_column type=\u00a0\u00bb1_2&Prime; _builder_version=\u00a0\u00bb3.25&Prime; custom_padding=\u00a0\u00bb|||\u00a0\u00bb custom_padding__hover=\u00a0\u00bb|||\u00a0\u00bb][et_pb_cta title=\u00a0\u00bbCommande du VIBRA par formulaire PDF\u00a0\u00bb button_url=\u00a0\u00bbhttps:\/\/www.pipi-stop.ch\/wp-content\/uploads\/2017\/08\/Contrat-VIBRA_07-2017_FR_N.pdf\u00a0\u00bb url_new_window=\u00a0\u00bbon\u00a0\u00bb button_text=\u00a0\u00bbOuvrir le PDF\u00a0\u00bb module_class=\u00a0\u00bbappel-action_petite-police\u00a0\u00bb _builder_version=\u00a0\u00bb3.16&Prime; background_size=\u00a0\u00bbinitial\u00a0\u00bb background_position=\u00a0\u00bbtop_left\u00a0\u00bb background_repeat=\u00a0\u00bbrepeat\u00a0\u00bb use_border_color=\u00a0\u00bboff\u00a0\u00bb button_text_size__hover_enabled=\u00a0\u00bboff\u00a0\u00bb button_one_text_size__hover_enabled=\u00a0\u00bboff\u00a0\u00bb button_two_text_size__hover_enabled=\u00a0\u00bboff\u00a0\u00bb button_text_color__hover_enabled=\u00a0\u00bboff\u00a0\u00bb button_one_text_color__hover_enabled=\u00a0\u00bboff\u00a0\u00bb button_two_text_color__hover_enabled=\u00a0\u00bboff\u00a0\u00bb button_border_width__hover_enabled=\u00a0\u00bboff\u00a0\u00bb button_one_border_width__hover_enabled=\u00a0\u00bboff\u00a0\u00bb button_two_border_width__hover_enabled=\u00a0\u00bboff\u00a0\u00bb button_border_color__hover_enabled=\u00a0\u00bboff\u00a0\u00bb button_one_border_color__hover_enabled=\u00a0\u00bboff\u00a0\u00bb button_two_border_color__hover_enabled=\u00a0\u00bboff\u00a0\u00bb button_border_radius__hover_enabled=\u00a0\u00bboff\u00a0\u00bb button_one_border_radius__hover_enabled=\u00a0\u00bboff\u00a0\u00bb button_two_border_radius__hover_enabled=\u00a0\u00bboff\u00a0\u00bb button_letter_spacing__hover_enabled=\u00a0\u00bboff\u00a0\u00bb button_one_letter_spacing__hover_enabled=\u00a0\u00bboff\u00a0\u00bb button_two_letter_spacing__hover_enabled=\u00a0\u00bboff\u00a0\u00bb button_bg_color__hover_enabled=\u00a0\u00bboff\u00a0\u00bb button_one_bg_color__hover_enabled=\u00a0\u00bboff\u00a0\u00bb button_two_bg_color__hover_enabled=\u00a0\u00bboff\u00a0\u00bb]1. Ouvrez le PDF<br \/>\n2. Imprimez le PDF<br \/>\n3. Datez et signez le PDF<br \/>\n4. Envoyez le PDF: <strong>a)<\/strong> par la poste <strong>b)<\/strong> version scann\u00e9e par e-mail <strong>c)<\/strong> par fax<\/p>\n<p style=\"text-align: left;\">\n<p>[\/et_pb_cta][et_pb_text _builder_version=\u00a0\u00bb4.4.2&Prime; background_size=\u00a0\u00bbinitial\u00a0\u00bb background_position=\u00a0\u00bbtop_left\u00a0\u00bb background_repeat=\u00a0\u00bbrepeat\u00a0\u00bb hover_enabled=\u00a0\u00bb0&Prime; use_border_color=\u00a0\u00bboff\u00a0\u00bb border_color=\u00a0\u00bb#ffffff\u00a0\u00bb border_style=\u00a0\u00bbsolid\u00a0\u00bb]<\/p>\n<div class=\"et_pb_text et_pb_bg_layout_light et_pb_text_align_left\">\n<h2>Besoin d\u2019aide pour votre commande?<\/h2>\n<p>Nous sommes \u00e0 votre disposition au t\u00e9l\u00e9phone pour vous guider lorsque vous remplissez le formulaire ou pour d\u2019autres questions.<\/p>\n<p><strong>Lundi \u2013 jeudi:\u00a0 08:00 \u2013 12:00 et 13:30 \u2013 17:00<\/strong><br \/><strong>Vendredi: 08:00 \u2013 12:00<\/strong><\/p>\n<p><strong>T\u00e9l. \u00a0+41 (0)32 \u2013 751 27 95<\/strong><\/p>\n<\/div>\n<p style=\"text-align: left;\">\n[\/et_pb_text][\/et_pb_column][\/et_pb_row][\/et_pb_section]<\/p>\n","protected":false},"excerpt":{"rendered":"<p>Commande du VIBRA en cours de cure Vous pouvez \u00e9galement commander le VIBRA en cours de th\u00e9rapie. Dans ce cas, veuillez remplir le formulaire de commande en ligne ci-dessous ou remplir et nous retourner le PDF. Formulaire de commande du VIBRA en cours de cure <form method=\"post\" enctype=\"multipart\/form-data\" id=\"vfbp-form-13\" class=\"vfbp-form\"><div style=\"display:none;\"><label for=\"vfbp-EMAIL-AN8fuQyoDLXem\">Si vous \u00eates humain, laissez ce champ vide.<\/label><input size=\"25\" autocomplete=\"off\" type=\"text\" name=\"vfbp-EMAIL-AN8fuQyoDLXem\" value=\"\" id=\"\"><\/div><input type=\"hidden\" name=\"_vfb-timestamp-13\" value=\"1776512286\" id=\"\"><input type=\"hidden\" name=\"_vfb-form-id\" value=\"13\" id=\"\"><div class=\"vfb-form-group vfb-col-12\"><div><h2 class=\"\">Commande du VIBRA en cours de cure<\/h2><span class=\"vfb-help-block\">Pour commander le VIBRA en cours de cure, <strong>vous devez d\u00e9j\u00e0 avoir l'appareil Pipi-Stop chez vous<\/strong>.\r\n\r\nSi ce n'est pas le cas, veuillez commandez l'appareil Pipi-Stop et le VIBRA en m\u00eame temps en utilisant <strong><a href=\"https:\/\/www.pipi-stop.ch\/wp-content\/uploads\/2019\/03\/contrat-de-location_FR_mars-2019.pdf\" target=\"_blank\" rel=\"noopener\">cet autre formulaire<\/a><\/strong>.<\/span><\/div><\/div><div class=\"vfb-col-12 vfb-fieldType-heading\" id=\"vfbField288\"><\/div><div class=\"vfb-clearfix\"><\/div><div class=\"vfb-well vfb-col-12\" id=\"vfbField289\"><div class=\"vfb-form-group vfb-col-12\"><div><h3 class=\"\">Coordonn\u00e9es du patient<\/h3><span class=\"vfb-help-block\">Merci de donner uniquement les donn\u00e9es concernant la personne trait\u00e9e.<\/span><\/div><\/div><div class=\"vfb-col-12 vfb-fieldType-heading\" id=\"vfbField289\"><\/div><div class=\"vfb-clearfix\"><\/div><div class=\"vfb-col-6 vfb-fieldType-text\" id=\"vfbField290\"><div class=\"vfb-form-group\"><label for=\"vfb-field-290\" class=\"vfb-control-label\">Pr\u00e9nom <span class=\"vfb-required-asterisk\">*<\/span><\/label><div><input id=\"vfb-field-290\" class=\"vfb-form-control\" placeholder=\"Pr&eacute;nom\" required=\"required\" type=\"text\" name=\"vfb-field-290\" value=\"\"><\/div><\/div><\/div><div class=\"vfb-col-6 vfb-fieldType-text\" id=\"vfbField291\"><div class=\"vfb-form-group\"><label for=\"vfb-field-291\" class=\"vfb-control-label\">Nom <span class=\"vfb-required-asterisk\">*<\/span><\/label><div><input id=\"vfb-field-291\" class=\"vfb-form-control\" placeholder=\"Nom\" required=\"required\" type=\"text\" name=\"vfb-field-291\" value=\"\"><\/div><\/div><\/div><div class=\"vfb-clearfix\"><\/div><div class=\"vfb-col-12 vfb-fieldType-text\" id=\"vfbField292\"><div class=\"vfb-form-group\"><label for=\"vfb-field-292\" class=\"vfb-control-label\">No AVS <span class=\"vfb-required-asterisk\">*<\/span><\/label><div><input id=\"vfb-field-292\" class=\"vfb-form-control\" placeholder=\"756.xxxx.xxxx.xx\" data-mask=\"756.0000.0000.00\" required=\"required\" type=\"text\" name=\"vfb-field-292\" value=\"\"><\/div><\/div><\/div><div class=\"vfb-clearfix\"><\/div><\/div> <!-- .vfb-well --><div class=\"vfb-well vfb-col-12\" id=\"vfbField293\"><div class=\"vfb-form-group vfb-col-12\"><div><h3 class=\"\">Envoi de la commande<\/h3><\/div><\/div><div class=\"vfb-col-12 vfb-fieldType-heading\" id=\"vfbField293\"><\/div><div class=\"vfb-clearfix\"><\/div><div class=\"vfb-col-12 vfb-fieldType-checkbox\" id=\"vfbField294\"><label for=\"vfb-field-294\" class=\"vfb-control-label\">Conditions g\u00e9n\u00e9rales <span class=\"vfb-required-asterisk\">*<\/span><\/label><div><div class=\"vfb-checkbox\"><label><input id=\"vfb-field-294-0\" class=\"\" placeholder=\"\" data-vfb-multiple=\"vfb-field-294\" required=\"required\" type=\"checkbox\" name=\"vfb-field-294[0]\" value=\"1\">J'ai lu les conditions g\u00e9n\u00e9rales et je les accepte.<\/label><\/div><span class=\"vfb-help-block\">Le VIBRA est une option qui n'est pas rembours\u00e9e par les caisses maladie de base (LAMal).\r\nLe bracelet VIBRA peut \u00eatre renvoy\u00e9 \u00e0 n\u2019importe quel moment sans attendre la fin du traitement.<br><br><\/span><\/div><\/div><div class=\"vfb-clearfix\"><\/div><div class=\"vfb-col-12 vfb-fieldType-submit\" id=\"vfbField296\"><button id=\"vfb-field-296\" class=\" btn btn-primary\" placeholder=\"\" type=\"submit\" name=\"_vfb-submit\">Envoyer<\/button><\/div><div class=\"vfb-clearfix\"><\/div><\/div> <!-- .vfb-well --><\/form> 1. Ouvrez le PDF 2. Imprimez le PDF [&hellip;]<\/p>\n","protected":false},"author":1,"featured_media":0,"parent":2065,"menu_order":0,"comment_status":"open","ping_status":"open","template":"","meta":{"_et_pb_use_builder":"on","_et_pb_old_content":"","_et_gb_content_width":"","inline_featured_image":false,"footnotes":""},"class_list":["post-4263","page","type-page","status-publish","hentry"],"yoast_head":"<!-- This site is optimized with the Yoast SEO Premium plugin v27.3 (Yoast SEO v27.3) - https:\/\/yoast.com\/product\/yoast-seo-premium-wordpress\/ -->\n<title>Commande du VIBRA en cours de cure | Pipi Stop<\/title>\n<meta name=\"robots\" content=\"index, follow, max-snippet:-1, max-image-preview:large, max-video-preview:-1\" \/>\n<link rel=\"canonical\" href=\"https:\/\/www.pipi-stop.ch\/fr\/commander\/commande-vibra\/\" \/>\n<meta property=\"og:locale\" content=\"fr_FR\" \/>\n<meta property=\"og:type\" content=\"article\" \/>\n<meta property=\"og:title\" content=\"Commande du VIBRA en cours de cure\" \/>\n<meta property=\"og:description\" content=\"Commande du VIBRA en cours de cure Vous pouvez \u00e9galement commander le VIBRA en cours de th\u00e9rapie. Dans ce cas, veuillez remplir le formulaire de commande en ligne ci-dessous ou remplir et nous retourner le PDF. Formulaire de commande du VIBRA en cours de cure 1. Ouvrez le PDF 2. Imprimez le PDF [&hellip;]\" \/>\n<meta property=\"og:url\" content=\"https:\/\/www.pipi-stop.ch\/fr\/commander\/commande-vibra\/\" \/>\n<meta property=\"og:site_name\" content=\"Pipi Stop\" \/>\n<meta property=\"article:modified_time\" content=\"2021-02-23T11:22:43+00:00\" \/>\n<meta name=\"twitter:card\" content=\"summary_large_image\" \/>\n<meta name=\"twitter:label1\" content=\"Dur\u00e9e de lecture estim\u00e9e\" \/>\n\t<meta name=\"twitter:data1\" content=\"2 minutes\" \/>\n<script type=\"application\/ld+json\" class=\"yoast-schema-graph\">{\"@context\":\"https:\\\/\\\/schema.org\",\"@graph\":[{\"@type\":\"WebPage\",\"@id\":\"https:\\\/\\\/www.pipi-stop.ch\\\/fr\\\/commander\\\/commande-vibra\\\/\",\"url\":\"https:\\\/\\\/www.pipi-stop.ch\\\/fr\\\/commander\\\/commande-vibra\\\/\",\"name\":\"Commande du VIBRA en cours de cure | Pipi Stop\",\"isPartOf\":{\"@id\":\"https:\\\/\\\/www.pipi-stop.ch\\\/fr\\\/#website\"},\"datePublished\":\"2015-08-04T09:19:22+00:00\",\"dateModified\":\"2021-02-23T11:22:43+00:00\",\"breadcrumb\":{\"@id\":\"https:\\\/\\\/www.pipi-stop.ch\\\/fr\\\/commander\\\/commande-vibra\\\/#breadcrumb\"},\"inLanguage\":\"fr-FR\",\"potentialAction\":[{\"@type\":\"ReadAction\",\"target\":[\"https:\\\/\\\/www.pipi-stop.ch\\\/fr\\\/commander\\\/commande-vibra\\\/\"]}]},{\"@type\":\"BreadcrumbList\",\"@id\":\"https:\\\/\\\/www.pipi-stop.ch\\\/fr\\\/commander\\\/commande-vibra\\\/#breadcrumb\",\"itemListElement\":[{\"@type\":\"ListItem\",\"position\":1,\"name\":\"Home\",\"item\":\"https:\\\/\\\/www.pipi-stop.ch\\\/fr\\\/\"},{\"@type\":\"ListItem\",\"position\":2,\"name\":\"Commander\",\"item\":\"https:\\\/\\\/www.pipi-stop.ch\\\/fr\\\/commander\\\/\"},{\"@type\":\"ListItem\",\"position\":3,\"name\":\"Commande du VIBRA en cours de cure\"}]},{\"@type\":\"WebSite\",\"@id\":\"https:\\\/\\\/www.pipi-stop.ch\\\/fr\\\/#website\",\"url\":\"https:\\\/\\\/www.pipi-stop.ch\\\/fr\\\/\",\"name\":\"Pipi Stop\",\"description\":\"\",\"potentialAction\":[{\"@type\":\"SearchAction\",\"target\":{\"@type\":\"EntryPoint\",\"urlTemplate\":\"https:\\\/\\\/www.pipi-stop.ch\\\/fr\\\/?s={search_term_string}\"},\"query-input\":{\"@type\":\"PropertyValueSpecification\",\"valueRequired\":true,\"valueName\":\"search_term_string\"}}],\"inLanguage\":\"fr-FR\"}]}<\/script>\n<!-- \/ Yoast SEO Premium plugin. -->","yoast_head_json":{"title":"Commande du VIBRA en cours de cure | Pipi Stop","robots":{"index":"index","follow":"follow","max-snippet":"max-snippet:-1","max-image-preview":"max-image-preview:large","max-video-preview":"max-video-preview:-1"},"canonical":"https:\/\/www.pipi-stop.ch\/fr\/commander\/commande-vibra\/","og_locale":"fr_FR","og_type":"article","og_title":"Commande du VIBRA en cours de cure","og_description":"Commande du VIBRA en cours de cure Vous pouvez \u00e9galement commander le VIBRA en cours de th\u00e9rapie. Dans ce cas, veuillez remplir le formulaire de commande en ligne ci-dessous ou remplir et nous retourner le PDF. Formulaire de commande du VIBRA en cours de cure 1. Ouvrez le PDF 2. Imprimez le PDF [&hellip;]","og_url":"https:\/\/www.pipi-stop.ch\/fr\/commander\/commande-vibra\/","og_site_name":"Pipi Stop","article_modified_time":"2021-02-23T11:22:43+00:00","twitter_card":"summary_large_image","twitter_misc":{"Dur\u00e9e de lecture estim\u00e9e":"2 minutes"},"schema":{"@context":"https:\/\/schema.org","@graph":[{"@type":"WebPage","@id":"https:\/\/www.pipi-stop.ch\/fr\/commander\/commande-vibra\/","url":"https:\/\/www.pipi-stop.ch\/fr\/commander\/commande-vibra\/","name":"Commande du VIBRA en cours de cure | Pipi Stop","isPartOf":{"@id":"https:\/\/www.pipi-stop.ch\/fr\/#website"},"datePublished":"2015-08-04T09:19:22+00:00","dateModified":"2021-02-23T11:22:43+00:00","breadcrumb":{"@id":"https:\/\/www.pipi-stop.ch\/fr\/commander\/commande-vibra\/#breadcrumb"},"inLanguage":"fr-FR","potentialAction":[{"@type":"ReadAction","target":["https:\/\/www.pipi-stop.ch\/fr\/commander\/commande-vibra\/"]}]},{"@type":"BreadcrumbList","@id":"https:\/\/www.pipi-stop.ch\/fr\/commander\/commande-vibra\/#breadcrumb","itemListElement":[{"@type":"ListItem","position":1,"name":"Home","item":"https:\/\/www.pipi-stop.ch\/fr\/"},{"@type":"ListItem","position":2,"name":"Commander","item":"https:\/\/www.pipi-stop.ch\/fr\/commander\/"},{"@type":"ListItem","position":3,"name":"Commande du VIBRA en cours de cure"}]},{"@type":"WebSite","@id":"https:\/\/www.pipi-stop.ch\/fr\/#website","url":"https:\/\/www.pipi-stop.ch\/fr\/","name":"Pipi Stop","description":"","potentialAction":[{"@type":"SearchAction","target":{"@type":"EntryPoint","urlTemplate":"https:\/\/www.pipi-stop.ch\/fr\/?s={search_term_string}"},"query-input":{"@type":"PropertyValueSpecification","valueRequired":true,"valueName":"search_term_string"}}],"inLanguage":"fr-FR"}]}},"_links":{"self":[{"href":"https:\/\/www.pipi-stop.ch\/fr\/wp-json\/wp\/v2\/pages\/4263","targetHints":{"allow":["GET"]}}],"collection":[{"href":"https:\/\/www.pipi-stop.ch\/fr\/wp-json\/wp\/v2\/pages"}],"about":[{"href":"https:\/\/www.pipi-stop.ch\/fr\/wp-json\/wp\/v2\/types\/page"}],"author":[{"embeddable":true,"href":"https:\/\/www.pipi-stop.ch\/fr\/wp-json\/wp\/v2\/users\/1"}],"replies":[{"embeddable":true,"href":"https:\/\/www.pipi-stop.ch\/fr\/wp-json\/wp\/v2\/comments?post=4263"}],"version-history":[{"count":23,"href":"https:\/\/www.pipi-stop.ch\/fr\/wp-json\/wp\/v2\/pages\/4263\/revisions"}],"predecessor-version":[{"id":12872,"href":"https:\/\/www.pipi-stop.ch\/fr\/wp-json\/wp\/v2\/pages\/4263\/revisions\/12872"}],"up":[{"embeddable":true,"href":"https:\/\/www.pipi-stop.ch\/fr\/wp-json\/wp\/v2\/pages\/2065"}],"wp:attachment":[{"href":"https:\/\/www.pipi-stop.ch\/fr\/wp-json\/wp\/v2\/media?parent=4263"}],"curies":[{"name":"wp","href":"https:\/\/api.w.org\/{rel}","templated":true}]}}