{"id":2386,"date":"2015-06-19T11:41:35","date_gmt":"2015-06-19T11:41:35","guid":{"rendered":"http:\/\/pipi-stop.version-demo.ch\/?page_id=2386"},"modified":"2018-08-20T13:11:28","modified_gmt":"2018-08-20T13:11:28","slug":"invention-du-pipi-stop","status":"publish","type":"page","link":"https:\/\/www.pipi-stop.ch\/fr\/melebi-sa\/invention-du-pipi-stop\/","title":{"rendered":"Invention du Pipi-Stop"},"content":{"rendered":"<p>[et_pb_section bb_built=\u00a0\u00bb1&Prime; background_color=\u00a0\u00bb#ffffff\u00a0\u00bb module_class=\u00a0\u00bbmain-h1-title\u00a0\u00bb _builder_version=\u00a0\u00bb3.0.47&Prime; transparent_background=\u00a0\u00bboff\u00a0\u00bb][et_pb_row _builder_version=\u00a0\u00bb3.0.47&Prime; background_size=\u00a0\u00bbinitial\u00a0\u00bb background_position=\u00a0\u00bbtop_left\u00a0\u00bb background_repeat=\u00a0\u00bbrepeat\u00a0\u00bb][et_pb_column type=\u00a0\u00bb4_4&Prime;][et_pb_text admin_label=\u00a0\u00bbh1&Prime; _builder_version=\u00a0\u00bb3.0.47&Prime; background_size=\u00a0\u00bbinitial\u00a0\u00bb background_position=\u00a0\u00bbtop_left\u00a0\u00bb background_repeat=\u00a0\u00bbrepeat\u00a0\u00bb text_orientation=\u00a0\u00bbcenter\u00a0\u00bb module_alignment=\u00a0\u00bbcenter\u00a0\u00bb]<\/p>\n<h1>L&rsquo;invention du Pipi-Stop (AntiNass)<\/h1>\n<p>[\/et_pb_text][\/et_pb_column][\/et_pb_row][et_pb_row _builder_version=\u00a0\u00bb3.0.47&Prime; background_size=\u00a0\u00bbinitial\u00a0\u00bb background_position=\u00a0\u00bbtop_left\u00a0\u00bb background_repeat=\u00a0\u00bbrepeat\u00a0\u00bb][et_pb_column type=\u00a0\u00bb1_4&Prime;][et_pb_image src=\u00a0\u00bbhttp:\/\/www.pipi-stop.ch\/wp-content\/uploads\/2014\/12\/ernst-bieri.jpg\u00a0\u00bb _builder_version=\u00a0\u00bb3.0.47&Prime; animation_style=\u00a0\u00bbslide\u00a0\u00bb animation_direction=\u00a0\u00bbleft\u00a0\u00bb animation_duration=\u00a0\u00bb500ms\u00a0\u00bb animation_intensity_slide=\u00a0\u00bb10%\u00a0\u00bb animation=\u00a0\u00bbleft\u00a0\u00bb sticky=\u00a0\u00bboff\u00a0\u00bb show_bottom_space=\u00a0\u00bbon\u00a0\u00bb]<br \/>\n[\/et_pb_image][\/et_pb_column][et_pb_column type=\u00a0\u00bb3_4&Prime;][et_pb_text admin_label=\u00a0\u00bbTexte\u00a0\u00bb _builder_version=\u00a0\u00bb3.0.47&Prime; background_size=\u00a0\u00bbinitial\u00a0\u00bb background_position=\u00a0\u00bbtop_left\u00a0\u00bb background_repeat=\u00a0\u00bbrepeat\u00a0\u00bb]<\/p>\n<h2>L&rsquo;inventeur<\/h2>\n<p class=\"align-justify\">En 1932, \u00e0 l&rsquo;\u00e2ge de 18 ans, <strong>Ernst Bieri<\/strong>, habitant alors \u00e0 Laupen\/BE (Suisse), s&rsquo;est trouv\u00e9 confront\u00e9, au sein de sa famille, aux difficult\u00e9s qu&rsquo;occasionne l&rsquo;\u00e9nur\u00e9sie.<\/p>\n<p class=\"align-justify\">Chaque nuit son jeune fr\u00e8re faisait pipi au lit, ce qui devenait un vrai casse-t\u00eate pour sa m\u00e8re. Inutile de dire qu&rsquo;\u00e0 l&rsquo;\u00e9poque il n&rsquo;y avait ni langes \u00e0 jeter ni machines \u00e0 laver. Ernst Bieri s&rsquo;est senti interpell\u00e9 par ce probl\u00e8me et s&rsquo;est mis en qu\u00eate d&rsquo;une solution.<\/p>\n<p class=\"align-justify\">En qualit\u00e9 d&rsquo;apprenti monteur \u00e9lectricien, passionn\u00e9 par les nouvelles possibilit\u00e9s qu&rsquo;offrait alors ce m\u00e9tier, il \u00e9tait logique que sa recherche s&rsquo;oriente dans ce domaine-l\u00e0.<\/p>\n<p>&nbsp;<\/p>\n<p>[\/et_pb_text][\/et_pb_column][\/et_pb_row][et_pb_row _builder_version=\u00a0\u00bb3.0.47&Prime; background_size=\u00a0\u00bbinitial\u00a0\u00bb background_position=\u00a0\u00bbtop_left\u00a0\u00bb background_repeat=\u00a0\u00bbrepeat\u00a0\u00bb][et_pb_column type=\u00a0\u00bb4_4&Prime;][et_pb_divider admin_label=\u00a0\u00bbS\u00e9parateur\u00a0\u00bb color=\u00a0\u00bb#d3d3d3&Prime; show_divider=\u00a0\u00bbon\u00a0\u00bb disabled_on=\u00a0\u00bbon|on|off\u00a0\u00bb _builder_version=\u00a0\u00bb3.0.47&Prime;]<br \/>\n[\/et_pb_divider][\/et_pb_column][\/et_pb_row][et_pb_row _builder_version=\u00a0\u00bb3.0.47&Prime; background_size=\u00a0\u00bbinitial\u00a0\u00bb background_position=\u00a0\u00bbtop_left\u00a0\u00bb background_repeat=\u00a0\u00bbrepeat\u00a0\u00bb][et_pb_column type=\u00a0\u00bb1_4&Prime;][et_pb_image src=\u00a0\u00bbhttp:\/\/www.pipi-stop.ch\/wp-content\/uploads\/2015\/05\/bonhomme-loupe-300&#215;300.jpg\u00a0\u00bb _builder_version=\u00a0\u00bb3.11.1&Prime; animation_style=\u00a0\u00bbslide\u00a0\u00bb animation_direction=\u00a0\u00bbleft\u00a0\u00bb animation_duration=\u00a0\u00bb500ms\u00a0\u00bb animation_intensity_slide=\u00a0\u00bb10%\u00a0\u00bb]<br \/>\n[\/et_pb_image][\/et_pb_column][et_pb_column type=\u00a0\u00bb3_4&Prime;][et_pb_text admin_label=\u00a0\u00bbTexte\u00a0\u00bb _builder_version=\u00a0\u00bb3.0.47&Prime; background_size=\u00a0\u00bbinitial\u00a0\u00bb background_position=\u00a0\u00bbtop_left\u00a0\u00bb background_repeat=\u00a0\u00bbrepeat\u00a0\u00bb]<\/p>\n<h2>Il a fallu beaucoup de patience et une observation pr\u00e9cise<\/h2>\n<p class=\"align-justify\">Il pensait qu&rsquo;un appareil, \u00e9mettant un signal au moment de la miction nocturne, permettrait d&rsquo;\u00e9viter que son fr\u00e8re ne mouille compl\u00e8tement ses draps et qu&rsquo;il ne reste dans son lit mouill\u00e9 toute la nuit. Mais avant de se lancer dans un d\u00e9veloppement quelconque, il voulait d&rsquo;abord comprendre ce qui se passait pendant le sommeil de son fr\u00e8re.<\/p>\n<p class=\"align-justify\">Tr\u00e8s patiemment il l&rsquo;observa, nuit apr\u00e8s nuit. Il constata qu&rsquo;avant le d\u00e9but de chaque miction, il se mettait \u00e0 bouger, cependant sans se r\u00e9veiller. Cette constatation le conduisit \u00e0 construire un appareil d\u00e9tectant l&rsquo;urine qui r\u00e9veillait son fr\u00e8re imm\u00e9diatement au d\u00e9but de sa miction par un signal acoustique et lumineux.<\/p>\n<p>[\/et_pb_text][\/et_pb_column][\/et_pb_row][et_pb_row _builder_version=\u00a0\u00bb3.0.47&Prime; background_size=\u00a0\u00bbinitial\u00a0\u00bb background_position=\u00a0\u00bbtop_left\u00a0\u00bb background_repeat=\u00a0\u00bbrepeat\u00a0\u00bb][et_pb_column type=\u00a0\u00bb4_4&Prime;][et_pb_divider admin_label=\u00a0\u00bbS\u00e9parateur\u00a0\u00bb color=\u00a0\u00bb#d3d3d3&Prime; show_divider=\u00a0\u00bbon\u00a0\u00bb disabled_on=\u00a0\u00bbon|on|off\u00a0\u00bb _builder_version=\u00a0\u00bb3.0.47&Prime;]<br \/>\n[\/et_pb_divider][\/et_pb_column][\/et_pb_row][et_pb_row _builder_version=\u00a0\u00bb3.0.47&Prime; background_size=\u00a0\u00bbinitial\u00a0\u00bb background_position=\u00a0\u00bbtop_left\u00a0\u00bb background_repeat=\u00a0\u00bbrepeat\u00a0\u00bb][et_pb_column type=\u00a0\u00bb1_4&Prime;][et_pb_image src=\u00a0\u00bbhttp:\/\/www.pipi-stop.ch\/wp-content\/uploads\/2014\/12\/Holz-300&#215;215.jpg\u00a0\u00bb _builder_version=\u00a0\u00bb3.11.1&Prime; animation_style=\u00a0\u00bbslide\u00a0\u00bb animation_direction=\u00a0\u00bbleft\u00a0\u00bb animation_duration=\u00a0\u00bb500ms\u00a0\u00bb animation_intensity_slide=\u00a0\u00bb10%\u00a0\u00bb]<br \/>\n[\/et_pb_image][\/et_pb_column][et_pb_column type=\u00a0\u00bb3_4&Prime;][et_pb_text admin_label=\u00a0\u00bbTexte\u00a0\u00bb _builder_version=\u00a0\u00bb3.0.47&Prime; background_size=\u00a0\u00bbinitial\u00a0\u00bb background_position=\u00a0\u00bbtop_left\u00a0\u00bb background_repeat=\u00a0\u00bbrepeat\u00a0\u00bb]<\/p>\n<h2>Puis le succ\u00e8s est arriv\u00e9<\/h2>\n<p>Apr\u00e8s avoir utilis\u00e9 cet appareil pendant quelques semaines, il constata que non seulement son fr\u00e8re se r\u00e9veillait et que par cons\u00e9quent son lit \u00e9tait moins mouill\u00e9, de plus, il r\u00e9ussissait \u00e0 retenir son urine de plus en plus longtemps et le moment de sa miction se d\u00e9calait vers le matin. Finalement, il fut compl\u00e8tement gu\u00e9ri de son \u00e9nur\u00e9sie. Il retrouva le sourire, comme d&rsquo;ailleurs sa maman.<\/p>\n<p>[\/et_pb_text][\/et_pb_column][\/et_pb_row][et_pb_row _builder_version=\u00a0\u00bb3.0.47&Prime; background_size=\u00a0\u00bbinitial\u00a0\u00bb background_position=\u00a0\u00bbtop_left\u00a0\u00bb background_repeat=\u00a0\u00bbrepeat\u00a0\u00bb][et_pb_column type=\u00a0\u00bb4_4&Prime;][et_pb_divider admin_label=\u00a0\u00bbS\u00e9parateur\u00a0\u00bb color=\u00a0\u00bb#d3d3d3&Prime; show_divider=\u00a0\u00bbon\u00a0\u00bb disabled_on=\u00a0\u00bbon|on|off\u00a0\u00bb _builder_version=\u00a0\u00bb3.0.47&Prime;]<br \/>\n[\/et_pb_divider][\/et_pb_column][\/et_pb_row][et_pb_row _builder_version=\u00a0\u00bb3.0.47&Prime; background_size=\u00a0\u00bbinitial\u00a0\u00bb background_position=\u00a0\u00bbtop_left\u00a0\u00bb background_repeat=\u00a0\u00bbrepeat\u00a0\u00bb][et_pb_column type=\u00a0\u00bb1_4&Prime;][et_pb_image src=\u00a0\u00bbhttp:\/\/www.pipi-stop.ch\/wp-content\/uploads\/2014\/12\/mains-aider-enfant-300&#215;200.jpg\u00a0\u00bb _builder_version=\u00a0\u00bb3.11.1&Prime; animation_style=\u00a0\u00bbslide\u00a0\u00bb animation_direction=\u00a0\u00bbleft\u00a0\u00bb animation_duration=\u00a0\u00bb500ms\u00a0\u00bb animation_intensity_slide=\u00a0\u00bb10%\u00a0\u00bb]<br \/>\n[\/et_pb_image][\/et_pb_column][et_pb_column type=\u00a0\u00bb3_4&Prime;][et_pb_text admin_label=\u00a0\u00bbTexte\u00a0\u00bb _builder_version=\u00a0\u00bb3.0.47&Prime; background_size=\u00a0\u00bbinitial\u00a0\u00bb background_position=\u00a0\u00bbtop_left\u00a0\u00bb background_repeat=\u00a0\u00bbrepeat\u00a0\u00bb]<\/p>\n<h2>Il voulait aussi aider d&rsquo;autres enfants<\/h2>\n<p class=\"align-justify\">Fort de cette heureuse exp\u00e9rience, Ernst Bieri souhaita que d&rsquo;autres enfants puissent \u00eatre aid\u00e9s par son invention. Ceci se r\u00e9alisa \u00e0 partir de 1933.<\/p>\n<p class=\"align-justify\">Ne disposant que de moyens financiers tr\u00e8s modestes, il fallut vendre ce premier appareil pour en construire d&rsquo;autres, vendus \u00e0 leur tour.<\/p>\n<p>&nbsp;<\/p>\n<p>[\/et_pb_text][\/et_pb_column][\/et_pb_row][et_pb_row _builder_version=\u00a0\u00bb3.0.47&Prime; background_size=\u00a0\u00bbinitial\u00a0\u00bb background_position=\u00a0\u00bbtop_left\u00a0\u00bb background_repeat=\u00a0\u00bbrepeat\u00a0\u00bb][et_pb_column type=\u00a0\u00bb4_4&Prime;][et_pb_divider admin_label=\u00a0\u00bbS\u00e9parateur\u00a0\u00bb color=\u00a0\u00bb#d3d3d3&Prime; show_divider=\u00a0\u00bbon\u00a0\u00bb disabled_on=\u00a0\u00bbon|on|off\u00a0\u00bb _builder_version=\u00a0\u00bb3.0.47&Prime;]<br \/>\n[\/et_pb_divider][\/et_pb_column][\/et_pb_row][et_pb_row _builder_version=\u00a0\u00bb3.0.47&Prime; background_size=\u00a0\u00bbinitial\u00a0\u00bb background_position=\u00a0\u00bbtop_left\u00a0\u00bb background_repeat=\u00a0\u00bbrepeat\u00a0\u00bb][et_pb_column type=\u00a0\u00bb1_4&Prime;][et_pb_image src=\u00a0\u00bbhttp:\/\/www.pipi-stop.ch\/wp-content\/uploads\/2014\/12\/Zeugnis_Dr-Mueller_1080x707-300&#215;196.jpg\u00a0\u00bb url=\u00a0\u00bbhttp:\/\/www.pipi-stop.ch\/wp-content\/uploads\/2015\/06\/Dr-Mueller-Pradervand.pdf\u00a0\u00bb url_new_window=\u00a0\u00bbon\u00a0\u00bb _builder_version=\u00a0\u00bb3.11.1&Prime; animation_style=\u00a0\u00bbslide\u00a0\u00bb animation_direction=\u00a0\u00bbleft\u00a0\u00bb animation_duration=\u00a0\u00bb500ms\u00a0\u00bb animation_intensity_slide=\u00a0\u00bb10%\u00a0\u00bb]<br \/>\n[\/et_pb_image][et_pb_text admin_label=\u00a0\u00bbTexte\u00a0\u00bb _builder_version=\u00a0\u00bb3.0.47&Prime; background_size=\u00a0\u00bbinitial\u00a0\u00bb background_position=\u00a0\u00bbtop_left\u00a0\u00bb background_repeat=\u00a0\u00bbrepeat\u00a0\u00bb text_orientation=\u00a0\u00bbcenter\u00a0\u00bb module_alignment=\u00a0\u00bbcenter\u00a0\u00bb]<\/p>\n<p><strong><a href=\"http:\/\/www.pipi-stop.ch\/wp-content\/uploads\/2015\/06\/Dr-Mueller-Pradervand.pdf\" target=\"_blank\" rel=\"noopener\">Voir la lettre<\/a><\/strong><\/p>\n<p>[\/et_pb_text][\/et_pb_column][et_pb_column type=\u00a0\u00bb3_4&Prime;][et_pb_text admin_label=\u00a0\u00bbTexte\u00a0\u00bb _builder_version=\u00a0\u00bb3.0.47&Prime; background_size=\u00a0\u00bbinitial\u00a0\u00bb background_position=\u00a0\u00bbtop_left\u00a0\u00bb background_repeat=\u00a0\u00bbrepeat\u00a0\u00bb]<\/p>\n<h2>Le premier t\u00e9moignage d&rsquo;un m\u00e9decin<\/h2>\n<p class=\"align-justify\">Puis, il fit part de son invention au m\u00e9decin de famille, le Docteur E. M\u00fcller-Pradervand \u00e0 Laupen (BE). Comme pr\u00e9vu, le m\u00e9decin fut tr\u00e8s int\u00e9ress\u00e9 par l\u2019appareil et souhaita qu&rsquo;il se rende \u00e0 son cabinet pour une d\u00e9monstration, car il savait \u00e0 quel point l&rsquo;\u00e9nur\u00e9sie nocturne r\u00e9siste \u00e0 toutes les th\u00e9rapies qui ne sont pas fond\u00e9es sur une base suggestive.<\/p>\n<p>Son t\u00e9moignage, dat\u00e9 du 16 juillet 1936, confirme l&rsquo;utilit\u00e9 de l&rsquo;appareil avertisseur AntiNass (litt\u00e9ralement \u00a0\u00bb anti-mouill\u00e9 \u00ab\u00a0). Dans ce document, le m\u00e9decin certifie avoir essay\u00e9 cet appareil aupr\u00e8s d&rsquo;un grand nombre de patients et que tous lui ont rapport\u00e9 la petite \u00ab&nbsp;bo\u00eete magique&nbsp;\u00bb en d\u00e9clarant, les yeux rayonnants, ne plus en avoir besoin.<\/p>\n<p>[\/et_pb_text][\/et_pb_column][\/et_pb_row][et_pb_row _builder_version=\u00a0\u00bb3.0.47&Prime; background_size=\u00a0\u00bbinitial\u00a0\u00bb background_position=\u00a0\u00bbtop_left\u00a0\u00bb background_repeat=\u00a0\u00bbrepeat\u00a0\u00bb][et_pb_column type=\u00a0\u00bb4_4&Prime;][et_pb_divider admin_label=\u00a0\u00bbS\u00e9parateur\u00a0\u00bb color=\u00a0\u00bb#d3d3d3&Prime; show_divider=\u00a0\u00bbon\u00a0\u00bb disabled_on=\u00a0\u00bbon|on|off\u00a0\u00bb _builder_version=\u00a0\u00bb3.0.47&Prime;]<br \/>\n[\/et_pb_divider][\/et_pb_column][\/et_pb_row][et_pb_row _builder_version=\u00a0\u00bb3.0.47&Prime; background_size=\u00a0\u00bbinitial\u00a0\u00bb background_position=\u00a0\u00bbtop_left\u00a0\u00bb background_repeat=\u00a0\u00bbrepeat\u00a0\u00bb][et_pb_column type=\u00a0\u00bb1_4&Prime;][et_pb_image src=\u00a0\u00bbhttp:\/\/www.pipi-stop.ch\/wp-content\/uploads\/2014\/12\/patentschrift-300&#215;213.jpg\u00a0\u00bb url=\u00a0\u00bbhttp:\/\/www.pipi-stop.ch\/wp-content\/uploads\/2015\/06\/Patent-Titel.pdf\u00a0\u00bb url_new_window=\u00a0\u00bbon\u00a0\u00bb _builder_version=\u00a0\u00bb3.11.1&Prime; animation_style=\u00a0\u00bbslide\u00a0\u00bb animation_direction=\u00a0\u00bbleft\u00a0\u00bb animation_duration=\u00a0\u00bb500ms\u00a0\u00bb animation_intensity_slide=\u00a0\u00bb10%\u00a0\u00bb]<br \/>\n[\/et_pb_image][et_pb_text admin_label=\u00a0\u00bbTexte\u00a0\u00bb _builder_version=\u00a0\u00bb3.0.47&Prime; background_size=\u00a0\u00bbinitial\u00a0\u00bb background_position=\u00a0\u00bbtop_left\u00a0\u00bb background_repeat=\u00a0\u00bbrepeat\u00a0\u00bb text_orientation=\u00a0\u00bbcenter\u00a0\u00bb module_alignment=\u00a0\u00bbcenter\u00a0\u00bb]<\/p>\n<p><strong><a href=\"http:\/\/www.pipi-stop.ch\/wp-content\/uploads\/2015\/06\/Patent-Titel.pdf\" target=\"_blank\" rel=\"noopener\">Voir la patente<\/a><\/strong><\/p>\n<p>[\/et_pb_text][\/et_pb_column][et_pb_column type=\u00a0\u00bb3_4&Prime;][et_pb_text admin_label=\u00a0\u00bbTexte\u00a0\u00bb _builder_version=\u00a0\u00bb3.0.47&Prime; background_size=\u00a0\u00bbinitial\u00a0\u00bb background_position=\u00a0\u00bbtop_left\u00a0\u00bb background_repeat=\u00a0\u00bbrepeat\u00a0\u00bb]<\/p>\n<h2>Sa patente<\/h2>\n<div id=\"col1\">\n<div id=\"col1_content\" class=\"clearfix\">\n<div id=\"c317\" class=\"csc-default\">\n<p class=\"align-justify\">Le Docteur M\u00fcller-Pradervand fit conna\u00eetre Ernst Bieri aupr\u00e8s de l&rsquo;Office des m\u00e9decins scolaires de la ville de Berne, \u00e0 la suite de quoi, l&rsquo;appareil AntiNass fut command\u00e9 pour une utilisation continue par la plupart des orphelinats, foyers pour enfants, maisons d&rsquo;\u00e9ducation et institutions similaires. Pr\u00e9alablement, l&rsquo;appareil <strong>AntiNass fut patent\u00e9 sous le num\u00e9ro 185773<\/strong>.<\/p>\n<\/div>\n<\/div>\n<\/div>\n<p>[\/et_pb_text][\/et_pb_column][\/et_pb_row][\/et_pb_section]<\/p>\n","protected":false},"excerpt":{"rendered":"<p>L&rsquo;invention du Pipi-Stop (AntiNass) L&rsquo;inventeur En 1932, \u00e0 l&rsquo;\u00e2ge de 18 ans, Ernst Bieri, habitant alors \u00e0 Laupen\/BE (Suisse), s&rsquo;est trouv\u00e9 confront\u00e9, au sein de sa famille, aux difficult\u00e9s qu&rsquo;occasionne l&rsquo;\u00e9nur\u00e9sie. Chaque nuit son jeune fr\u00e8re faisait pipi au lit, ce qui devenait un vrai casse-t\u00eate pour sa m\u00e8re. Inutile de dire qu&rsquo;\u00e0 l&rsquo;\u00e9poque il [&hellip;]<\/p>\n","protected":false},"author":1,"featured_media":0,"parent":2192,"menu_order":10,"comment_status":"open","ping_status":"closed","template":"","meta":{"_et_pb_use_builder":"on","_et_pb_old_content":"","_et_gb_content_width":"","inline_featured_image":false,"footnotes":""},"class_list":["post-2386","page","type-page","status-publish","hentry"],"yoast_head":"<!-- This site is optimized with the Yoast SEO Premium plugin v26.3 (Yoast SEO v26.3) - https:\/\/yoast.com\/wordpress\/plugins\/seo\/ -->\n<title>Invention du Pipi-Stop | Pipi Stop<\/title>\n<meta name=\"robots\" content=\"index, follow, max-snippet:-1, max-image-preview:large, max-video-preview:-1\" \/>\n<link rel=\"canonical\" href=\"https:\/\/www.pipi-stop.ch\/fr\/melebi-sa\/invention-du-pipi-stop\/\" \/>\n<meta property=\"og:locale\" content=\"fr_FR\" \/>\n<meta property=\"og:type\" content=\"article\" \/>\n<meta property=\"og:title\" content=\"Invention du Pipi-Stop\" \/>\n<meta property=\"og:description\" content=\"L&#039;invention du Pipi-Stop (AntiNass) L&#039;inventeur En 1932, \u00e0 l&#039;\u00e2ge de 18 ans, Ernst Bieri, habitant alors \u00e0 Laupen\/BE (Suisse), s&#039;est trouv\u00e9 confront\u00e9, au sein de sa famille, aux difficult\u00e9s qu&#039;occasionne l&#039;\u00e9nur\u00e9sie. Chaque nuit son jeune fr\u00e8re faisait pipi au lit, ce qui devenait un vrai casse-t\u00eate pour sa m\u00e8re. Inutile de dire qu&#039;\u00e0 l&#039;\u00e9poque il [&hellip;]\" \/>\n<meta property=\"og:url\" content=\"https:\/\/www.pipi-stop.ch\/fr\/melebi-sa\/invention-du-pipi-stop\/\" \/>\n<meta property=\"og:site_name\" content=\"Pipi Stop\" \/>\n<meta property=\"article:modified_time\" content=\"2018-08-20T13:11:28+00:00\" \/>\n<meta name=\"twitter:card\" content=\"summary_large_image\" \/>\n<meta name=\"twitter:label1\" content=\"Dur\u00e9e de lecture estim\u00e9e\" \/>\n\t<meta name=\"twitter:data1\" content=\"7 minutes\" \/>\n<script type=\"application\/ld+json\" class=\"yoast-schema-graph\">{\"@context\":\"https:\/\/schema.org\",\"@graph\":[{\"@type\":\"WebPage\",\"@id\":\"https:\/\/www.pipi-stop.ch\/fr\/melebi-sa\/invention-du-pipi-stop\/\",\"url\":\"https:\/\/www.pipi-stop.ch\/fr\/melebi-sa\/invention-du-pipi-stop\/\",\"name\":\"Invention du Pipi-Stop | Pipi Stop\",\"isPartOf\":{\"@id\":\"https:\/\/www.pipi-stop.ch\/fr\/#website\"},\"datePublished\":\"2015-06-19T11:41:35+00:00\",\"dateModified\":\"2018-08-20T13:11:28+00:00\",\"breadcrumb\":{\"@id\":\"https:\/\/www.pipi-stop.ch\/fr\/melebi-sa\/invention-du-pipi-stop\/#breadcrumb\"},\"inLanguage\":\"fr-FR\",\"potentialAction\":[{\"@type\":\"ReadAction\",\"target\":[\"https:\/\/www.pipi-stop.ch\/fr\/melebi-sa\/invention-du-pipi-stop\/\"]}]},{\"@type\":\"BreadcrumbList\",\"@id\":\"https:\/\/www.pipi-stop.ch\/fr\/melebi-sa\/invention-du-pipi-stop\/#breadcrumb\",\"itemListElement\":[{\"@type\":\"ListItem\",\"position\":1,\"name\":\"Home\",\"item\":\"https:\/\/www.pipi-stop.ch\/fr\/\"},{\"@type\":\"ListItem\",\"position\":2,\"name\":\"Profil d&rsquo;entreprise de Melebi SA\",\"item\":\"https:\/\/www.pipi-stop.ch\/fr\/melebi-sa\/\"},{\"@type\":\"ListItem\",\"position\":3,\"name\":\"Invention du Pipi-Stop\"}]},{\"@type\":\"WebSite\",\"@id\":\"https:\/\/www.pipi-stop.ch\/fr\/#website\",\"url\":\"https:\/\/www.pipi-stop.ch\/fr\/\",\"name\":\"Pipi Stop\",\"description\":\"\",\"potentialAction\":[{\"@type\":\"SearchAction\",\"target\":{\"@type\":\"EntryPoint\",\"urlTemplate\":\"https:\/\/www.pipi-stop.ch\/fr\/?s={search_term_string}\"},\"query-input\":{\"@type\":\"PropertyValueSpecification\",\"valueRequired\":true,\"valueName\":\"search_term_string\"}}],\"inLanguage\":\"fr-FR\"}]}<\/script>\n<!-- \/ Yoast SEO Premium plugin. -->","yoast_head_json":{"title":"Invention du Pipi-Stop | Pipi Stop","robots":{"index":"index","follow":"follow","max-snippet":"max-snippet:-1","max-image-preview":"max-image-preview:large","max-video-preview":"max-video-preview:-1"},"canonical":"https:\/\/www.pipi-stop.ch\/fr\/melebi-sa\/invention-du-pipi-stop\/","og_locale":"fr_FR","og_type":"article","og_title":"Invention du Pipi-Stop","og_description":"L'invention du Pipi-Stop (AntiNass) L'inventeur En 1932, \u00e0 l'\u00e2ge de 18 ans, Ernst Bieri, habitant alors \u00e0 Laupen\/BE (Suisse), s'est trouv\u00e9 confront\u00e9, au sein de sa famille, aux difficult\u00e9s qu'occasionne l'\u00e9nur\u00e9sie. Chaque nuit son jeune fr\u00e8re faisait pipi au lit, ce qui devenait un vrai casse-t\u00eate pour sa m\u00e8re. Inutile de dire qu'\u00e0 l'\u00e9poque il [&hellip;]","og_url":"https:\/\/www.pipi-stop.ch\/fr\/melebi-sa\/invention-du-pipi-stop\/","og_site_name":"Pipi Stop","article_modified_time":"2018-08-20T13:11:28+00:00","twitter_card":"summary_large_image","twitter_misc":{"Dur\u00e9e de lecture estim\u00e9e":"7 minutes"},"schema":{"@context":"https:\/\/schema.org","@graph":[{"@type":"WebPage","@id":"https:\/\/www.pipi-stop.ch\/fr\/melebi-sa\/invention-du-pipi-stop\/","url":"https:\/\/www.pipi-stop.ch\/fr\/melebi-sa\/invention-du-pipi-stop\/","name":"Invention du Pipi-Stop | Pipi Stop","isPartOf":{"@id":"https:\/\/www.pipi-stop.ch\/fr\/#website"},"datePublished":"2015-06-19T11:41:35+00:00","dateModified":"2018-08-20T13:11:28+00:00","breadcrumb":{"@id":"https:\/\/www.pipi-stop.ch\/fr\/melebi-sa\/invention-du-pipi-stop\/#breadcrumb"},"inLanguage":"fr-FR","potentialAction":[{"@type":"ReadAction","target":["https:\/\/www.pipi-stop.ch\/fr\/melebi-sa\/invention-du-pipi-stop\/"]}]},{"@type":"BreadcrumbList","@id":"https:\/\/www.pipi-stop.ch\/fr\/melebi-sa\/invention-du-pipi-stop\/#breadcrumb","itemListElement":[{"@type":"ListItem","position":1,"name":"Home","item":"https:\/\/www.pipi-stop.ch\/fr\/"},{"@type":"ListItem","position":2,"name":"Profil d&rsquo;entreprise de Melebi SA","item":"https:\/\/www.pipi-stop.ch\/fr\/melebi-sa\/"},{"@type":"ListItem","position":3,"name":"Invention du Pipi-Stop"}]},{"@type":"WebSite","@id":"https:\/\/www.pipi-stop.ch\/fr\/#website","url":"https:\/\/www.pipi-stop.ch\/fr\/","name":"Pipi Stop","description":"","potentialAction":[{"@type":"SearchAction","target":{"@type":"EntryPoint","urlTemplate":"https:\/\/www.pipi-stop.ch\/fr\/?s={search_term_string}"},"query-input":{"@type":"PropertyValueSpecification","valueRequired":true,"valueName":"search_term_string"}}],"inLanguage":"fr-FR"}]}},"_links":{"self":[{"href":"https:\/\/www.pipi-stop.ch\/fr\/wp-json\/wp\/v2\/pages\/2386","targetHints":{"allow":["GET"]}}],"collection":[{"href":"https:\/\/www.pipi-stop.ch\/fr\/wp-json\/wp\/v2\/pages"}],"about":[{"href":"https:\/\/www.pipi-stop.ch\/fr\/wp-json\/wp\/v2\/types\/page"}],"author":[{"embeddable":true,"href":"https:\/\/www.pipi-stop.ch\/fr\/wp-json\/wp\/v2\/users\/1"}],"replies":[{"embeddable":true,"href":"https:\/\/www.pipi-stop.ch\/fr\/wp-json\/wp\/v2\/comments?post=2386"}],"version-history":[{"count":17,"href":"https:\/\/www.pipi-stop.ch\/fr\/wp-json\/wp\/v2\/pages\/2386\/revisions"}],"predecessor-version":[{"id":9416,"href":"https:\/\/www.pipi-stop.ch\/fr\/wp-json\/wp\/v2\/pages\/2386\/revisions\/9416"}],"up":[{"embeddable":true,"href":"https:\/\/www.pipi-stop.ch\/fr\/wp-json\/wp\/v2\/pages\/2192"}],"wp:attachment":[{"href":"https:\/\/www.pipi-stop.ch\/fr\/wp-json\/wp\/v2\/media?parent=2386"}],"curies":[{"name":"wp","href":"https:\/\/api.w.org\/{rel}","templated":true}]}}