{"id":2384,"date":"2015-06-19T11:39:51","date_gmt":"2015-06-19T11:39:51","guid":{"rendered":"http:\/\/pipi-stop.version-demo.ch\/?page_id=2384"},"modified":"2020-03-19T07:45:10","modified_gmt":"2020-03-19T07:45:10","slug":"historique-lamal","status":"publish","type":"page","link":"https:\/\/www.pipi-stop.ch\/fr\/melebi-sa\/historique-lamal\/","title":{"rendered":"Historique LAMal"},"content":{"rendered":"<p>[et_pb_section bb_built=\u00a0\u00bb1&Prime; transparent_background=\u00a0\u00bboff\u00a0\u00bb background_color=\u00a0\u00bb#ffffff\u00a0\u00bb allow_player_pause=\u00a0\u00bboff\u00a0\u00bb inner_shadow=\u00a0\u00bboff\u00a0\u00bb parallax=\u00a0\u00bboff\u00a0\u00bb parallax_method=\u00a0\u00bboff\u00a0\u00bb module_class=\u00a0\u00bbmain-h1-title\u00a0\u00bb][et_pb_row][et_pb_column type=\u00a0\u00bb4_4&Prime;][et_pb_text admin_label=\u00a0\u00bbh1&Prime; text_orientation=\u00a0\u00bbcenter\u00a0\u00bb background_position=\u00a0\u00bbtop_left\u00a0\u00bb background_repeat=\u00a0\u00bbrepeat\u00a0\u00bb background_size=\u00a0\u00bbinitial\u00a0\u00bb module_alignment=\u00a0\u00bbcenter\u00a0\u00bb _builder_version=\u00a0\u00bb3.11.1&Prime;]<\/p>\n<h1 style=\"text-align: center;\">Diminution drastique de la prise en charge LAMal au<br \/>\n1er avril 2019<\/h1>\n<p>[\/et_pb_text][\/et_pb_column][\/et_pb_row][et_pb_row][et_pb_column type=\u00a0\u00bb4_4&Prime;][et_pb_text background_position=\u00a0\u00bbtop_left\u00a0\u00bb background_repeat=\u00a0\u00bbrepeat\u00a0\u00bb background_size=\u00a0\u00bbinitial\u00a0\u00bb _builder_version=\u00a0\u00bb3.11.1&Prime;]<\/p>\n<p><strong>Suite \u00e0 une d\u00e9cision de l&rsquo;Office f\u00e9d\u00e9ral de la sant\u00e9 publique (OFSP), le taux de remboursement par la LAMal a \u00e9t\u00e9 baiss\u00e9 \u00e0 un prix unique de 0.30 CHF par jour durant toute la cure \u00e0 partir du 1er avril 2019.<\/strong><\/p>\n<p>[\/et_pb_text][\/et_pb_column][\/et_pb_row][et_pb_row][et_pb_column type=\u00a0\u00bb1_2&Prime;][et_pb_text _builder_version=\u00a0\u00bb3.11.1&Prime;]<\/p>\n<p><span style=\"font-weight: 400;\">Dans le cadre de la r\u00e9vision de la Liste des Moyens et Appareils (LiMA) ayant pour but de r\u00e9duire les co\u00fbts de la sant\u00e9, l\u2019Office f\u00e9d\u00e9ral de la sant\u00e9 publique (OFSP) a d\u00e9cid\u00e9 de baisser drastiquement les prestations obligatoires des caisses maladie pour la location des appareils avertisseurs pour le traitement de l\u2019\u00e9nur\u00e9sie (LiMA 15.20). <\/span><b>Le nouveau taux unique de 30 centimes rembours\u00e9s par jour est entr\u00e9 en vigueur d\u00e8s le 1er avril 2019.<\/b><\/p>\n<p><b>Suite \u00e0 cette d\u00e9cision de l\u2019OFSP<\/b><span style=\"font-weight: 400;\">, la th\u00e9rapie comportementale par appareil n\u2019est plus que marginalement rembours\u00e9e par la LAMal, <\/span><b>ce qui p\u00e9nalise les familles<\/b><span style=\"font-weight: 400;\">, en particulier celles dont les moyens financiers sont limit\u00e9s et qui n\u2019ont d\u00e9sormais plus la possibilit\u00e9 d\u2019acc\u00e9der au meilleur traitement contre l\u2019\u00e9nur\u00e9sie nocturne.\u00a0<\/span><\/p>\n<p>[\/et_pb_text][\/et_pb_column][et_pb_column type=\u00a0\u00bb1_2&Prime;][et_pb_text _builder_version=\u00a0\u00bb3.11.1&Prime;]<\/p>\n<p><span style=\"font-weight: 400;\">De plus, l\u2019abaissement de la prise en charge de la th\u00e9rapie comportementale par appareil avertisseur <\/span><b>provoquera \u00e0 moyen-long terme une hausse substantielle des co\u00fbts \u00e0 supporter par les caisses maladie<\/b><span style=\"font-weight: 400;\">, car cette mesure pousse les familles \u00e0 avoir recours \u00e0 la pharmacologie qui est plus ch\u00e8re, moins efficace et n\u2019est pas d\u00e9nu\u00e9e d\u2019effets secondaires.\u00a0<\/span><\/p>\n<p><span style=\"font-weight: 400;\">Pour ces deux raisons fondamentales, <\/span><b>nous avons soumis, le 3 octobre 2019, une nouvelle requ\u00eate \u00e0 l\u2019OFSP<\/b><span style=\"font-weight: 400;\"> afin d\u2019obtenir rapidement une augmentation importante du tarif unique de remboursement pour les appareils avertisseurs en location. La proc\u00e9dure est en cours.<\/span><\/p>\n<p><strong><a href=\"https:\/\/www.pipi-stop.ch\/wp-content\/uploads\/2020\/02\/Lettre-couverture-dossier-pour-OFSP_demande-revision-tarif-LiMA.pdf\" target=\"_blank\" rel=\"noopener\">Voir la lettre de couverture de notre dossier de requ\u00eate<\/a><\/strong><\/p>\n<p>[\/et_pb_text][\/et_pb_column][\/et_pb_row][et_pb_row][et_pb_column type=\u00a0\u00bb4_4&Prime;][et_pb_image src=\u00a0\u00bbhttps:\/\/www.pipi-stop.ch\/wp-content\/uploads\/2020\/02\/tableau-historique-prise-en-charge-LAMal.png\u00a0\u00bb animation_style=\u00a0\u00bbslide\u00a0\u00bb animation_duration=\u00a0\u00bb500ms\u00a0\u00bb animation_intensity_slide=\u00a0\u00bb10%\u00a0\u00bb animation_direction=\u00a0\u00bbleft\u00a0\u00bb _builder_version=\u00a0\u00bb3.11.1&Prime; \/][\/et_pb_column][\/et_pb_row][et_pb_row][et_pb_column type=\u00a0\u00bb4_4&Prime;][et_pb_divider _builder_version=\u00a0\u00bb3.11.1&Prime; \/][\/et_pb_column][\/et_pb_row][et_pb_row][et_pb_column type=\u00a0\u00bb4_4&Prime;][et_pb_text admin_label=\u00a0\u00bbh1&Prime; background_layout=\u00a0\u00bblight\u00a0\u00bb text_orientation=\u00a0\u00bbcenter\u00a0\u00bb background_position=\u00a0\u00bbtop_left\u00a0\u00bb background_repeat=\u00a0\u00bbrepeat\u00a0\u00bb background_size=\u00a0\u00bbinitial\u00a0\u00bb module_alignment=\u00a0\u00bbcenter\u00a0\u00bb]<\/p>\n<h1>Augmentation de la prise en charge par les caisses maladie d\u00e8s 2008<\/h1>\n<p>[\/et_pb_text][\/et_pb_column][\/et_pb_row][et_pb_row][et_pb_column type=\u00a0\u00bb4_4&Prime;][et_pb_text background_layout=\u00a0\u00bblight\u00a0\u00bb text_orientation=\u00a0\u00bbleft\u00a0\u00bb background_position=\u00a0\u00bbtop_left\u00a0\u00bb background_repeat=\u00a0\u00bbrepeat\u00a0\u00bb background_size=\u00a0\u00bbinitial\u00a0\u00bb]<\/p>\n<h2>Notre requ\u00eate aupr\u00e8s de l&rsquo;Office f\u00e9d\u00e9ral de la sant\u00e9 publique (OFSP) a abouti<\/h2>\n<p>[\/et_pb_text][et_pb_text background_layout=\u00a0\u00bblight\u00a0\u00bb text_orientation=\u00a0\u00bbleft\u00a0\u00bb background_position=\u00a0\u00bbtop_left\u00a0\u00bb background_repeat=\u00a0\u00bbrepeat\u00a0\u00bb background_size=\u00a0\u00bbinitial\u00a0\u00bb]<\/p>\n<h3>Depuis le 1er ao\u00fbt 2008, les prestations que doivent verser les caisses maladie (CM) pour le traitement avec le Pipi-Stop ont \u00e9t\u00e9 nettement augment\u00e9es suite \u00e0 notre demande de f\u00e9vrier 2006 aupr\u00e8s de l&rsquo;OFSP<\/h3>\n<p>[\/et_pb_text][\/et_pb_column][\/et_pb_row][et_pb_row][et_pb_column type=\u00a0\u00bb1_3&Prime;][et_pb_image src=\u00a0\u00bbhttp:\/\/www.pipi-stop.ch\/wp-content\/uploads\/2015\/05\/batiment-confederation-300&#215;200.jpg\u00a0\u00bb animation_style=\u00a0\u00bbslide\u00a0\u00bb animation_duration=\u00a0\u00bb500ms\u00a0\u00bb animation_intensity_slide=\u00a0\u00bb10%\u00a0\u00bb animation_direction=\u00a0\u00bbleft\u00a0\u00bb _builder_version=\u00a0\u00bb3.11.1&Prime; \/][\/et_pb_column][et_pb_column type=\u00a0\u00bb2_3&Prime;][et_pb_text background_layout=\u00a0\u00bblight\u00a0\u00bb text_orientation=\u00a0\u00bbleft\u00a0\u00bb background_position=\u00a0\u00bbtop_left\u00a0\u00bb background_repeat=\u00a0\u00bbrepeat\u00a0\u00bb background_size=\u00a0\u00bbinitial\u00a0\u00bb]<\/p>\n<p class=\"align-justify\">On est pass\u00e9 de CHF 2.35 \u00e0 3.40 par jour pendant les 70 premiers jours de location et de CHF 1.90 \u00e0 2.40 par jour \u00e0 partir du 71e\u00a0jour. Ainsi seule une petite partie des co\u00fbts de location reste \u00e0 la charge des familles.<\/p>\n<p class=\"align-justify\">En r\u00e9action \u00e0 l&rsquo;introduction au 1er\u00a0janvier 2006 des mesures d&rsquo;\u00e9conomie d\u00e9cid\u00e9es par le Conseil f\u00e9d\u00e9ral (soit 10% de r\u00e9duction sur la liste des analyses et la liste des moyens et appareils [LiMA] dont le Pipi-Stop fait partie), nous avons d\u00e9pos\u00e9 une requ\u00eate aupr\u00e8s de l&rsquo;OFSP pour augmenter la prise en charge obligatoire par les CM.\u00a0<strong>Notre objectif \u00e9tait de pouvoir offrir \u00e0 toutes les familles l&rsquo;acc\u00e8s \u00e0 la th\u00e9rapie comportementale avec l&rsquo;appareil avertisseur Pipi-Stop\u00ae qui reste la mani\u00e8re la plus efficace de traiter l&rsquo;\u00e9nur\u00e9sie nocturne et celle qui compte le moins de rechutes.<\/strong><\/p>\n<p class=\"align-justify\"><a href=\"http:\/\/www.pipi-stop.ch\/wp-content\/uploads\/2015\/04\/OFSP_LiMA-Prise-en-charge_couleur.pdf\" target=\"_blank\" rel=\"noopener\">R\u00e9ponse de l&rsquo;OFSP \u00e0 notre requ\u00eate<\/a><\/p>\n<p>[\/et_pb_text][\/et_pb_column][\/et_pb_row][\/et_pb_section]<\/p>\n","protected":false},"excerpt":{"rendered":"<p><div class=\"et_pb_row et_pb_row_0 et_pb_row_empty\">\n\t\t\t\t\n\t\t\t\t\n\t\t\t\t\n\t\t\t\t\n\t\t\t\t\n\t\t\t<\/div> Diminution drastique de la prise en charge LAMal au 1er avril 2019 <div class=\"et_pb_row et_pb_row_1 et_pb_row_empty\">\n\t\t\t\t\n\t\t\t\t\n\t\t\t\t\n\t\t\t\t\n\t\t\t\t\n\t\t\t<\/div> Suite \u00e0 une d\u00e9cision de l&rsquo;Office f\u00e9d\u00e9ral de la sant\u00e9 publique (OFSP), le taux de remboursement par la LAMal a \u00e9t\u00e9 baiss\u00e9 \u00e0 un prix unique de 0.30 CHF par jour durant toute la cure \u00e0 partir du 1er avril 2019. [&hellip;]<\/p>\n","protected":false},"author":1,"featured_media":0,"parent":2192,"menu_order":10,"comment_status":"open","ping_status":"closed","template":"","meta":{"_et_pb_use_builder":"on","_et_pb_old_content":"","_et_gb_content_width":"","inline_featured_image":false,"footnotes":""},"class_list":["post-2384","page","type-page","status-publish","hentry"],"yoast_head":"<!-- This site is optimized with the Yoast SEO Premium plugin v27.3 (Yoast SEO v27.3) - https:\/\/yoast.com\/product\/yoast-seo-premium-wordpress\/ -->\n<title>Historique LAMal | Pipi Stop<\/title>\n<meta name=\"robots\" content=\"index, follow, max-snippet:-1, max-image-preview:large, max-video-preview:-1\" \/>\n<link rel=\"canonical\" href=\"https:\/\/www.pipi-stop.ch\/fr\/melebi-sa\/historique-lamal\/\" \/>\n<meta property=\"og:locale\" content=\"fr_FR\" \/>\n<meta property=\"og:type\" content=\"article\" \/>\n<meta property=\"og:title\" content=\"Historique LAMal\" \/>\n<meta property=\"og:description\" content=\"Diminution drastique de la prise en charge LAMal au 1er avril 2019 Suite \u00e0 une d\u00e9cision de l&#039;Office f\u00e9d\u00e9ral de la sant\u00e9 publique (OFSP), le taux de remboursement par la LAMal a \u00e9t\u00e9 baiss\u00e9 \u00e0 un prix unique de 0.30 CHF par jour durant toute la cure \u00e0 partir du 1er avril 2019. [&hellip;]\" \/>\n<meta property=\"og:url\" content=\"https:\/\/www.pipi-stop.ch\/fr\/melebi-sa\/historique-lamal\/\" \/>\n<meta property=\"og:site_name\" content=\"Pipi Stop\" \/>\n<meta property=\"article:modified_time\" content=\"2020-03-19T07:45:10+00:00\" \/>\n<meta name=\"twitter:card\" content=\"summary_large_image\" \/>\n<meta name=\"twitter:label1\" content=\"Dur\u00e9e de lecture estim\u00e9e\" \/>\n\t<meta name=\"twitter:data1\" content=\"4 minutes\" \/>\n<script type=\"application\/ld+json\" class=\"yoast-schema-graph\">{\"@context\":\"https:\\\/\\\/schema.org\",\"@graph\":[{\"@type\":\"WebPage\",\"@id\":\"https:\\\/\\\/www.pipi-stop.ch\\\/fr\\\/melebi-sa\\\/historique-lamal\\\/\",\"url\":\"https:\\\/\\\/www.pipi-stop.ch\\\/fr\\\/melebi-sa\\\/historique-lamal\\\/\",\"name\":\"Historique LAMal | Pipi Stop\",\"isPartOf\":{\"@id\":\"https:\\\/\\\/www.pipi-stop.ch\\\/fr\\\/#website\"},\"datePublished\":\"2015-06-19T11:39:51+00:00\",\"dateModified\":\"2020-03-19T07:45:10+00:00\",\"breadcrumb\":{\"@id\":\"https:\\\/\\\/www.pipi-stop.ch\\\/fr\\\/melebi-sa\\\/historique-lamal\\\/#breadcrumb\"},\"inLanguage\":\"fr-FR\",\"potentialAction\":[{\"@type\":\"ReadAction\",\"target\":[\"https:\\\/\\\/www.pipi-stop.ch\\\/fr\\\/melebi-sa\\\/historique-lamal\\\/\"]}]},{\"@type\":\"BreadcrumbList\",\"@id\":\"https:\\\/\\\/www.pipi-stop.ch\\\/fr\\\/melebi-sa\\\/historique-lamal\\\/#breadcrumb\",\"itemListElement\":[{\"@type\":\"ListItem\",\"position\":1,\"name\":\"Home\",\"item\":\"https:\\\/\\\/www.pipi-stop.ch\\\/fr\\\/\"},{\"@type\":\"ListItem\",\"position\":2,\"name\":\"Profil d&rsquo;entreprise de Melebi SA\",\"item\":\"https:\\\/\\\/www.pipi-stop.ch\\\/fr\\\/melebi-sa\\\/\"},{\"@type\":\"ListItem\",\"position\":3,\"name\":\"Historique LAMal\"}]},{\"@type\":\"WebSite\",\"@id\":\"https:\\\/\\\/www.pipi-stop.ch\\\/fr\\\/#website\",\"url\":\"https:\\\/\\\/www.pipi-stop.ch\\\/fr\\\/\",\"name\":\"Pipi Stop\",\"description\":\"\",\"potentialAction\":[{\"@type\":\"SearchAction\",\"target\":{\"@type\":\"EntryPoint\",\"urlTemplate\":\"https:\\\/\\\/www.pipi-stop.ch\\\/fr\\\/?s={search_term_string}\"},\"query-input\":{\"@type\":\"PropertyValueSpecification\",\"valueRequired\":true,\"valueName\":\"search_term_string\"}}],\"inLanguage\":\"fr-FR\"}]}<\/script>\n<!-- \/ Yoast SEO Premium plugin. -->","yoast_head_json":{"title":"Historique LAMal | Pipi Stop","robots":{"index":"index","follow":"follow","max-snippet":"max-snippet:-1","max-image-preview":"max-image-preview:large","max-video-preview":"max-video-preview:-1"},"canonical":"https:\/\/www.pipi-stop.ch\/fr\/melebi-sa\/historique-lamal\/","og_locale":"fr_FR","og_type":"article","og_title":"Historique LAMal","og_description":"Diminution drastique de la prise en charge LAMal au 1er avril 2019 Suite \u00e0 une d\u00e9cision de l'Office f\u00e9d\u00e9ral de la sant\u00e9 publique (OFSP), le taux de remboursement par la LAMal a \u00e9t\u00e9 baiss\u00e9 \u00e0 un prix unique de 0.30 CHF par jour durant toute la cure \u00e0 partir du 1er avril 2019. [&hellip;]","og_url":"https:\/\/www.pipi-stop.ch\/fr\/melebi-sa\/historique-lamal\/","og_site_name":"Pipi Stop","article_modified_time":"2020-03-19T07:45:10+00:00","twitter_card":"summary_large_image","twitter_misc":{"Dur\u00e9e de lecture estim\u00e9e":"4 minutes"},"schema":{"@context":"https:\/\/schema.org","@graph":[{"@type":"WebPage","@id":"https:\/\/www.pipi-stop.ch\/fr\/melebi-sa\/historique-lamal\/","url":"https:\/\/www.pipi-stop.ch\/fr\/melebi-sa\/historique-lamal\/","name":"Historique LAMal | Pipi Stop","isPartOf":{"@id":"https:\/\/www.pipi-stop.ch\/fr\/#website"},"datePublished":"2015-06-19T11:39:51+00:00","dateModified":"2020-03-19T07:45:10+00:00","breadcrumb":{"@id":"https:\/\/www.pipi-stop.ch\/fr\/melebi-sa\/historique-lamal\/#breadcrumb"},"inLanguage":"fr-FR","potentialAction":[{"@type":"ReadAction","target":["https:\/\/www.pipi-stop.ch\/fr\/melebi-sa\/historique-lamal\/"]}]},{"@type":"BreadcrumbList","@id":"https:\/\/www.pipi-stop.ch\/fr\/melebi-sa\/historique-lamal\/#breadcrumb","itemListElement":[{"@type":"ListItem","position":1,"name":"Home","item":"https:\/\/www.pipi-stop.ch\/fr\/"},{"@type":"ListItem","position":2,"name":"Profil d&rsquo;entreprise de Melebi SA","item":"https:\/\/www.pipi-stop.ch\/fr\/melebi-sa\/"},{"@type":"ListItem","position":3,"name":"Historique LAMal"}]},{"@type":"WebSite","@id":"https:\/\/www.pipi-stop.ch\/fr\/#website","url":"https:\/\/www.pipi-stop.ch\/fr\/","name":"Pipi Stop","description":"","potentialAction":[{"@type":"SearchAction","target":{"@type":"EntryPoint","urlTemplate":"https:\/\/www.pipi-stop.ch\/fr\/?s={search_term_string}"},"query-input":{"@type":"PropertyValueSpecification","valueRequired":true,"valueName":"search_term_string"}}],"inLanguage":"fr-FR"}]}},"_links":{"self":[{"href":"https:\/\/www.pipi-stop.ch\/fr\/wp-json\/wp\/v2\/pages\/2384","targetHints":{"allow":["GET"]}}],"collection":[{"href":"https:\/\/www.pipi-stop.ch\/fr\/wp-json\/wp\/v2\/pages"}],"about":[{"href":"https:\/\/www.pipi-stop.ch\/fr\/wp-json\/wp\/v2\/types\/page"}],"author":[{"embeddable":true,"href":"https:\/\/www.pipi-stop.ch\/fr\/wp-json\/wp\/v2\/users\/1"}],"replies":[{"embeddable":true,"href":"https:\/\/www.pipi-stop.ch\/fr\/wp-json\/wp\/v2\/comments?post=2384"}],"version-history":[{"count":20,"href":"https:\/\/www.pipi-stop.ch\/fr\/wp-json\/wp\/v2\/pages\/2384\/revisions"}],"predecessor-version":[{"id":16205,"href":"https:\/\/www.pipi-stop.ch\/fr\/wp-json\/wp\/v2\/pages\/2384\/revisions\/16205"}],"up":[{"embeddable":true,"href":"https:\/\/www.pipi-stop.ch\/fr\/wp-json\/wp\/v2\/pages\/2192"}],"wp:attachment":[{"href":"https:\/\/www.pipi-stop.ch\/fr\/wp-json\/wp\/v2\/media?parent=2384"}],"curies":[{"name":"wp","href":"https:\/\/api.w.org\/{rel}","templated":true}]}}