{"id":2382,"date":"2015-06-19T11:37:28","date_gmt":"2015-06-19T11:37:28","guid":{"rendered":"http:\/\/pipi-stop.version-demo.ch\/?page_id=2382"},"modified":"2024-09-16T21:12:04","modified_gmt":"2024-09-16T21:12:04","slug":"innovation-technologique","status":"publish","type":"page","link":"https:\/\/www.pipi-stop.ch\/fr\/melebi-sa\/innovation-technologique\/","title":{"rendered":"Innovation technologique"},"content":{"rendered":"<p>[et_pb_section fb_built=\u00a0\u00bb1&Prime; module_class=\u00a0\u00bbmain-h1-title\u00a0\u00bb _builder_version=\u00a0\u00bb4.16&Prime; background_color=\u00a0\u00bb#ffffff\u00a0\u00bb transparent_background=\u00a0\u00bboff\u00a0\u00bb global_colors_info=\u00a0\u00bb{}\u00a0\u00bb][et_pb_row _builder_version=\u00a0\u00bb4.16&Prime; background_size=\u00a0\u00bbinitial\u00a0\u00bb background_position=\u00a0\u00bbtop_left\u00a0\u00bb background_repeat=\u00a0\u00bbrepeat\u00a0\u00bb global_colors_info=\u00a0\u00bb{}\u00a0\u00bb][et_pb_column type=\u00a0\u00bb4_4&Prime; _builder_version=\u00a0\u00bb4.16&Prime; custom_padding=\u00a0\u00bb|||\u00a0\u00bb global_colors_info=\u00a0\u00bb{}\u00a0\u00bb custom_padding__hover=\u00a0\u00bb|||\u00a0\u00bb][et_pb_text admin_label=\u00a0\u00bbh1&Prime; _builder_version=\u00a0\u00bb4.16&Prime; background_size=\u00a0\u00bbinitial\u00a0\u00bb background_position=\u00a0\u00bbtop_left\u00a0\u00bb background_repeat=\u00a0\u00bbrepeat\u00a0\u00bb text_orientation=\u00a0\u00bbcenter\u00a0\u00bb module_alignment=\u00a0\u00bbcenter\u00a0\u00bb global_colors_info=\u00a0\u00bb{}\u00a0\u00bb]<\/p>\n<h1>Innovation technologique en 2010<\/h1>\n<p>[\/et_pb_text][\/et_pb_column][\/et_pb_row][et_pb_row _builder_version=\u00a0\u00bb4.16&Prime; background_size=\u00a0\u00bbinitial\u00a0\u00bb background_position=\u00a0\u00bbtop_left\u00a0\u00bb background_repeat=\u00a0\u00bbrepeat\u00a0\u00bb global_colors_info=\u00a0\u00bb{}\u00a0\u00bb][et_pb_column type=\u00a0\u00bb4_4&Prime; _builder_version=\u00a0\u00bb4.16&Prime; custom_padding=\u00a0\u00bb|||\u00a0\u00bb global_colors_info=\u00a0\u00bb{}\u00a0\u00bb custom_padding__hover=\u00a0\u00bb|||\u00a0\u00bb][et_pb_text admin_label=\u00a0\u00bbTexte\u00a0\u00bb _builder_version=\u00a0\u00bb4.16&Prime; background_size=\u00a0\u00bbinitial\u00a0\u00bb background_position=\u00a0\u00bbtop_left\u00a0\u00bb background_repeat=\u00a0\u00bbrepeat\u00a0\u00bb global_colors_info=\u00a0\u00bb{}\u00a0\u00bb]<\/p>\n<h2>La soci\u00e9t\u00e9 Melebi SA innove. En 2010, elle a mis sur le march\u00e9 son dernier mod\u00e8le de Pipi-Stop\u00ae sans fil (Swiss made)<\/h2>\n<p>[\/et_pb_text][et_pb_text admin_label=\u00a0\u00bbTexte\u00a0\u00bb _builder_version=\u00a0\u00bb4.16&Prime; background_size=\u00a0\u00bbinitial\u00a0\u00bb background_position=\u00a0\u00bbtop_left\u00a0\u00bb background_repeat=\u00a0\u00bbrepeat\u00a0\u00bb global_colors_info=\u00a0\u00bb{}\u00a0\u00bb]<\/p>\n<h3>Le Pipi-Stop\u00ae (ou AntiNass\u00ae) est sans cesse am\u00e9lior\u00e9 gr\u00e2ce aux nouvelles technologies<\/h3>\n<p>[\/et_pb_text][\/et_pb_column][\/et_pb_row][et_pb_row _builder_version=\u00a0\u00bb4.16&Prime; background_size=\u00a0\u00bbinitial\u00a0\u00bb background_position=\u00a0\u00bbtop_left\u00a0\u00bb background_repeat=\u00a0\u00bbrepeat\u00a0\u00bb global_colors_info=\u00a0\u00bb{}\u00a0\u00bb column_structure=\u00a0\u00bb1_3,2_3&Prime;][et_pb_column type=\u00a0\u00bb1_3&Prime; _builder_version=\u00a0\u00bb4.16&Prime; custom_padding=\u00a0\u00bb|||\u00a0\u00bb global_colors_info=\u00a0\u00bb{}\u00a0\u00bb custom_padding__hover=\u00a0\u00bb|||\u00a0\u00bb][et_pb_image src=\u00a0\u00bbhttps:\/\/www.pipi-stop.ch\/wp-content\/uploads\/2024\/09\/Assemblage_1000px-flanelle-home.jpg\u00a0\u00bb align_tablet=\u00a0\u00bbcenter\u00a0\u00bb align_last_edited=\u00a0\u00bbon|desktop\u00a0\u00bb _builder_version=\u00a0\u00bb4.17.0&Prime; animation_style=\u00a0\u00bbslide\u00a0\u00bb animation_direction=\u00a0\u00bbleft\u00a0\u00bb animation_duration=\u00a0\u00bb500ms\u00a0\u00bb animation_intensity_slide=\u00a0\u00bb10%\u00a0\u00bb hover_enabled=\u00a0\u00bb0&Prime; global_colors_info=\u00a0\u00bb{}\u00a0\u00bb title_text=\u00a0\u00bbAssemblage_1000px-flanelle-home\u00a0\u00bb sticky_enabled=\u00a0\u00bb0&Prime; align_phone=\u00a0\u00bbcenter\u00a0\u00bb][\/et_pb_image][\/et_pb_column][et_pb_column type=\u00a0\u00bb2_3&Prime; _builder_version=\u00a0\u00bb4.16&Prime; custom_padding=\u00a0\u00bb|||\u00a0\u00bb global_colors_info=\u00a0\u00bb{}\u00a0\u00bb custom_padding__hover=\u00a0\u00bb|||\u00a0\u00bb][et_pb_text admin_label=\u00a0\u00bbTexte\u00a0\u00bb _builder_version=\u00a0\u00bb4.16&Prime; background_size=\u00a0\u00bbinitial\u00a0\u00bb background_position=\u00a0\u00bbtop_left\u00a0\u00bb background_repeat=\u00a0\u00bbrepeat\u00a0\u00bb global_colors_info=\u00a0\u00bb{}\u00a0\u00bb]<\/p>\n<p class=\"align-justify\">L&rsquo;une des \u00e9tapes importantes a \u00e9t\u00e9 le passage, en 2000, \u00e0 la transmission sans fil. Dix ans plus tard,le Pipi-Stop passe aux normes CE&nbsp;et sa mise en service est&nbsp;encore plus simple qu&rsquo;auparavant.<\/p>\n<p class=\"align-justify\">Le r\u00e9cepteur a \u00e9t\u00e9 con\u00e7u avec un&nbsp;nouveau design&nbsp;et un&nbsp;son r\u00e9glable encore plus efficace. D&rsquo;autre part, la&nbsp;petite taille de l&rsquo;\u00e9metteur&nbsp;qui se clipse sur le d\u00e9tecteur d&rsquo;urine plac\u00e9 dans le slip de l&rsquo;enfant, caract\u00e9rise tout particuli\u00e8rement cette avanc\u00e9e technologique, en&nbsp;offrant davantage de confort. L&rsquo;autonomie de l&rsquo;\u00e9metteur a \u00e9t\u00e9 nettement am\u00e9lior\u00e9e&nbsp;et les&nbsp;ondes,&nbsp;transmises uniquement lors de la miction&nbsp;de l&rsquo;enfant, sont&nbsp;encore plus faibles&nbsp;(pr\u00e8s d&rsquo;un million de fois moins qu&rsquo;un t\u00e9l\u00e9phone mobile).<\/p>\n<p>[\/et_pb_text][\/et_pb_column][\/et_pb_row][\/et_pb_section]<\/p>\n","protected":false},"excerpt":{"rendered":"<p>Innovation technologique en 2010 La soci\u00e9t\u00e9 Melebi SA innove. En 2010, elle a mis sur le march\u00e9 son dernier mod\u00e8le de Pipi-Stop\u00ae sans fil (Swiss made) Le Pipi-Stop\u00ae (ou AntiNass\u00ae) est sans cesse am\u00e9lior\u00e9 gr\u00e2ce aux nouvelles technologies L&rsquo;une des \u00e9tapes importantes a \u00e9t\u00e9 le passage, en 2000, \u00e0 la transmission sans fil. Dix ans [&hellip;]<\/p>\n","protected":false},"author":1,"featured_media":0,"parent":2192,"menu_order":9,"comment_status":"open","ping_status":"closed","template":"","meta":{"_et_pb_use_builder":"on","_et_pb_old_content":"","_et_gb_content_width":"","inline_featured_image":false,"footnotes":""},"class_list":["post-2382","page","type-page","status-publish","hentry"],"yoast_head":"<!-- This site is optimized with the Yoast SEO Premium plugin v26.3 (Yoast SEO v26.3) - https:\/\/yoast.com\/wordpress\/plugins\/seo\/ -->\n<title>Innovation technologique | Pipi Stop<\/title>\n<meta name=\"robots\" content=\"index, follow, max-snippet:-1, max-image-preview:large, max-video-preview:-1\" \/>\n<link rel=\"canonical\" href=\"https:\/\/www.pipi-stop.ch\/fr\/melebi-sa\/innovation-technologique\/\" \/>\n<meta property=\"og:locale\" content=\"fr_FR\" \/>\n<meta property=\"og:type\" content=\"article\" \/>\n<meta property=\"og:title\" content=\"Innovation technologique\" \/>\n<meta property=\"og:description\" content=\"Innovation technologique en 2010 La soci\u00e9t\u00e9 Melebi SA innove. En 2010, elle a mis sur le march\u00e9 son dernier mod\u00e8le de Pipi-Stop\u00ae sans fil (Swiss made) Le Pipi-Stop\u00ae (ou AntiNass\u00ae) est sans cesse am\u00e9lior\u00e9 gr\u00e2ce aux nouvelles technologies L&#039;une des \u00e9tapes importantes a \u00e9t\u00e9 le passage, en 2000, \u00e0 la transmission sans fil. Dix ans [&hellip;]\" \/>\n<meta property=\"og:url\" content=\"https:\/\/www.pipi-stop.ch\/fr\/melebi-sa\/innovation-technologique\/\" \/>\n<meta property=\"og:site_name\" content=\"Pipi Stop\" \/>\n<meta property=\"article:modified_time\" content=\"2024-09-16T21:12:04+00:00\" \/>\n<meta name=\"twitter:card\" content=\"summary_large_image\" \/>\n<meta name=\"twitter:label1\" content=\"Dur\u00e9e de lecture estim\u00e9e\" \/>\n\t<meta name=\"twitter:data1\" content=\"2 minutes\" \/>\n<script type=\"application\/ld+json\" class=\"yoast-schema-graph\">{\"@context\":\"https:\/\/schema.org\",\"@graph\":[{\"@type\":\"WebPage\",\"@id\":\"https:\/\/www.pipi-stop.ch\/fr\/melebi-sa\/innovation-technologique\/\",\"url\":\"https:\/\/www.pipi-stop.ch\/fr\/melebi-sa\/innovation-technologique\/\",\"name\":\"Innovation technologique | Pipi Stop\",\"isPartOf\":{\"@id\":\"https:\/\/www.pipi-stop.ch\/fr\/#website\"},\"datePublished\":\"2015-06-19T11:37:28+00:00\",\"dateModified\":\"2024-09-16T21:12:04+00:00\",\"breadcrumb\":{\"@id\":\"https:\/\/www.pipi-stop.ch\/fr\/melebi-sa\/innovation-technologique\/#breadcrumb\"},\"inLanguage\":\"fr-FR\",\"potentialAction\":[{\"@type\":\"ReadAction\",\"target\":[\"https:\/\/www.pipi-stop.ch\/fr\/melebi-sa\/innovation-technologique\/\"]}]},{\"@type\":\"BreadcrumbList\",\"@id\":\"https:\/\/www.pipi-stop.ch\/fr\/melebi-sa\/innovation-technologique\/#breadcrumb\",\"itemListElement\":[{\"@type\":\"ListItem\",\"position\":1,\"name\":\"Home\",\"item\":\"https:\/\/www.pipi-stop.ch\/fr\/\"},{\"@type\":\"ListItem\",\"position\":2,\"name\":\"Profil d&rsquo;entreprise de Melebi SA\",\"item\":\"https:\/\/www.pipi-stop.ch\/fr\/melebi-sa\/\"},{\"@type\":\"ListItem\",\"position\":3,\"name\":\"Innovation technologique\"}]},{\"@type\":\"WebSite\",\"@id\":\"https:\/\/www.pipi-stop.ch\/fr\/#website\",\"url\":\"https:\/\/www.pipi-stop.ch\/fr\/\",\"name\":\"Pipi Stop\",\"description\":\"\",\"potentialAction\":[{\"@type\":\"SearchAction\",\"target\":{\"@type\":\"EntryPoint\",\"urlTemplate\":\"https:\/\/www.pipi-stop.ch\/fr\/?s={search_term_string}\"},\"query-input\":{\"@type\":\"PropertyValueSpecification\",\"valueRequired\":true,\"valueName\":\"search_term_string\"}}],\"inLanguage\":\"fr-FR\"}]}<\/script>\n<!-- \/ Yoast SEO Premium plugin. -->","yoast_head_json":{"title":"Innovation technologique | Pipi Stop","robots":{"index":"index","follow":"follow","max-snippet":"max-snippet:-1","max-image-preview":"max-image-preview:large","max-video-preview":"max-video-preview:-1"},"canonical":"https:\/\/www.pipi-stop.ch\/fr\/melebi-sa\/innovation-technologique\/","og_locale":"fr_FR","og_type":"article","og_title":"Innovation technologique","og_description":"Innovation technologique en 2010 La soci\u00e9t\u00e9 Melebi SA innove. En 2010, elle a mis sur le march\u00e9 son dernier mod\u00e8le de Pipi-Stop\u00ae sans fil (Swiss made) Le Pipi-Stop\u00ae (ou AntiNass\u00ae) est sans cesse am\u00e9lior\u00e9 gr\u00e2ce aux nouvelles technologies L'une des \u00e9tapes importantes a \u00e9t\u00e9 le passage, en 2000, \u00e0 la transmission sans fil. Dix ans [&hellip;]","og_url":"https:\/\/www.pipi-stop.ch\/fr\/melebi-sa\/innovation-technologique\/","og_site_name":"Pipi Stop","article_modified_time":"2024-09-16T21:12:04+00:00","twitter_card":"summary_large_image","twitter_misc":{"Dur\u00e9e de lecture estim\u00e9e":"2 minutes"},"schema":{"@context":"https:\/\/schema.org","@graph":[{"@type":"WebPage","@id":"https:\/\/www.pipi-stop.ch\/fr\/melebi-sa\/innovation-technologique\/","url":"https:\/\/www.pipi-stop.ch\/fr\/melebi-sa\/innovation-technologique\/","name":"Innovation technologique | Pipi Stop","isPartOf":{"@id":"https:\/\/www.pipi-stop.ch\/fr\/#website"},"datePublished":"2015-06-19T11:37:28+00:00","dateModified":"2024-09-16T21:12:04+00:00","breadcrumb":{"@id":"https:\/\/www.pipi-stop.ch\/fr\/melebi-sa\/innovation-technologique\/#breadcrumb"},"inLanguage":"fr-FR","potentialAction":[{"@type":"ReadAction","target":["https:\/\/www.pipi-stop.ch\/fr\/melebi-sa\/innovation-technologique\/"]}]},{"@type":"BreadcrumbList","@id":"https:\/\/www.pipi-stop.ch\/fr\/melebi-sa\/innovation-technologique\/#breadcrumb","itemListElement":[{"@type":"ListItem","position":1,"name":"Home","item":"https:\/\/www.pipi-stop.ch\/fr\/"},{"@type":"ListItem","position":2,"name":"Profil d&rsquo;entreprise de Melebi SA","item":"https:\/\/www.pipi-stop.ch\/fr\/melebi-sa\/"},{"@type":"ListItem","position":3,"name":"Innovation technologique"}]},{"@type":"WebSite","@id":"https:\/\/www.pipi-stop.ch\/fr\/#website","url":"https:\/\/www.pipi-stop.ch\/fr\/","name":"Pipi Stop","description":"","potentialAction":[{"@type":"SearchAction","target":{"@type":"EntryPoint","urlTemplate":"https:\/\/www.pipi-stop.ch\/fr\/?s={search_term_string}"},"query-input":{"@type":"PropertyValueSpecification","valueRequired":true,"valueName":"search_term_string"}}],"inLanguage":"fr-FR"}]}},"_links":{"self":[{"href":"https:\/\/www.pipi-stop.ch\/fr\/wp-json\/wp\/v2\/pages\/2382","targetHints":{"allow":["GET"]}}],"collection":[{"href":"https:\/\/www.pipi-stop.ch\/fr\/wp-json\/wp\/v2\/pages"}],"about":[{"href":"https:\/\/www.pipi-stop.ch\/fr\/wp-json\/wp\/v2\/types\/page"}],"author":[{"embeddable":true,"href":"https:\/\/www.pipi-stop.ch\/fr\/wp-json\/wp\/v2\/users\/1"}],"replies":[{"embeddable":true,"href":"https:\/\/www.pipi-stop.ch\/fr\/wp-json\/wp\/v2\/comments?post=2382"}],"version-history":[{"count":9,"href":"https:\/\/www.pipi-stop.ch\/fr\/wp-json\/wp\/v2\/pages\/2382\/revisions"}],"predecessor-version":[{"id":17224,"href":"https:\/\/www.pipi-stop.ch\/fr\/wp-json\/wp\/v2\/pages\/2382\/revisions\/17224"}],"up":[{"embeddable":true,"href":"https:\/\/www.pipi-stop.ch\/fr\/wp-json\/wp\/v2\/pages\/2192"}],"wp:attachment":[{"href":"https:\/\/www.pipi-stop.ch\/fr\/wp-json\/wp\/v2\/media?parent=2382"}],"curies":[{"name":"wp","href":"https:\/\/api.w.org\/{rel}","templated":true}]}}