{"id":2378,"date":"2015-06-19T11:33:21","date_gmt":"2015-06-19T11:33:21","guid":{"rendered":"http:\/\/pipi-stop.version-demo.ch\/?page_id=2378"},"modified":"2018-08-20T09:49:24","modified_gmt":"2018-08-20T09:49:24","slug":"80-ans-du-pipi-stop","status":"publish","type":"page","link":"https:\/\/www.pipi-stop.ch\/fr\/melebi-sa\/80-ans-du-pipi-stop\/","title":{"rendered":"Les 80 ans du Pipi-Stop"},"content":{"rendered":"<p>[et_pb_section bb_built=\u00a0\u00bb1&Prime; transparent_background=\u00a0\u00bboff\u00a0\u00bb background_color=\u00a0\u00bb#ffffff\u00a0\u00bb allow_player_pause=\u00a0\u00bboff\u00a0\u00bb inner_shadow=\u00a0\u00bboff\u00a0\u00bb parallax=\u00a0\u00bboff\u00a0\u00bb parallax_method=\u00a0\u00bboff\u00a0\u00bb module_class=\u00a0\u00bbmain-h1-title\u00a0\u00bb][et_pb_row][et_pb_column type=\u00a0\u00bb4_4&Prime;][et_pb_text admin_label=\u00a0\u00bbh1&Prime; background_layout=\u00a0\u00bblight\u00a0\u00bb text_orientation=\u00a0\u00bbcenter\u00a0\u00bb background_position=\u00a0\u00bbtop_left\u00a0\u00bb background_repeat=\u00a0\u00bbrepeat\u00a0\u00bb background_size=\u00a0\u00bbinitial\u00a0\u00bb module_alignment=\u00a0\u00bbcenter\u00a0\u00bb]<\/p>\n<h1>Pour marquer les 80 ans du Pipi-Stop (2012)<\/h1>\n<p>[\/et_pb_text][\/et_pb_column][\/et_pb_row][et_pb_row][et_pb_column type=\u00a0\u00bb4_4&Prime;][et_pb_text admin_label=\u00a0\u00bbTexte\u00a0\u00bb background_layout=\u00a0\u00bblight\u00a0\u00bb text_orientation=\u00a0\u00bbleft\u00a0\u00bb background_position=\u00a0\u00bbtop_left\u00a0\u00bb background_repeat=\u00a0\u00bbrepeat\u00a0\u00bb background_size=\u00a0\u00bbinitial\u00a0\u00bb]<\/p>\n<h2>Un livre pour enfants, des T-shirts, un nouveau site internet et une nouveaut\u00e9 technologique<\/h2>\n<p>[\/et_pb_text][et_pb_text admin_label=\u00a0\u00bbTexte\u00a0\u00bb background_layout=\u00a0\u00bblight\u00a0\u00bb text_orientation=\u00a0\u00bbleft\u00a0\u00bb background_position=\u00a0\u00bbtop_left\u00a0\u00bb background_repeat=\u00a0\u00bbrepeat\u00a0\u00bb background_size=\u00a0\u00bbinitial\u00a0\u00bb]<\/p>\n<h3>Depuis 1932, nous traitons avec succ\u00e8s&nbsp;les enfants qui font pipi au lit par une th\u00e9rapie comportementale avec nos appareils avertisseurs<\/h3>\n<p>[\/et_pb_text][\/et_pb_column][\/et_pb_row][et_pb_row][et_pb_column type=\u00a0\u00bb1_3&Prime;][et_pb_image src=\u00a0\u00bbhttp:\/\/www.pipi-stop.ch\/wp-content\/uploads\/2015\/04\/Lapin-sur-coussin-1-797&#215;1024.jpg\u00a0\u00bb animation_style=\u00a0\u00bbslide\u00a0\u00bb animation_duration=\u00a0\u00bb500ms\u00a0\u00bb animation_intensity_slide=\u00a0\u00bb10%\u00a0\u00bb animation_direction=\u00a0\u00bbleft\u00a0\u00bb _builder_version=\u00a0\u00bb3.11.1&Prime; \/][\/et_pb_column][et_pb_column type=\u00a0\u00bb2_3&Prime;][et_pb_text admin_label=\u00a0\u00bbTexte\u00a0\u00bb background_layout=\u00a0\u00bblight\u00a0\u00bb text_orientation=\u00a0\u00bbleft\u00a0\u00bb background_position=\u00a0\u00bbtop_left\u00a0\u00bb background_repeat=\u00a0\u00bbrepeat\u00a0\u00bb background_size=\u00a0\u00bbinitial\u00a0\u00bb]<\/p>\n<p>Le Pipi-Stop est un produit suisse, en constante \u00e9volution (patent\u00e9 par Ernst Bieri, l\u2019inventeur, sous le nom de AntiNass).<br \/>\nNotre devise: offrir aux parents d\u2019enfants \u00e9nur\u00e9tiques le meilleur service possible avec un appareil de qualit\u00e9 \u00e0 la pointe du progr\u00e8s.<\/p>\n<p>Pour marquer les 80 ans du Pipi-Stop, nous avons&nbsp;<strong>d\u00e9velopp\u00e9 un bracelet vibreur<\/strong>. Notre<strong> site internet a \u00e9t\u00e9&nbsp;refait compl\u00e8tement en 4 langues<\/strong>. Les contenus de nos pages ont \u00e9t\u00e9 compl\u00e9t\u00e9s et \u00e9largis, afin d\u2019informer encore mieux les parents d\u2019enfants \u00e9nur\u00e9tiques. Nous avons \u00e9galement&nbsp;<strong>\u00e9dit\u00e9 un livre pour enfants<\/strong>&nbsp;et&nbsp;vous <strong>proposons des T-shirts<\/strong>.<\/p>\n<p>N\u2019h\u00e9sitez pas \u00e0 nous contacter pour r\u00e9soudre votre probl\u00e8me d\u2019\u00e9nur\u00e9sie. Nous serons&nbsp;<strong>\u00e0 vos c\u00f4t\u00e9s pour que votre enfant puisse, lui aussi, gu\u00e9rir de cette maladie et reprendre confiance en lui<\/strong>.<\/p>\n<p>[\/et_pb_text][\/et_pb_column][\/et_pb_row][\/et_pb_section]<\/p>\n","protected":false},"excerpt":{"rendered":"<p><div class=\"et_pb_row et_pb_row_0 et_pb_row_empty\">\n\t\t\t\t\n\t\t\t\t\n\t\t\t\t\n\t\t\t\t\n\t\t\t\t\n\t\t\t<\/div> Pour marquer les 80 ans du Pipi-Stop (2012) <div class=\"et_pb_row et_pb_row_1 et_pb_row_empty\">\n\t\t\t\t\n\t\t\t\t\n\t\t\t\t\n\t\t\t\t\n\t\t\t\t\n\t\t\t<\/div> Un livre pour enfants, des T-shirts, un nouveau site internet et une nouveaut\u00e9 technologique Depuis 1932, nous traitons avec succ\u00e8s&nbsp;les enfants qui font pipi au lit par une th\u00e9rapie comportementale avec nos appareils avertisseurs <div class=\"et_pb_row et_pb_row_2 et_pb_row_empty\">\n\t\t\t\t\n\t\t\t\t\n\t\t\t\t\n\t\t\t\t\n\t\t\t\t\n\t\t\t<\/div> Le Pipi-Stop est un produit suisse, en constante \u00e9volution (patent\u00e9 [&hellip;]<\/p>\n","protected":false},"author":1,"featured_media":0,"parent":2192,"menu_order":8,"comment_status":"open","ping_status":"closed","template":"","meta":{"_et_pb_use_builder":"on","_et_pb_old_content":"","_et_gb_content_width":"","inline_featured_image":false,"footnotes":""},"class_list":["post-2378","page","type-page","status-publish","hentry"],"yoast_head":"<!-- This site is optimized with the Yoast SEO Premium plugin v26.3 (Yoast SEO v26.3) - https:\/\/yoast.com\/wordpress\/plugins\/seo\/ -->\n<title>Les 80 ans du Pipi-Stop | Pipi Stop<\/title>\n<meta name=\"robots\" content=\"index, follow, max-snippet:-1, max-image-preview:large, max-video-preview:-1\" \/>\n<link rel=\"canonical\" href=\"https:\/\/www.pipi-stop.ch\/fr\/melebi-sa\/80-ans-du-pipi-stop\/\" \/>\n<meta property=\"og:locale\" content=\"fr_FR\" \/>\n<meta property=\"og:type\" content=\"article\" \/>\n<meta property=\"og:title\" content=\"Les 80 ans du Pipi-Stop\" \/>\n<meta property=\"og:description\" content=\"Pour marquer les 80 ans du Pipi-Stop (2012) Un livre pour enfants, des T-shirts, un nouveau site internet et une nouveaut\u00e9 technologique Depuis 1932, nous traitons avec succ\u00e8s&nbsp;les enfants qui font pipi au lit par une th\u00e9rapie comportementale avec nos appareils avertisseurs Le Pipi-Stop est un produit suisse, en constante \u00e9volution (patent\u00e9 [&hellip;]\" \/>\n<meta property=\"og:url\" content=\"https:\/\/www.pipi-stop.ch\/fr\/melebi-sa\/80-ans-du-pipi-stop\/\" \/>\n<meta property=\"og:site_name\" content=\"Pipi Stop\" \/>\n<meta property=\"article:modified_time\" content=\"2018-08-20T09:49:24+00:00\" \/>\n<meta name=\"twitter:card\" content=\"summary_large_image\" \/>\n<meta name=\"twitter:label1\" content=\"Dur\u00e9e de lecture estim\u00e9e\" \/>\n\t<meta name=\"twitter:data1\" content=\"2 minutes\" \/>\n<script type=\"application\/ld+json\" class=\"yoast-schema-graph\">{\"@context\":\"https:\/\/schema.org\",\"@graph\":[{\"@type\":\"WebPage\",\"@id\":\"https:\/\/www.pipi-stop.ch\/fr\/melebi-sa\/80-ans-du-pipi-stop\/\",\"url\":\"https:\/\/www.pipi-stop.ch\/fr\/melebi-sa\/80-ans-du-pipi-stop\/\",\"name\":\"Les 80 ans du Pipi-Stop | Pipi Stop\",\"isPartOf\":{\"@id\":\"https:\/\/www.pipi-stop.ch\/fr\/#website\"},\"datePublished\":\"2015-06-19T11:33:21+00:00\",\"dateModified\":\"2018-08-20T09:49:24+00:00\",\"breadcrumb\":{\"@id\":\"https:\/\/www.pipi-stop.ch\/fr\/melebi-sa\/80-ans-du-pipi-stop\/#breadcrumb\"},\"inLanguage\":\"fr-FR\",\"potentialAction\":[{\"@type\":\"ReadAction\",\"target\":[\"https:\/\/www.pipi-stop.ch\/fr\/melebi-sa\/80-ans-du-pipi-stop\/\"]}]},{\"@type\":\"BreadcrumbList\",\"@id\":\"https:\/\/www.pipi-stop.ch\/fr\/melebi-sa\/80-ans-du-pipi-stop\/#breadcrumb\",\"itemListElement\":[{\"@type\":\"ListItem\",\"position\":1,\"name\":\"Home\",\"item\":\"https:\/\/www.pipi-stop.ch\/fr\/\"},{\"@type\":\"ListItem\",\"position\":2,\"name\":\"Profil d&rsquo;entreprise de Melebi SA\",\"item\":\"https:\/\/www.pipi-stop.ch\/fr\/melebi-sa\/\"},{\"@type\":\"ListItem\",\"position\":3,\"name\":\"Les 80 ans du Pipi-Stop\"}]},{\"@type\":\"WebSite\",\"@id\":\"https:\/\/www.pipi-stop.ch\/fr\/#website\",\"url\":\"https:\/\/www.pipi-stop.ch\/fr\/\",\"name\":\"Pipi Stop\",\"description\":\"\",\"potentialAction\":[{\"@type\":\"SearchAction\",\"target\":{\"@type\":\"EntryPoint\",\"urlTemplate\":\"https:\/\/www.pipi-stop.ch\/fr\/?s={search_term_string}\"},\"query-input\":{\"@type\":\"PropertyValueSpecification\",\"valueRequired\":true,\"valueName\":\"search_term_string\"}}],\"inLanguage\":\"fr-FR\"}]}<\/script>\n<!-- \/ Yoast SEO Premium plugin. -->","yoast_head_json":{"title":"Les 80 ans du Pipi-Stop | Pipi Stop","robots":{"index":"index","follow":"follow","max-snippet":"max-snippet:-1","max-image-preview":"max-image-preview:large","max-video-preview":"max-video-preview:-1"},"canonical":"https:\/\/www.pipi-stop.ch\/fr\/melebi-sa\/80-ans-du-pipi-stop\/","og_locale":"fr_FR","og_type":"article","og_title":"Les 80 ans du Pipi-Stop","og_description":"Pour marquer les 80 ans du Pipi-Stop (2012) Un livre pour enfants, des T-shirts, un nouveau site internet et une nouveaut\u00e9 technologique Depuis 1932, nous traitons avec succ\u00e8s&nbsp;les enfants qui font pipi au lit par une th\u00e9rapie comportementale avec nos appareils avertisseurs Le Pipi-Stop est un produit suisse, en constante \u00e9volution (patent\u00e9 [&hellip;]","og_url":"https:\/\/www.pipi-stop.ch\/fr\/melebi-sa\/80-ans-du-pipi-stop\/","og_site_name":"Pipi Stop","article_modified_time":"2018-08-20T09:49:24+00:00","twitter_card":"summary_large_image","twitter_misc":{"Dur\u00e9e de lecture estim\u00e9e":"2 minutes"},"schema":{"@context":"https:\/\/schema.org","@graph":[{"@type":"WebPage","@id":"https:\/\/www.pipi-stop.ch\/fr\/melebi-sa\/80-ans-du-pipi-stop\/","url":"https:\/\/www.pipi-stop.ch\/fr\/melebi-sa\/80-ans-du-pipi-stop\/","name":"Les 80 ans du Pipi-Stop | Pipi Stop","isPartOf":{"@id":"https:\/\/www.pipi-stop.ch\/fr\/#website"},"datePublished":"2015-06-19T11:33:21+00:00","dateModified":"2018-08-20T09:49:24+00:00","breadcrumb":{"@id":"https:\/\/www.pipi-stop.ch\/fr\/melebi-sa\/80-ans-du-pipi-stop\/#breadcrumb"},"inLanguage":"fr-FR","potentialAction":[{"@type":"ReadAction","target":["https:\/\/www.pipi-stop.ch\/fr\/melebi-sa\/80-ans-du-pipi-stop\/"]}]},{"@type":"BreadcrumbList","@id":"https:\/\/www.pipi-stop.ch\/fr\/melebi-sa\/80-ans-du-pipi-stop\/#breadcrumb","itemListElement":[{"@type":"ListItem","position":1,"name":"Home","item":"https:\/\/www.pipi-stop.ch\/fr\/"},{"@type":"ListItem","position":2,"name":"Profil d&rsquo;entreprise de Melebi SA","item":"https:\/\/www.pipi-stop.ch\/fr\/melebi-sa\/"},{"@type":"ListItem","position":3,"name":"Les 80 ans du Pipi-Stop"}]},{"@type":"WebSite","@id":"https:\/\/www.pipi-stop.ch\/fr\/#website","url":"https:\/\/www.pipi-stop.ch\/fr\/","name":"Pipi Stop","description":"","potentialAction":[{"@type":"SearchAction","target":{"@type":"EntryPoint","urlTemplate":"https:\/\/www.pipi-stop.ch\/fr\/?s={search_term_string}"},"query-input":{"@type":"PropertyValueSpecification","valueRequired":true,"valueName":"search_term_string"}}],"inLanguage":"fr-FR"}]}},"_links":{"self":[{"href":"https:\/\/www.pipi-stop.ch\/fr\/wp-json\/wp\/v2\/pages\/2378","targetHints":{"allow":["GET"]}}],"collection":[{"href":"https:\/\/www.pipi-stop.ch\/fr\/wp-json\/wp\/v2\/pages"}],"about":[{"href":"https:\/\/www.pipi-stop.ch\/fr\/wp-json\/wp\/v2\/types\/page"}],"author":[{"embeddable":true,"href":"https:\/\/www.pipi-stop.ch\/fr\/wp-json\/wp\/v2\/users\/1"}],"replies":[{"embeddable":true,"href":"https:\/\/www.pipi-stop.ch\/fr\/wp-json\/wp\/v2\/comments?post=2378"}],"version-history":[{"count":13,"href":"https:\/\/www.pipi-stop.ch\/fr\/wp-json\/wp\/v2\/pages\/2378\/revisions"}],"predecessor-version":[{"id":9389,"href":"https:\/\/www.pipi-stop.ch\/fr\/wp-json\/wp\/v2\/pages\/2378\/revisions\/9389"}],"up":[{"embeddable":true,"href":"https:\/\/www.pipi-stop.ch\/fr\/wp-json\/wp\/v2\/pages\/2192"}],"wp:attachment":[{"href":"https:\/\/www.pipi-stop.ch\/fr\/wp-json\/wp\/v2\/media?parent=2378"}],"curies":[{"name":"wp","href":"https:\/\/api.w.org\/{rel}","templated":true}]}}