{"id":2376,"date":"2015-06-19T11:30:56","date_gmt":"2015-06-19T11:30:56","guid":{"rendered":"http:\/\/pipi-stop.version-demo.ch\/?page_id=2376"},"modified":"2018-08-20T09:44:25","modified_gmt":"2018-08-20T09:44:25","slug":"bracelet-vibreur","status":"publish","type":"page","link":"https:\/\/www.pipi-stop.ch\/fr\/melebi-sa\/bracelet-vibreur\/","title":{"rendered":"Bracelet vibreur"},"content":{"rendered":"<p>[et_pb_section bb_built=\u00a0\u00bb1&Prime; transparent_background=\u00a0\u00bboff\u00a0\u00bb background_color=\u00a0\u00bb#ffffff\u00a0\u00bb allow_player_pause=\u00a0\u00bboff\u00a0\u00bb inner_shadow=\u00a0\u00bboff\u00a0\u00bb parallax=\u00a0\u00bboff\u00a0\u00bb parallax_method=\u00a0\u00bboff\u00a0\u00bb module_class=\u00a0\u00bbmain-h1-title\u00a0\u00bb][et_pb_row][et_pb_column type=\u00a0\u00bb4_4&Prime;][et_pb_text admin_label=\u00a0\u00bbh1&Prime; background_layout=\u00a0\u00bblight\u00a0\u00bb text_orientation=\u00a0\u00bbcenter\u00a0\u00bb background_position=\u00a0\u00bbtop_left\u00a0\u00bb background_repeat=\u00a0\u00bbrepeat\u00a0\u00bb background_size=\u00a0\u00bbinitial\u00a0\u00bb module_alignment=\u00a0\u00bbcenter\u00a0\u00bb]<\/p>\n<h1>Bracelet vibreur<\/h1>\n<p>[\/et_pb_text][\/et_pb_column][\/et_pb_row][et_pb_row][et_pb_column type=\u00a0\u00bb4_4&Prime;][et_pb_text admin_label=\u00a0\u00bbTexte\u00a0\u00bb background_layout=\u00a0\u00bblight\u00a0\u00bb text_orientation=\u00a0\u00bbleft\u00a0\u00bb background_position=\u00a0\u00bbtop_left\u00a0\u00bb background_repeat=\u00a0\u00bbrepeat\u00a0\u00bb background_size=\u00a0\u00bbinitial\u00a0\u00bb]<\/p>\n<h2>Une aide suppl\u00e9mentaire pour les enfants qui font pipi au lit<\/h2>\n<p>[\/et_pb_text][et_pb_text admin_label=\u00a0\u00bbTexte\u00a0\u00bb background_layout=\u00a0\u00bblight\u00a0\u00bb text_orientation=\u00a0\u00bbleft\u00a0\u00bb background_position=\u00a0\u00bbtop_left\u00a0\u00bb background_repeat=\u00a0\u00bbrepeat\u00a0\u00bb background_size=\u00a0\u00bbinitial\u00a0\u00bb]<\/p>\n<h3>Le bracelet vibreur VIBRA, d\u00e9velopp\u00e9 en 2012 pour les 80 ans du Pipi-Stop<\/h3>\n<p>[\/et_pb_text][\/et_pb_column][\/et_pb_row][et_pb_row][et_pb_column type=\u00a0\u00bb1_3&Prime;][et_pb_image src=\u00a0\u00bbhttp:\/\/www.pipi-stop.ch\/wp-content\/uploads\/2015\/07\/VIBRA_Wrist1500x683px-1024&#215;470.png\u00a0\u00bb animation_style=\u00a0\u00bbslide\u00a0\u00bb animation_duration=\u00a0\u00bb500ms\u00a0\u00bb animation_intensity_slide=\u00a0\u00bb10%\u00a0\u00bb animation_direction=\u00a0\u00bbleft\u00a0\u00bb _builder_version=\u00a0\u00bb3.11.1&Prime; \/][\/et_pb_column][et_pb_column type=\u00a0\u00bb2_3&Prime;][et_pb_text admin_label=\u00a0\u00bbTexte\u00a0\u00bb background_layout=\u00a0\u00bblight\u00a0\u00bb text_orientation=\u00a0\u00bbleft\u00a0\u00bb background_position=\u00a0\u00bbtop_left\u00a0\u00bb background_repeat=\u00a0\u00bbrepeat\u00a0\u00bb background_size=\u00a0\u00bbinitial\u00a0\u00bb]<\/p>\n<div class=\"et_pb_toggle_content clearfix\">\n<div class=\"et_pb_toggle_content clearfix\">\n<p><strong>Le VIBRA&nbsp; est utilis\u00e9 en compl\u00e9ment au<\/strong><strong> Pipi-Stop<b><sup>\u00ae <\/sup><\/b>(appareil de base&nbsp;avec alarme acoustique).<\/strong> La vibration produite lors de la miction aide l\u2019enfant \u00e0 se r\u00e9veiller.<\/p>\n<p>Au d\u00e9but du traitement, il est indispensable d\u2019utiliser l\u2019alarme acoustique du Pipi-Stop afin d\u2019aviser les parents qui r\u00e9veilleront toujours leur enfant au bon moment, pour qu\u2019il puisse d\u00e9velopper le r\u00e9flexe de retenir son urine. Progressivement, il est possible de passer en mode vibreur seul, si cela est souhait\u00e9.<\/p>\n<p><a href=\"http:\/\/www.pipi-stop.ch\/fr\/therapie-pipi-stop\/appareil-pipi-stop\/\">Informations suppl\u00e9mentaires<\/a><\/p>\n<\/div>\n<\/div>\n<p>[\/et_pb_text][\/et_pb_column][\/et_pb_row][\/et_pb_section]<\/p>\n","protected":false},"excerpt":{"rendered":"<p><div class=\"et_pb_row et_pb_row_0 et_pb_row_empty\">\n\t\t\t\t\n\t\t\t\t\n\t\t\t\t\n\t\t\t\t\n\t\t\t\t\n\t\t\t<\/div> Bracelet vibreur <div class=\"et_pb_row et_pb_row_1 et_pb_row_empty\">\n\t\t\t\t\n\t\t\t\t\n\t\t\t\t\n\t\t\t\t\n\t\t\t\t\n\t\t\t<\/div> Une aide suppl\u00e9mentaire pour les enfants qui font pipi au lit Le bracelet vibreur VIBRA, d\u00e9velopp\u00e9 en 2012 pour les 80 ans du Pipi-Stop <div class=\"et_pb_row et_pb_row_2 et_pb_row_empty\">\n\t\t\t\t\n\t\t\t\t\n\t\t\t\t\n\t\t\t\t\n\t\t\t\t\n\t\t\t<\/div> Le VIBRA&nbsp; est utilis\u00e9 en compl\u00e9ment au Pipi-Stop\u00ae (appareil de base&nbsp;avec alarme acoustique). La vibration produite lors de la miction aide l\u2019enfant \u00e0 se r\u00e9veiller. Au [&hellip;]<\/p>\n","protected":false},"author":1,"featured_media":0,"parent":2192,"menu_order":3,"comment_status":"open","ping_status":"closed","template":"","meta":{"_et_pb_use_builder":"on","_et_pb_old_content":"","_et_gb_content_width":"","inline_featured_image":false,"footnotes":""},"class_list":["post-2376","page","type-page","status-publish","hentry"],"yoast_head":"<!-- This site is optimized with the Yoast SEO Premium plugin v27.3 (Yoast SEO v27.3) - https:\/\/yoast.com\/product\/yoast-seo-premium-wordpress\/ -->\n<title>Bracelet vibreur | Pipi Stop<\/title>\n<meta name=\"robots\" content=\"index, follow, max-snippet:-1, max-image-preview:large, max-video-preview:-1\" \/>\n<link rel=\"canonical\" href=\"https:\/\/www.pipi-stop.ch\/fr\/melebi-sa\/bracelet-vibreur\/\" \/>\n<meta property=\"og:locale\" content=\"fr_FR\" \/>\n<meta property=\"og:type\" content=\"article\" \/>\n<meta property=\"og:title\" content=\"Bracelet vibreur\" \/>\n<meta property=\"og:description\" content=\"Bracelet vibreur Une aide suppl\u00e9mentaire pour les enfants qui font pipi au lit Le bracelet vibreur VIBRA, d\u00e9velopp\u00e9 en 2012 pour les 80 ans du Pipi-Stop Le VIBRA&nbsp; est utilis\u00e9 en compl\u00e9ment au Pipi-Stop\u00ae (appareil de base&nbsp;avec alarme acoustique). La vibration produite lors de la miction aide l\u2019enfant \u00e0 se r\u00e9veiller. Au [&hellip;]\" \/>\n<meta property=\"og:url\" content=\"https:\/\/www.pipi-stop.ch\/fr\/melebi-sa\/bracelet-vibreur\/\" \/>\n<meta property=\"og:site_name\" content=\"Pipi Stop\" \/>\n<meta property=\"article:modified_time\" content=\"2018-08-20T09:44:25+00:00\" \/>\n<meta name=\"twitter:card\" content=\"summary_large_image\" \/>\n<meta name=\"twitter:label1\" content=\"Dur\u00e9e de lecture estim\u00e9e\" \/>\n\t<meta name=\"twitter:data1\" content=\"2 minutes\" \/>\n<script type=\"application\/ld+json\" class=\"yoast-schema-graph\">{\"@context\":\"https:\\\/\\\/schema.org\",\"@graph\":[{\"@type\":\"WebPage\",\"@id\":\"https:\\\/\\\/www.pipi-stop.ch\\\/fr\\\/melebi-sa\\\/bracelet-vibreur\\\/\",\"url\":\"https:\\\/\\\/www.pipi-stop.ch\\\/fr\\\/melebi-sa\\\/bracelet-vibreur\\\/\",\"name\":\"Bracelet vibreur | Pipi Stop\",\"isPartOf\":{\"@id\":\"https:\\\/\\\/www.pipi-stop.ch\\\/fr\\\/#website\"},\"datePublished\":\"2015-06-19T11:30:56+00:00\",\"dateModified\":\"2018-08-20T09:44:25+00:00\",\"breadcrumb\":{\"@id\":\"https:\\\/\\\/www.pipi-stop.ch\\\/fr\\\/melebi-sa\\\/bracelet-vibreur\\\/#breadcrumb\"},\"inLanguage\":\"fr-FR\",\"potentialAction\":[{\"@type\":\"ReadAction\",\"target\":[\"https:\\\/\\\/www.pipi-stop.ch\\\/fr\\\/melebi-sa\\\/bracelet-vibreur\\\/\"]}]},{\"@type\":\"BreadcrumbList\",\"@id\":\"https:\\\/\\\/www.pipi-stop.ch\\\/fr\\\/melebi-sa\\\/bracelet-vibreur\\\/#breadcrumb\",\"itemListElement\":[{\"@type\":\"ListItem\",\"position\":1,\"name\":\"Home\",\"item\":\"https:\\\/\\\/www.pipi-stop.ch\\\/fr\\\/\"},{\"@type\":\"ListItem\",\"position\":2,\"name\":\"Profil d&rsquo;entreprise de Melebi SA\",\"item\":\"https:\\\/\\\/www.pipi-stop.ch\\\/fr\\\/melebi-sa\\\/\"},{\"@type\":\"ListItem\",\"position\":3,\"name\":\"Bracelet vibreur\"}]},{\"@type\":\"WebSite\",\"@id\":\"https:\\\/\\\/www.pipi-stop.ch\\\/fr\\\/#website\",\"url\":\"https:\\\/\\\/www.pipi-stop.ch\\\/fr\\\/\",\"name\":\"Pipi Stop\",\"description\":\"\",\"potentialAction\":[{\"@type\":\"SearchAction\",\"target\":{\"@type\":\"EntryPoint\",\"urlTemplate\":\"https:\\\/\\\/www.pipi-stop.ch\\\/fr\\\/?s={search_term_string}\"},\"query-input\":{\"@type\":\"PropertyValueSpecification\",\"valueRequired\":true,\"valueName\":\"search_term_string\"}}],\"inLanguage\":\"fr-FR\"}]}<\/script>\n<!-- \/ Yoast SEO Premium plugin. -->","yoast_head_json":{"title":"Bracelet vibreur | Pipi Stop","robots":{"index":"index","follow":"follow","max-snippet":"max-snippet:-1","max-image-preview":"max-image-preview:large","max-video-preview":"max-video-preview:-1"},"canonical":"https:\/\/www.pipi-stop.ch\/fr\/melebi-sa\/bracelet-vibreur\/","og_locale":"fr_FR","og_type":"article","og_title":"Bracelet vibreur","og_description":"Bracelet vibreur Une aide suppl\u00e9mentaire pour les enfants qui font pipi au lit Le bracelet vibreur VIBRA, d\u00e9velopp\u00e9 en 2012 pour les 80 ans du Pipi-Stop Le VIBRA&nbsp; est utilis\u00e9 en compl\u00e9ment au Pipi-Stop\u00ae (appareil de base&nbsp;avec alarme acoustique). La vibration produite lors de la miction aide l\u2019enfant \u00e0 se r\u00e9veiller. Au [&hellip;]","og_url":"https:\/\/www.pipi-stop.ch\/fr\/melebi-sa\/bracelet-vibreur\/","og_site_name":"Pipi Stop","article_modified_time":"2018-08-20T09:44:25+00:00","twitter_card":"summary_large_image","twitter_misc":{"Dur\u00e9e de lecture estim\u00e9e":"2 minutes"},"schema":{"@context":"https:\/\/schema.org","@graph":[{"@type":"WebPage","@id":"https:\/\/www.pipi-stop.ch\/fr\/melebi-sa\/bracelet-vibreur\/","url":"https:\/\/www.pipi-stop.ch\/fr\/melebi-sa\/bracelet-vibreur\/","name":"Bracelet vibreur | Pipi Stop","isPartOf":{"@id":"https:\/\/www.pipi-stop.ch\/fr\/#website"},"datePublished":"2015-06-19T11:30:56+00:00","dateModified":"2018-08-20T09:44:25+00:00","breadcrumb":{"@id":"https:\/\/www.pipi-stop.ch\/fr\/melebi-sa\/bracelet-vibreur\/#breadcrumb"},"inLanguage":"fr-FR","potentialAction":[{"@type":"ReadAction","target":["https:\/\/www.pipi-stop.ch\/fr\/melebi-sa\/bracelet-vibreur\/"]}]},{"@type":"BreadcrumbList","@id":"https:\/\/www.pipi-stop.ch\/fr\/melebi-sa\/bracelet-vibreur\/#breadcrumb","itemListElement":[{"@type":"ListItem","position":1,"name":"Home","item":"https:\/\/www.pipi-stop.ch\/fr\/"},{"@type":"ListItem","position":2,"name":"Profil d&rsquo;entreprise de Melebi SA","item":"https:\/\/www.pipi-stop.ch\/fr\/melebi-sa\/"},{"@type":"ListItem","position":3,"name":"Bracelet vibreur"}]},{"@type":"WebSite","@id":"https:\/\/www.pipi-stop.ch\/fr\/#website","url":"https:\/\/www.pipi-stop.ch\/fr\/","name":"Pipi Stop","description":"","potentialAction":[{"@type":"SearchAction","target":{"@type":"EntryPoint","urlTemplate":"https:\/\/www.pipi-stop.ch\/fr\/?s={search_term_string}"},"query-input":{"@type":"PropertyValueSpecification","valueRequired":true,"valueName":"search_term_string"}}],"inLanguage":"fr-FR"}]}},"_links":{"self":[{"href":"https:\/\/www.pipi-stop.ch\/fr\/wp-json\/wp\/v2\/pages\/2376","targetHints":{"allow":["GET"]}}],"collection":[{"href":"https:\/\/www.pipi-stop.ch\/fr\/wp-json\/wp\/v2\/pages"}],"about":[{"href":"https:\/\/www.pipi-stop.ch\/fr\/wp-json\/wp\/v2\/types\/page"}],"author":[{"embeddable":true,"href":"https:\/\/www.pipi-stop.ch\/fr\/wp-json\/wp\/v2\/users\/1"}],"replies":[{"embeddable":true,"href":"https:\/\/www.pipi-stop.ch\/fr\/wp-json\/wp\/v2\/comments?post=2376"}],"version-history":[{"count":11,"href":"https:\/\/www.pipi-stop.ch\/fr\/wp-json\/wp\/v2\/pages\/2376\/revisions"}],"predecessor-version":[{"id":9385,"href":"https:\/\/www.pipi-stop.ch\/fr\/wp-json\/wp\/v2\/pages\/2376\/revisions\/9385"}],"up":[{"embeddable":true,"href":"https:\/\/www.pipi-stop.ch\/fr\/wp-json\/wp\/v2\/pages\/2192"}],"wp:attachment":[{"href":"https:\/\/www.pipi-stop.ch\/fr\/wp-json\/wp\/v2\/media?parent=2376"}],"curies":[{"name":"wp","href":"https:\/\/api.w.org\/{rel}","templated":true}]}}