{"id":2300,"date":"2015-06-18T10:23:24","date_gmt":"2015-06-18T10:23:24","guid":{"rendered":"http:\/\/pipi-stop.version-demo.ch\/?page_id=2300"},"modified":"2024-01-01T16:13:16","modified_gmt":"2024-01-01T16:13:16","slug":"conditions-de-location","status":"publish","type":"page","link":"https:\/\/www.pipi-stop.ch\/fr\/commander\/conditions-de-location\/","title":{"rendered":"Conditions de location"},"content":{"rendered":"<p>[et_pb_section fb_built=\u00a0\u00bb1&Prime; admin_label=\u00a0\u00bbsection\u00a0\u00bb module_class=\u00a0\u00bbmain-h1-title\u00a0\u00bb _builder_version=\u00a0\u00bb4.16&Prime; background_color=\u00a0\u00bb#ffffff\u00a0\u00bb transparent_background=\u00a0\u00bboff\u00a0\u00bb global_colors_info=\u00a0\u00bb{}\u00a0\u00bb][et_pb_row admin_label=\u00a0\u00bbrow\u00a0\u00bb _builder_version=\u00a0\u00bb4.16&Prime; background_size=\u00a0\u00bbinitial\u00a0\u00bb background_position=\u00a0\u00bbtop_left\u00a0\u00bb background_repeat=\u00a0\u00bbrepeat\u00a0\u00bb global_colors_info=\u00a0\u00bb{}\u00a0\u00bb][et_pb_column type=\u00a0\u00bb4_4&Prime; _builder_version=\u00a0\u00bb4.16&Prime; custom_padding=\u00a0\u00bb|||\u00a0\u00bb global_colors_info=\u00a0\u00bb{}\u00a0\u00bb custom_padding__hover=\u00a0\u00bb|||\u00a0\u00bb][et_pb_text admin_label=\u00a0\u00bbh1&Prime; _builder_version=\u00a0\u00bb4.16&Prime; background_size=\u00a0\u00bbinitial\u00a0\u00bb background_position=\u00a0\u00bbtop_left\u00a0\u00bb background_repeat=\u00a0\u00bbrepeat\u00a0\u00bb text_orientation=\u00a0\u00bbcenter\u00a0\u00bb module_alignment=\u00a0\u00bbcenter\u00a0\u00bb global_colors_info=\u00a0\u00bb{}\u00a0\u00bb]<\/p>\n<h1>Conditions de location du Pipi-Stop<\/h1>\n<p>[\/et_pb_text][\/et_pb_column][\/et_pb_row][et_pb_row admin_label=\u00a0\u00bbrow\u00a0\u00bb _builder_version=\u00a0\u00bb4.16&Prime; background_size=\u00a0\u00bbinitial\u00a0\u00bb background_position=\u00a0\u00bbtop_left\u00a0\u00bb background_repeat=\u00a0\u00bbrepeat\u00a0\u00bb global_colors_info=\u00a0\u00bb{}\u00a0\u00bb column_structure=\u00a0\u00bb1_2,1_2&Prime;][et_pb_column type=\u00a0\u00bb1_2&Prime; _builder_version=\u00a0\u00bb4.16&Prime; custom_padding=\u00a0\u00bb|||\u00a0\u00bb global_colors_info=\u00a0\u00bb{}\u00a0\u00bb custom_padding__hover=\u00a0\u00bb|||\u00a0\u00bb][et_pb_text _builder_version=\u00a0\u00bb4.16&Prime; background_size=\u00a0\u00bbinitial\u00a0\u00bb background_position=\u00a0\u00bbtop_left\u00a0\u00bb background_repeat=\u00a0\u00bbrepeat\u00a0\u00bb global_colors_info=\u00a0\u00bb{}\u00a0\u00bb]\n<table id=\"tablepress-29\" class=\"tablepress tablepress-id-29\">\n<thead>\n<tr class=\"row-1\">\n\t<th class=\"column-1\">Calcul du prix de location<\/th><th class=\"column-2\"><b>Prix<\/b><\/th>\n<\/tr>\n<\/thead>\n<tbody class=\"row-striping\">\n<tr class=\"row-2\">\n\t<td class=\"column-1\">Prix de location<\/td><td class=\"column-2\">3.40 CHF\/jour<\/td>\n<\/tr>\n<tr class=\"row-3\">\n\t<td class=\"column-1\">Prise en charge LAMal<\/td><td class=\"column-2\">0.94 CHF\/jour *<\/td>\n<\/tr>\n<tr class=\"row-4\">\n\t<td class=\"column-1\"><b>Prix \u00e0 votre charge<\/b><\/td><td class=\"column-2\"><b>2.46 CHF\/jour<\/b><\/td>\n<\/tr>\n<\/tbody>\n<\/table>\n<!-- #tablepress-29 from cache --><\/p>\n<p>Frais d\u2019exp\u00e9dition: 14 CHF (unique)<\/p>\n<p>Le nombre de jours de location est calcul\u00e9 depuis le jour de l&rsquo;envoi de l&rsquo;appareil jusqu&rsquo;au retour (jour de r\u00e9ception par Melebi SA) de tous les \u00e9l\u00e9ments de l&rsquo;appareil dans le carton d&rsquo;origine (ind\u00e9pendamment du fait que le client utilise ou non l&rsquo;appareil).<\/p>\n<p>Le prix de location int\u00e9gral est pay\u00e9 directement \u00e0 Melebi SA (factures net dues \u00e0 30 jours) par le client ind\u00e9pendamment du moment o\u00f9 le client re\u00e7oit le remboursement de la caisse maladie.<\/p>\n<p>Il incombe au client de faire les d\u00e9marches (<strong>envoi de la facture avec l&rsquo;ordonnance m\u00e9dicale<\/strong>) aupr\u00e8s de sa caisse maladie pour recevoir le remboursement pr\u00e9vu par la LAMal. Voir les d\u00e9tails sur <a href=\"https:\/\/www.pipi-stop.ch\/fr\/commander\/remboursement-caisses-maladie\/\">le remboursement par la LAMal<\/a>.<\/p>\n<div class=\"et_pb_column et_pb_column_4_4 et_pb_column_4 et_pb_css_mix_blend_mode_passthrough et-last-child\">\n<div class=\"et_pb_module et_pb_text et_pb_text_3 et_pb_bg_layout_light et_pb_text_align_left\">\n<div class=\"et_pb_text_inner\">\n<p>&nbsp;<\/p>\n<\/div>\n<\/div>\n<\/div>\n<p>[\/et_pb_text][et_pb_text _builder_version=\u00a0\u00bb4.16&Prime; background_size=\u00a0\u00bbinitial\u00a0\u00bb background_position=\u00a0\u00bbtop_left\u00a0\u00bb background_repeat=\u00a0\u00bbrepeat\u00a0\u00bb global_colors_info=\u00a0\u00bb{}\u00a0\u00bb]<\/p>\n<h2>Nos engagements et garanties<\/h2>\n<ul>\n<li>Les prix indiqu\u00e9s s&rsquo;entendent TVA incluse (TTC)<\/li>\n<li>Nous garantissons le remplacement sans d\u00e9lai des \u00e9l\u00e9ments d\u00e9fectueux (tr\u00e8s rare)<\/li>\n<li><strong>Le conseil personnalis\u00e9 par t\u00e9l\u00e9phone<\/strong> est \u00e9galement inclus\u00a0durant la p\u00e9riode de location<\/li>\n<\/ul>\n<p>&nbsp;<br \/>\n[\/et_pb_text][\/et_pb_column][et_pb_column type=\u00a0\u00bb1_2&Prime; _builder_version=\u00a0\u00bb4.16&Prime; custom_padding=\u00a0\u00bb|||\u00a0\u00bb global_colors_info=\u00a0\u00bb{}\u00a0\u00bb custom_padding__hover=\u00a0\u00bb|||\u00a0\u00bb][et_pb_text _builder_version=\u00a0\u00bb4.16&Prime; background_size=\u00a0\u00bbinitial\u00a0\u00bb background_position=\u00a0\u00bbtop_left\u00a0\u00bb background_repeat=\u00a0\u00bbrepeat\u00a0\u00bb hover_enabled=\u00a0\u00bb0&Prime; use_border_color=\u00a0\u00bboff\u00a0\u00bb global_colors_info=\u00a0\u00bb{}\u00a0\u00bb sticky_enabled=\u00a0\u00bb0&Prime;]<\/p>\n<h2><\/h2>\n<h2>Conditions particuli\u00e8res<\/h2>\n<ul>\n<li>Le montant minimum d&rsquo;une location est de CHF 100.-<\/li>\n<li>Tous les \u00e9l\u00e9ments de l&rsquo;appareil avertisseur demeurent propri\u00e9t\u00e9 de Melebi SA. Les \u00e9l\u00e9ments perdus ou non-retourn\u00e9s \u00e0 Melebi SA par le client une fois le traitement termin\u00e9 seront factur\u00e9s au client (sauf le d\u00e9tecteur d&rsquo;urine)<\/li>\n<li>Le client s\u2019engage \u00e0 restituer l\u2019appareil dans les meilleurs d\u00e9lais une fois son utilisation termin\u00e9e ou apr\u00e8s expiration du d\u00e9lai pr\u00e9vu sur l\u2019ordonnance<\/li>\n<li>Les d\u00e9g\u00e2ts \u00e9ventuels subis par les \u00e9l\u00e9ments de l&rsquo;appareil seront factur\u00e9s au client<\/li>\n<li>Melebi SA d\u00e9cline toute responsabilit\u00e9 suite \u00e0 une utilisation du Pipi-Stop\u00a0non conforme aux instructions<\/li>\n<li>Melebi SA se r\u00e9serve le droit de communiquer avec le m\u00e9decin traitant au sujet du traitement<\/li>\n<\/ul>\n<p>[\/et_pb_text][\/et_pb_column][\/et_pb_row][et_pb_row admin_label=\u00a0\u00bbrow\u00a0\u00bb _builder_version=\u00a0\u00bb4.16&Prime; background_size=\u00a0\u00bbinitial\u00a0\u00bb background_position=\u00a0\u00bbtop_left\u00a0\u00bb background_repeat=\u00a0\u00bbrepeat\u00a0\u00bb global_colors_info=\u00a0\u00bb{}\u00a0\u00bb][et_pb_column type=\u00a0\u00bb4_4&Prime; _builder_version=\u00a0\u00bb4.16&Prime; custom_padding=\u00a0\u00bb|||\u00a0\u00bb global_colors_info=\u00a0\u00bb{}\u00a0\u00bb custom_padding__hover=\u00a0\u00bb|||\u00a0\u00bb][et_pb_divider color=\u00a0\u00bb#c4c4c4&Prime; disabled_on=\u00a0\u00bbon|on|off\u00a0\u00bb _builder_version=\u00a0\u00bb4.16&Prime; global_colors_info=\u00a0\u00bb{}\u00a0\u00bb]&nbsp;<br \/>\n[\/et_pb_divider][\/et_pb_column][\/et_pb_row][et_pb_row admin_label=\u00a0\u00bbrow\u00a0\u00bb _builder_version=\u00a0\u00bb4.16&Prime; background_size=\u00a0\u00bbinitial\u00a0\u00bb background_position=\u00a0\u00bbtop_left\u00a0\u00bb background_repeat=\u00a0\u00bbrepeat\u00a0\u00bb global_colors_info=\u00a0\u00bb{}\u00a0\u00bb][et_pb_column type=\u00a0\u00bb4_4&Prime; _builder_version=\u00a0\u00bb4.16&Prime; custom_padding=\u00a0\u00bb|||\u00a0\u00bb global_colors_info=\u00a0\u00bb{}\u00a0\u00bb custom_padding__hover=\u00a0\u00bb|||\u00a0\u00bb][et_pb_text _builder_version=\u00a0\u00bb4.16&Prime; background_size=\u00a0\u00bbinitial\u00a0\u00bb background_position=\u00a0\u00bbtop_left\u00a0\u00bb background_repeat=\u00a0\u00bbrepeat\u00a0\u00bb text_orientation=\u00a0\u00bbcenter\u00a0\u00bb module_alignment=\u00a0\u00bbcenter\u00a0\u00bb global_colors_info=\u00a0\u00bb{}\u00a0\u00bb]<\/p>\n<h1>Conditions de location pour l&rsquo;accessoire VIBRA<\/h1>\n<p>[\/et_pb_text][\/et_pb_column][\/et_pb_row][et_pb_row admin_label=\u00a0\u00bbrow\u00a0\u00bb _builder_version=\u00a0\u00bb4.16&Prime; background_size=\u00a0\u00bbinitial\u00a0\u00bb background_position=\u00a0\u00bbtop_left\u00a0\u00bb background_repeat=\u00a0\u00bbrepeat\u00a0\u00bb global_colors_info=\u00a0\u00bb{}\u00a0\u00bb column_structure=\u00a0\u00bb1_3,2_3&Prime;][et_pb_column type=\u00a0\u00bb1_3&Prime; _builder_version=\u00a0\u00bb4.16&Prime; custom_padding=\u00a0\u00bb|||\u00a0\u00bb global_colors_info=\u00a0\u00bb{}\u00a0\u00bb custom_padding__hover=\u00a0\u00bb|||\u00a0\u00bb][et_pb_image src=\u00a0\u00bbhttps:\/\/www.pipi-stop.ch\/wp-content\/uploads\/2015\/07\/VIBRA_Wrist1500x683px-1024&#215;470.png\u00a0\u00bb align_tablet=\u00a0\u00bbcenter\u00a0\u00bb align_last_edited=\u00a0\u00bbon|desktop\u00a0\u00bb _builder_version=\u00a0\u00bb4.16&Prime; animation_style=\u00a0\u00bbslide\u00a0\u00bb animation_direction=\u00a0\u00bbleft\u00a0\u00bb animation_duration=\u00a0\u00bb500ms\u00a0\u00bb animation_intensity_slide=\u00a0\u00bb10%\u00a0\u00bb global_colors_info=\u00a0\u00bb{}\u00a0\u00bb align_phone=\u00a0\u00bbcenter\u00a0\u00bb]&nbsp;<br \/>\n[\/et_pb_image][\/et_pb_column][et_pb_column type=\u00a0\u00bb2_3&Prime; _builder_version=\u00a0\u00bb4.16&Prime; custom_padding=\u00a0\u00bb|||\u00a0\u00bb global_colors_info=\u00a0\u00bb{}\u00a0\u00bb custom_padding__hover=\u00a0\u00bb|||\u00a0\u00bb][et_pb_text _builder_version=\u00a0\u00bb4.16&Prime; background_size=\u00a0\u00bbinitial\u00a0\u00bb background_position=\u00a0\u00bbtop_left\u00a0\u00bb background_repeat=\u00a0\u00bbrepeat\u00a0\u00bb use_border_color=\u00a0\u00bboff\u00a0\u00bb border_color=\u00a0\u00bb#ffffff\u00a0\u00bb border_style=\u00a0\u00bbsolid\u00a0\u00bb global_colors_info=\u00a0\u00bb{}\u00a0\u00bb]<\/p>\n<h3>Prix de location du bracelet vibreur VIBRA<\/h3>\n<ul>\n<li>La location du VIBRA co\u00fbte CHF 1.- par jour (TTC)<\/li>\n<li>La location du VIBRA n&rsquo;est pas rembours\u00e9e par les assurances maladie et par cons\u00e9quent elle est enti\u00e8rement \u00e0 la charge de l&rsquo;utilisateur<\/li>\n<\/ul>\n<h3>Remarques concernant le VIBRA<\/h3>\n<ul>\n<li>Le bracelet VIBRA peut \u00eatre lou\u00e9 uniquement en compl\u00e9ment au Pipi-Stop (appareil de base)<\/li>\n<li>Le bracelet VIBRA peut \u00eatre renvoy\u00e9 \u00e0 n\u2019importe quel moment sans attendre la fin du traitement<\/li>\n<li>Par ailleurs, les conditions de location (entretien, dur\u00e9e de location et utilisation) du Pipi-Stop ci-dessus s&rsquo;appliquent \u00e9galement au VIBRA<\/li>\n<\/ul>\n<p>[\/et_pb_text][\/et_pb_column][\/et_pb_row][\/et_pb_section]<\/p>\n","protected":false},"excerpt":{"rendered":"<p>Conditions de location du Pipi-Stop \n<table id=\"tablepress-29-no-2\" class=\"tablepress tablepress-id-29\">\n<thead>\n<tr class=\"row-1\">\n\t<th class=\"column-1\">Calcul du prix de location<\/th><th class=\"column-2\"><b>Prix<\/b><\/th>\n<\/tr>\n<\/thead>\n<tbody class=\"row-striping\">\n<tr class=\"row-2\">\n\t<td class=\"column-1\">Prix de location<\/td><td class=\"column-2\">3.40 CHF\/jour<\/td>\n<\/tr>\n<tr class=\"row-3\">\n\t<td class=\"column-1\">Prise en charge LAMal<\/td><td class=\"column-2\">0.94 CHF\/jour *<\/td>\n<\/tr>\n<tr class=\"row-4\">\n\t<td class=\"column-1\"><b>Prix \u00e0 votre charge<\/b><\/td><td class=\"column-2\"><b>2.46 CHF\/jour<\/b><\/td>\n<\/tr>\n<\/tbody>\n<\/table>\n<!-- #tablepress-29-no-2 from cache --> Frais d\u2019exp\u00e9dition: 14 CHF (unique) Le nombre de jours de location est calcul\u00e9 depuis le jour de l&rsquo;envoi de l&rsquo;appareil jusqu&rsquo;au retour (jour de r\u00e9ception par Melebi SA) de tous les \u00e9l\u00e9ments de l&rsquo;appareil dans le carton d&rsquo;origine (ind\u00e9pendamment du fait que le client utilise ou non [&hellip;]<\/p>\n","protected":false},"author":1,"featured_media":0,"parent":2065,"menu_order":3,"comment_status":"open","ping_status":"open","template":"","meta":{"_et_pb_use_builder":"on","_et_pb_old_content":"","_et_gb_content_width":"","inline_featured_image":false,"footnotes":""},"class_list":["post-2300","page","type-page","status-publish","hentry"],"yoast_head":"<!-- This site is optimized with the Yoast SEO Premium plugin v27.3 (Yoast SEO v27.3) - https:\/\/yoast.com\/product\/yoast-seo-premium-wordpress\/ -->\n<title>Conditions de location | Pipi Stop<\/title>\n<meta name=\"robots\" content=\"index, follow, max-snippet:-1, max-image-preview:large, max-video-preview:-1\" \/>\n<link rel=\"canonical\" href=\"https:\/\/www.pipi-stop.ch\/fr\/commander\/conditions-de-location\/\" \/>\n<meta property=\"og:locale\" content=\"fr_FR\" \/>\n<meta property=\"og:type\" content=\"article\" \/>\n<meta property=\"og:title\" content=\"Conditions de location\" \/>\n<meta property=\"og:description\" content=\"Conditions de location du Pipi-Stop Frais d\u2019exp\u00e9dition: 14 CHF (unique) Le nombre de jours de location est calcul\u00e9 depuis le jour de l&#039;envoi de l&#039;appareil jusqu&#039;au retour (jour de r\u00e9ception par Melebi SA) de tous les \u00e9l\u00e9ments de l&#039;appareil dans le carton d&#039;origine (ind\u00e9pendamment du fait que le client utilise ou non [&hellip;]\" \/>\n<meta property=\"og:url\" content=\"https:\/\/www.pipi-stop.ch\/fr\/commander\/conditions-de-location\/\" \/>\n<meta property=\"og:site_name\" content=\"Pipi Stop\" \/>\n<meta property=\"article:modified_time\" content=\"2024-01-01T16:13:16+00:00\" \/>\n<meta name=\"twitter:card\" content=\"summary_large_image\" \/>\n<meta name=\"twitter:label1\" content=\"Dur\u00e9e de lecture estim\u00e9e\" \/>\n\t<meta name=\"twitter:data1\" content=\"3 minutes\" \/>\n<script type=\"application\/ld+json\" class=\"yoast-schema-graph\">{\"@context\":\"https:\\\/\\\/schema.org\",\"@graph\":[{\"@type\":\"WebPage\",\"@id\":\"https:\\\/\\\/www.pipi-stop.ch\\\/fr\\\/commander\\\/conditions-de-location\\\/\",\"url\":\"https:\\\/\\\/www.pipi-stop.ch\\\/fr\\\/commander\\\/conditions-de-location\\\/\",\"name\":\"Conditions de location | Pipi Stop\",\"isPartOf\":{\"@id\":\"https:\\\/\\\/www.pipi-stop.ch\\\/fr\\\/#website\"},\"datePublished\":\"2015-06-18T10:23:24+00:00\",\"dateModified\":\"2024-01-01T16:13:16+00:00\",\"breadcrumb\":{\"@id\":\"https:\\\/\\\/www.pipi-stop.ch\\\/fr\\\/commander\\\/conditions-de-location\\\/#breadcrumb\"},\"inLanguage\":\"fr-FR\",\"potentialAction\":[{\"@type\":\"ReadAction\",\"target\":[\"https:\\\/\\\/www.pipi-stop.ch\\\/fr\\\/commander\\\/conditions-de-location\\\/\"]}]},{\"@type\":\"BreadcrumbList\",\"@id\":\"https:\\\/\\\/www.pipi-stop.ch\\\/fr\\\/commander\\\/conditions-de-location\\\/#breadcrumb\",\"itemListElement\":[{\"@type\":\"ListItem\",\"position\":1,\"name\":\"Home\",\"item\":\"https:\\\/\\\/www.pipi-stop.ch\\\/fr\\\/\"},{\"@type\":\"ListItem\",\"position\":2,\"name\":\"Commander\",\"item\":\"https:\\\/\\\/www.pipi-stop.ch\\\/fr\\\/commander\\\/\"},{\"@type\":\"ListItem\",\"position\":3,\"name\":\"Conditions de location\"}]},{\"@type\":\"WebSite\",\"@id\":\"https:\\\/\\\/www.pipi-stop.ch\\\/fr\\\/#website\",\"url\":\"https:\\\/\\\/www.pipi-stop.ch\\\/fr\\\/\",\"name\":\"Pipi Stop\",\"description\":\"\",\"potentialAction\":[{\"@type\":\"SearchAction\",\"target\":{\"@type\":\"EntryPoint\",\"urlTemplate\":\"https:\\\/\\\/www.pipi-stop.ch\\\/fr\\\/?s={search_term_string}\"},\"query-input\":{\"@type\":\"PropertyValueSpecification\",\"valueRequired\":true,\"valueName\":\"search_term_string\"}}],\"inLanguage\":\"fr-FR\"}]}<\/script>\n<!-- \/ Yoast SEO Premium plugin. -->","yoast_head_json":{"title":"Conditions de location | Pipi Stop","robots":{"index":"index","follow":"follow","max-snippet":"max-snippet:-1","max-image-preview":"max-image-preview:large","max-video-preview":"max-video-preview:-1"},"canonical":"https:\/\/www.pipi-stop.ch\/fr\/commander\/conditions-de-location\/","og_locale":"fr_FR","og_type":"article","og_title":"Conditions de location","og_description":"Conditions de location du Pipi-Stop Frais d\u2019exp\u00e9dition: 14 CHF (unique) Le nombre de jours de location est calcul\u00e9 depuis le jour de l'envoi de l'appareil jusqu'au retour (jour de r\u00e9ception par Melebi SA) de tous les \u00e9l\u00e9ments de l'appareil dans le carton d'origine (ind\u00e9pendamment du fait que le client utilise ou non [&hellip;]","og_url":"https:\/\/www.pipi-stop.ch\/fr\/commander\/conditions-de-location\/","og_site_name":"Pipi Stop","article_modified_time":"2024-01-01T16:13:16+00:00","twitter_card":"summary_large_image","twitter_misc":{"Dur\u00e9e de lecture estim\u00e9e":"3 minutes"},"schema":{"@context":"https:\/\/schema.org","@graph":[{"@type":"WebPage","@id":"https:\/\/www.pipi-stop.ch\/fr\/commander\/conditions-de-location\/","url":"https:\/\/www.pipi-stop.ch\/fr\/commander\/conditions-de-location\/","name":"Conditions de location | Pipi Stop","isPartOf":{"@id":"https:\/\/www.pipi-stop.ch\/fr\/#website"},"datePublished":"2015-06-18T10:23:24+00:00","dateModified":"2024-01-01T16:13:16+00:00","breadcrumb":{"@id":"https:\/\/www.pipi-stop.ch\/fr\/commander\/conditions-de-location\/#breadcrumb"},"inLanguage":"fr-FR","potentialAction":[{"@type":"ReadAction","target":["https:\/\/www.pipi-stop.ch\/fr\/commander\/conditions-de-location\/"]}]},{"@type":"BreadcrumbList","@id":"https:\/\/www.pipi-stop.ch\/fr\/commander\/conditions-de-location\/#breadcrumb","itemListElement":[{"@type":"ListItem","position":1,"name":"Home","item":"https:\/\/www.pipi-stop.ch\/fr\/"},{"@type":"ListItem","position":2,"name":"Commander","item":"https:\/\/www.pipi-stop.ch\/fr\/commander\/"},{"@type":"ListItem","position":3,"name":"Conditions de location"}]},{"@type":"WebSite","@id":"https:\/\/www.pipi-stop.ch\/fr\/#website","url":"https:\/\/www.pipi-stop.ch\/fr\/","name":"Pipi Stop","description":"","potentialAction":[{"@type":"SearchAction","target":{"@type":"EntryPoint","urlTemplate":"https:\/\/www.pipi-stop.ch\/fr\/?s={search_term_string}"},"query-input":{"@type":"PropertyValueSpecification","valueRequired":true,"valueName":"search_term_string"}}],"inLanguage":"fr-FR"}]}},"_links":{"self":[{"href":"https:\/\/www.pipi-stop.ch\/fr\/wp-json\/wp\/v2\/pages\/2300","targetHints":{"allow":["GET"]}}],"collection":[{"href":"https:\/\/www.pipi-stop.ch\/fr\/wp-json\/wp\/v2\/pages"}],"about":[{"href":"https:\/\/www.pipi-stop.ch\/fr\/wp-json\/wp\/v2\/types\/page"}],"author":[{"embeddable":true,"href":"https:\/\/www.pipi-stop.ch\/fr\/wp-json\/wp\/v2\/users\/1"}],"replies":[{"embeddable":true,"href":"https:\/\/www.pipi-stop.ch\/fr\/wp-json\/wp\/v2\/comments?post=2300"}],"version-history":[{"count":50,"href":"https:\/\/www.pipi-stop.ch\/fr\/wp-json\/wp\/v2\/pages\/2300\/revisions"}],"predecessor-version":[{"id":16182,"href":"https:\/\/www.pipi-stop.ch\/fr\/wp-json\/wp\/v2\/pages\/2300\/revisions\/16182"}],"up":[{"embeddable":true,"href":"https:\/\/www.pipi-stop.ch\/fr\/wp-json\/wp\/v2\/pages\/2065"}],"wp:attachment":[{"href":"https:\/\/www.pipi-stop.ch\/fr\/wp-json\/wp\/v2\/media?parent=2300"}],"curies":[{"name":"wp","href":"https:\/\/api.w.org\/{rel}","templated":true}]}}