{"id":2086,"date":"2015-06-09T14:26:16","date_gmt":"2015-06-09T14:26:16","guid":{"rendered":"http:\/\/pipi-stop.version-demo.ch\/?page_id=2086"},"modified":"2024-01-01T16:19:02","modified_gmt":"2024-01-01T16:19:02","slug":"remboursement-caisses-maladie","status":"publish","type":"page","link":"https:\/\/www.pipi-stop.ch\/fr\/commander\/remboursement-caisses-maladie\/","title":{"rendered":"Remboursement par les caisses maladie"},"content":{"rendered":"<p>[et_pb_section fb_built=\u00a0\u00bb1&Prime; module_class=\u00a0\u00bbmain-h1-title\u00a0\u00bb _builder_version=\u00a0\u00bb4.16&Prime; background_color=\u00a0\u00bb#ffffff\u00a0\u00bb transparent_background=\u00a0\u00bboff\u00a0\u00bb global_colors_info=\u00a0\u00bb{}\u00a0\u00bb][et_pb_row _builder_version=\u00a0\u00bb4.16&Prime; background_size=\u00a0\u00bbinitial\u00a0\u00bb background_position=\u00a0\u00bbtop_left\u00a0\u00bb background_repeat=\u00a0\u00bbrepeat\u00a0\u00bb global_colors_info=\u00a0\u00bb{}\u00a0\u00bb][et_pb_column type=\u00a0\u00bb4_4&Prime; _builder_version=\u00a0\u00bb4.16&Prime; custom_padding=\u00a0\u00bb|||\u00a0\u00bb global_colors_info=\u00a0\u00bb{}\u00a0\u00bb custom_padding__hover=\u00a0\u00bb|||\u00a0\u00bb][et_pb_text admin_label=\u00a0\u00bbh1&Prime; _builder_version=\u00a0\u00bb4.16&Prime; background_size=\u00a0\u00bbinitial\u00a0\u00bb background_position=\u00a0\u00bbtop_left\u00a0\u00bb background_repeat=\u00a0\u00bbrepeat\u00a0\u00bb text_orientation=\u00a0\u00bbcenter\u00a0\u00bb module_alignment=\u00a0\u00bbcenter\u00a0\u00bb global_colors_info=\u00a0\u00bb{}\u00a0\u00bb]<\/p>\n<h1>Co\u00fbts &#8211; prestations des caisses maladie (CM)<\/h1>\n<p>[\/et_pb_text][\/et_pb_column][\/et_pb_row][et_pb_row _builder_version=\u00a0\u00bb4.16&Prime; background_size=\u00a0\u00bbinitial\u00a0\u00bb background_position=\u00a0\u00bbtop_left\u00a0\u00bb background_repeat=\u00a0\u00bbrepeat\u00a0\u00bb global_colors_info=\u00a0\u00bb{}\u00a0\u00bb column_structure=\u00a0\u00bb1_2,1_2&Prime;][et_pb_column type=\u00a0\u00bb1_2&Prime; _builder_version=\u00a0\u00bb4.16&Prime; custom_padding=\u00a0\u00bb|||\u00a0\u00bb global_colors_info=\u00a0\u00bb{}\u00a0\u00bb custom_padding__hover=\u00a0\u00bb|||\u00a0\u00bb][et_pb_text admin_label=\u00a0\u00bbTableau prix\u00a0\u00bb _builder_version=\u00a0\u00bb4.16&Prime; global_colors_info=\u00a0\u00bb{}\u00a0\u00bb]\n<table id=\"tablepress-29\" class=\"tablepress tablepress-id-29\">\n<thead>\n<tr class=\"row-1\">\n\t<th class=\"column-1\">Calcul du prix de location<\/th><th class=\"column-2\"><b>Prix<\/b><\/th>\n<\/tr>\n<\/thead>\n<tbody class=\"row-striping\">\n<tr class=\"row-2\">\n\t<td class=\"column-1\">Prix de location<\/td><td class=\"column-2\">3.40 CHF\/jour<\/td>\n<\/tr>\n<tr class=\"row-3\">\n\t<td class=\"column-1\">Prise en charge LAMal<\/td><td class=\"column-2\">0.94 CHF\/jour *<\/td>\n<\/tr>\n<tr class=\"row-4\">\n\t<td class=\"column-1\"><b>Prix \u00e0 votre charge<\/b><\/td><td class=\"column-2\"><b>2.46 CHF\/jour<\/b><\/td>\n<\/tr>\n<\/tbody>\n<\/table>\n<!-- #tablepress-29 from cache --><\/p>\n<p>Frais d&rsquo;exp\u00e9dition: 14 CHF (unique)<\/p>\n<p>Pour des informations plus d\u00e9taill\u00e9es, vous pouvez consulter la page <a href=\"https:\/\/www.pipi-stop.ch\/fr\/commander\/conditions-de-location\/\">conditions de location<\/a>.<\/p>\n<p><strong><a class=\"popmake-6789\" href=\"https:\/\/www.pipi-stop.ch\/fr\/commander\/conditions-de-location\/\">Conditions de location du VIBRA<\/a><\/strong><br \/>\n[\/et_pb_text][et_pb_text _builder_version=\u00a0\u00bb4.16&Prime; global_colors_info=\u00a0\u00bb{}\u00a0\u00bb]<\/p>\n<h2>Conditions pour la prise en charge par les caisses maladie:<\/h2>\n<ul>\n<li>l&rsquo;appareil avertisseur <strong>doit \u00eatre lou\u00e9<\/strong><\/li>\n<li>l&rsquo;enfant trait\u00e9 <strong>doit avoir 5 ans<\/strong><\/li>\n<li>une <strong>ordonnance m\u00e9dicale est n\u00e9cessaire<\/strong><\/li>\n<\/ul>\n<p>Seul un appareil lou\u00e9 est pris en charge selon la Liste des moyens et appareils (LiMA art. 15.20)<br \/>\n[\/et_pb_text][\/et_pb_column][et_pb_column type=\u00a0\u00bb1_2&Prime; _builder_version=\u00a0\u00bb4.16&Prime; custom_padding=\u00a0\u00bb|||\u00a0\u00bb global_colors_info=\u00a0\u00bb{}\u00a0\u00bb custom_padding__hover=\u00a0\u00bb|||\u00a0\u00bb][et_pb_text module_id=\u00a0\u00bbavec-cadre\u00a0\u00bb _builder_version=\u00a0\u00bb4.16&Prime; background_size=\u00a0\u00bbinitial\u00a0\u00bb background_position=\u00a0\u00bbtop_left\u00a0\u00bb background_repeat=\u00a0\u00bbrepeat\u00a0\u00bb global_colors_info=\u00a0\u00bb{}\u00a0\u00bb]<\/p>\n<h2>Comment dois-je proc\u00e9der pour le remboursement?<\/h2>\n<p>Vous devez payer les factures pour la location directement \u00e0 Melebi SA.\u00a0<strong>Gardez l\u2019ordonnance de votre m\u00e9decin traitant jusqu\u2019\u00e0 r\u00e9ception de notre facture. Ensuite, envoyez l\u2019ordonnance avec la facture \u00e0 votre caisse maladie <\/strong>pour obtenir les prestations obligatoires de l\u2019assurance de base. Certaines assurances compl\u00e9mentaires prennent en charge la diff\u00e9rence de prix \u00e0 votre charge.<br \/>\n[\/et_pb_text][\/et_pb_column][\/et_pb_row][\/et_pb_section]<\/p>\n","protected":false},"excerpt":{"rendered":"<p>Co\u00fbts &#8211; prestations des caisses maladie (CM) \n<table id=\"tablepress-29-no-2\" class=\"tablepress tablepress-id-29\">\n<thead>\n<tr class=\"row-1\">\n\t<th class=\"column-1\">Calcul du prix de location<\/th><th class=\"column-2\"><b>Prix<\/b><\/th>\n<\/tr>\n<\/thead>\n<tbody class=\"row-striping\">\n<tr class=\"row-2\">\n\t<td class=\"column-1\">Prix de location<\/td><td class=\"column-2\">3.40 CHF\/jour<\/td>\n<\/tr>\n<tr class=\"row-3\">\n\t<td class=\"column-1\">Prise en charge LAMal<\/td><td class=\"column-2\">0.94 CHF\/jour *<\/td>\n<\/tr>\n<tr class=\"row-4\">\n\t<td class=\"column-1\"><b>Prix \u00e0 votre charge<\/b><\/td><td class=\"column-2\"><b>2.46 CHF\/jour<\/b><\/td>\n<\/tr>\n<\/tbody>\n<\/table>\n<!-- #tablepress-29-no-2 from cache --> Frais d&rsquo;exp\u00e9dition: 14 CHF (unique) Pour des informations plus d\u00e9taill\u00e9es, vous pouvez consulter la page conditions de location. Conditions de location du VIBRA Conditions pour la prise en charge par les caisses maladie: l&rsquo;appareil avertisseur doit \u00eatre lou\u00e9 l&rsquo;enfant trait\u00e9 doit avoir 5 ans une [&hellip;]<\/p>\n","protected":false},"author":1,"featured_media":0,"parent":2065,"menu_order":5,"comment_status":"open","ping_status":"open","template":"","meta":{"_et_pb_use_builder":"on","_et_pb_old_content":"","_et_gb_content_width":"","inline_featured_image":false,"footnotes":""},"class_list":["post-2086","page","type-page","status-publish","hentry"],"yoast_head":"<!-- This site is optimized with the Yoast SEO Premium plugin v27.3 (Yoast SEO v27.3) - https:\/\/yoast.com\/product\/yoast-seo-premium-wordpress\/ -->\n<title>Remboursement par les caisses maladie | Pipi Stop<\/title>\n<meta name=\"robots\" content=\"index, follow, max-snippet:-1, max-image-preview:large, max-video-preview:-1\" \/>\n<link rel=\"canonical\" href=\"https:\/\/www.pipi-stop.ch\/fr\/commander\/remboursement-caisses-maladie\/\" \/>\n<meta property=\"og:locale\" content=\"fr_FR\" \/>\n<meta property=\"og:type\" content=\"article\" \/>\n<meta property=\"og:title\" content=\"Remboursement par les caisses maladie\" \/>\n<meta property=\"og:description\" content=\"Co\u00fbts - prestations des caisses maladie (CM) Frais d&#039;exp\u00e9dition: 14 CHF (unique) Pour des informations plus d\u00e9taill\u00e9es, vous pouvez consulter la page conditions de location. Conditions de location du VIBRA Conditions pour la prise en charge par les caisses maladie: l&#039;appareil avertisseur doit \u00eatre lou\u00e9 l&#039;enfant trait\u00e9 doit avoir 5 ans une [&hellip;]\" \/>\n<meta property=\"og:url\" content=\"https:\/\/www.pipi-stop.ch\/fr\/commander\/remboursement-caisses-maladie\/\" \/>\n<meta property=\"og:site_name\" content=\"Pipi Stop\" \/>\n<meta property=\"article:modified_time\" content=\"2024-01-01T16:19:02+00:00\" \/>\n<meta name=\"twitter:card\" content=\"summary_large_image\" \/>\n<meta name=\"twitter:label1\" content=\"Dur\u00e9e de lecture estim\u00e9e\" \/>\n\t<meta name=\"twitter:data1\" content=\"2 minutes\" \/>\n<script type=\"application\/ld+json\" class=\"yoast-schema-graph\">{\"@context\":\"https:\\\/\\\/schema.org\",\"@graph\":[{\"@type\":\"WebPage\",\"@id\":\"https:\\\/\\\/www.pipi-stop.ch\\\/fr\\\/commander\\\/remboursement-caisses-maladie\\\/\",\"url\":\"https:\\\/\\\/www.pipi-stop.ch\\\/fr\\\/commander\\\/remboursement-caisses-maladie\\\/\",\"name\":\"Remboursement par les caisses maladie | Pipi Stop\",\"isPartOf\":{\"@id\":\"https:\\\/\\\/www.pipi-stop.ch\\\/fr\\\/#website\"},\"datePublished\":\"2015-06-09T14:26:16+00:00\",\"dateModified\":\"2024-01-01T16:19:02+00:00\",\"breadcrumb\":{\"@id\":\"https:\\\/\\\/www.pipi-stop.ch\\\/fr\\\/commander\\\/remboursement-caisses-maladie\\\/#breadcrumb\"},\"inLanguage\":\"fr-FR\",\"potentialAction\":[{\"@type\":\"ReadAction\",\"target\":[\"https:\\\/\\\/www.pipi-stop.ch\\\/fr\\\/commander\\\/remboursement-caisses-maladie\\\/\"]}]},{\"@type\":\"BreadcrumbList\",\"@id\":\"https:\\\/\\\/www.pipi-stop.ch\\\/fr\\\/commander\\\/remboursement-caisses-maladie\\\/#breadcrumb\",\"itemListElement\":[{\"@type\":\"ListItem\",\"position\":1,\"name\":\"Home\",\"item\":\"https:\\\/\\\/www.pipi-stop.ch\\\/fr\\\/\"},{\"@type\":\"ListItem\",\"position\":2,\"name\":\"Commander\",\"item\":\"https:\\\/\\\/www.pipi-stop.ch\\\/fr\\\/commander\\\/\"},{\"@type\":\"ListItem\",\"position\":3,\"name\":\"Remboursement par les caisses maladie\"}]},{\"@type\":\"WebSite\",\"@id\":\"https:\\\/\\\/www.pipi-stop.ch\\\/fr\\\/#website\",\"url\":\"https:\\\/\\\/www.pipi-stop.ch\\\/fr\\\/\",\"name\":\"Pipi Stop\",\"description\":\"\",\"potentialAction\":[{\"@type\":\"SearchAction\",\"target\":{\"@type\":\"EntryPoint\",\"urlTemplate\":\"https:\\\/\\\/www.pipi-stop.ch\\\/fr\\\/?s={search_term_string}\"},\"query-input\":{\"@type\":\"PropertyValueSpecification\",\"valueRequired\":true,\"valueName\":\"search_term_string\"}}],\"inLanguage\":\"fr-FR\"}]}<\/script>\n<!-- \/ Yoast SEO Premium plugin. -->","yoast_head_json":{"title":"Remboursement par les caisses maladie | Pipi Stop","robots":{"index":"index","follow":"follow","max-snippet":"max-snippet:-1","max-image-preview":"max-image-preview:large","max-video-preview":"max-video-preview:-1"},"canonical":"https:\/\/www.pipi-stop.ch\/fr\/commander\/remboursement-caisses-maladie\/","og_locale":"fr_FR","og_type":"article","og_title":"Remboursement par les caisses maladie","og_description":"Co\u00fbts - prestations des caisses maladie (CM) Frais d'exp\u00e9dition: 14 CHF (unique) Pour des informations plus d\u00e9taill\u00e9es, vous pouvez consulter la page conditions de location. Conditions de location du VIBRA Conditions pour la prise en charge par les caisses maladie: l'appareil avertisseur doit \u00eatre lou\u00e9 l'enfant trait\u00e9 doit avoir 5 ans une [&hellip;]","og_url":"https:\/\/www.pipi-stop.ch\/fr\/commander\/remboursement-caisses-maladie\/","og_site_name":"Pipi Stop","article_modified_time":"2024-01-01T16:19:02+00:00","twitter_card":"summary_large_image","twitter_misc":{"Dur\u00e9e de lecture estim\u00e9e":"2 minutes"},"schema":{"@context":"https:\/\/schema.org","@graph":[{"@type":"WebPage","@id":"https:\/\/www.pipi-stop.ch\/fr\/commander\/remboursement-caisses-maladie\/","url":"https:\/\/www.pipi-stop.ch\/fr\/commander\/remboursement-caisses-maladie\/","name":"Remboursement par les caisses maladie | Pipi Stop","isPartOf":{"@id":"https:\/\/www.pipi-stop.ch\/fr\/#website"},"datePublished":"2015-06-09T14:26:16+00:00","dateModified":"2024-01-01T16:19:02+00:00","breadcrumb":{"@id":"https:\/\/www.pipi-stop.ch\/fr\/commander\/remboursement-caisses-maladie\/#breadcrumb"},"inLanguage":"fr-FR","potentialAction":[{"@type":"ReadAction","target":["https:\/\/www.pipi-stop.ch\/fr\/commander\/remboursement-caisses-maladie\/"]}]},{"@type":"BreadcrumbList","@id":"https:\/\/www.pipi-stop.ch\/fr\/commander\/remboursement-caisses-maladie\/#breadcrumb","itemListElement":[{"@type":"ListItem","position":1,"name":"Home","item":"https:\/\/www.pipi-stop.ch\/fr\/"},{"@type":"ListItem","position":2,"name":"Commander","item":"https:\/\/www.pipi-stop.ch\/fr\/commander\/"},{"@type":"ListItem","position":3,"name":"Remboursement par les caisses maladie"}]},{"@type":"WebSite","@id":"https:\/\/www.pipi-stop.ch\/fr\/#website","url":"https:\/\/www.pipi-stop.ch\/fr\/","name":"Pipi Stop","description":"","potentialAction":[{"@type":"SearchAction","target":{"@type":"EntryPoint","urlTemplate":"https:\/\/www.pipi-stop.ch\/fr\/?s={search_term_string}"},"query-input":{"@type":"PropertyValueSpecification","valueRequired":true,"valueName":"search_term_string"}}],"inLanguage":"fr-FR"}]}},"_links":{"self":[{"href":"https:\/\/www.pipi-stop.ch\/fr\/wp-json\/wp\/v2\/pages\/2086","targetHints":{"allow":["GET"]}}],"collection":[{"href":"https:\/\/www.pipi-stop.ch\/fr\/wp-json\/wp\/v2\/pages"}],"about":[{"href":"https:\/\/www.pipi-stop.ch\/fr\/wp-json\/wp\/v2\/types\/page"}],"author":[{"embeddable":true,"href":"https:\/\/www.pipi-stop.ch\/fr\/wp-json\/wp\/v2\/users\/1"}],"replies":[{"embeddable":true,"href":"https:\/\/www.pipi-stop.ch\/fr\/wp-json\/wp\/v2\/comments?post=2086"}],"version-history":[{"count":31,"href":"https:\/\/www.pipi-stop.ch\/fr\/wp-json\/wp\/v2\/pages\/2086\/revisions"}],"predecessor-version":[{"id":16195,"href":"https:\/\/www.pipi-stop.ch\/fr\/wp-json\/wp\/v2\/pages\/2086\/revisions\/16195"}],"up":[{"embeddable":true,"href":"https:\/\/www.pipi-stop.ch\/fr\/wp-json\/wp\/v2\/pages\/2065"}],"wp:attachment":[{"href":"https:\/\/www.pipi-stop.ch\/fr\/wp-json\/wp\/v2\/media?parent=2086"}],"curies":[{"name":"wp","href":"https:\/\/api.w.org\/{rel}","templated":true}]}}