{"id":1977,"date":"2015-05-28T12:41:54","date_gmt":"2015-05-28T12:41:54","guid":{"rendered":"http:\/\/pipi-stop.version-demo.ch\/?page_id=1977"},"modified":"2025-01-02T17:33:25","modified_gmt":"2025-01-02T17:33:25","slug":"diagramme","status":"publish","type":"page","link":"https:\/\/www.pipi-stop.ch\/fr\/therapie-pipi-stop\/diagramme\/","title":{"rendered":"Diagramme de suivi"},"content":{"rendered":"<p>[et_pb_section fb_built=\u00a0\u00bb1&Prime; admin_label=\u00a0\u00bbsection\u00a0\u00bb module_class=\u00a0\u00bbmain-h1-title\u00a0\u00bb _builder_version=\u00a0\u00bb4.16&Prime; background_color=\u00a0\u00bb#ffffff\u00a0\u00bb transparent_background=\u00a0\u00bboff\u00a0\u00bb global_colors_info=\u00a0\u00bb{}\u00a0\u00bb][et_pb_row admin_label=\u00a0\u00bbrow\u00a0\u00bb _builder_version=\u00a0\u00bb4.16&Prime; background_size=\u00a0\u00bbinitial\u00a0\u00bb background_position=\u00a0\u00bbtop_left\u00a0\u00bb background_repeat=\u00a0\u00bbrepeat\u00a0\u00bb global_colors_info=\u00a0\u00bb{}\u00a0\u00bb][et_pb_column type=\u00a0\u00bb4_4&Prime; _builder_version=\u00a0\u00bb4.16&Prime; custom_padding=\u00a0\u00bb|||\u00a0\u00bb global_colors_info=\u00a0\u00bb{}\u00a0\u00bb custom_padding__hover=\u00a0\u00bb|||\u00a0\u00bb][et_pb_text admin_label=\u00a0\u00bbh1&Prime; _builder_version=\u00a0\u00bb4.16&Prime; background_size=\u00a0\u00bbinitial\u00a0\u00bb background_position=\u00a0\u00bbtop_left\u00a0\u00bb background_repeat=\u00a0\u00bbrepeat\u00a0\u00bb text_orientation=\u00a0\u00bbcenter\u00a0\u00bb module_alignment=\u00a0\u00bbcenter\u00a0\u00bb global_colors_info=\u00a0\u00bb{}\u00a0\u00bb]<\/p>\n<h1>Comment remplir le diagramme<\/h1>\n<p>[\/et_pb_text][\/et_pb_column][\/et_pb_row][et_pb_row column_structure=\u00a0\u00bb1_2,1_2&Prime; admin_label=\u00a0\u00bbrow\u00a0\u00bb _builder_version=\u00a0\u00bb4.16&Prime; background_size=\u00a0\u00bbinitial\u00a0\u00bb background_position=\u00a0\u00bbtop_left\u00a0\u00bb background_repeat=\u00a0\u00bbrepeat\u00a0\u00bb global_colors_info=\u00a0\u00bb{}\u00a0\u00bb][et_pb_column type=\u00a0\u00bb1_2&Prime; _builder_version=\u00a0\u00bb4.16&Prime; custom_padding=\u00a0\u00bb|||\u00a0\u00bb global_colors_info=\u00a0\u00bb{}\u00a0\u00bb custom_padding__hover=\u00a0\u00bb|||\u00a0\u00bb][et_pb_text admin_label=\u00a0\u00bbTexte\u00a0\u00bb _builder_version=\u00a0\u00bb4.16&Prime; background_size=\u00a0\u00bbinitial\u00a0\u00bb background_position=\u00a0\u00bbtop_left\u00a0\u00bb background_repeat=\u00a0\u00bbrepeat\u00a0\u00bb global_colors_info=\u00a0\u00bb{}\u00a0\u00bb]<\/p>\n<div id=\"col1\">\n<div id=\"col1_content\" class=\"clearfix\">\n<div id=\"c445\" class=\"csc-default\">\n<div class=\"subcolumns\">\n<div class=\"c50r\">\n<div class=\"subcr\">\n<p id=\"c329\" class=\"align-justify\"><strong>L&rsquo;inscription du traitement sur le diagramme<\/strong> est tr\u00e8s importante car elle <strong>permet au patient de prendre conscience de l&rsquo;\u00e9volution de son traitement et de le motiver<\/strong>. La premi\u00e8re nuit commence sur le trait gras horizontal (d\u00e9but), dans notre exemple le mercredi.<\/p>\n<\/div>\n<\/div>\n<\/div>\n<\/div>\n<\/div>\n<\/div>\n<p>[\/et_pb_text][et_pb_image src=\u00a0\u00bbhttps:\/\/www.pipi-stop.ch\/wp-content\/uploads\/2015\/06\/DIAG_M-E_2015_FR.png\u00a0\u00bb align_tablet=\u00a0\u00bbcenter\u00a0\u00bb align_phone=\u00a0\u00bbcenter\u00a0\u00bb align_last_edited=\u00a0\u00bbon|desktop\u00a0\u00bb admin_label=\u00a0\u00bbImage\u00a0\u00bb _builder_version=\u00a0\u00bb4.16&Prime; animation_style=\u00a0\u00bbslide\u00a0\u00bb animation_direction=\u00a0\u00bbleft\u00a0\u00bb animation_duration=\u00a0\u00bb500ms\u00a0\u00bb animation_intensity_slide=\u00a0\u00bb10%\u00a0\u00bb animation=\u00a0\u00bbleft\u00a0\u00bb sticky=\u00a0\u00bboff\u00a0\u00bb global_colors_info=\u00a0\u00bb{}\u00a0\u00bb] [\/et_pb_image][et_pb_text admin_label=\u00a0\u00bbTexte\u00a0\u00bb _builder_version=\u00a0\u00bb4.17.0&Prime; background_size=\u00a0\u00bbinitial\u00a0\u00bb background_position=\u00a0\u00bbtop_left\u00a0\u00bb background_repeat=\u00a0\u00bbrepeat\u00a0\u00bb hover_enabled=\u00a0\u00bb0&Prime; global_colors_info=\u00a0\u00bb{}\u00a0\u00bb sticky_enabled=\u00a0\u00bb0&Prime;]<\/p>\n<p>(Courbe fictive servant \u00e0 illustrer notre explication)<\/p>\n<p>[\/et_pb_text][\/et_pb_column][et_pb_column type=\u00a0\u00bb1_2&Prime; _builder_version=\u00a0\u00bb4.16&Prime; custom_padding=\u00a0\u00bb|||\u00a0\u00bb global_colors_info=\u00a0\u00bb{}\u00a0\u00bb custom_padding__hover=\u00a0\u00bb|||\u00a0\u00bb][et_pb_text admin_label=\u00a0\u00bbTexte\u00a0\u00bb _builder_version=\u00a0\u00bb4.17.0&Prime; background_size=\u00a0\u00bbinitial\u00a0\u00bb background_position=\u00a0\u00bbtop_left\u00a0\u00bb background_repeat=\u00a0\u00bbrepeat\u00a0\u00bb use_border_color=\u00a0\u00bboff\u00a0\u00bb border_color=\u00a0\u00bb#ffffff\u00a0\u00bb border_style=\u00a0\u00bbsolid\u00a0\u00bb global_colors_info=\u00a0\u00bb{}\u00a0\u00bb]<\/p>\n\n<table id=\"tablepress-5\" class=\"tablepress tablepress-id-5\">\n<thead>\n<tr class=\"row-1\">\n\t<th colspan=\"2\" class=\"column-1\">Tirer un trait dans le carr\u00e9<\/th>\n<\/tr>\n<\/thead>\n<tbody>\n<tr class=\"row-2\">\n\t<td class=\"column-1\">si <strong>tr\u00e8s mouill\u00e9<\/strong><\/td><td class=\"column-2\"><img decoding=\"async\" data-src=\"http:\/\/www.pipi-stop.ch\/wp-content\/uploads\/2015\/04\/cff070083d.gif\" src=\"data:image\/svg+xml;base64,PHN2ZyB3aWR0aD0iMSIgaGVpZ2h0PSIxIiB4bWxucz0iaHR0cDovL3d3dy53My5vcmcvMjAwMC9zdmciPjwvc3ZnPg==\" class=\"lazyload\"><\/td>\n<\/tr>\n<tr class=\"row-3\">\n\t<td class=\"column-1\">si <strong>peu mouill\u00e9<\/strong><\/td><td class=\"column-2\"><img decoding=\"async\" data-src=\"http:\/\/www.pipi-stop.ch\/wp-content\/uploads\/2015\/04\/bd5d121005.gif\" src=\"data:image\/svg+xml;base64,PHN2ZyB3aWR0aD0iMSIgaGVpZ2h0PSIxIiB4bWxucz0iaHR0cDovL3d3dy53My5vcmcvMjAwMC9zdmciPjwvc3ZnPg==\" class=\"lazyload\"><\/td>\n<\/tr>\n<tr class=\"row-4\">\n\t<td class=\"column-1\">si <strong>compl\u00e8tement sec<\/strong> *<\/td><td class=\"column-2\"><img decoding=\"async\" data-src=\"http:\/\/www.pipi-stop.ch\/wp-content\/uploads\/2015\/04\/34c200913d.gif\" src=\"data:image\/svg+xml;base64,PHN2ZyB3aWR0aD0iMSIgaGVpZ2h0PSIxIiB4bWxucz0iaHR0cDovL3d3dy53My5vcmcvMjAwMC9zdmciPjwvc3ZnPg==\" class=\"lazyload\"><\/td>\n<\/tr>\n<\/tbody>\n<\/table>\n<!-- #tablepress-5 from cache -->\n<p class=\"align-justify\" style=\"font-size: 14px !important;\"><strong>*<\/strong> l&rsquo;appareil n&rsquo;a pas sonn\u00e9: l&rsquo;enfant s&rsquo;est lev\u00e9 tout seul ou a pu retenir son pipi toute la nuit<\/p>\n<p>Chaque carr\u00e9 correspond \u00e0 une nuit de la semaine. On obtiendra une courbe continue (voir le graphique). Si vous \u00eates arriv\u00e9 au bout de la page (ou en haut),\u00a0<a href=\"https:\/\/www.pipi-stop.ch\/wp-content\/uploads\/2023\/01\/Diagramme-NEW_FR.pdf\" target=\"_blank\" rel=\"noopener\"><strong>t\u00e9l\u00e9chargez ici un nouveau diagramme<\/strong>.<\/a><\/p>\n<p><strong>Ne notez dans le diagramme que le r\u00e9sultat obtenu lors de l\u2019alarme avec le Pipi-Stop, peu importe si l\u2019enfant a mouill\u00e9 une 2<sup>\u00e8me<\/sup> fois.<\/strong><\/p>\n<p>[\/et_pb_text][et_pb_text admin_label=\u00a0\u00bbTexte\u00a0\u00bb _builder_version=\u00a0\u00bb4.17.0&Prime; background_size=\u00a0\u00bbinitial\u00a0\u00bb background_position=\u00a0\u00bbtop_left\u00a0\u00bb background_repeat=\u00a0\u00bbrepeat\u00a0\u00bb use_border_color=\u00a0\u00bboff\u00a0\u00bb border_color=\u00a0\u00bb#ffffff\u00a0\u00bb border_style=\u00a0\u00bbsolid\u00a0\u00bb global_colors_info=\u00a0\u00bb{}\u00a0\u00bb]<\/p>\n<p><strong>Lors du renvoi<\/strong> du Pipi-Stop en location, <strong>veuillez joindre le diagramme<\/strong> (il est utilis\u00e9 pour l\u2019\u00e9valuation du traitement qui sera communiqu\u00e9e \u00e0 votre m\u00e9decin).<\/p>\n<p>[\/et_pb_text][\/et_pb_column][\/et_pb_row][\/et_pb_section]<\/p>\n","protected":false},"excerpt":{"rendered":"<p>Comment remplir le diagramme L&rsquo;inscription du traitement sur le diagramme est tr\u00e8s importante car elle permet au patient de prendre conscience de l&rsquo;\u00e9volution de son traitement et de le motiver. La premi\u00e8re nuit commence sur le trait gras horizontal (d\u00e9but), dans notre exemple le mercredi. (Courbe fictive servant \u00e0 illustrer notre explication)\n<table id=\"tablepress-5-no-2\" class=\"tablepress tablepress-id-5\">\n<thead>\n<tr class=\"row-1\">\n\t<th colspan=\"2\" class=\"column-1\">Tirer un trait dans le carr\u00e9<\/th>\n<\/tr>\n<\/thead>\n<tbody>\n<tr class=\"row-2\">\n\t<td class=\"column-1\">si <strong>tr\u00e8s mouill\u00e9<\/strong><\/td><td class=\"column-2\"><img decoding=\"async\" data-src=\"http:\/\/www.pipi-stop.ch\/wp-content\/uploads\/2015\/04\/cff070083d.gif\" src=\"data:image\/svg+xml;base64,PHN2ZyB3aWR0aD0iMSIgaGVpZ2h0PSIxIiB4bWxucz0iaHR0cDovL3d3dy53My5vcmcvMjAwMC9zdmciPjwvc3ZnPg==\" class=\"lazyload\"><\/td>\n<\/tr>\n<tr class=\"row-3\">\n\t<td class=\"column-1\">si <strong>peu mouill\u00e9<\/strong><\/td><td class=\"column-2\"><img decoding=\"async\" data-src=\"http:\/\/www.pipi-stop.ch\/wp-content\/uploads\/2015\/04\/bd5d121005.gif\" src=\"data:image\/svg+xml;base64,PHN2ZyB3aWR0aD0iMSIgaGVpZ2h0PSIxIiB4bWxucz0iaHR0cDovL3d3dy53My5vcmcvMjAwMC9zdmciPjwvc3ZnPg==\" class=\"lazyload\"><\/td>\n<\/tr>\n<tr class=\"row-4\">\n\t<td class=\"column-1\">si <strong>compl\u00e8tement sec<\/strong> *<\/td><td class=\"column-2\"><img decoding=\"async\" data-src=\"http:\/\/www.pipi-stop.ch\/wp-content\/uploads\/2015\/04\/34c200913d.gif\" src=\"data:image\/svg+xml;base64,PHN2ZyB3aWR0aD0iMSIgaGVpZ2h0PSIxIiB4bWxucz0iaHR0cDovL3d3dy53My5vcmcvMjAwMC9zdmciPjwvc3ZnPg==\" class=\"lazyload\"><\/td>\n<\/tr>\n<\/tbody>\n<\/table>\n * [&hellip;]<\/p>\n","protected":false},"author":3,"featured_media":0,"parent":1622,"menu_order":9,"comment_status":"open","ping_status":"closed","template":"","meta":{"_et_pb_use_builder":"on","_et_pb_old_content":"","_et_gb_content_width":"","inline_featured_image":false,"footnotes":""},"class_list":["post-1977","page","type-page","status-publish","hentry"],"yoast_head":"<!-- This site is optimized with the Yoast SEO Premium plugin v27.3 (Yoast SEO v27.3) - https:\/\/yoast.com\/product\/yoast-seo-premium-wordpress\/ -->\n<title>Diagramme de suivi | Pipi Stop<\/title>\n<meta name=\"robots\" content=\"index, follow, max-snippet:-1, max-image-preview:large, max-video-preview:-1\" \/>\n<link rel=\"canonical\" href=\"https:\/\/www.pipi-stop.ch\/fr\/therapie-pipi-stop\/diagramme\/\" \/>\n<meta property=\"og:locale\" content=\"fr_FR\" \/>\n<meta property=\"og:type\" content=\"article\" \/>\n<meta property=\"og:title\" content=\"Diagramme de suivi\" \/>\n<meta property=\"og:description\" content=\"Comment remplir le diagramme L&#039;inscription du traitement sur le diagramme est tr\u00e8s importante car elle permet au patient de prendre conscience de l&#039;\u00e9volution de son traitement et de le motiver. La premi\u00e8re nuit commence sur le trait gras horizontal (d\u00e9but), dans notre exemple le mercredi. (Courbe fictive servant \u00e0 illustrer notre explication) * [&hellip;]\" \/>\n<meta property=\"og:url\" content=\"https:\/\/www.pipi-stop.ch\/fr\/therapie-pipi-stop\/diagramme\/\" \/>\n<meta property=\"og:site_name\" content=\"Pipi Stop\" \/>\n<meta property=\"article:modified_time\" content=\"2025-01-02T17:33:25+00:00\" \/>\n<meta name=\"twitter:card\" content=\"summary_large_image\" \/>\n<meta name=\"twitter:label1\" content=\"Dur\u00e9e de lecture estim\u00e9e\" \/>\n\t<meta name=\"twitter:data1\" content=\"2 minutes\" \/>\n<script type=\"application\/ld+json\" class=\"yoast-schema-graph\">{\"@context\":\"https:\\\/\\\/schema.org\",\"@graph\":[{\"@type\":\"WebPage\",\"@id\":\"https:\\\/\\\/www.pipi-stop.ch\\\/fr\\\/therapie-pipi-stop\\\/diagramme\\\/\",\"url\":\"https:\\\/\\\/www.pipi-stop.ch\\\/fr\\\/therapie-pipi-stop\\\/diagramme\\\/\",\"name\":\"Diagramme de suivi | Pipi Stop\",\"isPartOf\":{\"@id\":\"https:\\\/\\\/www.pipi-stop.ch\\\/fr\\\/#website\"},\"datePublished\":\"2015-05-28T12:41:54+00:00\",\"dateModified\":\"2025-01-02T17:33:25+00:00\",\"breadcrumb\":{\"@id\":\"https:\\\/\\\/www.pipi-stop.ch\\\/fr\\\/therapie-pipi-stop\\\/diagramme\\\/#breadcrumb\"},\"inLanguage\":\"fr-FR\",\"potentialAction\":[{\"@type\":\"ReadAction\",\"target\":[\"https:\\\/\\\/www.pipi-stop.ch\\\/fr\\\/therapie-pipi-stop\\\/diagramme\\\/\"]}]},{\"@type\":\"BreadcrumbList\",\"@id\":\"https:\\\/\\\/www.pipi-stop.ch\\\/fr\\\/therapie-pipi-stop\\\/diagramme\\\/#breadcrumb\",\"itemListElement\":[{\"@type\":\"ListItem\",\"position\":1,\"name\":\"Home\",\"item\":\"https:\\\/\\\/www.pipi-stop.ch\\\/fr\\\/\"},{\"@type\":\"ListItem\",\"position\":2,\"name\":\"La th\u00e9rapie Pipi-Stop\",\"item\":\"https:\\\/\\\/www.pipi-stop.ch\\\/fr\\\/therapie-pipi-stop\\\/\"},{\"@type\":\"ListItem\",\"position\":3,\"name\":\"Diagramme de suivi\"}]},{\"@type\":\"WebSite\",\"@id\":\"https:\\\/\\\/www.pipi-stop.ch\\\/fr\\\/#website\",\"url\":\"https:\\\/\\\/www.pipi-stop.ch\\\/fr\\\/\",\"name\":\"Pipi Stop\",\"description\":\"\",\"potentialAction\":[{\"@type\":\"SearchAction\",\"target\":{\"@type\":\"EntryPoint\",\"urlTemplate\":\"https:\\\/\\\/www.pipi-stop.ch\\\/fr\\\/?s={search_term_string}\"},\"query-input\":{\"@type\":\"PropertyValueSpecification\",\"valueRequired\":true,\"valueName\":\"search_term_string\"}}],\"inLanguage\":\"fr-FR\"}]}<\/script>\n<!-- \/ Yoast SEO Premium plugin. -->","yoast_head_json":{"title":"Diagramme de suivi | Pipi Stop","robots":{"index":"index","follow":"follow","max-snippet":"max-snippet:-1","max-image-preview":"max-image-preview:large","max-video-preview":"max-video-preview:-1"},"canonical":"https:\/\/www.pipi-stop.ch\/fr\/therapie-pipi-stop\/diagramme\/","og_locale":"fr_FR","og_type":"article","og_title":"Diagramme de suivi","og_description":"Comment remplir le diagramme L'inscription du traitement sur le diagramme est tr\u00e8s importante car elle permet au patient de prendre conscience de l'\u00e9volution de son traitement et de le motiver. La premi\u00e8re nuit commence sur le trait gras horizontal (d\u00e9but), dans notre exemple le mercredi. (Courbe fictive servant \u00e0 illustrer notre explication) * [&hellip;]","og_url":"https:\/\/www.pipi-stop.ch\/fr\/therapie-pipi-stop\/diagramme\/","og_site_name":"Pipi Stop","article_modified_time":"2025-01-02T17:33:25+00:00","twitter_card":"summary_large_image","twitter_misc":{"Dur\u00e9e de lecture estim\u00e9e":"2 minutes"},"schema":{"@context":"https:\/\/schema.org","@graph":[{"@type":"WebPage","@id":"https:\/\/www.pipi-stop.ch\/fr\/therapie-pipi-stop\/diagramme\/","url":"https:\/\/www.pipi-stop.ch\/fr\/therapie-pipi-stop\/diagramme\/","name":"Diagramme de suivi | Pipi Stop","isPartOf":{"@id":"https:\/\/www.pipi-stop.ch\/fr\/#website"},"datePublished":"2015-05-28T12:41:54+00:00","dateModified":"2025-01-02T17:33:25+00:00","breadcrumb":{"@id":"https:\/\/www.pipi-stop.ch\/fr\/therapie-pipi-stop\/diagramme\/#breadcrumb"},"inLanguage":"fr-FR","potentialAction":[{"@type":"ReadAction","target":["https:\/\/www.pipi-stop.ch\/fr\/therapie-pipi-stop\/diagramme\/"]}]},{"@type":"BreadcrumbList","@id":"https:\/\/www.pipi-stop.ch\/fr\/therapie-pipi-stop\/diagramme\/#breadcrumb","itemListElement":[{"@type":"ListItem","position":1,"name":"Home","item":"https:\/\/www.pipi-stop.ch\/fr\/"},{"@type":"ListItem","position":2,"name":"La th\u00e9rapie Pipi-Stop","item":"https:\/\/www.pipi-stop.ch\/fr\/therapie-pipi-stop\/"},{"@type":"ListItem","position":3,"name":"Diagramme de suivi"}]},{"@type":"WebSite","@id":"https:\/\/www.pipi-stop.ch\/fr\/#website","url":"https:\/\/www.pipi-stop.ch\/fr\/","name":"Pipi Stop","description":"","potentialAction":[{"@type":"SearchAction","target":{"@type":"EntryPoint","urlTemplate":"https:\/\/www.pipi-stop.ch\/fr\/?s={search_term_string}"},"query-input":{"@type":"PropertyValueSpecification","valueRequired":true,"valueName":"search_term_string"}}],"inLanguage":"fr-FR"}]}},"_links":{"self":[{"href":"https:\/\/www.pipi-stop.ch\/fr\/wp-json\/wp\/v2\/pages\/1977","targetHints":{"allow":["GET"]}}],"collection":[{"href":"https:\/\/www.pipi-stop.ch\/fr\/wp-json\/wp\/v2\/pages"}],"about":[{"href":"https:\/\/www.pipi-stop.ch\/fr\/wp-json\/wp\/v2\/types\/page"}],"author":[{"embeddable":true,"href":"https:\/\/www.pipi-stop.ch\/fr\/wp-json\/wp\/v2\/users\/3"}],"replies":[{"embeddable":true,"href":"https:\/\/www.pipi-stop.ch\/fr\/wp-json\/wp\/v2\/comments?post=1977"}],"version-history":[{"count":18,"href":"https:\/\/www.pipi-stop.ch\/fr\/wp-json\/wp\/v2\/pages\/1977\/revisions"}],"predecessor-version":[{"id":17687,"href":"https:\/\/www.pipi-stop.ch\/fr\/wp-json\/wp\/v2\/pages\/1977\/revisions\/17687"}],"up":[{"embeddable":true,"href":"https:\/\/www.pipi-stop.ch\/fr\/wp-json\/wp\/v2\/pages\/1622"}],"wp:attachment":[{"href":"https:\/\/www.pipi-stop.ch\/fr\/wp-json\/wp\/v2\/media?parent=1977"}],"curies":[{"name":"wp","href":"https:\/\/api.w.org\/{rel}","templated":true}]}}