{"id":1973,"date":"2015-05-28T12:23:13","date_gmt":"2015-05-28T12:23:13","guid":{"rendered":"http:\/\/pipi-stop.version-demo.ch\/?page_id=1973"},"modified":"2018-08-19T18:57:18","modified_gmt":"2018-08-19T18:57:18","slug":"questions-reponses","status":"publish","type":"page","link":"https:\/\/www.pipi-stop.ch\/fr\/therapie-pipi-stop\/questions-reponses\/","title":{"rendered":"Questions &#8211; R\u00e9ponses"},"content":{"rendered":"<p>[et_pb_section bb_built=\u00a0\u00bb1&Prime; admin_label=\u00a0\u00bbsection\u00a0\u00bb transparent_background=\u00a0\u00bboff\u00a0\u00bb background_color=\u00a0\u00bb#ffffff\u00a0\u00bb allow_player_pause=\u00a0\u00bboff\u00a0\u00bb inner_shadow=\u00a0\u00bboff\u00a0\u00bb parallax=\u00a0\u00bboff\u00a0\u00bb parallax_method=\u00a0\u00bboff\u00a0\u00bb module_class=\u00a0\u00bbmain-h1-title\u00a0\u00bb][et_pb_row admin_label=\u00a0\u00bbrow\u00a0\u00bb background_position=\u00a0\u00bbtop_left\u00a0\u00bb background_repeat=\u00a0\u00bbrepeat\u00a0\u00bb background_size=\u00a0\u00bbinitial\u00a0\u00bb][et_pb_column type=\u00a0\u00bb4_4&Prime;][et_pb_text admin_label=\u00a0\u00bbh1&Prime; background_layout=\u00a0\u00bblight\u00a0\u00bb text_orientation=\u00a0\u00bbcenter\u00a0\u00bb background_position=\u00a0\u00bbtop_left\u00a0\u00bb background_repeat=\u00a0\u00bbrepeat\u00a0\u00bb background_size=\u00a0\u00bbinitial\u00a0\u00bb module_alignment=\u00a0\u00bbcenter\u00a0\u00bb]<\/p>\n<h1>Questions &#8211; R\u00e9ponses<\/h1>\n<p>[\/et_pb_text][\/et_pb_column][\/et_pb_row][et_pb_row admin_label=\u00a0\u00bbrow\u00a0\u00bb background_position=\u00a0\u00bbtop_left\u00a0\u00bb background_repeat=\u00a0\u00bbrepeat\u00a0\u00bb background_size=\u00a0\u00bbinitial\u00a0\u00bb][et_pb_column type=\u00a0\u00bb1_4&Prime;][et_pb_image src=\u00a0\u00bbhttp:\/\/www.pipi-stop.ch\/wp-content\/uploads\/2015\/05\/faq-265&#215;300.jpg\u00a0\u00bb animation_style=\u00a0\u00bbslide\u00a0\u00bb animation_duration=\u00a0\u00bb500ms\u00a0\u00bb animation_intensity_slide=\u00a0\u00bb10%\u00a0\u00bb animation_direction=\u00a0\u00bbleft\u00a0\u00bb _builder_version=\u00a0\u00bb3.11.1&Prime;]<br \/>\n[\/et_pb_image][\/et_pb_column][et_pb_column type=\u00a0\u00bb3_4&Prime;][et_pb_accordion admin_label=\u00a0\u00bbAccord\u00e9on\u00a0\u00bb use_border_color=\u00a0\u00bboff\u00a0\u00bb border_color=\u00a0\u00bb#ffffff\u00a0\u00bb border_style=\u00a0\u00bbsolid\u00a0\u00bb][et_pb_accordion_item title=\u00a0\u00bbEst-il judicieux de ne plus donner \u00e0 boire \u00e0 notre enfant d\u00e8s la fin de l\u2019apr\u00e8s-midi ?\u00a0\u00bb]<\/p>\n<p>Aucun changement ne devrait intervenir dans ses habitudes alimentaires et il n\u2019est pas n\u00e9cessaire de r\u00e9duire l\u2019apport de boissons, m\u00eame le soir.<\/p>\n<p>[\/et_pb_accordion_item][et_pb_accordion_item title=\u00a0\u00bbFaut-il lever notre enfant avant l\u2019alarme de l&rsquo;appareil avertisseur \u00e9lectronique ?\u00a0\u00bb]<\/p>\n<p>Non&nbsp;! Il ne doit \u00eatre r\u00e9veill\u00e9 qu\u2019au moment de la miction qui est signal\u00e9e automatiquement par l\u2019alarme.<\/p>\n<p>[\/et_pb_accordion_item][et_pb_accordion_item title=\u00a0\u00bbQue faut-il faire, l\u2019alarme sonne mais notre enfant ne se r\u00e9veille pas de lui-m\u00eame? \u00ab\u00a0]<\/p>\n<div class=\"togglebox-collapse-box\">\n<p>G\u00e9n\u00e9ralement, au d\u00e9but du traitement, l\u2019enfant n\u2019entend pas l\u2019alarme car son sommeil est tr\u00e8s profond. Mais pour r\u00e9ussir le traitement,<strong> il faut qu\u2019il soit r\u00e9veill\u00e9 rapidement et compl\u00e8tement, puis qu\u2019il finisse de faire pipi aux toilettes.<\/strong> Il est donc <strong>primordial qu\u2019un adulte s\u2019en charge<\/strong> en lui parlant, en lui passant une lavette mouill\u00e9e sur le visage ou en faisant tout autre chose qui permette de lui faire vivre cet instant consciemment, sans toutefois l\u2019effrayer.<br \/>\nVeuillez contr\u00f4ler que vous l\u2019avez bien r\u00e9veill\u00e9: il doit s\u2019en souvenir le lendemain matin !<\/p>\n<\/div>\n<p>[\/et_pb_accordion_item][et_pb_accordion_item title=\u00a0\u00bbNotre enfant mouille plusieurs fois par nuit. Faut-il le r\u00e9veiller plusieurs fois?\u00a0\u00bb]<\/p>\n<p>Non&nbsp;! Pour le confort de toute la famille, <strong>ne le r\u00e9veillez qu\u2019\u00e0 la premi\u00e8re alarme<\/strong>. Si vous le r\u00e9veillez plusieurs fois par nuit, votre enfant n&rsquo;apprendra pas plus vite \u00e0 d\u00e9velopper le r\u00e9flexe pour retenir son pipi. Expliquez-lui qu\u2019il est en phase d\u2019apprentissage et que ses mictions vont se d\u00e9caler vers le matin car il se retiendra de plus en plus longtemps.<\/p>\n<p>[\/et_pb_accordion_item][et_pb_accordion_item title=\u00a0\u00bbNotre enfant ne mouille pas toutes les nuits. A-t-il des chances de r\u00e9ussir son traitement ?\u00a0\u00bb]<\/p>\n<p>Oui&nbsp;! Nous vous conseillons d\u2019augmenter l\u00e9g\u00e8rement les quantit\u00e9s de boisson le soir, de sorte qu\u2019il ait l\u2019occasion de s\u2019entra\u00eener chaque nuit.<\/p>\n<p>[\/et_pb_accordion_item][et_pb_accordion_item title=\u00a0\u00bbA partir de quel \u00e2ge et jusqu\u2019\u00e0 quel \u00e2ge peut-on avoir recours au syst\u00e8me Pipi-Stop?\u00a0\u00bb]<\/p>\n<p>Cela d\u00e9pend de la maturit\u00e9 de l\u2019enfant, mais de pr\u00e9f\u00e9rence pas avant l\u2019\u00e2ge de 5 ans r\u00e9volus. Par contre, il n\u2019y a pas de limite d\u2019\u00e2ge sup\u00e9rieure.<\/p>\n<p>[\/et_pb_accordion_item][et_pb_accordion_item title=\u00a0\u00bbNous avons deux enfants \u00e9nur\u00e9tiques. Comment proc\u00e9der ?\u00a0\u00bb]<\/p>\n<p>Il faut les traiter individuellement, de pr\u00e9f\u00e9rence commencez avec l&rsquo;a\u00een\u00e9. En concentrant votre \u00e9nergie et votre attention sur un enfant \u00e0 la fois, il se sentira soutenu psychologiquement et valoris\u00e9. Et pour vous, ce sera plus facile \u00e0 g\u00e9rer. De plus, il faut \u00e9viter que le 2\u00e8me enfant prenne l\u2019habitude d\u2019entendre l\u2019alarme \u00e0 un moment qui ne co\u00efncide pas \u00e0 sa propre miction.<br \/>\nPour votre caisse maladie, il faut un nouveau contrat de location pour le traitement du 2\u00e8me enfant.<\/p>\n<p>[\/et_pb_accordion_item][et_pb_accordion_item title=\u00a0\u00bbDoit-on punir l\u2019enfant \u00e9nur\u00e9tique ?\u00a0\u00bb]<\/p>\n<p>Non&nbsp;! Au contraire, il faut<strong> le motiver et l\u2019encourager \u00e0 participer \u00e0 son traitement.<\/strong><\/p>\n<p>[\/et_pb_accordion_item][et_pb_accordion_item title=\u00a0\u00bbFaut-il continuer de langer notre enfant pendant le traitement avec le Pipi-Stop ?\u00a0\u00bb]<\/p>\n<p><u>Il est possible de garder les langes tant que l\u2019enfant mouille beaucoup mais, dans tous les cas, il faut les supprimer d\u00e8s que la quantit\u00e9 d\u2019urine diminue.<br \/>\n<\/u>Pour des raisons psychologiques, il est pr\u00e9f\u00e9rable de ne pas le langer. Par sa participation active au traitement, il montre qu\u2019il veut se prendre en charge et devenir grand. Continuer de le langer \u00e9quivaudrait \u00e0 le maintenir au statut de b\u00e9b\u00e9. De plus, les langes sont tr\u00e8s absorbants et l\u2019emp\u00eachent de sentir qu\u2019il est mouill\u00e9.<\/p>\n<p>[\/et_pb_accordion_item][\/et_pb_accordion][\/et_pb_column][\/et_pb_row][\/et_pb_section]<\/p>\n","protected":false},"excerpt":{"rendered":"<p>Questions &#8211; R\u00e9ponses Aucun changement ne devrait intervenir dans ses habitudes alimentaires et il n\u2019est pas n\u00e9cessaire de r\u00e9duire l\u2019apport de boissons, m\u00eame le soir. Non&nbsp;! Il ne doit \u00eatre r\u00e9veill\u00e9 qu\u2019au moment de la miction qui est signal\u00e9e automatiquement par l\u2019alarme. G\u00e9n\u00e9ralement, au d\u00e9but du traitement, l\u2019enfant n\u2019entend pas l\u2019alarme car son sommeil est [&hellip;]<\/p>\n","protected":false},"author":3,"featured_media":0,"parent":1622,"menu_order":7,"comment_status":"open","ping_status":"closed","template":"","meta":{"_et_pb_use_builder":"on","_et_pb_old_content":"","_et_gb_content_width":"","inline_featured_image":false,"footnotes":""},"class_list":["post-1973","page","type-page","status-publish","hentry"],"yoast_head":"<!-- This site is optimized with the Yoast SEO Premium plugin v27.3 (Yoast SEO v27.3) - https:\/\/yoast.com\/product\/yoast-seo-premium-wordpress\/ -->\n<title>Questions - R\u00e9ponses | Pipi Stop<\/title>\n<meta name=\"robots\" content=\"index, follow, max-snippet:-1, max-image-preview:large, max-video-preview:-1\" \/>\n<link rel=\"canonical\" href=\"https:\/\/www.pipi-stop.ch\/fr\/therapie-pipi-stop\/questions-reponses\/\" \/>\n<meta property=\"og:locale\" content=\"fr_FR\" \/>\n<meta property=\"og:type\" content=\"article\" \/>\n<meta property=\"og:title\" content=\"Questions - R\u00e9ponses\" \/>\n<meta property=\"og:description\" content=\"Questions - R\u00e9ponses Aucun changement ne devrait intervenir dans ses habitudes alimentaires et il n\u2019est pas n\u00e9cessaire de r\u00e9duire l\u2019apport de boissons, m\u00eame le soir. Non&nbsp;! Il ne doit \u00eatre r\u00e9veill\u00e9 qu\u2019au moment de la miction qui est signal\u00e9e automatiquement par l\u2019alarme. G\u00e9n\u00e9ralement, au d\u00e9but du traitement, l\u2019enfant n\u2019entend pas l\u2019alarme car son sommeil est [&hellip;]\" \/>\n<meta property=\"og:url\" content=\"https:\/\/www.pipi-stop.ch\/fr\/therapie-pipi-stop\/questions-reponses\/\" \/>\n<meta property=\"og:site_name\" content=\"Pipi Stop\" \/>\n<meta property=\"article:modified_time\" content=\"2018-08-19T18:57:18+00:00\" \/>\n<meta name=\"twitter:card\" content=\"summary_large_image\" \/>\n<meta name=\"twitter:label1\" content=\"Dur\u00e9e de lecture estim\u00e9e\" \/>\n\t<meta name=\"twitter:data1\" content=\"4 minutes\" \/>\n<script type=\"application\/ld+json\" class=\"yoast-schema-graph\">{\"@context\":\"https:\\\/\\\/schema.org\",\"@graph\":[{\"@type\":\"WebPage\",\"@id\":\"https:\\\/\\\/www.pipi-stop.ch\\\/fr\\\/therapie-pipi-stop\\\/questions-reponses\\\/\",\"url\":\"https:\\\/\\\/www.pipi-stop.ch\\\/fr\\\/therapie-pipi-stop\\\/questions-reponses\\\/\",\"name\":\"Questions - R\u00e9ponses | Pipi Stop\",\"isPartOf\":{\"@id\":\"https:\\\/\\\/www.pipi-stop.ch\\\/fr\\\/#website\"},\"datePublished\":\"2015-05-28T12:23:13+00:00\",\"dateModified\":\"2018-08-19T18:57:18+00:00\",\"breadcrumb\":{\"@id\":\"https:\\\/\\\/www.pipi-stop.ch\\\/fr\\\/therapie-pipi-stop\\\/questions-reponses\\\/#breadcrumb\"},\"inLanguage\":\"fr-FR\",\"potentialAction\":[{\"@type\":\"ReadAction\",\"target\":[\"https:\\\/\\\/www.pipi-stop.ch\\\/fr\\\/therapie-pipi-stop\\\/questions-reponses\\\/\"]}]},{\"@type\":\"BreadcrumbList\",\"@id\":\"https:\\\/\\\/www.pipi-stop.ch\\\/fr\\\/therapie-pipi-stop\\\/questions-reponses\\\/#breadcrumb\",\"itemListElement\":[{\"@type\":\"ListItem\",\"position\":1,\"name\":\"Home\",\"item\":\"https:\\\/\\\/www.pipi-stop.ch\\\/fr\\\/\"},{\"@type\":\"ListItem\",\"position\":2,\"name\":\"La th\u00e9rapie Pipi-Stop\",\"item\":\"https:\\\/\\\/www.pipi-stop.ch\\\/fr\\\/therapie-pipi-stop\\\/\"},{\"@type\":\"ListItem\",\"position\":3,\"name\":\"Questions &#8211; R\u00e9ponses\"}]},{\"@type\":\"WebSite\",\"@id\":\"https:\\\/\\\/www.pipi-stop.ch\\\/fr\\\/#website\",\"url\":\"https:\\\/\\\/www.pipi-stop.ch\\\/fr\\\/\",\"name\":\"Pipi Stop\",\"description\":\"\",\"potentialAction\":[{\"@type\":\"SearchAction\",\"target\":{\"@type\":\"EntryPoint\",\"urlTemplate\":\"https:\\\/\\\/www.pipi-stop.ch\\\/fr\\\/?s={search_term_string}\"},\"query-input\":{\"@type\":\"PropertyValueSpecification\",\"valueRequired\":true,\"valueName\":\"search_term_string\"}}],\"inLanguage\":\"fr-FR\"}]}<\/script>\n<!-- \/ Yoast SEO Premium plugin. -->","yoast_head_json":{"title":"Questions - R\u00e9ponses | Pipi Stop","robots":{"index":"index","follow":"follow","max-snippet":"max-snippet:-1","max-image-preview":"max-image-preview:large","max-video-preview":"max-video-preview:-1"},"canonical":"https:\/\/www.pipi-stop.ch\/fr\/therapie-pipi-stop\/questions-reponses\/","og_locale":"fr_FR","og_type":"article","og_title":"Questions - R\u00e9ponses","og_description":"Questions - R\u00e9ponses Aucun changement ne devrait intervenir dans ses habitudes alimentaires et il n\u2019est pas n\u00e9cessaire de r\u00e9duire l\u2019apport de boissons, m\u00eame le soir. Non&nbsp;! Il ne doit \u00eatre r\u00e9veill\u00e9 qu\u2019au moment de la miction qui est signal\u00e9e automatiquement par l\u2019alarme. G\u00e9n\u00e9ralement, au d\u00e9but du traitement, l\u2019enfant n\u2019entend pas l\u2019alarme car son sommeil est [&hellip;]","og_url":"https:\/\/www.pipi-stop.ch\/fr\/therapie-pipi-stop\/questions-reponses\/","og_site_name":"Pipi Stop","article_modified_time":"2018-08-19T18:57:18+00:00","twitter_card":"summary_large_image","twitter_misc":{"Dur\u00e9e de lecture estim\u00e9e":"4 minutes"},"schema":{"@context":"https:\/\/schema.org","@graph":[{"@type":"WebPage","@id":"https:\/\/www.pipi-stop.ch\/fr\/therapie-pipi-stop\/questions-reponses\/","url":"https:\/\/www.pipi-stop.ch\/fr\/therapie-pipi-stop\/questions-reponses\/","name":"Questions - R\u00e9ponses | Pipi Stop","isPartOf":{"@id":"https:\/\/www.pipi-stop.ch\/fr\/#website"},"datePublished":"2015-05-28T12:23:13+00:00","dateModified":"2018-08-19T18:57:18+00:00","breadcrumb":{"@id":"https:\/\/www.pipi-stop.ch\/fr\/therapie-pipi-stop\/questions-reponses\/#breadcrumb"},"inLanguage":"fr-FR","potentialAction":[{"@type":"ReadAction","target":["https:\/\/www.pipi-stop.ch\/fr\/therapie-pipi-stop\/questions-reponses\/"]}]},{"@type":"BreadcrumbList","@id":"https:\/\/www.pipi-stop.ch\/fr\/therapie-pipi-stop\/questions-reponses\/#breadcrumb","itemListElement":[{"@type":"ListItem","position":1,"name":"Home","item":"https:\/\/www.pipi-stop.ch\/fr\/"},{"@type":"ListItem","position":2,"name":"La th\u00e9rapie Pipi-Stop","item":"https:\/\/www.pipi-stop.ch\/fr\/therapie-pipi-stop\/"},{"@type":"ListItem","position":3,"name":"Questions &#8211; R\u00e9ponses"}]},{"@type":"WebSite","@id":"https:\/\/www.pipi-stop.ch\/fr\/#website","url":"https:\/\/www.pipi-stop.ch\/fr\/","name":"Pipi Stop","description":"","potentialAction":[{"@type":"SearchAction","target":{"@type":"EntryPoint","urlTemplate":"https:\/\/www.pipi-stop.ch\/fr\/?s={search_term_string}"},"query-input":{"@type":"PropertyValueSpecification","valueRequired":true,"valueName":"search_term_string"}}],"inLanguage":"fr-FR"}]}},"_links":{"self":[{"href":"https:\/\/www.pipi-stop.ch\/fr\/wp-json\/wp\/v2\/pages\/1973","targetHints":{"allow":["GET"]}}],"collection":[{"href":"https:\/\/www.pipi-stop.ch\/fr\/wp-json\/wp\/v2\/pages"}],"about":[{"href":"https:\/\/www.pipi-stop.ch\/fr\/wp-json\/wp\/v2\/types\/page"}],"author":[{"embeddable":true,"href":"https:\/\/www.pipi-stop.ch\/fr\/wp-json\/wp\/v2\/users\/3"}],"replies":[{"embeddable":true,"href":"https:\/\/www.pipi-stop.ch\/fr\/wp-json\/wp\/v2\/comments?post=1973"}],"version-history":[{"count":8,"href":"https:\/\/www.pipi-stop.ch\/fr\/wp-json\/wp\/v2\/pages\/1973\/revisions"}],"predecessor-version":[{"id":9341,"href":"https:\/\/www.pipi-stop.ch\/fr\/wp-json\/wp\/v2\/pages\/1973\/revisions\/9341"}],"up":[{"embeddable":true,"href":"https:\/\/www.pipi-stop.ch\/fr\/wp-json\/wp\/v2\/pages\/1622"}],"wp:attachment":[{"href":"https:\/\/www.pipi-stop.ch\/fr\/wp-json\/wp\/v2\/media?parent=1973"}],"curies":[{"name":"wp","href":"https:\/\/api.w.org\/{rel}","templated":true}]}}