{"id":1760,"date":"2015-05-25T13:24:54","date_gmt":"2015-05-25T13:24:54","guid":{"rendered":"http:\/\/pipi-stop.version-demo.ch\/?page_id=1760"},"modified":"2021-02-23T10:44:44","modified_gmt":"2021-02-23T10:44:44","slug":"conseil-clients","status":"publish","type":"page","link":"https:\/\/www.pipi-stop.ch\/fr\/therapie-pipi-stop\/conseil-clients\/","title":{"rendered":"Conseil clients"},"content":{"rendered":"<p>[et_pb_section fb_built=\u00a0\u00bb1&Prime; admin_label=\u00a0\u00bbsection\u00a0\u00bb module_class=\u00a0\u00bbmain-h1-title\u00a0\u00bb _builder_version=\u00a0\u00bb3.22&Prime; background_color=\u00a0\u00bb#ffffff\u00a0\u00bb transparent_background=\u00a0\u00bboff\u00a0\u00bb][et_pb_row admin_label=\u00a0\u00bbrow\u00a0\u00bb _builder_version=\u00a0\u00bb3.25&Prime; background_size=\u00a0\u00bbinitial\u00a0\u00bb background_position=\u00a0\u00bbtop_left\u00a0\u00bb background_repeat=\u00a0\u00bbrepeat\u00a0\u00bb][et_pb_column type=\u00a0\u00bb4_4&Prime; _builder_version=\u00a0\u00bb3.25&Prime; custom_padding=\u00a0\u00bb|||\u00a0\u00bb custom_padding__hover=\u00a0\u00bb|||\u00a0\u00bb][et_pb_text admin_label=\u00a0\u00bbh1&Prime; _builder_version=\u00a0\u00bb3.27.4&Prime; background_size=\u00a0\u00bbinitial\u00a0\u00bb background_position=\u00a0\u00bbtop_left\u00a0\u00bb background_repeat=\u00a0\u00bbrepeat\u00a0\u00bb text_orientation=\u00a0\u00bbcenter\u00a0\u00bb module_alignment=\u00a0\u00bbcenter\u00a0\u00bb]<\/p>\n<h1>Conseil clients<\/h1>\n<p>[\/et_pb_text][\/et_pb_column][\/et_pb_row][et_pb_row column_structure=\u00a0\u00bb1_3,2_3&Prime; admin_label=\u00a0\u00bbrow\u00a0\u00bb _builder_version=\u00a0\u00bb3.25&Prime; background_size=\u00a0\u00bbinitial\u00a0\u00bb background_position=\u00a0\u00bbtop_left\u00a0\u00bb background_repeat=\u00a0\u00bbrepeat\u00a0\u00bb][et_pb_column type=\u00a0\u00bb1_3&Prime; _builder_version=\u00a0\u00bb3.25&Prime; custom_padding=\u00a0\u00bb|||\u00a0\u00bb custom_padding__hover=\u00a0\u00bb|||\u00a0\u00bb][et_pb_divider color=\u00a0\u00bb#ffffff\u00a0\u00bb disabled_on=\u00a0\u00bbon|on|off\u00a0\u00bb admin_label=\u00a0\u00bbS\u00e9parateur\u00a0\u00bb _builder_version=\u00a0\u00bb3.2&Prime;] [\/et_pb_divider][et_pb_image src=\u00a0\u00bbhttps:\/\/www.pipi-stop.ch\/wp-content\/uploads\/2015\/05\/couple-et-conseilliere.jpg\u00a0\u00bb align_tablet=\u00a0\u00bbcenter\u00a0\u00bb align_phone=\u00a0\u00bb\u00a0\u00bb align_last_edited=\u00a0\u00bbon|desktop\u00a0\u00bb admin_label=\u00a0\u00bbImage\u00a0\u00bb _builder_version=\u00a0\u00bb3.23&Prime; animation_style=\u00a0\u00bbslide\u00a0\u00bb animation_direction=\u00a0\u00bbleft\u00a0\u00bb animation_duration=\u00a0\u00bb500ms\u00a0\u00bb animation_intensity_slide=\u00a0\u00bb10%\u00a0\u00bb animation=\u00a0\u00bbleft\u00a0\u00bb sticky=\u00a0\u00bboff\u00a0\u00bb] [\/et_pb_image][\/et_pb_column][et_pb_column type=\u00a0\u00bb2_3&Prime; _builder_version=\u00a0\u00bb3.25&Prime; custom_padding=\u00a0\u00bb|||\u00a0\u00bb custom_padding__hover=\u00a0\u00bb|||\u00a0\u00bb][et_pb_text admin_label=\u00a0\u00bbTexte\u00a0\u00bb _builder_version=\u00a0\u00bb3.27.4&Prime; background_size=\u00a0\u00bbinitial\u00a0\u00bb background_position=\u00a0\u00bbtop_left\u00a0\u00bb background_repeat=\u00a0\u00bbrepeat\u00a0\u00bb]<\/p>\n<div class=\"et_pb_text et_pb_bg_layout_light et_pb_text_align_left\">\n<p class=\"align-justify\">Un <strong>service de conseils personnalis\u00e9s aux clients a \u00e9t\u00e9 introduit en 2003<\/strong>. Depuis, notre taux de r\u00e9ussites a consid\u00e9rablement augment\u00e9: pr\u00e8s de <strong>90% de r\u00e9ussites<\/strong> et environ <strong>5% suppl\u00e9mentaires<\/strong> ont obtenu une nette am\u00e9lioration.<\/p>\n<p class=\"align-justify\">Durant les premi\u00e8res semaines de traitement, nous prenons contact t\u00e9l\u00e9phoniquement avec chaque famille qui utilise notre Pipi-Stop. Cet entretien permet d\u2019\u00e9tablir une relation de confiance tout au long du traitement et d&rsquo;assurer un suivi s\u00e9rieux.<\/p>\n<p class=\"align-justify\">Le manuel d&rsquo;utilisation du Pipi-Stop et <strong>d&rsquo;autres documents utiles<\/strong> peuvent<br \/>\n<strong><a href=\"https:\/\/www.pipi-stop.ch\/fr\/commander\/documents-a-imprimer\/\">\u00eatre t\u00e9l\u00e9charg\u00e9s ici<\/a><\/strong>.<\/p>\n<\/div>\n<p>[\/et_pb_text][\/et_pb_column][\/et_pb_row][et_pb_row admin_label=\u00a0\u00bbrow\u00a0\u00bb _builder_version=\u00a0\u00bb3.25&Prime; background_size=\u00a0\u00bbinitial\u00a0\u00bb background_position=\u00a0\u00bbtop_left\u00a0\u00bb background_repeat=\u00a0\u00bbrepeat\u00a0\u00bb][et_pb_column type=\u00a0\u00bb4_4&Prime; _builder_version=\u00a0\u00bb3.25&Prime; custom_padding=\u00a0\u00bb|||\u00a0\u00bb custom_padding__hover=\u00a0\u00bb|||\u00a0\u00bb][et_pb_cta title=\u00a0\u00bbNous nous r\u00e9jouissons de votre appel\u00a0\u00bb admin_label=\u00a0\u00bbAppel d&rsquo;action\u00a0\u00bb _builder_version=\u00a0\u00bb4.4.2&Prime; background_size=\u00a0\u00bbinitial\u00a0\u00bb background_position=\u00a0\u00bbtop_left\u00a0\u00bb background_repeat=\u00a0\u00bbrepeat\u00a0\u00bb hover_enabled=\u00a0\u00bb0&Prime; use_border_color=\u00a0\u00bboff\u00a0\u00bb border_color=\u00a0\u00bb#ffffff\u00a0\u00bb border_style=\u00a0\u00bbsolid\u00a0\u00bb button_letter_spacing_hover=\u00a0\u00bb0&Prime; button_text_size__hover_enabled=\u00a0\u00bboff\u00a0\u00bb button_one_text_size__hover_enabled=\u00a0\u00bboff\u00a0\u00bb button_two_text_size__hover_enabled=\u00a0\u00bboff\u00a0\u00bb button_text_color__hover_enabled=\u00a0\u00bboff\u00a0\u00bb button_one_text_color__hover_enabled=\u00a0\u00bboff\u00a0\u00bb button_two_text_color__hover_enabled=\u00a0\u00bboff\u00a0\u00bb button_border_width__hover_enabled=\u00a0\u00bboff\u00a0\u00bb button_one_border_width__hover_enabled=\u00a0\u00bboff\u00a0\u00bb button_two_border_width__hover_enabled=\u00a0\u00bboff\u00a0\u00bb button_border_color__hover_enabled=\u00a0\u00bboff\u00a0\u00bb button_one_border_color__hover_enabled=\u00a0\u00bboff\u00a0\u00bb button_two_border_color__hover_enabled=\u00a0\u00bboff\u00a0\u00bb button_border_radius__hover_enabled=\u00a0\u00bboff\u00a0\u00bb button_one_border_radius__hover_enabled=\u00a0\u00bboff\u00a0\u00bb button_two_border_radius__hover_enabled=\u00a0\u00bboff\u00a0\u00bb button_letter_spacing__hover_enabled=\u00a0\u00bbon\u00a0\u00bb button_letter_spacing__hover=\u00a0\u00bb0&Prime; button_one_letter_spacing__hover_enabled=\u00a0\u00bboff\u00a0\u00bb button_two_letter_spacing__hover_enabled=\u00a0\u00bboff\u00a0\u00bb button_bg_color__hover_enabled=\u00a0\u00bboff\u00a0\u00bb button_one_bg_color__hover_enabled=\u00a0\u00bboff\u00a0\u00bb button_two_bg_color__hover_enabled=\u00a0\u00bboff\u00a0\u00bb]<\/p>\n<p><strong>032 751 27 95<\/strong><\/p>\n<p>Lundi \u2013 jeudi:\u00a0 08:00 \u2013 12:00 et 13:30 \u2013 17:00<br \/>Vendredi: 08:00 \u2013 12:00<\/p>\n<p>[\/et_pb_cta][\/et_pb_column][\/et_pb_row][\/et_pb_section]<\/p>\n","protected":false},"excerpt":{"rendered":"<p>Conseil clients Un service de conseils personnalis\u00e9s aux clients a \u00e9t\u00e9 introduit en 2003. Depuis, notre taux de r\u00e9ussites a consid\u00e9rablement augment\u00e9: pr\u00e8s de 90% de r\u00e9ussites et environ 5% suppl\u00e9mentaires ont obtenu une nette am\u00e9lioration. Durant les premi\u00e8res semaines de traitement, nous prenons contact t\u00e9l\u00e9phoniquement avec chaque famille qui utilise notre Pipi-Stop. Cet entretien [&hellip;]<\/p>\n","protected":false},"author":3,"featured_media":0,"parent":1622,"menu_order":0,"comment_status":"open","ping_status":"closed","template":"","meta":{"_et_pb_use_builder":"on","_et_pb_old_content":"<p>[et_pb_section transparent_background=\"off\" background_color=\"#ffffff\" allow_player_pause=\"off\" inner_shadow=\"off\" parallax=\"off\" parallax_method=\"off\" module_class=\"main-h1-title\"][et_pb_row][et_pb_column type=\"4_4\"][et_pb_text admin_label=\"h1\" background_layout=\"light\" text_orientation=\"center\"]<\/p><h1>Kunden-Beratung<\/h1><p>[\/et_pb_text][\/et_pb_column][\/et_pb_row][et_pb_row][et_pb_column type=\"1_3\"][et_pb_divider admin_label=\"S\u00e9parateur\" color=\"#ffffff\" show_divider=\"on\" \/][et_pb_image admin_label=\"Image\" show_in_lightbox=\"off\" url_new_window=\"off\" animation=\"left\" sticky=\"off\" src=\"http:\/\/pipi-stop.version-demo.ch\/wp-content\/uploads\/2015\/05\/couple-et-conseilliere.jpg\" \/][\/et_pb_column][et_pb_column type=\"2_3\"][et_pb_text admin_label=\"Texte\" background_layout=\"light\" text_orientation=\"left\"]<\/p><div class=\"et_pb_text et_pb_bg_layout_light et_pb_text_align_left\">Eine pers\u00f6nliche <strong>Kunden-Beratung wurde 2003 eingef\u00fchrt<\/strong>. Seitdem ist unsere Erfolgsquote betr\u00e4chtlich gestiegen: Beinahe <strong>90% Erfolge<\/strong> und ungef\u00e4hr <strong>zus\u00e4tzliche 5%<\/strong> haben eine wesentliche Besserung erreicht.<p class=\"align-justify\">W\u00e4hrend den ersten Wochen der Behandlung nehmen wir mit jeder Familie, die unseren Pipi-Stop Weckapparat ben\u00fctzt, telefonisch Kontakt auf. Dieses Gespr\u00e4ch dient dazu w\u00e4hrend der ganzen Behandlung eine Vertrauensbeziehung herzustellen. So verf\u00fcgt jede Familie \u00fcber pers\u00f6nliche Ratschl\u00e4ge und eine seri\u00f6se Beratung.<\/p><p class=\"align-justify\">Die Bedienungsanleitung des Pipi-Stop sowie <strong>weitere n\u00fctzliche Dokumente: <a title=\"Dokumente drucken\" href=\"http:\/\/pipi-stop.version-demo.ch\/bestellen\/dokumente-drucken\/\">hier herunterladen<\/a><\/strong><\/p><\/div><p>[\/et_pb_text][\/et_pb_column][\/et_pb_row][et_pb_row][et_pb_column type=\"4_4\"][et_pb_cta admin_label=\"Appel d'action\" title=\"Wir freuen uns auf Ihren Anruf\" use_background_color=\"on\" background_color=\"#00579f\" background_layout=\"dark\" text_orientation=\"center\"] <strong>032 751 27 95<\/strong> Montag bis Freitag:\u00a0 7:30 \u2013 12:15 \u00a0 und\u00a0\u00a0 13:30 \u2013 17:00 [\/et_pb_cta][\/et_pb_column][\/et_pb_row][\/et_pb_section]<\/p>","_et_gb_content_width":"","inline_featured_image":false,"footnotes":""},"class_list":["post-1760","page","type-page","status-publish","hentry"],"yoast_head":"<!-- This site is optimized with the Yoast SEO Premium plugin v27.3 (Yoast SEO v27.3) - https:\/\/yoast.com\/product\/yoast-seo-premium-wordpress\/ -->\n<title>Conseil clients | Pipi Stop<\/title>\n<meta name=\"robots\" content=\"index, follow, max-snippet:-1, max-image-preview:large, max-video-preview:-1\" \/>\n<link rel=\"canonical\" href=\"https:\/\/www.pipi-stop.ch\/fr\/therapie-pipi-stop\/conseil-clients\/\" \/>\n<meta property=\"og:locale\" content=\"fr_FR\" \/>\n<meta property=\"og:type\" content=\"article\" \/>\n<meta property=\"og:title\" content=\"Conseil clients\" \/>\n<meta property=\"og:description\" content=\"Conseil clients Un service de conseils personnalis\u00e9s aux clients a \u00e9t\u00e9 introduit en 2003. Depuis, notre taux de r\u00e9ussites a consid\u00e9rablement augment\u00e9: pr\u00e8s de 90% de r\u00e9ussites et environ 5% suppl\u00e9mentaires ont obtenu une nette am\u00e9lioration. Durant les premi\u00e8res semaines de traitement, nous prenons contact t\u00e9l\u00e9phoniquement avec chaque famille qui utilise notre Pipi-Stop. Cet entretien [&hellip;]\" \/>\n<meta property=\"og:url\" content=\"https:\/\/www.pipi-stop.ch\/fr\/therapie-pipi-stop\/conseil-clients\/\" \/>\n<meta property=\"og:site_name\" content=\"Pipi Stop\" \/>\n<meta property=\"article:modified_time\" content=\"2021-02-23T10:44:44+00:00\" \/>\n<meta name=\"twitter:card\" content=\"summary_large_image\" \/>\n<meta name=\"twitter:label1\" content=\"Dur\u00e9e de lecture estim\u00e9e\" \/>\n\t<meta name=\"twitter:data1\" content=\"3 minutes\" \/>\n<script type=\"application\/ld+json\" class=\"yoast-schema-graph\">{\"@context\":\"https:\\\/\\\/schema.org\",\"@graph\":[{\"@type\":\"WebPage\",\"@id\":\"https:\\\/\\\/www.pipi-stop.ch\\\/fr\\\/therapie-pipi-stop\\\/conseil-clients\\\/\",\"url\":\"https:\\\/\\\/www.pipi-stop.ch\\\/fr\\\/therapie-pipi-stop\\\/conseil-clients\\\/\",\"name\":\"Conseil clients | Pipi Stop\",\"isPartOf\":{\"@id\":\"https:\\\/\\\/www.pipi-stop.ch\\\/fr\\\/#website\"},\"datePublished\":\"2015-05-25T13:24:54+00:00\",\"dateModified\":\"2021-02-23T10:44:44+00:00\",\"breadcrumb\":{\"@id\":\"https:\\\/\\\/www.pipi-stop.ch\\\/fr\\\/therapie-pipi-stop\\\/conseil-clients\\\/#breadcrumb\"},\"inLanguage\":\"fr-FR\",\"potentialAction\":[{\"@type\":\"ReadAction\",\"target\":[\"https:\\\/\\\/www.pipi-stop.ch\\\/fr\\\/therapie-pipi-stop\\\/conseil-clients\\\/\"]}]},{\"@type\":\"BreadcrumbList\",\"@id\":\"https:\\\/\\\/www.pipi-stop.ch\\\/fr\\\/therapie-pipi-stop\\\/conseil-clients\\\/#breadcrumb\",\"itemListElement\":[{\"@type\":\"ListItem\",\"position\":1,\"name\":\"Home\",\"item\":\"https:\\\/\\\/www.pipi-stop.ch\\\/fr\\\/\"},{\"@type\":\"ListItem\",\"position\":2,\"name\":\"La th\u00e9rapie Pipi-Stop\",\"item\":\"https:\\\/\\\/www.pipi-stop.ch\\\/fr\\\/therapie-pipi-stop\\\/\"},{\"@type\":\"ListItem\",\"position\":3,\"name\":\"Conseil clients\"}]},{\"@type\":\"WebSite\",\"@id\":\"https:\\\/\\\/www.pipi-stop.ch\\\/fr\\\/#website\",\"url\":\"https:\\\/\\\/www.pipi-stop.ch\\\/fr\\\/\",\"name\":\"Pipi Stop\",\"description\":\"\",\"potentialAction\":[{\"@type\":\"SearchAction\",\"target\":{\"@type\":\"EntryPoint\",\"urlTemplate\":\"https:\\\/\\\/www.pipi-stop.ch\\\/fr\\\/?s={search_term_string}\"},\"query-input\":{\"@type\":\"PropertyValueSpecification\",\"valueRequired\":true,\"valueName\":\"search_term_string\"}}],\"inLanguage\":\"fr-FR\"}]}<\/script>\n<!-- \/ Yoast SEO Premium plugin. -->","yoast_head_json":{"title":"Conseil clients | Pipi Stop","robots":{"index":"index","follow":"follow","max-snippet":"max-snippet:-1","max-image-preview":"max-image-preview:large","max-video-preview":"max-video-preview:-1"},"canonical":"https:\/\/www.pipi-stop.ch\/fr\/therapie-pipi-stop\/conseil-clients\/","og_locale":"fr_FR","og_type":"article","og_title":"Conseil clients","og_description":"Conseil clients Un service de conseils personnalis\u00e9s aux clients a \u00e9t\u00e9 introduit en 2003. Depuis, notre taux de r\u00e9ussites a consid\u00e9rablement augment\u00e9: pr\u00e8s de 90% de r\u00e9ussites et environ 5% suppl\u00e9mentaires ont obtenu une nette am\u00e9lioration. Durant les premi\u00e8res semaines de traitement, nous prenons contact t\u00e9l\u00e9phoniquement avec chaque famille qui utilise notre Pipi-Stop. Cet entretien [&hellip;]","og_url":"https:\/\/www.pipi-stop.ch\/fr\/therapie-pipi-stop\/conseil-clients\/","og_site_name":"Pipi Stop","article_modified_time":"2021-02-23T10:44:44+00:00","twitter_card":"summary_large_image","twitter_misc":{"Dur\u00e9e de lecture estim\u00e9e":"3 minutes"},"schema":{"@context":"https:\/\/schema.org","@graph":[{"@type":"WebPage","@id":"https:\/\/www.pipi-stop.ch\/fr\/therapie-pipi-stop\/conseil-clients\/","url":"https:\/\/www.pipi-stop.ch\/fr\/therapie-pipi-stop\/conseil-clients\/","name":"Conseil clients | Pipi Stop","isPartOf":{"@id":"https:\/\/www.pipi-stop.ch\/fr\/#website"},"datePublished":"2015-05-25T13:24:54+00:00","dateModified":"2021-02-23T10:44:44+00:00","breadcrumb":{"@id":"https:\/\/www.pipi-stop.ch\/fr\/therapie-pipi-stop\/conseil-clients\/#breadcrumb"},"inLanguage":"fr-FR","potentialAction":[{"@type":"ReadAction","target":["https:\/\/www.pipi-stop.ch\/fr\/therapie-pipi-stop\/conseil-clients\/"]}]},{"@type":"BreadcrumbList","@id":"https:\/\/www.pipi-stop.ch\/fr\/therapie-pipi-stop\/conseil-clients\/#breadcrumb","itemListElement":[{"@type":"ListItem","position":1,"name":"Home","item":"https:\/\/www.pipi-stop.ch\/fr\/"},{"@type":"ListItem","position":2,"name":"La th\u00e9rapie Pipi-Stop","item":"https:\/\/www.pipi-stop.ch\/fr\/therapie-pipi-stop\/"},{"@type":"ListItem","position":3,"name":"Conseil clients"}]},{"@type":"WebSite","@id":"https:\/\/www.pipi-stop.ch\/fr\/#website","url":"https:\/\/www.pipi-stop.ch\/fr\/","name":"Pipi Stop","description":"","potentialAction":[{"@type":"SearchAction","target":{"@type":"EntryPoint","urlTemplate":"https:\/\/www.pipi-stop.ch\/fr\/?s={search_term_string}"},"query-input":{"@type":"PropertyValueSpecification","valueRequired":true,"valueName":"search_term_string"}}],"inLanguage":"fr-FR"}]}},"_links":{"self":[{"href":"https:\/\/www.pipi-stop.ch\/fr\/wp-json\/wp\/v2\/pages\/1760","targetHints":{"allow":["GET"]}}],"collection":[{"href":"https:\/\/www.pipi-stop.ch\/fr\/wp-json\/wp\/v2\/pages"}],"about":[{"href":"https:\/\/www.pipi-stop.ch\/fr\/wp-json\/wp\/v2\/types\/page"}],"author":[{"embeddable":true,"href":"https:\/\/www.pipi-stop.ch\/fr\/wp-json\/wp\/v2\/users\/3"}],"replies":[{"embeddable":true,"href":"https:\/\/www.pipi-stop.ch\/fr\/wp-json\/wp\/v2\/comments?post=1760"}],"version-history":[{"count":13,"href":"https:\/\/www.pipi-stop.ch\/fr\/wp-json\/wp\/v2\/pages\/1760\/revisions"}],"predecessor-version":[{"id":12823,"href":"https:\/\/www.pipi-stop.ch\/fr\/wp-json\/wp\/v2\/pages\/1760\/revisions\/12823"}],"up":[{"embeddable":true,"href":"https:\/\/www.pipi-stop.ch\/fr\/wp-json\/wp\/v2\/pages\/1622"}],"wp:attachment":[{"href":"https:\/\/www.pipi-stop.ch\/fr\/wp-json\/wp\/v2\/media?parent=1760"}],"curies":[{"name":"wp","href":"https:\/\/api.w.org\/{rel}","templated":true}]}}