{"id":1548,"date":"2014-12-10T11:20:52","date_gmt":"2014-12-10T11:20:52","guid":{"rendered":"http:\/\/pipi-stop.version-demo.ch\/?page_id=1548"},"modified":"2016-02-10T16:53:35","modified_gmt":"2016-02-10T16:53:35","slug":"pipi-au-lit","status":"publish","type":"page","link":"https:\/\/www.pipi-stop.ch\/fr\/pipi-au-lit\/","title":{"rendered":"Pipi au lit"},"content":{"rendered":"<p>[et_pb_section transparent_background=\u00a0\u00bboff\u00a0\u00bb background_color=\u00a0\u00bb#ffffff\u00a0\u00bb allow_player_pause=\u00a0\u00bboff\u00a0\u00bb inner_shadow=\u00a0\u00bboff\u00a0\u00bb parallax=\u00a0\u00bboff\u00a0\u00bb parallax_method=\u00a0\u00bboff\u00a0\u00bb module_class=\u00a0\u00bbmain-h1-title\u00a0\u00bb][et_pb_row][et_pb_column type=\u00a0\u00bb4_4&Prime;][et_pb_text admin_label=\u00a0\u00bbh1&Prime; background_layout=\u00a0\u00bblight\u00a0\u00bb text_orientation=\u00a0\u00bbcenter\u00a0\u00bb]<\/p>\n<h1>Comprendre l&rsquo;\u00e9nur\u00e9sie nocturne (pipi au lit)<\/h1>\n<p>[\/et_pb_text][\/et_pb_column][\/et_pb_row][et_pb_row][et_pb_column type=\u00a0\u00bb2_3&Prime;][et_pb_text admin_label=\u00a0\u00bbTexte\u00a0\u00bb background_layout=\u00a0\u00bblight\u00a0\u00bb text_orientation=\u00a0\u00bbleft\u00a0\u00bb]<\/p>\n<div class=\"c66l\">\n<div class=\"subcl\">\n<div id=\"c450\" class=\"csc-default\">\n<h2 class=\"align-justify\">\u00c9nur\u00e9sie nocturne | D\u00e9finition<\/h2>\n<p class=\"align-justify\"><strong>A partir de 5 ans<\/strong> la perte d\u2019urine involontaire et inconsciente pendant le sommeil (pipi au lit) est consid\u00e9r\u00e9e comme une maladie et devient, en termes m\u00e9dicaux, <em>l\u2019\u00e9nur\u00e9sie nocturne<\/em>.<\/p>\n<p class=\"align-justify\">Ce probl\u00e8me est <strong>beaucoup plus fr\u00e9quent qu&rsquo;on ne l&rsquo;imagine<\/strong> et touche de nombreux enfants.\u00a0A l&rsquo;\u00e2ge de 6 ans, plus d&rsquo;un enfant sur dix est touch\u00e9 par l&rsquo;\u00e9nur\u00e9sie nocturne. L&rsquo;enfant qui en est affect\u00e9 souffre \u00e9norm\u00e9ment, tout comme l&rsquo;ensemble de sa famille, ainsi mise sous pression.<\/p>\n<p class=\"align-justify\">Il existe <strong><a href=\"http:\/\/www.pipi-stop.ch\/fr\/therapie-pipi-stop\/\">une tr\u00e8s bonne solution<\/a><\/strong> pour gu\u00e9rir du pipi au lit, mais malheureusement l&rsquo;\u00e9nur\u00e9sie est un sujet qui reste souvent tabou. C&rsquo;est pour cette raison qu&rsquo;il est tr\u00e8s important de bien s&rsquo;informer.\u00a0<strong>Ce site web vous donne acc\u00e8s \u00e0 toutes les informations dont avez besoin<\/strong> pour comprendre et traiter l&rsquo;\u00e9nur\u00e9sie nocturne de votre enfant.<\/p>\n<\/div>\n<\/div>\n<\/div>\n<p>[\/et_pb_text][\/et_pb_column][et_pb_column type=\u00a0\u00bb1_3&Prime;][et_pb_text admin_label=\u00a0\u00bbTable\u00a0\u00bb background_layout=\u00a0\u00bblight\u00a0\u00bb text_orientation=\u00a0\u00bbleft\u00a0\u00bb]\n<table id=\"tablepress-1\" class=\"tablepress tablepress-id-1 table1\">\n<thead>\n<tr class=\"row-1\">\n\t<th colspan=\"2\" class=\"column-1\">Enur\u00e9sie nocturne - incidence<\/th>\n<\/tr>\n<\/thead>\n<tbody>\n<tr class=\"row-2\">\n\t<td class=\"column-1\"><strong>Age<\/strong><\/td><td class=\"column-2\"><strong>% d'enfants<\/strong><\/td>\n<\/tr>\n<tr class=\"row-3\">\n\t<td class=\"column-1\">5 ans<\/td><td class=\"column-2\">15-20%<\/td>\n<\/tr>\n<tr class=\"row-4\">\n\t<td class=\"column-1\">6 ans<\/td><td class=\"column-2\">10-15%<\/td>\n<\/tr>\n<tr class=\"row-5\">\n\t<td class=\"column-1\">10 ans<\/td><td class=\"column-2\">env. 6%<\/td>\n<\/tr>\n<tr class=\"row-6\">\n\t<td class=\"column-1\">Adolescents<\/td><td class=\"column-2\">1-2%<\/td>\n<\/tr>\n<\/tbody>\n<\/table>\n<!-- #tablepress-1 from cache --><\/p>\n<p style=\"text-align: center;\"><a href=\"http:\/\/www.pipi-stop.ch\/fr\/pipi-au-lit\/etudes\/\">Source: voir \u00e9tudes<\/a><\/p>\n<p>[\/et_pb_text][\/et_pb_column][\/et_pb_row][et_pb_row][et_pb_column type=\u00a0\u00bb4_4&Prime;][et_pb_divider admin_label=\u00a0\u00bbS\u00e9parateur\u00a0\u00bb color=\u00a0\u00bb#cccccc\u00a0\u00bb show_divider=\u00a0\u00bbon\u00a0\u00bb \/][\/et_pb_column][\/et_pb_row][et_pb_row][et_pb_column type=\u00a0\u00bb3_4&Prime;][et_pb_text admin_label=\u00a0\u00bbTexte\u00a0\u00bb background_layout=\u00a0\u00bblight\u00a0\u00bb text_orientation=\u00a0\u00bbleft\u00a0\u00bb]<\/p>\n<h2>Votre enfant peut d\u00e9passer le pipi au lit<\/h2>\n<p class=\"align-justify\">Il est pr\u00e9f\u00e9rable de ne pas dramatiser la situation, car <strong>votre enfant peut gu\u00e9rir<\/strong> de l&rsquo;\u00e9nur\u00e9sie nocturne et reprendre confiance en lui-m\u00eame.<\/p>\n<p class=\"align-justify\">Nous vous proposons de vous informer en explorant les <a href=\"http:\/\/www.pipi-stop.ch\/fr\/pipi-au-lit\/etudes\/\">\u00e9tudes m\u00e9dicales<\/a>\u00a0et une s\u00e9rie de <a href=\"http:\/\/www.pipi-stop.ch\/fr\/pipi-au-lit\/publications\/\">publications<\/a> portant sur la question de l&rsquo;\u00e9nur\u00e9sie.<\/p>\n<p class=\"align-justify\">Nous vous encourageons \u00e0 <strong><a href=\"http:\/\/www.pipi-stop.ch\/fr\/therapie-pipi-stop\/\">d\u00e9couvrir notre th\u00e9rapie comportementale<\/a><\/strong>, reconnue par la LAMal\u00a0et prescrite par de tr\u00e8s nombreux m\u00e9decins en Suisse. <strong><a href=\"http:\/\/www.pipi-stop.ch\/fr\/therapie-pipi-stop\/temoignages\/\">Les t\u00e9moignages des familles<\/a><\/strong> qui ont suivi la cure avec leurs enfants vous donnerons le courage de prendre en main cette probl\u00e9matique\u00a0avec\u00a0l&rsquo;assurance que votre enfant peut, lui aussi, d\u00e9passer son \u00e9nur\u00e9sie nocturne.<\/p>\n<p>[\/et_pb_text][et_pb_text admin_label=\u00a0\u00bbTexte\u00a0\u00bb background_layout=\u00a0\u00bblight\u00a0\u00bb text_orientation=\u00a0\u00bbleft\u00a0\u00bb]<\/p>\n<h2>Incidence familiale<\/h2>\n<p>Il ressort de diff\u00e9rentes \u00e9tudes r\u00e9centes que cette maladie peut \u00eatre h\u00e9r\u00e9ditaire et que les gar\u00e7ons sont davantage touch\u00e9s que les filles.<\/p>\n<p>[\/et_pb_text][et_pb_text admin_label=\u00a0\u00bbTable 2&Prime; background_layout=\u00a0\u00bblight\u00a0\u00bb text_orientation=\u00a0\u00bbleft\u00a0\u00bb]\n<table id=\"tablepress-2\" class=\"tablepress tablepress-id-2\">\n<thead>\n<tr class=\"row-1\">\n\t<th colspan=\"2\" class=\"column-1\"><strong>Enur\u00e9sie nocturne - incidence familiale (% d'enfants)<\/strong><\/th>\n<\/tr>\n<\/thead>\n<tbody>\n<tr class=\"row-2\">\n\t<td class=\"column-1\">Pas de cas familial<\/td><td class=\"column-2\">15%<\/td>\n<\/tr>\n<tr class=\"row-3\">\n\t<td class=\"column-1\">1 parent \u00e9nur\u00e9tique<\/td><td class=\"column-2\">45%<\/td>\n<\/tr>\n<tr class=\"row-4\">\n\t<td class=\"column-1\">2 parents \u00e9nur\u00e9tiques<\/td><td class=\"column-2\">77%<\/td>\n<\/tr>\n<\/tbody>\n<\/table>\n<!-- #tablepress-2 from cache --><\/p>\n<p style=\"text-align: center;\"><a href=\"http:\/\/www.pipi-stop.ch\/fr\/pipi-au-lit\/etudes\/\">Source: voir \u00e9tudes<\/a><\/p>\n<p>[\/et_pb_text][\/et_pb_column][et_pb_column type=\u00a0\u00bb1_4&Prime;][et_pb_image admin_label=\u00a0\u00bbImage\u00a0\u00bb src=\u00a0\u00bbhttp:\/\/www.pipi-stop.ch\/wp-content\/uploads\/2014\/12\/enfant-osculte-ours.jpg\u00a0\u00bb show_in_lightbox=\u00a0\u00bboff\u00a0\u00bb url_new_window=\u00a0\u00bboff\u00a0\u00bb animation=\u00a0\u00bbleft\u00a0\u00bb sticky=\u00a0\u00bboff\u00a0\u00bb url=\u00a0\u00bbhttp:\/\/www.pipi-stop.ch\/fr\/pipi-au-lit\/causes\/\u00a0\u00bb alt=\u00a0\u00bb\u00e9nur\u00e9sie nocturne\u00a0\u00bb \/][et_pb_text admin_label=\u00a0\u00bbTexte\u00a0\u00bb background_layout=\u00a0\u00bblight\u00a0\u00bb text_orientation=\u00a0\u00bbcenter\u00a0\u00bb]<\/p>\n<p><a href=\"http:\/\/www.pipi-stop.ch\/fr\/pipi-au-lit\/causes\/\"><strong>Comprendre les causes<\/strong><\/a><\/p>\n<p>[\/et_pb_text][et_pb_image admin_label=\u00a0\u00bbImage\u00a0\u00bb src=\u00a0\u00bbhttp:\/\/www.pipi-stop.ch\/wp-content\/uploads\/2014\/12\/docteur-question.jpg\u00a0\u00bb show_in_lightbox=\u00a0\u00bboff\u00a0\u00bb url_new_window=\u00a0\u00bboff\u00a0\u00bb animation=\u00a0\u00bbleft\u00a0\u00bb sticky=\u00a0\u00bboff\u00a0\u00bb url=\u00a0\u00bbhttp:\/\/www.pipi-stop.ch\/fr\/pipi-au-lit\/faut-il-traiter\/\u00a0\u00bb alt=\u00a0\u00bbpipi au lit\u00a0\u00bb \/][et_pb_text admin_label=\u00a0\u00bbTexte\u00a0\u00bb background_layout=\u00a0\u00bblight\u00a0\u00bb text_orientation=\u00a0\u00bbcenter\u00a0\u00bb]<\/p>\n<p><strong><a href=\"http:\/\/www.pipi-stop.ch\/fr\/pipi-au-lit\/faut-il-traiter\/\">Faut-il traiter?<\/a><\/strong><\/p>\n<p>[\/et_pb_text][\/et_pb_column][\/et_pb_row][\/et_pb_section]<\/p>\n","protected":false},"excerpt":{"rendered":"<p><div class=\"et_pb_row et_pb_row_0 et_pb_row_empty\">\n\t\t\t\t\n\t\t\t\t\n\t\t\t\t\n\t\t\t\t\n\t\t\t\t\n\t\t\t<\/div> Comprendre l&rsquo;\u00e9nur\u00e9sie nocturne (pipi au lit) <div class=\"et_pb_row et_pb_row_1 et_pb_row_empty\">\n\t\t\t\t\n\t\t\t\t\n\t\t\t\t\n\t\t\t\t\n\t\t\t\t\n\t\t\t<\/div> \u00c9nur\u00e9sie nocturne | D\u00e9finition A partir de 5 ans la perte d\u2019urine involontaire et inconsciente pendant le sommeil (pipi au lit) est consid\u00e9r\u00e9e comme une maladie et devient, en termes m\u00e9dicaux, l\u2019\u00e9nur\u00e9sie nocturne. Ce probl\u00e8me est beaucoup plus fr\u00e9quent qu&rsquo;on ne l&rsquo;imagine et touche de nombreux enfants.\u00a0A [&hellip;]<\/p>\n","protected":false},"author":1,"featured_media":0,"parent":0,"menu_order":76,"comment_status":"open","ping_status":"closed","template":"","meta":{"_et_pb_use_builder":"on","_et_pb_old_content":"","_et_gb_content_width":"","inline_featured_image":false,"footnotes":""},"class_list":["post-1548","page","type-page","status-publish","hentry"],"yoast_head":"<!-- This site is optimized with the Yoast SEO Premium plugin v27.3 (Yoast SEO v27.3) - https:\/\/yoast.com\/product\/yoast-seo-premium-wordpress\/ -->\n<title>Comprendre l&#039;\u00e9nur\u00e9sie nocturne (pipi au lit) de votre enfant<\/title>\n<meta name=\"description\" content=\"J\u2019aimerais comprendre pourquoi mon enfant fait pipi au lit (\u00e9nur\u00e9sie nocturne) et savoir comment je peux l\u2019aider pour qu\u2019il d\u00e9passe ce probl\u00e8me.\u00a0\" \/>\n<meta name=\"robots\" content=\"index, follow, max-snippet:-1, max-image-preview:large, max-video-preview:-1\" \/>\n<link rel=\"canonical\" href=\"https:\/\/www.pipi-stop.ch\/fr\/pipi-au-lit\/\" \/>\n<meta property=\"og:locale\" content=\"fr_FR\" \/>\n<meta property=\"og:type\" content=\"article\" \/>\n<meta property=\"og:title\" content=\"Pipi au lit\" \/>\n<meta property=\"og:description\" content=\"J\u2019aimerais comprendre pourquoi mon enfant fait pipi au lit (\u00e9nur\u00e9sie nocturne) et savoir comment je peux l\u2019aider pour qu\u2019il d\u00e9passe ce probl\u00e8me.\u00a0\" \/>\n<meta property=\"og:url\" content=\"https:\/\/www.pipi-stop.ch\/fr\/pipi-au-lit\/\" \/>\n<meta property=\"og:site_name\" content=\"Pipi Stop\" \/>\n<meta property=\"article:modified_time\" content=\"2016-02-10T16:53:35+00:00\" \/>\n<meta name=\"twitter:card\" content=\"summary_large_image\" \/>\n<meta name=\"twitter:label1\" content=\"Dur\u00e9e de lecture estim\u00e9e\" \/>\n\t<meta name=\"twitter:data1\" content=\"3 minutes\" \/>\n<script type=\"application\/ld+json\" class=\"yoast-schema-graph\">{\"@context\":\"https:\\\/\\\/schema.org\",\"@graph\":[{\"@type\":\"WebPage\",\"@id\":\"https:\\\/\\\/www.pipi-stop.ch\\\/fr\\\/pipi-au-lit\\\/\",\"url\":\"https:\\\/\\\/www.pipi-stop.ch\\\/fr\\\/pipi-au-lit\\\/\",\"name\":\"Comprendre l'\u00e9nur\u00e9sie nocturne (pipi au lit) de votre enfant\",\"isPartOf\":{\"@id\":\"https:\\\/\\\/www.pipi-stop.ch\\\/fr\\\/#website\"},\"datePublished\":\"2014-12-10T11:20:52+00:00\",\"dateModified\":\"2016-02-10T16:53:35+00:00\",\"description\":\"J\u2019aimerais comprendre pourquoi mon enfant fait pipi au lit (\u00e9nur\u00e9sie nocturne) et savoir comment je peux l\u2019aider pour qu\u2019il d\u00e9passe ce probl\u00e8me.\u00a0\",\"breadcrumb\":{\"@id\":\"https:\\\/\\\/www.pipi-stop.ch\\\/fr\\\/pipi-au-lit\\\/#breadcrumb\"},\"inLanguage\":\"fr-FR\",\"potentialAction\":[{\"@type\":\"ReadAction\",\"target\":[\"https:\\\/\\\/www.pipi-stop.ch\\\/fr\\\/pipi-au-lit\\\/\"]}]},{\"@type\":\"BreadcrumbList\",\"@id\":\"https:\\\/\\\/www.pipi-stop.ch\\\/fr\\\/pipi-au-lit\\\/#breadcrumb\",\"itemListElement\":[{\"@type\":\"ListItem\",\"position\":1,\"name\":\"Home\",\"item\":\"https:\\\/\\\/www.pipi-stop.ch\\\/fr\\\/\"},{\"@type\":\"ListItem\",\"position\":2,\"name\":\"Pipi au lit\"}]},{\"@type\":\"WebSite\",\"@id\":\"https:\\\/\\\/www.pipi-stop.ch\\\/fr\\\/#website\",\"url\":\"https:\\\/\\\/www.pipi-stop.ch\\\/fr\\\/\",\"name\":\"Pipi Stop\",\"description\":\"\",\"potentialAction\":[{\"@type\":\"SearchAction\",\"target\":{\"@type\":\"EntryPoint\",\"urlTemplate\":\"https:\\\/\\\/www.pipi-stop.ch\\\/fr\\\/?s={search_term_string}\"},\"query-input\":{\"@type\":\"PropertyValueSpecification\",\"valueRequired\":true,\"valueName\":\"search_term_string\"}}],\"inLanguage\":\"fr-FR\"}]}<\/script>\n<!-- \/ Yoast SEO Premium plugin. -->","yoast_head_json":{"title":"Comprendre l'\u00e9nur\u00e9sie nocturne (pipi au lit) de votre enfant","description":"J\u2019aimerais comprendre pourquoi mon enfant fait pipi au lit (\u00e9nur\u00e9sie nocturne) et savoir comment je peux l\u2019aider pour qu\u2019il d\u00e9passe ce probl\u00e8me.\u00a0","robots":{"index":"index","follow":"follow","max-snippet":"max-snippet:-1","max-image-preview":"max-image-preview:large","max-video-preview":"max-video-preview:-1"},"canonical":"https:\/\/www.pipi-stop.ch\/fr\/pipi-au-lit\/","og_locale":"fr_FR","og_type":"article","og_title":"Pipi au lit","og_description":"J\u2019aimerais comprendre pourquoi mon enfant fait pipi au lit (\u00e9nur\u00e9sie nocturne) et savoir comment je peux l\u2019aider pour qu\u2019il d\u00e9passe ce probl\u00e8me.\u00a0","og_url":"https:\/\/www.pipi-stop.ch\/fr\/pipi-au-lit\/","og_site_name":"Pipi Stop","article_modified_time":"2016-02-10T16:53:35+00:00","twitter_card":"summary_large_image","twitter_misc":{"Dur\u00e9e de lecture estim\u00e9e":"3 minutes"},"schema":{"@context":"https:\/\/schema.org","@graph":[{"@type":"WebPage","@id":"https:\/\/www.pipi-stop.ch\/fr\/pipi-au-lit\/","url":"https:\/\/www.pipi-stop.ch\/fr\/pipi-au-lit\/","name":"Comprendre l'\u00e9nur\u00e9sie nocturne (pipi au lit) de votre enfant","isPartOf":{"@id":"https:\/\/www.pipi-stop.ch\/fr\/#website"},"datePublished":"2014-12-10T11:20:52+00:00","dateModified":"2016-02-10T16:53:35+00:00","description":"J\u2019aimerais comprendre pourquoi mon enfant fait pipi au lit (\u00e9nur\u00e9sie nocturne) et savoir comment je peux l\u2019aider pour qu\u2019il d\u00e9passe ce probl\u00e8me.\u00a0","breadcrumb":{"@id":"https:\/\/www.pipi-stop.ch\/fr\/pipi-au-lit\/#breadcrumb"},"inLanguage":"fr-FR","potentialAction":[{"@type":"ReadAction","target":["https:\/\/www.pipi-stop.ch\/fr\/pipi-au-lit\/"]}]},{"@type":"BreadcrumbList","@id":"https:\/\/www.pipi-stop.ch\/fr\/pipi-au-lit\/#breadcrumb","itemListElement":[{"@type":"ListItem","position":1,"name":"Home","item":"https:\/\/www.pipi-stop.ch\/fr\/"},{"@type":"ListItem","position":2,"name":"Pipi au lit"}]},{"@type":"WebSite","@id":"https:\/\/www.pipi-stop.ch\/fr\/#website","url":"https:\/\/www.pipi-stop.ch\/fr\/","name":"Pipi Stop","description":"","potentialAction":[{"@type":"SearchAction","target":{"@type":"EntryPoint","urlTemplate":"https:\/\/www.pipi-stop.ch\/fr\/?s={search_term_string}"},"query-input":{"@type":"PropertyValueSpecification","valueRequired":true,"valueName":"search_term_string"}}],"inLanguage":"fr-FR"}]}},"_links":{"self":[{"href":"https:\/\/www.pipi-stop.ch\/fr\/wp-json\/wp\/v2\/pages\/1548","targetHints":{"allow":["GET"]}}],"collection":[{"href":"https:\/\/www.pipi-stop.ch\/fr\/wp-json\/wp\/v2\/pages"}],"about":[{"href":"https:\/\/www.pipi-stop.ch\/fr\/wp-json\/wp\/v2\/types\/page"}],"author":[{"embeddable":true,"href":"https:\/\/www.pipi-stop.ch\/fr\/wp-json\/wp\/v2\/users\/1"}],"replies":[{"embeddable":true,"href":"https:\/\/www.pipi-stop.ch\/fr\/wp-json\/wp\/v2\/comments?post=1548"}],"version-history":[{"count":47,"href":"https:\/\/www.pipi-stop.ch\/fr\/wp-json\/wp\/v2\/pages\/1548\/revisions"}],"predecessor-version":[{"id":6048,"href":"https:\/\/www.pipi-stop.ch\/fr\/wp-json\/wp\/v2\/pages\/1548\/revisions\/6048"}],"wp:attachment":[{"href":"https:\/\/www.pipi-stop.ch\/fr\/wp-json\/wp\/v2\/media?parent=1548"}],"curies":[{"name":"wp","href":"https:\/\/api.w.org\/{rel}","templated":true}]}}