{"id":1540,"date":"2015-05-19T07:05:00","date_gmt":"2015-05-19T07:05:00","guid":{"rendered":"http:\/\/pipi-stop.version-demo.ch\/?page_id=1540"},"modified":"2021-03-30T09:21:50","modified_gmt":"2021-03-30T09:21:50","slug":"causes","status":"publish","type":"page","link":"https:\/\/www.pipi-stop.ch\/fr\/pipi-au-lit\/causes\/","title":{"rendered":"Causes de l&rsquo;\u00e9nur\u00e9sie (pipi au lit)"},"content":{"rendered":"<p>[et_pb_section fb_built=\u00a0\u00bb1&Prime; module_class=\u00a0\u00bbmain-h1-title\u00a0\u00bb _builder_version=\u00a0\u00bb3.22&Prime; background_color=\u00a0\u00bb#ffffff\u00a0\u00bb transparent_background=\u00a0\u00bboff\u00a0\u00bb][et_pb_row _builder_version=\u00a0\u00bb3.25&Prime; background_size=\u00a0\u00bbinitial\u00a0\u00bb background_position=\u00a0\u00bbtop_left\u00a0\u00bb background_repeat=\u00a0\u00bbrepeat\u00a0\u00bb][et_pb_column type=\u00a0\u00bb4_4&Prime; _builder_version=\u00a0\u00bb3.25&Prime; custom_padding=\u00a0\u00bb|||\u00a0\u00bb custom_padding__hover=\u00a0\u00bb|||\u00a0\u00bb][et_pb_text admin_label=\u00a0\u00bbh1&Prime; _builder_version=\u00a0\u00bb3.27.4&Prime; background_size=\u00a0\u00bbinitial\u00a0\u00bb background_position=\u00a0\u00bbtop_left\u00a0\u00bb background_repeat=\u00a0\u00bbrepeat\u00a0\u00bb text_orientation=\u00a0\u00bbcenter\u00a0\u00bb module_alignment=\u00a0\u00bbcenter\u00a0\u00bb]<\/p>\n<h1>Pourquoi les enfants font-ils pipi au lit ?<\/h1>\n<p>[\/et_pb_text][\/et_pb_column][\/et_pb_row][et_pb_row _builder_version=\u00a0\u00bb3.25&Prime; background_size=\u00a0\u00bbinitial\u00a0\u00bb background_position=\u00a0\u00bbtop_left\u00a0\u00bb background_repeat=\u00a0\u00bbrepeat\u00a0\u00bb column_structure=\u00a0\u00bb1_2,1_2&Prime;][et_pb_column type=\u00a0\u00bb1_2&Prime; _builder_version=\u00a0\u00bb3.25&Prime; custom_padding=\u00a0\u00bb|||\u00a0\u00bb custom_padding__hover=\u00a0\u00bb|||\u00a0\u00bb][et_pb_text admin_label=\u00a0\u00bbTexte\u00a0\u00bb _builder_version=\u00a0\u00bb4.9.0&Prime; background_size=\u00a0\u00bbinitial\u00a0\u00bb background_position=\u00a0\u00bbtop_left\u00a0\u00bb background_repeat=\u00a0\u00bbrepeat\u00a0\u00bb hover_enabled=\u00a0\u00bb0&Prime; sticky_enabled=\u00a0\u00bb0&Prime;]<\/p>\n<h2>Les causes de l&rsquo;\u00e9nur\u00e9sie nocturne<\/h2>\n<p class=\"align-justify\">Si l&rsquo;enfant a toujours mouill\u00e9 son lit ou n&rsquo;a jamais \u00e9t\u00e9 propre pendant plus de six mois,\u00a0<strong>l&rsquo;\u00e9nur\u00e9sie est g\u00e9n\u00e9ralement li\u00e9e au sommeil profond<\/strong>. La r\u00e9ponse \u00e0 la question \u00ab\u00a0Pourquoi mon enfant fait-il pipi au lit?\u00a0\u00bb est donc g\u00e9n\u00e9ralement simple: parce qu&rsquo;il dort tr\u00e8s profond\u00e9ment\u00a0et, pour cette raison, il n&rsquo;arrive pas \u00e0 prendre conscience de son besoin de faire pipi.<\/p>\n<p class=\"align-justify\">Ce type d&rsquo;\u00e9nur\u00e9sie (qui n&rsquo;est li\u00e9 \u00e0 aucun autre trouble) est le plus courant et<strong>\u00a0peut \u00eatre trait\u00e9 par <a href=\"https:\/\/www.pipi-stop.ch\/fr\/therapie-pipi-stop\/\" target=\"_blank\" rel=\"noopener\">une th\u00e9rapie comportementale<\/a>\u00a0<\/strong>fond\u00e9e sur une m\u00e9thode naturelle d&rsquo;entrainement du contr\u00f4le mictionnel (miction = le fait d&rsquo;uriner) de l&rsquo;enfant qui lui permet de prendre conscience de son besoin de faire pipi et de ma\u00eetriser son syst\u00e8me de continence.<\/p>\n<p>[\/et_pb_text][\/et_pb_column][et_pb_column type=\u00a0\u00bb1_2&Prime; _builder_version=\u00a0\u00bb3.25&Prime; custom_padding=\u00a0\u00bb|||\u00a0\u00bb custom_padding__hover=\u00a0\u00bb|||\u00a0\u00bb][et_pb_image src=\u00a0\u00bbhttps:\/\/www.pipi-stop.ch\/wp-content\/uploads\/2015\/05\/kind-schlaft.jpg\u00a0\u00bb alt=\u00a0\u00bbpourquoi les enfants font pipi au lit\u00a0\u00bb align_tablet=\u00a0\u00bbcenter\u00a0\u00bb align_last_edited=\u00a0\u00bbon|desktop\u00a0\u00bb admin_label=\u00a0\u00bbImage\u00a0\u00bb _builder_version=\u00a0\u00bb3.23&Prime; animation_style=\u00a0\u00bbslide\u00a0\u00bb animation_direction=\u00a0\u00bbright\u00a0\u00bb animation_duration=\u00a0\u00bb500ms\u00a0\u00bb animation_intensity_slide=\u00a0\u00bb10%\u00a0\u00bb animation=\u00a0\u00bbright\u00a0\u00bb sticky=\u00a0\u00bboff\u00a0\u00bb][\/et_pb_image][\/et_pb_column][\/et_pb_row][et_pb_row _builder_version=\u00a0\u00bb3.25&Prime; background_size=\u00a0\u00bbinitial\u00a0\u00bb background_position=\u00a0\u00bbtop_left\u00a0\u00bb background_repeat=\u00a0\u00bbrepeat\u00a0\u00bb][et_pb_column type=\u00a0\u00bb4_4&Prime; _builder_version=\u00a0\u00bb3.25&Prime; custom_padding=\u00a0\u00bb|||\u00a0\u00bb custom_padding__hover=\u00a0\u00bb|||\u00a0\u00bb][et_pb_divider color=\u00a0\u00bb#c4c4c4&Prime; disabled_on=\u00a0\u00bbon|on|off\u00a0\u00bb admin_label=\u00a0\u00bbS\u00e9parateur\u00a0\u00bb _builder_version=\u00a0\u00bb3.23.4&Prime; height=\u00a0\u00bb0px\u00a0\u00bb][\/et_pb_divider][\/et_pb_column][\/et_pb_row][et_pb_row _builder_version=\u00a0\u00bb3.25&Prime; background_size=\u00a0\u00bbinitial\u00a0\u00bb background_position=\u00a0\u00bbtop_left\u00a0\u00bb background_repeat=\u00a0\u00bbrepeat\u00a0\u00bb column_structure=\u00a0\u00bb1_3,2_3&Prime;][et_pb_column type=\u00a0\u00bb1_3&Prime; _builder_version=\u00a0\u00bb3.25&Prime; custom_padding=\u00a0\u00bb|||\u00a0\u00bb custom_padding__hover=\u00a0\u00bb|||\u00a0\u00bb][et_pb_image src=\u00a0\u00bbhttps:\/\/www.pipi-stop.ch\/wp-content\/uploads\/2015\/05\/kind-traurig.jpg\u00a0\u00bb alt=\u00a0\u00bb\u00e9nur\u00e9sie nocturne causes\u00a0\u00bb align_tablet=\u00a0\u00bbcenter\u00a0\u00bb align_last_edited=\u00a0\u00bbon|desktop\u00a0\u00bb admin_label=\u00a0\u00bbImage\u00a0\u00bb _builder_version=\u00a0\u00bb3.23&Prime; animation_style=\u00a0\u00bbslide\u00a0\u00bb animation_direction=\u00a0\u00bbleft\u00a0\u00bb animation_duration=\u00a0\u00bb500ms\u00a0\u00bb animation_intensity_slide=\u00a0\u00bb10%\u00a0\u00bb animation=\u00a0\u00bbleft\u00a0\u00bb sticky=\u00a0\u00bboff\u00a0\u00bb][\/et_pb_image][\/et_pb_column][et_pb_column type=\u00a0\u00bb2_3&Prime; _builder_version=\u00a0\u00bb3.25&Prime; custom_padding=\u00a0\u00bb|||\u00a0\u00bb custom_padding__hover=\u00a0\u00bb|||\u00a0\u00bb][et_pb_text admin_label=\u00a0\u00bbTexte\u00a0\u00bb _builder_version=\u00a0\u00bb3.27.4&Prime; background_size=\u00a0\u00bbinitial\u00a0\u00bb background_position=\u00a0\u00bbtop_left\u00a0\u00bb background_repeat=\u00a0\u00bbrepeat\u00a0\u00bb]<\/p>\n<h2>Les causes de l&rsquo;\u00e9nur\u00e9sie nocturne secondaire<\/h2>\n<p class=\"align-justify\"><strong>Un changement important ou un stress dans la vie de votre enfant<\/strong>, par exemple l&rsquo;arriv\u00e9e d&rsquo;un b\u00e9b\u00e9, la s\u00e9paration des parents, l&rsquo;entr\u00e9e \u00e0 l&rsquo;\u00e9cole, un d\u00e9m\u00e9nagement, un deuil ou toute autre situation inhabituelle (causes psychologiques)\u00a0<strong>peuvent expliquer pourquoi un enfant fait \u00e0 nouveau pipi au lit\u00a0<\/strong>(regression). La plupart du temps, le probl\u00e8me est alors temporaire, puisqu&rsquo;il est li\u00e9 \u00e0 un \u00e9v\u00e9nement dans la vie de l&rsquo;enfant.\u00a0On parle alors d&rsquo;\u00e9nur\u00e9sie nocturne secondaire.<\/p>\n<p class=\"align-justify\">A moins que l&rsquo;on constate des troubles associ\u00e9s \u00e0 l&rsquo;\u00e9nur\u00e9sie, une visite chez le psychologue n&rsquo;est pas n\u00e9cessaire.<\/p>\n<p class=\"align-justify\">Il existe aussi d&rsquo;autres raisons, plus rares, par exemple une petite vessie ou un dysfonctionnement des sphincters. Une visite chez votre m\u00e9decin permettra d&rsquo;\u00e9carter l&rsquo;\u00e9ventualit\u00e9 d&rsquo;un l\u00e9ger d\u00e9faut anatomique ou d&rsquo;une infection urinaire.<\/p>\n<p>[\/et_pb_text][\/et_pb_column][\/et_pb_row][\/et_pb_section]<\/p>\n","protected":false},"excerpt":{"rendered":"<p>Pourquoi les enfants font-ils pipi au lit ? Les causes de l&rsquo;\u00e9nur\u00e9sie nocturne Si l&rsquo;enfant a toujours mouill\u00e9 son lit ou n&rsquo;a jamais \u00e9t\u00e9 propre pendant plus de six mois,\u00a0l&rsquo;\u00e9nur\u00e9sie est g\u00e9n\u00e9ralement li\u00e9e au sommeil profond. La r\u00e9ponse \u00e0 la question \u00ab\u00a0Pourquoi mon enfant fait-il pipi au lit?\u00a0\u00bb est donc g\u00e9n\u00e9ralement simple: parce qu&rsquo;il dort [&hellip;]<\/p>\n","protected":false},"author":1,"featured_media":0,"parent":1548,"menu_order":0,"comment_status":"open","ping_status":"closed","template":"","meta":{"_et_pb_use_builder":"on","_et_pb_old_content":"<p>[et_pb_section fullwidth=\"off\" specialty=\"off\" transparent_background=\"off\" background_color=\"#ffffff\" allow_player_pause=\"off\" inner_shadow=\"off\" parallax=\"off\" parallax_method=\"off\" module_class=\"main-h1-title\"][et_pb_row][et_pb_column type=\"4_4\"][et_pb_text admin_label=\"h1\" background_layout=\"light\" text_orientation=\"center\"]<\/p><h1>Die Ursachen vom Bettn\u00e4ssen (Enuresis)<\/h1><p>[\/et_pb_text][\/et_pb_column][\/et_pb_row][et_pb_row][et_pb_column type=\"1_2\"][et_pb_text admin_label=\"Texte\" background_layout=\"light\" text_orientation=\"left\"]<\/p><h2>Prim\u00e4re Enuresis nocturna<\/h2><p class=\"align-justify\">Das Kind hat immer sein Bett gen\u00e4sst oder war nie w\u00e4hrend mehr als sechs Monaten trocken. In diesen F\u00e4llen ist die Enuresis meisten mit dem Tiefschlaf verbunden.<\/p><p class=\"align-justify\">Wenn die n\u00e4chtliche Enuresis mit keiner weiteren St\u00f6rung auftritt, spricht man von einer \"isolierten\" Enuresis (monosymptomatische Enuresis nocturna). Dies ist das Symptom, das auf die Unreife der Harnkontrolle verweist. Dies ist der meistauftretende Fall, der durch die Verhaltenstherapie mit dem Pipi-Stop Weckapparat behandelt werden kann (das Kontinenz-System wird auf nat\u00fcrliche Weise trainiert).<\/p><p>[\/et_pb_text][\/et_pb_column][et_pb_column type=\"1_2\"][et_pb_image admin_label=\"Image\" src=\"http:\/\/www.pipi-stop.ch\/wp-content\/uploads\/2015\/05\/kind-schlaft.jpg\" show_in_lightbox=\"off\" url_new_window=\"off\" animation=\"right\" sticky=\"off\" \/][\/et_pb_column][\/et_pb_row][et_pb_row][et_pb_column type=\"4_4\"][et_pb_divider admin_label=\"S\u00e9parateur\" color=\"#c4c4c4\" show_divider=\"on\" height=\"0\" \/][\/et_pb_column][\/et_pb_row][et_pb_row][et_pb_column type=\"1_3\"][et_pb_image admin_label=\"Image\" src=\"http:\/\/www.pipi-stop.ch\/wp-content\/uploads\/2015\/05\/kind-traurig.jpg\" show_in_lightbox=\"off\" url_new_window=\"off\" animation=\"left\" sticky=\"off\" \/][\/et_pb_column][et_pb_column type=\"2_3\"][et_pb_text admin_label=\"Texte\" background_layout=\"light\" text_orientation=\"left\"]<\/p><h2>Sekund\u00e4re Enuresis nocturna<\/h2><p class=\"align-justify\">Eine wichtige Ver\u00e4nderung oder Stress im Leben Ihres Kindes, zum Beispiel die Geburt eines Geschwisterchens, die Trennung der Eltern, der Schuleintritt, ein Umzug, ein Trauerfall oder eine andere ungew\u00f6hnliche Situation (psychologische Ursachen) k\u00f6nnen eine in den meisten F\u00e4llen tempor\u00e4re Regression hervorrufen. In diesen F\u00e4llen spricht man von sekund\u00e4rer Enuresis nocturna. Ein Besuch beim Psychologen ist nicht n\u00f6tig, ausser man stellt St\u00f6rungen fest, die mit der Enuresis in Zusammenhang stehen.<\/p><p class=\"align-justify\">Es gibt auch andere, seltenere Ursachen, zum Beispiel eine kleine Blase oder eine Funktionsst\u00f6rung der Schliessmuskeln. Ein Besuch bei Ihrem Arzt wird erlauben, die M\u00f6glichkeit einer eventuellen anatomischen Missbildung oder eine Harnwegsinfektion auszuschliessen.<\/p><p>[\/et_pb_text][\/et_pb_column][\/et_pb_row][\/et_pb_section]<\/p>","_et_gb_content_width":"","inline_featured_image":false,"footnotes":""},"class_list":["post-1540","page","type-page","status-publish","hentry"],"yoast_head":"<!-- This site is optimized with the Yoast SEO Premium plugin v27.3 (Yoast SEO v27.3) - https:\/\/yoast.com\/product\/yoast-seo-premium-wordpress\/ -->\n<title>Pourquoi les enfants font pipi au lit | Les causes de l&#039;\u00e9nur\u00e9sie<\/title>\n<meta name=\"description\" content=\"La cause la plus courante de l&#039;\u00e9nur\u00e9sie nocturne (pipi au lit) est li\u00e9e \u00e0 un sommeil tr\u00e8s profond de l&#039;enfant qui l&#039;emp\u00eache de se r\u00e9veiller \u00e0 temps.\" \/>\n<meta name=\"robots\" content=\"index, follow, max-snippet:-1, max-image-preview:large, max-video-preview:-1\" \/>\n<link rel=\"canonical\" href=\"https:\/\/www.pipi-stop.ch\/fr\/pipi-au-lit\/causes\/\" \/>\n<meta property=\"og:locale\" content=\"fr_FR\" \/>\n<meta property=\"og:type\" content=\"article\" \/>\n<meta property=\"og:title\" content=\"Causes de l&#039;\u00e9nur\u00e9sie (pipi au lit)\" \/>\n<meta property=\"og:description\" content=\"La cause la plus courante de l&#039;\u00e9nur\u00e9sie nocturne (pipi au lit) est li\u00e9e \u00e0 un sommeil tr\u00e8s profond de l&#039;enfant qui l&#039;emp\u00eache de se r\u00e9veiller \u00e0 temps.\" \/>\n<meta property=\"og:url\" content=\"https:\/\/www.pipi-stop.ch\/fr\/pipi-au-lit\/causes\/\" \/>\n<meta property=\"og:site_name\" content=\"Pipi Stop\" \/>\n<meta property=\"article:modified_time\" content=\"2021-03-30T09:21:50+00:00\" \/>\n<meta name=\"twitter:card\" content=\"summary_large_image\" \/>\n<meta name=\"twitter:label1\" content=\"Dur\u00e9e de lecture estim\u00e9e\" \/>\n\t<meta name=\"twitter:data1\" content=\"3 minutes\" \/>\n<script type=\"application\/ld+json\" class=\"yoast-schema-graph\">{\"@context\":\"https:\\\/\\\/schema.org\",\"@graph\":[{\"@type\":\"WebPage\",\"@id\":\"https:\\\/\\\/www.pipi-stop.ch\\\/fr\\\/pipi-au-lit\\\/causes\\\/\",\"url\":\"https:\\\/\\\/www.pipi-stop.ch\\\/fr\\\/pipi-au-lit\\\/causes\\\/\",\"name\":\"Pourquoi les enfants font pipi au lit | Les causes de l'\u00e9nur\u00e9sie\",\"isPartOf\":{\"@id\":\"https:\\\/\\\/www.pipi-stop.ch\\\/fr\\\/#website\"},\"datePublished\":\"2015-05-19T07:05:00+00:00\",\"dateModified\":\"2021-03-30T09:21:50+00:00\",\"description\":\"La cause la plus courante de l'\u00e9nur\u00e9sie nocturne (pipi au lit) est li\u00e9e \u00e0 un sommeil tr\u00e8s profond de l'enfant qui l'emp\u00eache de se r\u00e9veiller \u00e0 temps.\",\"breadcrumb\":{\"@id\":\"https:\\\/\\\/www.pipi-stop.ch\\\/fr\\\/pipi-au-lit\\\/causes\\\/#breadcrumb\"},\"inLanguage\":\"fr-FR\",\"potentialAction\":[{\"@type\":\"ReadAction\",\"target\":[\"https:\\\/\\\/www.pipi-stop.ch\\\/fr\\\/pipi-au-lit\\\/causes\\\/\"]}]},{\"@type\":\"BreadcrumbList\",\"@id\":\"https:\\\/\\\/www.pipi-stop.ch\\\/fr\\\/pipi-au-lit\\\/causes\\\/#breadcrumb\",\"itemListElement\":[{\"@type\":\"ListItem\",\"position\":1,\"name\":\"Home\",\"item\":\"https:\\\/\\\/www.pipi-stop.ch\\\/fr\\\/\"},{\"@type\":\"ListItem\",\"position\":2,\"name\":\"Pipi au lit\",\"item\":\"https:\\\/\\\/www.pipi-stop.ch\\\/fr\\\/pipi-au-lit\\\/\"},{\"@type\":\"ListItem\",\"position\":3,\"name\":\"Causes de l&rsquo;\u00e9nur\u00e9sie (pipi au lit)\"}]},{\"@type\":\"WebSite\",\"@id\":\"https:\\\/\\\/www.pipi-stop.ch\\\/fr\\\/#website\",\"url\":\"https:\\\/\\\/www.pipi-stop.ch\\\/fr\\\/\",\"name\":\"Pipi Stop\",\"description\":\"\",\"potentialAction\":[{\"@type\":\"SearchAction\",\"target\":{\"@type\":\"EntryPoint\",\"urlTemplate\":\"https:\\\/\\\/www.pipi-stop.ch\\\/fr\\\/?s={search_term_string}\"},\"query-input\":{\"@type\":\"PropertyValueSpecification\",\"valueRequired\":true,\"valueName\":\"search_term_string\"}}],\"inLanguage\":\"fr-FR\"}]}<\/script>\n<!-- \/ Yoast SEO Premium plugin. -->","yoast_head_json":{"title":"Pourquoi les enfants font pipi au lit | Les causes de l'\u00e9nur\u00e9sie","description":"La cause la plus courante de l'\u00e9nur\u00e9sie nocturne (pipi au lit) est li\u00e9e \u00e0 un sommeil tr\u00e8s profond de l'enfant qui l'emp\u00eache de se r\u00e9veiller \u00e0 temps.","robots":{"index":"index","follow":"follow","max-snippet":"max-snippet:-1","max-image-preview":"max-image-preview:large","max-video-preview":"max-video-preview:-1"},"canonical":"https:\/\/www.pipi-stop.ch\/fr\/pipi-au-lit\/causes\/","og_locale":"fr_FR","og_type":"article","og_title":"Causes de l'\u00e9nur\u00e9sie (pipi au lit)","og_description":"La cause la plus courante de l'\u00e9nur\u00e9sie nocturne (pipi au lit) est li\u00e9e \u00e0 un sommeil tr\u00e8s profond de l'enfant qui l'emp\u00eache de se r\u00e9veiller \u00e0 temps.","og_url":"https:\/\/www.pipi-stop.ch\/fr\/pipi-au-lit\/causes\/","og_site_name":"Pipi Stop","article_modified_time":"2021-03-30T09:21:50+00:00","twitter_card":"summary_large_image","twitter_misc":{"Dur\u00e9e de lecture estim\u00e9e":"3 minutes"},"schema":{"@context":"https:\/\/schema.org","@graph":[{"@type":"WebPage","@id":"https:\/\/www.pipi-stop.ch\/fr\/pipi-au-lit\/causes\/","url":"https:\/\/www.pipi-stop.ch\/fr\/pipi-au-lit\/causes\/","name":"Pourquoi les enfants font pipi au lit | Les causes de l'\u00e9nur\u00e9sie","isPartOf":{"@id":"https:\/\/www.pipi-stop.ch\/fr\/#website"},"datePublished":"2015-05-19T07:05:00+00:00","dateModified":"2021-03-30T09:21:50+00:00","description":"La cause la plus courante de l'\u00e9nur\u00e9sie nocturne (pipi au lit) est li\u00e9e \u00e0 un sommeil tr\u00e8s profond de l'enfant qui l'emp\u00eache de se r\u00e9veiller \u00e0 temps.","breadcrumb":{"@id":"https:\/\/www.pipi-stop.ch\/fr\/pipi-au-lit\/causes\/#breadcrumb"},"inLanguage":"fr-FR","potentialAction":[{"@type":"ReadAction","target":["https:\/\/www.pipi-stop.ch\/fr\/pipi-au-lit\/causes\/"]}]},{"@type":"BreadcrumbList","@id":"https:\/\/www.pipi-stop.ch\/fr\/pipi-au-lit\/causes\/#breadcrumb","itemListElement":[{"@type":"ListItem","position":1,"name":"Home","item":"https:\/\/www.pipi-stop.ch\/fr\/"},{"@type":"ListItem","position":2,"name":"Pipi au lit","item":"https:\/\/www.pipi-stop.ch\/fr\/pipi-au-lit\/"},{"@type":"ListItem","position":3,"name":"Causes de l&rsquo;\u00e9nur\u00e9sie (pipi au lit)"}]},{"@type":"WebSite","@id":"https:\/\/www.pipi-stop.ch\/fr\/#website","url":"https:\/\/www.pipi-stop.ch\/fr\/","name":"Pipi Stop","description":"","potentialAction":[{"@type":"SearchAction","target":{"@type":"EntryPoint","urlTemplate":"https:\/\/www.pipi-stop.ch\/fr\/?s={search_term_string}"},"query-input":{"@type":"PropertyValueSpecification","valueRequired":true,"valueName":"search_term_string"}}],"inLanguage":"fr-FR"}]}},"_links":{"self":[{"href":"https:\/\/www.pipi-stop.ch\/fr\/wp-json\/wp\/v2\/pages\/1540","targetHints":{"allow":["GET"]}}],"collection":[{"href":"https:\/\/www.pipi-stop.ch\/fr\/wp-json\/wp\/v2\/pages"}],"about":[{"href":"https:\/\/www.pipi-stop.ch\/fr\/wp-json\/wp\/v2\/types\/page"}],"author":[{"embeddable":true,"href":"https:\/\/www.pipi-stop.ch\/fr\/wp-json\/wp\/v2\/users\/1"}],"replies":[{"embeddable":true,"href":"https:\/\/www.pipi-stop.ch\/fr\/wp-json\/wp\/v2\/comments?post=1540"}],"version-history":[{"count":17,"href":"https:\/\/www.pipi-stop.ch\/fr\/wp-json\/wp\/v2\/pages\/1540\/revisions"}],"predecessor-version":[{"id":13079,"href":"https:\/\/www.pipi-stop.ch\/fr\/wp-json\/wp\/v2\/pages\/1540\/revisions\/13079"}],"up":[{"embeddable":true,"href":"https:\/\/www.pipi-stop.ch\/fr\/wp-json\/wp\/v2\/pages\/1548"}],"wp:attachment":[{"href":"https:\/\/www.pipi-stop.ch\/fr\/wp-json\/wp\/v2\/media?parent=1540"}],"curies":[{"name":"wp","href":"https:\/\/api.w.org\/{rel}","templated":true}]}}