{"id":2910,"date":"2015-06-25T19:20:17","date_gmt":"2015-06-25T19:20:17","guid":{"rendered":"http:\/\/pipi-stop.version-demo.ch\/?page_id=2910"},"modified":"2021-03-30T08:46:19","modified_gmt":"2021-03-30T08:46:19","slug":"bedwetting","status":"publish","type":"page","link":"https:\/\/www.pipi-stop.ch\/en\/bedwetting\/","title":{"rendered":"Bedwetting"},"content":{"rendered":"<p>[et_pb_section fb_built=&#8221;1&#8243; module_class=&#8221;main-h1-title&#8221; _builder_version=&#8221;3.22&#8243; background_color=&#8221;#ffffff&#8221; transparent_background=&#8221;off&#8221;][et_pb_row _builder_version=&#8221;3.25&#8243; background_size=&#8221;initial&#8221; background_position=&#8221;top_left&#8221; background_repeat=&#8221;repeat&#8221;][et_pb_column type=&#8221;4_4&#8243; _builder_version=&#8221;3.25&#8243; custom_padding=&#8221;|||&#8221; custom_padding__hover=&#8221;|||&#8221;][et_pb_text admin_label=&#8221;h1&#8243; _builder_version=&#8221;3.27.4&#8243; background_size=&#8221;initial&#8221; background_position=&#8221;top_left&#8221; background_repeat=&#8221;repeat&#8221; text_orientation=&#8221;center&#8221; module_alignment=&#8221;center&#8221;]<\/p>\n<h1>General Information about Bedwetting<\/h1>\n<p>[\/et_pb_text][\/et_pb_column][\/et_pb_row][et_pb_row _builder_version=&#8221;3.25&#8243; background_size=&#8221;initial&#8221; background_position=&#8221;top_left&#8221; background_repeat=&#8221;repeat&#8221; column_structure=&#8221;2_3,1_3&#8243;][et_pb_column type=&#8221;2_3&#8243; _builder_version=&#8221;3.25&#8243; custom_padding=&#8221;|||&#8221; custom_padding__hover=&#8221;|||&#8221;][et_pb_text admin_label=&#8221;Texte&#8221; _builder_version=&#8221;4.9.0&#8243; background_size=&#8221;initial&#8221; background_position=&#8221;top_left&#8221; background_repeat=&#8221;repeat&#8221; hover_enabled=&#8221;0&#8243; sticky_enabled=&#8221;0&#8243;]<\/p>\n<div id=\"c450\" class=\"csc-default\">\n<p class=\"align-justify\">Since <strong>the age of 5<\/strong>, the involuntary and unconscious loss of urine during the sleep is considered as an illness designated, in medical terms, the nocturnal enuresis.<\/p>\n<p class=\"align-justify\">Despite this problem being <strong>much more frequent than we imagine<\/strong>, the subject is taboo!<\/p>\n<p class=\"align-justify\">More than one of 10 children aged 6 is affected by the nocturnal enuresis. The child who wets his bed suffers, as well as the whole family who gets under pressure.<\/p>\n<\/div>\n<p>[\/et_pb_text][\/et_pb_column][et_pb_column type=&#8221;1_3&#8243; _builder_version=&#8221;3.25&#8243; custom_padding=&#8221;|||&#8221; custom_padding__hover=&#8221;|||&#8221;][et_pb_text admin_label=&#8221;Table&#8221; _builder_version=&#8221;3.27.4&#8243; background_size=&#8221;initial&#8221; background_position=&#8221;top_left&#8221; background_repeat=&#8221;repeat&#8221;]\n<table id=\"tablepress-18\" class=\"tablepress tablepress-id-18 table1\">\n<thead>\n<tr class=\"row-1\">\n\t<th colspan=\"2\" class=\"column-1\">Nocturnal enuresis incidence<\/th>\n<\/tr>\n<\/thead>\n<tbody>\n<tr class=\"row-2\">\n\t<td class=\"column-1\"><strong>Age<\/strong><\/td><td class=\"column-2\"><strong>% of children<\/strong><\/td>\n<\/tr>\n<tr class=\"row-3\">\n\t<td class=\"column-1\">5 years<\/td><td class=\"column-2\">15-20%<\/td>\n<\/tr>\n<tr class=\"row-4\">\n\t<td class=\"column-1\">6 years<\/td><td class=\"column-2\">10-15%<\/td>\n<\/tr>\n<tr class=\"row-5\">\n\t<td class=\"column-1\">10 years<\/td><td class=\"column-2\">about 6%<\/td>\n<\/tr>\n<tr class=\"row-6\">\n\t<td class=\"column-1\">Teenagers<\/td><td class=\"column-2\">1-2%<\/td>\n<\/tr>\n<\/tbody>\n<\/table>\n<!-- #tablepress-18 from cache --><\/p>\n<p style=\"text-align: center;\"><a href=\"https:\/\/www.pipi-stop.ch\/en\/bedwetting\/research\/\">Source: see research<\/a><\/p>\n<p>[\/et_pb_text][\/et_pb_column][\/et_pb_row][et_pb_row _builder_version=&#8221;3.25&#8243; background_size=&#8221;initial&#8221; background_position=&#8221;top_left&#8221; background_repeat=&#8221;repeat&#8221; column_structure=&#8221;2_3,1_3&#8243;][et_pb_column type=&#8221;2_3&#8243; _builder_version=&#8221;3.25&#8243; custom_padding=&#8221;|||&#8221; custom_padding__hover=&#8221;|||&#8221;][et_pb_text admin_label=&#8221;Texte&#8221; _builder_version=&#8221;3.27.4&#8243; background_size=&#8221;initial&#8221; background_position=&#8221;top_left&#8221; background_repeat=&#8221;repeat&#8221;]<\/p>\n<h2>Family incidence<\/h2>\n<p>According to different recent studies this illness can be hereditary and boys are more often concerned than girls.<br \/>\n[\/et_pb_text][\/et_pb_column][et_pb_column type=&#8221;1_3&#8243; _builder_version=&#8221;3.25&#8243; custom_padding=&#8221;|||&#8221; custom_padding__hover=&#8221;|||&#8221;][et_pb_text admin_label=&#8221;Table 2&#8243; _builder_version=&#8221;3.27.4&#8243; background_size=&#8221;initial&#8221; background_position=&#8221;top_left&#8221; background_repeat=&#8221;repeat&#8221;]\n<table id=\"tablepress-19\" class=\"tablepress tablepress-id-19\">\n<thead>\n<tr class=\"row-1\">\n\t<th colspan=\"2\" class=\"column-1\"><strong>Nocturnal enuresis \u2014 family incidence (% of children)<\/strong><\/th>\n<\/tr>\n<\/thead>\n<tbody>\n<tr class=\"row-2\">\n\t<td class=\"column-1\">No case in the family<\/td><td class=\"column-2\">15%<\/td>\n<\/tr>\n<tr class=\"row-3\">\n\t<td class=\"column-1\">1 parent concerned<\/td><td class=\"column-2\">45%<\/td>\n<\/tr>\n<tr class=\"row-4\">\n\t<td class=\"column-1\">2 parents concerned<\/td><td class=\"column-2\">77%<\/td>\n<\/tr>\n<\/tbody>\n<\/table>\n<!-- #tablepress-19 from cache --><\/p>\n<p style=\"text-align: center;\"><a href=\"https:\/\/www.pipi-stop.ch\/en\/bedwetting\/research\/\">Source: see research<\/a><\/p>\n<p>[\/et_pb_text][\/et_pb_column][\/et_pb_row][et_pb_row _builder_version=&#8221;3.25&#8243; background_size=&#8221;initial&#8221; background_position=&#8221;top_left&#8221; background_repeat=&#8221;repeat&#8221; column_structure=&#8221;1_4,1_4,1_2&#8243;][et_pb_column type=&#8221;1_4&#8243; _builder_version=&#8221;3.25&#8243; custom_padding=&#8221;|||&#8221; custom_padding__hover=&#8221;|||&#8221;][et_pb_image src=&#8221;https:\/\/www.pipi-stop.ch\/wp-content\/uploads\/2014\/12\/enfant-osculte-ours.jpg&#8221; url=&#8221;https:\/\/www.pipi-stop.ch\/en\/bedwetting\/causes-bedwetting\/&#8221; align_tablet=&#8221;center&#8221; align_last_edited=&#8221;on|desktop&#8221; admin_label=&#8221;Image&#8221; _builder_version=&#8221;3.23&#8243; animation_style=&#8221;slide&#8221; animation_direction=&#8221;left&#8221; animation_duration=&#8221;500ms&#8221; animation_intensity_slide=&#8221;10%&#8221; animation=&#8221;left&#8221; sticky=&#8221;off&#8221;][\/et_pb_image][et_pb_text admin_label=&#8221;Texte&#8221; _builder_version=&#8221;4.9.0&#8243; background_size=&#8221;initial&#8221; background_position=&#8221;top_left&#8221; background_repeat=&#8221;repeat&#8221; text_orientation=&#8221;center&#8221; module_alignment=&#8221;center&#8221; hover_enabled=&#8221;0&#8243; sticky_enabled=&#8221;0&#8243;]<\/p>\n<p><strong><a href=\"https:\/\/www.pipi-stop.ch\/en\/bedwetting\/causes-bedwetting\/\">The causes<\/a><\/strong><\/p>\n<p>[\/et_pb_text][\/et_pb_column][et_pb_column type=&#8221;1_4&#8243; _builder_version=&#8221;3.25&#8243; custom_padding=&#8221;|||&#8221; custom_padding__hover=&#8221;|||&#8221;][et_pb_image src=&#8221;https:\/\/www.pipi-stop.ch\/wp-content\/uploads\/2014\/12\/docteur-question.jpg&#8221; url=&#8221;https:\/\/www.pipi-stop.ch\/en\/bedwetting\/should-be-treated\/&#8221; align_tablet=&#8221;center&#8221; align_last_edited=&#8221;on|desktop&#8221; admin_label=&#8221;Image&#8221; _builder_version=&#8221;3.23&#8243; animation_style=&#8221;slide&#8221; animation_direction=&#8221;left&#8221; animation_duration=&#8221;500ms&#8221; animation_intensity_slide=&#8221;10%&#8221; animation=&#8221;left&#8221; sticky=&#8221;off&#8221;][\/et_pb_image][et_pb_text admin_label=&#8221;Texte&#8221; _builder_version=&#8221;4.9.0&#8243; background_size=&#8221;initial&#8221; background_position=&#8221;top_left&#8221; background_repeat=&#8221;repeat&#8221; text_orientation=&#8221;center&#8221; module_alignment=&#8221;center&#8221; hover_enabled=&#8221;0&#8243; sticky_enabled=&#8221;0&#8243;]<\/p>\n<p><strong><a href=\"https:\/\/www.pipi-stop.ch\/en\/bedwetting\/should-be-treated\/\">Should be treated?<\/a><\/strong><\/p>\n<p>[\/et_pb_text][\/et_pb_column][et_pb_column type=&#8221;1_2&#8243; _builder_version=&#8221;3.25&#8243; custom_padding=&#8221;|||&#8221; custom_padding__hover=&#8221;|||&#8221;][et_pb_text admin_label=&#8221;Texte&#8221; _builder_version=&#8221;3.27.4&#8243; background_size=&#8221;initial&#8221; background_position=&#8221;top_left&#8221; background_repeat=&#8221;repeat&#8221;]<\/p>\n<h2>It is possible to heal from this illness<\/h2>\n<p>It is advisable not to dramatize because your child can heal and regain self-confidence. It is possible to help a child in his efforts to stay dry at night. First it is important to encourage him and avoid making him feel guilty.<br \/>\n[\/et_pb_text][\/et_pb_column][\/et_pb_row][\/et_pb_section]<\/p>\n","protected":false},"excerpt":{"rendered":"<p>General Information about Bedwetting Since the age of 5, the involuntary and unconscious loss of urine during the sleep is considered as an illness designated, in medical terms, the nocturnal enuresis. Despite this problem being much more frequent than we imagine, the subject is taboo! More than one of 10 children aged 6 is affected [&hellip;]<\/p>\n","protected":false},"author":1,"featured_media":0,"parent":0,"menu_order":76,"comment_status":"open","ping_status":"closed","template":"","meta":{"_et_pb_use_builder":"on","_et_pb_old_content":"<p>[et_pb_section transparent_background=\"off\" background_color=\"#ffffff\" allow_player_pause=\"off\" inner_shadow=\"off\" parallax=\"off\" parallax_method=\"off\" module_class=\"main-h1-title\"][et_pb_row][et_pb_column type=\"4_4\"][et_pb_text admin_label=\"h1\" background_layout=\"light\" text_orientation=\"center\"]<\/p><h1>Allgemeine Informationen \u00fcber das Bettn\u00e4ssen<\/h1><p>[\/et_pb_text][\/et_pb_column][\/et_pb_row][et_pb_row][et_pb_column type=\"2_3\"][et_pb_text admin_label=\"Texte\" background_layout=\"light\" text_orientation=\"left\"]<\/p><p class=\"align-justify\">Ab 5 Jahren wird das unabsichtiliche und unbewusste Wasserlassen w\u00e4hrend des Schlafs als Krankheit betrachtet und wird dann fachmedizinisch \"Enuresis nocturna\" genannt.<\/p><p class=\"align-justify\">Dieses Problem ist viel h\u00e4ufiger als gemeinhin angenommen. Trotzdem bleibt es ein Tabuthema.<\/p><p>Mit 6 Jahren ist mehr als ein Zehntel der Kinder von der n\u00e4chtlichen Enuresis betroffen. Das davon beeintr\u00e4chtigte Kind leidet sehr darunter, wie auch die ganze Familie, die auf diese Weise unter Druck gesetzt wird. [\/et_pb_text][\/et_pb_column][et_pb_column type=\"1_3\"][et_pb_text admin_label=\"Table\" background_layout=\"light\" text_orientation=\"left\"][table id=3 \/][\/et_pb_text][et_pb_text admin_label=\"Texte\" background_layout=\"light\" text_orientation=\"center\"] <a href=\"http:\/\/www.pipi-stop.ch\/bettnaessen\/studien\/\">Siehe Studien<\/a> [\/et_pb_text][\/et_pb_column][\/et_pb_row][et_pb_row][et_pb_column type=\"2_3\"][et_pb_text admin_label=\"Texte\" background_layout=\"light\" text_orientation=\"left\"]<\/p><h2>Vererbung<\/h2><p>Verschiedene neuere Studien ergeben, dass diese Krankheit erblich sein kann und dass mehr Knaben als M\u00e4dchen davon betroffen sind. [\/et_pb_text][\/et_pb_column][et_pb_column type=\"1_3\"][et_pb_text admin_label=\"Table 2\" background_layout=\"light\" text_orientation=\"left\"][table id=4 \/][\/et_pb_text][et_pb_text admin_label=\"Texte\" background_layout=\"light\" text_orientation=\"center\"] <a href=\"http:\/\/www.pipi-stop.ch\/bettnaessen\/studien\/\">Siehe Studien<\/a> [\/et_pb_text][\/et_pb_column][\/et_pb_row][et_pb_row][et_pb_column type=\"1_4\"][et_pb_image admin_label=\"Image\" src=\"http:\/\/www.pipi-stop.ch\/wp-content\/uploads\/2014\/12\/enfant-osculte-ours.jpg\" show_in_lightbox=\"off\" url_new_window=\"off\" animation=\"left\" sticky=\"off\" url=\"http:\/\/www.pipi-stop.ch\/ursachen-bettnaessen\/\" \/][et_pb_text admin_label=\"Texte\" background_layout=\"light\" text_orientation=\"center\"] <strong><a href=\"http:\/\/www.pipi-stop.ch\/enuresis\/ursachen-bettnaessen\/\">Die Ursachen<\/a><\/strong> [\/et_pb_text][\/et_pb_column][et_pb_column type=\"1_4\"][et_pb_image admin_label=\"Image\" src=\"http:\/\/www.pipi-stop.ch\/wp-content\/uploads\/2014\/12\/docteur-question.jpg\" show_in_lightbox=\"off\" url_new_window=\"off\" animation=\"left\" sticky=\"off\" url=\"http:\/\/www.pipi-stop.ch\/muss-behandelt-werden\/\" \/][et_pb_text admin_label=\"Texte\" background_layout=\"light\" text_orientation=\"center\"] <strong><a href=\"http:\/\/www.pipi-stop.ch\/enuresis\/muss-man-behandeln\/\">Muss behandelt werden?<\/a><\/strong> [\/et_pb_text][\/et_pb_column][et_pb_column type=\"1_2\"][et_pb_text admin_label=\"Texte\" background_layout=\"light\" text_orientation=\"left\"]<\/p><h2><strong>Man kann geheilt werden<\/strong><\/h2><p class=\"align-justify\">Es ist besser, nicht zu dramatisieren, denn Ihr Kind kann geheilt werden und wieder Selbstvertrauen gewinnen. Es ist m\u00f6glich einem Kind bei seinen Anstrengungen zu helfen, sein Bett nicht mehr zu n\u00e4ssen. Zuerst muss man es ermutigen und vermeiden Schuldgef\u00fchle zu wecken.<\/p><p>[\/et_pb_text][\/et_pb_column][\/et_pb_row][\/et_pb_section]<\/p>","_et_gb_content_width":"","inline_featured_image":false,"footnotes":""},"class_list":["post-2910","page","type-page","status-publish","hentry"],"yoast_head":"<!-- This site is optimized with the Yoast SEO Premium plugin v27.3 (Yoast SEO v27.3) - https:\/\/yoast.com\/product\/yoast-seo-premium-wordpress\/ -->\n<title>Bedwetting | Pipi Stop<\/title>\n<meta name=\"robots\" content=\"index, follow, max-snippet:-1, max-image-preview:large, max-video-preview:-1\" \/>\n<link rel=\"canonical\" href=\"https:\/\/www.pipi-stop.ch\/en\/bedwetting\/\" \/>\n<meta property=\"og:locale\" content=\"en_US\" \/>\n<meta property=\"og:type\" content=\"article\" \/>\n<meta property=\"og:title\" content=\"Bedwetting\" \/>\n<meta property=\"og:description\" content=\"General Information about Bedwetting Since the age of 5, the involuntary and unconscious loss of urine during the sleep is considered as an illness designated, in medical terms, the nocturnal enuresis. Despite this problem being much more frequent than we imagine, the subject is taboo! More than one of 10 children aged 6 is affected [&hellip;]\" \/>\n<meta property=\"og:url\" content=\"https:\/\/www.pipi-stop.ch\/en\/bedwetting\/\" \/>\n<meta property=\"og:site_name\" content=\"Pipi Stop\" \/>\n<meta property=\"article:modified_time\" content=\"2021-03-30T08:46:19+00:00\" \/>\n<meta name=\"twitter:card\" content=\"summary_large_image\" \/>\n<meta name=\"twitter:label1\" content=\"Est. reading time\" \/>\n\t<meta name=\"twitter:data1\" content=\"3 minutes\" \/>\n<script type=\"application\/ld+json\" class=\"yoast-schema-graph\">{\"@context\":\"https:\\\/\\\/schema.org\",\"@graph\":[{\"@type\":\"WebPage\",\"@id\":\"https:\\\/\\\/www.pipi-stop.ch\\\/en\\\/bedwetting\\\/\",\"url\":\"https:\\\/\\\/www.pipi-stop.ch\\\/en\\\/bedwetting\\\/\",\"name\":\"Bedwetting | Pipi Stop\",\"isPartOf\":{\"@id\":\"https:\\\/\\\/www.pipi-stop.ch\\\/fr\\\/#website\"},\"datePublished\":\"2015-06-25T19:20:17+00:00\",\"dateModified\":\"2021-03-30T08:46:19+00:00\",\"breadcrumb\":{\"@id\":\"https:\\\/\\\/www.pipi-stop.ch\\\/en\\\/bedwetting\\\/#breadcrumb\"},\"inLanguage\":\"en-US\",\"potentialAction\":[{\"@type\":\"ReadAction\",\"target\":[\"https:\\\/\\\/www.pipi-stop.ch\\\/en\\\/bedwetting\\\/\"]}]},{\"@type\":\"BreadcrumbList\",\"@id\":\"https:\\\/\\\/www.pipi-stop.ch\\\/en\\\/bedwetting\\\/#breadcrumb\",\"itemListElement\":[{\"@type\":\"ListItem\",\"position\":1,\"name\":\"Home\",\"item\":\"https:\\\/\\\/www.pipi-stop.ch\\\/en\\\/\"},{\"@type\":\"ListItem\",\"position\":2,\"name\":\"Bedwetting\"}]},{\"@type\":\"WebSite\",\"@id\":\"https:\\\/\\\/www.pipi-stop.ch\\\/fr\\\/#website\",\"url\":\"https:\\\/\\\/www.pipi-stop.ch\\\/fr\\\/\",\"name\":\"Pipi Stop\",\"description\":\"\",\"potentialAction\":[{\"@type\":\"SearchAction\",\"target\":{\"@type\":\"EntryPoint\",\"urlTemplate\":\"https:\\\/\\\/www.pipi-stop.ch\\\/fr\\\/?s={search_term_string}\"},\"query-input\":{\"@type\":\"PropertyValueSpecification\",\"valueRequired\":true,\"valueName\":\"search_term_string\"}}],\"inLanguage\":\"en-US\"}]}<\/script>\n<!-- \/ Yoast SEO Premium plugin. -->","yoast_head_json":{"title":"Bedwetting | Pipi Stop","robots":{"index":"index","follow":"follow","max-snippet":"max-snippet:-1","max-image-preview":"max-image-preview:large","max-video-preview":"max-video-preview:-1"},"canonical":"https:\/\/www.pipi-stop.ch\/en\/bedwetting\/","og_locale":"en_US","og_type":"article","og_title":"Bedwetting","og_description":"General Information about Bedwetting Since the age of 5, the involuntary and unconscious loss of urine during the sleep is considered as an illness designated, in medical terms, the nocturnal enuresis. Despite this problem being much more frequent than we imagine, the subject is taboo! More than one of 10 children aged 6 is affected [&hellip;]","og_url":"https:\/\/www.pipi-stop.ch\/en\/bedwetting\/","og_site_name":"Pipi Stop","article_modified_time":"2021-03-30T08:46:19+00:00","twitter_card":"summary_large_image","twitter_misc":{"Est. reading time":"3 minutes"},"schema":{"@context":"https:\/\/schema.org","@graph":[{"@type":"WebPage","@id":"https:\/\/www.pipi-stop.ch\/en\/bedwetting\/","url":"https:\/\/www.pipi-stop.ch\/en\/bedwetting\/","name":"Bedwetting | Pipi Stop","isPartOf":{"@id":"https:\/\/www.pipi-stop.ch\/fr\/#website"},"datePublished":"2015-06-25T19:20:17+00:00","dateModified":"2021-03-30T08:46:19+00:00","breadcrumb":{"@id":"https:\/\/www.pipi-stop.ch\/en\/bedwetting\/#breadcrumb"},"inLanguage":"en-US","potentialAction":[{"@type":"ReadAction","target":["https:\/\/www.pipi-stop.ch\/en\/bedwetting\/"]}]},{"@type":"BreadcrumbList","@id":"https:\/\/www.pipi-stop.ch\/en\/bedwetting\/#breadcrumb","itemListElement":[{"@type":"ListItem","position":1,"name":"Home","item":"https:\/\/www.pipi-stop.ch\/en\/"},{"@type":"ListItem","position":2,"name":"Bedwetting"}]},{"@type":"WebSite","@id":"https:\/\/www.pipi-stop.ch\/fr\/#website","url":"https:\/\/www.pipi-stop.ch\/fr\/","name":"Pipi Stop","description":"","potentialAction":[{"@type":"SearchAction","target":{"@type":"EntryPoint","urlTemplate":"https:\/\/www.pipi-stop.ch\/fr\/?s={search_term_string}"},"query-input":{"@type":"PropertyValueSpecification","valueRequired":true,"valueName":"search_term_string"}}],"inLanguage":"en-US"}]}},"_links":{"self":[{"href":"https:\/\/www.pipi-stop.ch\/en\/wp-json\/wp\/v2\/pages\/2910","targetHints":{"allow":["GET"]}}],"collection":[{"href":"https:\/\/www.pipi-stop.ch\/en\/wp-json\/wp\/v2\/pages"}],"about":[{"href":"https:\/\/www.pipi-stop.ch\/en\/wp-json\/wp\/v2\/types\/page"}],"author":[{"embeddable":true,"href":"https:\/\/www.pipi-stop.ch\/en\/wp-json\/wp\/v2\/users\/1"}],"replies":[{"embeddable":true,"href":"https:\/\/www.pipi-stop.ch\/en\/wp-json\/wp\/v2\/comments?post=2910"}],"version-history":[{"count":23,"href":"https:\/\/www.pipi-stop.ch\/en\/wp-json\/wp\/v2\/pages\/2910\/revisions"}],"predecessor-version":[{"id":13074,"href":"https:\/\/www.pipi-stop.ch\/en\/wp-json\/wp\/v2\/pages\/2910\/revisions\/13074"}],"wp:attachment":[{"href":"https:\/\/www.pipi-stop.ch\/en\/wp-json\/wp\/v2\/media?parent=2910"}],"curies":[{"name":"wp","href":"https:\/\/api.w.org\/{rel}","templated":true}]}}