{"id":2908,"date":"2015-06-25T19:18:31","date_gmt":"2015-06-25T19:18:31","guid":{"rendered":"http:\/\/pipi-stop.version-demo.ch\/?page_id=2908"},"modified":"2021-03-30T09:25:08","modified_gmt":"2021-03-30T09:25:08","slug":"causes-bedwetting","status":"publish","type":"page","link":"https:\/\/www.pipi-stop.ch\/en\/bedwetting\/causes-bedwetting\/","title":{"rendered":"The causes of bedwetting (enuresis)"},"content":{"rendered":"<p>[et_pb_section fb_built=&#8221;1&#8243; module_class=&#8221;main-h1-title&#8221; _builder_version=&#8221;3.22&#8243; background_color=&#8221;#ffffff&#8221; transparent_background=&#8221;off&#8221;][et_pb_row _builder_version=&#8221;3.25&#8243; background_size=&#8221;initial&#8221; background_position=&#8221;top_left&#8221; background_repeat=&#8221;repeat&#8221;][et_pb_column type=&#8221;4_4&#8243; _builder_version=&#8221;3.25&#8243; custom_padding=&#8221;|||&#8221; custom_padding__hover=&#8221;|||&#8221;][et_pb_text admin_label=&#8221;h1&#8243; _builder_version=&#8221;3.27.4&#8243; background_size=&#8221;initial&#8221; background_position=&#8221;top_left&#8221; background_repeat=&#8221;repeat&#8221; text_orientation=&#8221;center&#8221; module_alignment=&#8221;center&#8221;]<\/p>\n<h1>The Causes of Bedwetting (Enuresis)<\/h1>\n<p>[\/et_pb_text][\/et_pb_column][\/et_pb_row][et_pb_row _builder_version=&#8221;3.25&#8243; background_size=&#8221;initial&#8221; background_position=&#8221;top_left&#8221; background_repeat=&#8221;repeat&#8221; column_structure=&#8221;1_2,1_2&#8243;][et_pb_column type=&#8221;1_2&#8243; _builder_version=&#8221;3.25&#8243; custom_padding=&#8221;|||&#8221; custom_padding__hover=&#8221;|||&#8221;][et_pb_text admin_label=&#8221;Texte&#8221; _builder_version=&#8221;4.9.0&#8243; background_size=&#8221;initial&#8221; background_position=&#8221;top_left&#8221; background_repeat=&#8221;repeat&#8221; hover_enabled=&#8221;0&#8243; sticky_enabled=&#8221;0&#8243;]<\/p>\n<h2>Primary nocturnal enuresis<\/h2>\n<p class=\"align-justify\">The child has always wetted his bed or was never dry more than six months. In these cases the enuresis is <strong>generally<\/strong> <strong>linked with the deep sleep<\/strong>.<\/p>\n<p class=\"align-justify\">The enuresis is called &#8220;isolated&#8221; (monosymptomatical nocturnal enuresis), when it is not associated with any other disorder. This is a symptom that shows an immaturity of the micturitional control (micturition = urination). This is the most often case which<strong> can be treated by <a href=\"https:\/\/www.pipi-stop.ch\/en\/pipi-stop-therapy\/\" target=\"_blank\" rel=\"noopener\">the behavioural therapy<\/a> with the alarm-system Pipi-Stop <\/strong>(natural training of the continence system.)<\/p>\n<p>[\/et_pb_text][\/et_pb_column][et_pb_column type=&#8221;1_2&#8243; _builder_version=&#8221;3.25&#8243; custom_padding=&#8221;|||&#8221; custom_padding__hover=&#8221;|||&#8221;][et_pb_image src=&#8221;https:\/\/www.pipi-stop.ch\/wp-content\/uploads\/2015\/05\/kind-schlaft.jpg&#8221; align_tablet=&#8221;center&#8221; align_last_edited=&#8221;on|desktop&#8221; admin_label=&#8221;Image&#8221; _builder_version=&#8221;3.23&#8243; animation_style=&#8221;slide&#8221; animation_direction=&#8221;right&#8221; animation_duration=&#8221;500ms&#8221; animation_intensity_slide=&#8221;10%&#8221; animation=&#8221;right&#8221; sticky=&#8221;off&#8221;][\/et_pb_image][\/et_pb_column][\/et_pb_row][et_pb_row _builder_version=&#8221;3.25&#8243; background_size=&#8221;initial&#8221; background_position=&#8221;top_left&#8221; background_repeat=&#8221;repeat&#8221;][et_pb_column type=&#8221;4_4&#8243; _builder_version=&#8221;3.25&#8243; custom_padding=&#8221;|||&#8221; custom_padding__hover=&#8221;|||&#8221;][et_pb_divider color=&#8221;#c4c4c4&#8243; disabled_on=&#8221;on|on|off&#8221; admin_label=&#8221;S\u00e9parateur&#8221; _builder_version=&#8221;3.23.4&#8243; height=&#8221;0px&#8221;][\/et_pb_divider][\/et_pb_column][\/et_pb_row][et_pb_row _builder_version=&#8221;3.25&#8243; background_size=&#8221;initial&#8221; background_position=&#8221;top_left&#8221; background_repeat=&#8221;repeat&#8221; column_structure=&#8221;1_3,2_3&#8243;][et_pb_column type=&#8221;1_3&#8243; _builder_version=&#8221;3.25&#8243; custom_padding=&#8221;|||&#8221; custom_padding__hover=&#8221;|||&#8221;][et_pb_image src=&#8221;https:\/\/www.pipi-stop.ch\/wp-content\/uploads\/2015\/05\/kind-traurig.jpg&#8221; align_tablet=&#8221;center&#8221; align_last_edited=&#8221;on|desktop&#8221; admin_label=&#8221;Image&#8221; _builder_version=&#8221;3.23&#8243; animation_style=&#8221;slide&#8221; animation_direction=&#8221;left&#8221; animation_duration=&#8221;500ms&#8221; animation_intensity_slide=&#8221;10%&#8221; animation=&#8221;left&#8221; sticky=&#8221;off&#8221;][\/et_pb_image][\/et_pb_column][et_pb_column type=&#8221;2_3&#8243; _builder_version=&#8221;3.25&#8243; custom_padding=&#8221;|||&#8221; custom_padding__hover=&#8221;|||&#8221;][et_pb_text admin_label=&#8221;Texte&#8221; _builder_version=&#8221;3.27.4&#8243; background_size=&#8221;initial&#8221; background_position=&#8221;top_left&#8221; background_repeat=&#8221;repeat&#8221;]<\/p>\n<h2>Secondary nocturnal enuresis<\/h2>\n<div id=\"col1\">\n<div id=\"col1_content\" class=\"clearfix\">\n<div id=\"c258\" class=\"csc-default\">\n<p class=\"align-justify\"><strong>An important change or some stress in the life of your child<\/strong>, for example the birth of a baby, the separation of the arents, the beginning of school, moving away, a mourning time or any other unusual situation (psychological causes) <strong>can induce a mostly temporary regression<\/strong>. In these cases we speak of secondary nocturnal enuresis.<br \/>\nA visit to the psychologist is not necessary, unless there are associated disorders linked to the enuresis.<\/p>\n<p class=\"align-justify\">Other more unusual reasons do also exist, such as a small bladder or a dysfunction of the sphincters. A visit to your doctor may be necessary in order to rule out the possibility of an eventually anatomical default or of a urinary infection.<\/p>\n<\/div>\n<\/div>\n<\/div>\n<p>[\/et_pb_text][\/et_pb_column][\/et_pb_row][\/et_pb_section]<\/p>\n","protected":false},"excerpt":{"rendered":"<p>The Causes of Bedwetting (Enuresis) Primary nocturnal enuresis The child has always wetted his bed or was never dry more than six months. In these cases the enuresis is generally linked with the deep sleep. The enuresis is called &#8220;isolated&#8221; (monosymptomatical nocturnal enuresis), when it is not associated with any other disorder. This is a [&hellip;]<\/p>\n","protected":false},"author":1,"featured_media":0,"parent":2910,"menu_order":0,"comment_status":"open","ping_status":"closed","template":"","meta":{"_et_pb_use_builder":"on","_et_pb_old_content":"<p>[et_pb_section fullwidth=\"off\" specialty=\"off\" transparent_background=\"off\" background_color=\"#ffffff\" allow_player_pause=\"off\" inner_shadow=\"off\" parallax=\"off\" parallax_method=\"off\" module_class=\"main-h1-title\"][et_pb_row][et_pb_column type=\"4_4\"][et_pb_text admin_label=\"h1\" background_layout=\"light\" text_orientation=\"center\"]<\/p><h1>Die Ursachen vom Bettn\u00e4ssen (Enuresis)<\/h1><p>[\/et_pb_text][\/et_pb_column][\/et_pb_row][et_pb_row][et_pb_column type=\"1_2\"][et_pb_text admin_label=\"Texte\" background_layout=\"light\" text_orientation=\"left\"]<\/p><h2>Prim\u00e4re Enuresis nocturna<\/h2><p class=\"align-justify\">Das Kind hat immer sein Bett gen\u00e4sst oder war nie w\u00e4hrend mehr als sechs Monaten trocken. In diesen F\u00e4llen ist <strong>die Enuresis meistens mit dem Tiefschlaf verbunden<\/strong>.<\/p><p class=\"align-justify\">Wenn die n\u00e4chtliche Enuresis mit keiner weiteren St\u00f6rung auftritt, spricht man von einer \"isolierten\" Enuresis (monosymptomatische Enuresis nocturna). Dies ist das Symptom, das auf die Unreife der Harnkontrolle verweist. Dies ist der <strong>meistauftretende Fall, der durch die Verhaltenstherapie mit dem Pipi-Stop Weckapparat behandelt werden kann<\/strong> (das Kontinenz-System wird auf nat\u00fcrliche Weise trainiert).<\/p><p>[\/et_pb_text][\/et_pb_column][et_pb_column type=\"1_2\"][et_pb_image admin_label=\"Image\" src=\"http:\/\/www.pipi-stop.ch\/wp-content\/uploads\/2015\/05\/kind-schlaft.jpg\" show_in_lightbox=\"off\" url_new_window=\"off\" animation=\"right\" sticky=\"off\" \/][\/et_pb_column][\/et_pb_row][et_pb_row][et_pb_column type=\"4_4\"][et_pb_divider admin_label=\"S\u00e9parateur\" color=\"#c4c4c4\" show_divider=\"on\" height=\"0\" \/][\/et_pb_column][\/et_pb_row][et_pb_row][et_pb_column type=\"1_3\"][et_pb_image admin_label=\"Image\" src=\"http:\/\/www.pipi-stop.ch\/wp-content\/uploads\/2015\/05\/kind-traurig.jpg\" show_in_lightbox=\"off\" url_new_window=\"off\" animation=\"left\" sticky=\"off\" \/][\/et_pb_column][et_pb_column type=\"2_3\"][et_pb_text admin_label=\"Texte\" background_layout=\"light\" text_orientation=\"left\"]<\/p><h2>Sekund\u00e4re Enuresis nocturna<\/h2><p class=\"align-justify\"><strong>Eine wichtige Ver\u00e4nderung oder Stress im Leben Ihres Kindes<\/strong>, zum Beispiel die Geburt eines Geschwisterchens, die Trennung der Eltern, der Schuleintritt, ein Umzug, ein Trauerfall oder eine andere ungew\u00f6hnliche Situation (psychologische Ursachen) <strong>k\u00f6nnen eine in den meisten F\u00e4llen tempor\u00e4re Regression hervorrufen<\/strong>. In diesen F\u00e4llen spricht man von sekund\u00e4rer Enuresis nocturna. Ein Besuch beim Psychologen ist nicht n\u00f6tig, ausser man stellt St\u00f6rungen fest, die mit der Enuresis in Zusammenhang stehen.<\/p><p class=\"align-justify\">Es gibt auch andere, seltenere Ursachen, zum Beispiel eine kleine Blase oder eine Funktionsst\u00f6rung der Schliessmuskeln. Ein Besuch bei Ihrem Arzt wird erlauben, die M\u00f6glichkeit einer eventuellen anatomischen Missbildung oder eine Harnwegsinfektion auszuschliessen.<\/p><p>[\/et_pb_text][\/et_pb_column][\/et_pb_row][\/et_pb_section]<\/p>","_et_gb_content_width":"","inline_featured_image":false,"footnotes":""},"class_list":["post-2908","page","type-page","status-publish","hentry"],"yoast_head":"<!-- This site is optimized with the Yoast SEO Premium plugin v27.3 (Yoast SEO v27.3) - https:\/\/yoast.com\/product\/yoast-seo-premium-wordpress\/ -->\n<title>The causes of bedwetting (enuresis) | Pipi Stop<\/title>\n<meta name=\"robots\" content=\"index, follow, max-snippet:-1, max-image-preview:large, max-video-preview:-1\" \/>\n<link rel=\"canonical\" href=\"https:\/\/www.pipi-stop.ch\/en\/bedwetting\/causes-bedwetting\/\" \/>\n<meta property=\"og:locale\" content=\"en_US\" \/>\n<meta property=\"og:type\" content=\"article\" \/>\n<meta property=\"og:title\" content=\"The causes of bedwetting (enuresis)\" \/>\n<meta property=\"og:description\" content=\"The Causes of Bedwetting (Enuresis) Primary nocturnal enuresis The child has always wetted his bed or was never dry more than six months. In these cases the enuresis is generally linked with the deep sleep. The enuresis is called &quot;isolated&quot; (monosymptomatical nocturnal enuresis), when it is not associated with any other disorder. This is a [&hellip;]\" \/>\n<meta property=\"og:url\" content=\"https:\/\/www.pipi-stop.ch\/en\/bedwetting\/causes-bedwetting\/\" \/>\n<meta property=\"og:site_name\" content=\"Pipi Stop\" \/>\n<meta property=\"article:modified_time\" content=\"2021-03-30T09:25:08+00:00\" \/>\n<meta name=\"twitter:card\" content=\"summary_large_image\" \/>\n<meta name=\"twitter:label1\" content=\"Est. reading time\" \/>\n\t<meta name=\"twitter:data1\" content=\"3 minutes\" \/>\n<script type=\"application\/ld+json\" class=\"yoast-schema-graph\">{\"@context\":\"https:\\\/\\\/schema.org\",\"@graph\":[{\"@type\":\"WebPage\",\"@id\":\"https:\\\/\\\/www.pipi-stop.ch\\\/en\\\/bedwetting\\\/causes-bedwetting\\\/\",\"url\":\"https:\\\/\\\/www.pipi-stop.ch\\\/en\\\/bedwetting\\\/causes-bedwetting\\\/\",\"name\":\"The causes of bedwetting (enuresis) | Pipi Stop\",\"isPartOf\":{\"@id\":\"https:\\\/\\\/www.pipi-stop.ch\\\/fr\\\/#website\"},\"datePublished\":\"2015-06-25T19:18:31+00:00\",\"dateModified\":\"2021-03-30T09:25:08+00:00\",\"breadcrumb\":{\"@id\":\"https:\\\/\\\/www.pipi-stop.ch\\\/en\\\/bedwetting\\\/causes-bedwetting\\\/#breadcrumb\"},\"inLanguage\":\"en-US\",\"potentialAction\":[{\"@type\":\"ReadAction\",\"target\":[\"https:\\\/\\\/www.pipi-stop.ch\\\/en\\\/bedwetting\\\/causes-bedwetting\\\/\"]}]},{\"@type\":\"BreadcrumbList\",\"@id\":\"https:\\\/\\\/www.pipi-stop.ch\\\/en\\\/bedwetting\\\/causes-bedwetting\\\/#breadcrumb\",\"itemListElement\":[{\"@type\":\"ListItem\",\"position\":1,\"name\":\"Home\",\"item\":\"https:\\\/\\\/www.pipi-stop.ch\\\/en\\\/\"},{\"@type\":\"ListItem\",\"position\":2,\"name\":\"Bedwetting\",\"item\":\"https:\\\/\\\/www.pipi-stop.ch\\\/en\\\/bedwetting\\\/\"},{\"@type\":\"ListItem\",\"position\":3,\"name\":\"The causes of bedwetting (enuresis)\"}]},{\"@type\":\"WebSite\",\"@id\":\"https:\\\/\\\/www.pipi-stop.ch\\\/fr\\\/#website\",\"url\":\"https:\\\/\\\/www.pipi-stop.ch\\\/fr\\\/\",\"name\":\"Pipi Stop\",\"description\":\"\",\"potentialAction\":[{\"@type\":\"SearchAction\",\"target\":{\"@type\":\"EntryPoint\",\"urlTemplate\":\"https:\\\/\\\/www.pipi-stop.ch\\\/fr\\\/?s={search_term_string}\"},\"query-input\":{\"@type\":\"PropertyValueSpecification\",\"valueRequired\":true,\"valueName\":\"search_term_string\"}}],\"inLanguage\":\"en-US\"}]}<\/script>\n<!-- \/ Yoast SEO Premium plugin. -->","yoast_head_json":{"title":"The causes of bedwetting (enuresis) | Pipi Stop","robots":{"index":"index","follow":"follow","max-snippet":"max-snippet:-1","max-image-preview":"max-image-preview:large","max-video-preview":"max-video-preview:-1"},"canonical":"https:\/\/www.pipi-stop.ch\/en\/bedwetting\/causes-bedwetting\/","og_locale":"en_US","og_type":"article","og_title":"The causes of bedwetting (enuresis)","og_description":"The Causes of Bedwetting (Enuresis) Primary nocturnal enuresis The child has always wetted his bed or was never dry more than six months. In these cases the enuresis is generally linked with the deep sleep. The enuresis is called \"isolated\" (monosymptomatical nocturnal enuresis), when it is not associated with any other disorder. This is a [&hellip;]","og_url":"https:\/\/www.pipi-stop.ch\/en\/bedwetting\/causes-bedwetting\/","og_site_name":"Pipi Stop","article_modified_time":"2021-03-30T09:25:08+00:00","twitter_card":"summary_large_image","twitter_misc":{"Est. reading time":"3 minutes"},"schema":{"@context":"https:\/\/schema.org","@graph":[{"@type":"WebPage","@id":"https:\/\/www.pipi-stop.ch\/en\/bedwetting\/causes-bedwetting\/","url":"https:\/\/www.pipi-stop.ch\/en\/bedwetting\/causes-bedwetting\/","name":"The causes of bedwetting (enuresis) | Pipi Stop","isPartOf":{"@id":"https:\/\/www.pipi-stop.ch\/fr\/#website"},"datePublished":"2015-06-25T19:18:31+00:00","dateModified":"2021-03-30T09:25:08+00:00","breadcrumb":{"@id":"https:\/\/www.pipi-stop.ch\/en\/bedwetting\/causes-bedwetting\/#breadcrumb"},"inLanguage":"en-US","potentialAction":[{"@type":"ReadAction","target":["https:\/\/www.pipi-stop.ch\/en\/bedwetting\/causes-bedwetting\/"]}]},{"@type":"BreadcrumbList","@id":"https:\/\/www.pipi-stop.ch\/en\/bedwetting\/causes-bedwetting\/#breadcrumb","itemListElement":[{"@type":"ListItem","position":1,"name":"Home","item":"https:\/\/www.pipi-stop.ch\/en\/"},{"@type":"ListItem","position":2,"name":"Bedwetting","item":"https:\/\/www.pipi-stop.ch\/en\/bedwetting\/"},{"@type":"ListItem","position":3,"name":"The causes of bedwetting (enuresis)"}]},{"@type":"WebSite","@id":"https:\/\/www.pipi-stop.ch\/fr\/#website","url":"https:\/\/www.pipi-stop.ch\/fr\/","name":"Pipi Stop","description":"","potentialAction":[{"@type":"SearchAction","target":{"@type":"EntryPoint","urlTemplate":"https:\/\/www.pipi-stop.ch\/fr\/?s={search_term_string}"},"query-input":{"@type":"PropertyValueSpecification","valueRequired":true,"valueName":"search_term_string"}}],"inLanguage":"en-US"}]}},"_links":{"self":[{"href":"https:\/\/www.pipi-stop.ch\/en\/wp-json\/wp\/v2\/pages\/2908","targetHints":{"allow":["GET"]}}],"collection":[{"href":"https:\/\/www.pipi-stop.ch\/en\/wp-json\/wp\/v2\/pages"}],"about":[{"href":"https:\/\/www.pipi-stop.ch\/en\/wp-json\/wp\/v2\/types\/page"}],"author":[{"embeddable":true,"href":"https:\/\/www.pipi-stop.ch\/en\/wp-json\/wp\/v2\/users\/1"}],"replies":[{"embeddable":true,"href":"https:\/\/www.pipi-stop.ch\/en\/wp-json\/wp\/v2\/comments?post=2908"}],"version-history":[{"count":8,"href":"https:\/\/www.pipi-stop.ch\/en\/wp-json\/wp\/v2\/pages\/2908\/revisions"}],"predecessor-version":[{"id":13081,"href":"https:\/\/www.pipi-stop.ch\/en\/wp-json\/wp\/v2\/pages\/2908\/revisions\/13081"}],"up":[{"embeddable":true,"href":"https:\/\/www.pipi-stop.ch\/en\/wp-json\/wp\/v2\/pages\/2910"}],"wp:attachment":[{"href":"https:\/\/www.pipi-stop.ch\/en\/wp-json\/wp\/v2\/media?parent=2908"}],"curies":[{"name":"wp","href":"https:\/\/api.w.org\/{rel}","templated":true}]}}